{"id":865,"date":"2014-03-20T12:26:55","date_gmt":"2014-03-20T12:26:55","guid":{"rendered":"http:\/\/waterlat.org\/pt\/?page_id=865"},"modified":"2014-03-20T12:26:55","modified_gmt":"2014-03-20T12:26:55","slug":"outros-encontros-publicos","status":"publish","type":"page","link":"https:\/\/roxpublicidade.com.br\/waterlat\/01\/pt\/encontros\/outros-encontros-publicos\/","title":{"rendered":"Encontros P\u00fablicos Especiais"},"content":{"rendered":"<h3><\/h3>\n<h3>Semin\u00e1rios, Oficinas, etc.<\/h3>\n<p><a href=\"https:\/\/roxpublicidade.com.br\/waterlat\/01\/pt\/encontros\/outros-encontros-publicos\/oficina-especial\/\">&#8220;O Desafio dos Futuros da \u00c1gua&#8221;<\/a>, Oficina Internacional da Rede WATERLAT-GOBACIT &#8211; Newcastle University, Newcastle upon Tyne (UK), 14-15 de julho de 2011<\/p>\n<p>&nbsp;<\/p>\n<h3>Sess\u00f5es em Eventos Internacionais<\/h3>\n<p>Sess\u00e3o sobre &#8220;A sociogenesis da injusti\u00e7a e a desigualdade ambientais em Am\u00e9rica Latina. Enfoques sociol\u00f3gicos hist\u00f3rico-comparativos&#8221;, Sess\u00e3o regular conjunta do RC20 (Grupo de Trabalho em Sociologia Hist\u00f3rica e Comparativa, WG02) com o RC24 Ambiente e Sociedade, <a href=\"http:\/\/www.isa-sociology.org\/buenos-aires-2012\/\">Segundo Foro de Sociologia da AIS, &#8220;Justi\u00e7a Social e Democratiza\u00e7\u00e3o<\/a>, Buenos Aires, Argentina, 1-4 de agosto de 2012.<\/p>\n<p>Sess\u00e3o sobre &#8220;Futuros da \u00e1gua: cen\u00e1rios e lutas&#8221;, RC07 Investiga\u00e7\u00e3o sobre Futuros, <a href=\"http:\/\/www.isa-sociology.org\/buenos-aires-2012\/\">Segundo Foro de Sociologia da AIS, &#8220;Justi\u00e7a Social e Democratiza\u00e7\u00e3o<\/a>, Buenos Aires, Argentina, 1-4 de agosto de 2012.<\/p>\n<p>Sess\u00e3o sobre &#8220;Gobernabilidade de recursos naturais: Participa\u00e7\u00e3o, cidadania e democratiza\u00e7\u00e3o&#8221;, RC24 Ambiente e Sociedade, <a href=\"http:\/\/www.isa-sociology.org\/buenos-aires-2012\/\">Segundo Foro de Sociologia da AIS, &#8220;Justi\u00e7a Social e Democratiza\u00e7\u00e3o<\/a>, Buenos Aires, Argentina, 1-4 de agosto de 2012.<\/p>\n<p>Sess\u00e3o sobre \u201cConflitos ecol\u00f3gicos distributivos e o dilema \u2019meio ambiente\u2019 vs. \u2018desenvolvimento\u2019 em Am\u00e9rica Latina: o caso da \u00e1gua\u201d, <a title=\"Latin American and Caribbean Congress\" href=\"https:\/\/roxpublicidade.com.br\/waterlat\/01\/meetings\/public-meetings\/la-caribbean-congress\/\">II Congresso Latino-americano e Caribenho de Ciencias Sociais<\/a>, Faculdade Latino-americana de Ci\u00eancias Sociais (FLACSO), M\u00e9xico DF, 26-28 de maio de 2010<\/p>\n","protected":false},"excerpt":{"rendered":"<p>Semin\u00e1rios, Oficinas, etc. &#8220;O Desafio dos Futuros da \u00c1gua&#8221;, Oficina Internacional da Rede WATERLAT-GOBACIT &#8211; Newcastle University, Newcastle upon Tyne (UK), 14-15 de julho de 2011 &nbsp; Sess\u00f5es em Eventos Internacionais Sess\u00e3o sobre &#8220;A sociogenesis da injusti\u00e7a e a desigualdade ambientais em Am\u00e9rica Latina. Enfoques sociol\u00f3gicos hist\u00f3rico-comparativos&#8221;, Sess\u00e3o regular conjunta do RC20 (Grupo de Trabalho [&hellip;]<\/p>\n","protected":false},"author":1,"featured_media":0,"parent":12703,"menu_order":0,"comment_status":"closed","ping_status":"closed","template":"page-templates\/full-width.php","meta":{"footnotes":""},"class_list":["post-865","page","type-page","status-publish","hentry"],"_links":{"self":[{"href":"https:\/\/roxpublicidade.com.br\/waterlat\/01\/wp-json\/wp\/v2\/pages\/865","targetHints":{"allow":["GET"]}}],"collection":[{"href":"https:\/\/roxpublicidade.com.br\/waterlat\/01\/wp-json\/wp\/v2\/pages"}],"about":[{"href":"https:\/\/roxpublicidade.com.br\/waterlat\/01\/wp-json\/wp\/v2\/types\/page"}],"author":[{"embeddable":true,"href":"https:\/\/roxpublicidade.com.br\/waterlat\/01\/wp-json\/wp\/v2\/users\/1"}],"replies":[{"embeddable":true,"href":"https:\/\/roxpublicidade.com.br\/waterlat\/01\/wp-json\/wp\/v2\/comments?post=865"}],"version-history":[{"count":0,"href":"https:\/\/roxpublicidade.com.br\/waterlat\/01\/wp-json\/wp\/v2\/pages\/865\/revisions"}],"up":[{"embeddable":true,"href":"https:\/\/roxpublicidade.com.br\/waterlat\/01\/wp-json\/wp\/v2\/pages\/12703"}],"wp:attachment":[{"href":"https:\/\/roxpublicidade.com.br\/waterlat\/01\/wp-json\/wp\/v2\/media?parent=865"}],"curies":[{"name":"wp","href":"https:\/\/api.w.org\/{rel}","templated":true}]}}