{"id":4935,"date":"2018-09-22T15:00:50","date_gmt":"2018-09-22T15:00:50","guid":{"rendered":"http:\/\/waterlat.org\/?page_id=4935"},"modified":"2025-12-11T13:37:03","modified_gmt":"2025-12-11T16:37:03","slug":"2018-prize","status":"publish","type":"page","link":"https:\/\/roxpublicidade.com.br\/waterlat\/01\/waterlat-student-prize\/2018-prize\/","title":{"rendered":"2018 WATERLAT-GOBACIT Student Prize"},"content":{"rendered":"<p>The fifth call for applications to the WATERLAT-GOBACIT Student Prize was for dissertations approved between 1 January and 31 December 2017 and closed on 28 February 2018. We had 8 applications, 5 for the Masters Prize and 3 for the Doctoral Prize. We appointed an Evaluation Commission composed by academics from our Network and invited external evaluators. We provide below the details of the Evaluation Commission. The results of the competition were announced on 5 September 2018 during the <a href=\"https:\/\/roxpublicidade.com.br\/waterlat\/01\/meetings\/public-meetings\/waterlat-gobacit-ix-2018\/\">IX International Meeting of the WATERLAT-GOBACIT Network<\/a>.<\/p>\n<p>&nbsp;<\/p>\n<hr \/>\n<h3>The Prize<\/h3>\n<p><span style=\"text-decoration: underline;\">Doctoral Prize 2018<\/span><\/p>\n<p><strong>Cindy Claudia McCulligh<\/strong>. Thesis title: \u201cSewer of progress: Industry and State in the pollution of the Santiago river, Jalisco, Mexico\u201d (in Spanish). PhD in Social Sciences, with specialization in Social Anthropology, Centre for Research and Higher Studies in Social Anthropology (CIESAS), Guadalajara, Jalisco, Mexico, 2017. <a href=\"https:\/\/roxpublicidade.com.br\/waterlat\/01\/Thesis\/McCulligh.pdf\">Downloadable here<\/a>.<\/p>\n<p>&nbsp;<\/p>\n<p><span style=\"text-decoration: underline;\">Masters Prize 2018<\/span><\/p>\n<p><strong>Alma Rosa Barranco Salazar<\/strong>. Thesis title: \u201cKnowledges, values and social organization of community management of the Drinking Water System in Zothe, Huichapan, Hidalgo, Mexico\u201d (in Spanish). MA in Sustainable Water Management, El Colegio de San Luis (COLSAN), San Luis Potosi, Mexico, 2017. <a href=\"https:\/\/roxpublicidade.com.br\/waterlat\/01\/Thesis\/AlmaBarranco.pdf\">Downloadable here<\/a>.<\/p>\n<p>&nbsp;<\/p>\n<p>Also, given the quality of the applications, the <a href=\"https:\/\/roxpublicidade.com.br\/waterlat\/01\/publications\/publications-commission\/\">Editorial Commission<\/a> decided to invite all other candidates to submit an article based on their thesis for publication in the Network&#8217;s <a href=\"https:\/\/roxpublicidade.com.br\/waterlat\/01\/publications\/working-papers-series\/\">Working Papers Series<\/a>.<\/p>\n<p>&nbsp;<\/p>\n<hr \/>\n<h3>This is the full list of participating candidates:<\/h3>\n<p><strong><span style=\"text-decoration: underline;\">Doctoral Prize<\/span><\/strong><\/p>\n<p><strong>Cindy Claudia McCulligh<\/strong>. Thesis title: \u201cSewer of progress: Industry and State in the pollution of the Santiago river, Jalisco, Mexico\u201d (in Spanish). PhD in Social Sciences, with specialization in Social Anthropology, Centre for Research and Higher Studies in Social Anthropology (CIESAS), Guadalajara, Jalisco, Mexico, 2017. <a href=\"https:\/\/roxpublicidade.com.br\/waterlat\/01\/Thesis\/McCulligh.pdf\">Downloadable here<\/a>.<\/p>\n<p><strong>Hildelano Delanusse Theodoro<\/strong>. Thesis title: \u201cAnalysis of water resources management: a case study of the Rio das Velhas Basin Committee, Minas Gerais, Brazil\u201d (in Portuguese). PhD in Water and Sanitation, Environment, and Water Resources, Federal University of Minas Gerais (UFMG), Belo Horizonte, Minas Gerais, Brazil, 2017. <a href=\"https:\/\/roxpublicidade.com.br\/waterlat\/01\/Thesis\/Theodoro.pdf\">Downloadable here<\/a>.<\/p>\n<p><strong>Melina Tob\u00edas<\/strong>. Thesis title: \u201cWater politics, socio-technical controversies and territorial conflicts in the Buenos Aires Metropolitan Area, Argentina (2006-2015)\u201d (in Spanish). PhD in Social Sciences and Geography, University of Buenos Aires, Argentina, and Universit\u00e9 Paris 3 Sorbonne Nouvelle, France, 2017. <a>Downloadable here<\/a>.<\/p>\n<p>&nbsp;<\/p>\n<p><strong><span style=\"text-decoration: underline;\">Masters Prize<\/span><\/strong><\/p>\n<p><strong>Alma Rosa Barranco Salazar<\/strong>. Thesis title: \u201cKnowledges, values and social organization of community management of the Drinking Water System in Zothe, Huichapan, Hidalgo, Mexico\u201d (in Spanish). MA in Sustainable Water Management, El Colegio de San Luis (COLSAN), San Luis Potosi, Mexico, 2017. <a href=\"https:\/\/roxpublicidade.com.br\/waterlat\/01\/Thesis\/AlmaBarranco.pdf\">Downloadable here<\/a>.<\/p>\n<p><strong>Carolina Filippon<\/strong>. Thesis title: \u201cAgreements on the governance of environmental goods within a extractivist framework\u201d (in Spanish). MA in Environmental and Urban Law, National University of the Littoral (UNL), Santa Fe, Argentina, 2017.<\/p>\n<p><strong>Andr\u00e9s Felipe Jimenez G\u00f3mez<\/strong>. Thesis title: \u201cNurturing the mountain, water and life: peasant hydro-communitarian processes and accumulation by water dispossession in the Complejo de P\u00e1ramos de Sons\u00f3n, Antioquia, Colombia\u201d (in Spanish). MA in Sustainable Water Management, El Colegio de San Luis (COLSAN), San Luis Potosi, Mexico, 2017. <a href=\"https:\/\/roxpublicidade.com.br\/waterlat\/01\/Thesis\/JimenezGomez.pdf\">Downloadable here<\/a>.<\/p>\n<p><strong>Renato de Toledo Peres<\/strong>. Thesis title: \u201cWater as a territorial resource for agriculture: the case of Holambra, Sao Paulo, Brazil\u201d (in Portuguese). MA in Geography, Sao Paulo State University &#8220;Julio de Mesquita Filho&#8221; (UNESP), Rio Claro, Sao Paulo, Brazil, 2017. <a href=\"https:\/\/roxpublicidade.com.br\/waterlat\/01\/Thesis\/Peres.pdf\">Downloadable here<\/a>.<\/p>\n<p><strong>Mar\u00eda Alejandra Villada R\u00edos<\/strong>. Thesis title: \u201cTowards a politics of the common good. Experience of community management in the municipality of Tamesis, Antioquia, Colombia\u201d (in Spanish). MA in Sustainable Water Management, El Colegio de San Luis (COLSAN), San Luis Potosi, Mexico, 2017. <a href=\"https:\/\/roxpublicidade.com.br\/waterlat\/01\/Thesis\/VilladaRios.pdf\">Downloadable here<\/a>.<\/p>\n<p>&nbsp;<\/p>\n<hr \/>\n<h3>Evaluation Commission, 2018 edition of the WATERLAT-GOBACIT Student\u2019s Prize<\/h3>\n<p>Dr Joan Cortinas, IGlobe Unit, Centre National de la Recherche Scientifique, University of Arizona, Tucson, Arizona, United States<\/p>\n<p>Dr Mar\u00eda Ang\u00e9lica Maciel Costa, Rural Federal University of Rio de Janeiro (UFRRJ), Rural Area &#8211; Seropedica, Rio de Janeiro, Brazil<\/p>\n<p>Dr Andre Monteiro Costa, Oswaldo Cruz Foundation (Fiocruz), Recife, Pernambuco, Brazil<\/p>\n<p>Dr Luciano Florit, Regional University of Blumenau, Blumenau, Santa Catarina, Brazil<\/p>\n<p>Dr Ana Paula Fracalanza, University of Sao Paulo (USP), Sao Paulo, Brazil<\/p>\n<p>Dr Kathryn Furlong, Universit\u00e9 de Montr\u00e9al, Departement de G\u00e9ographie, Montreal, Qu\u00e9bec, Canada<\/p>\n<p>Dr Claudia Gasca Moreno, University of Guanajuato, Le\u00f3n, Guanajuato, Mexico<\/p>\n<p>Dr Gonzalo Hatch Kuri, Centre for Research on North America, National Autonomous University of Mexico (UNAM, Mexico City, Mexico<\/p>\n<p>Dr Sandra Hincapi\u00e9, Political Science Academic Unit, Autonomous University of Zacatecas, Zacatecas, Mexico<\/p>\n<p>Dr Jorge Ivars, National Council of Scientific and Technical Research (CONICET), Regional Centre, and National University of Cuyo (UNCUYO), Mendoza, Argentina<\/p>\n<p>Dr Ra\u00fal Pacheco-Vega, Center for Economic Research and Teaching (CIDE), Public Administration Division, Aguascalientes, Aguascalientes, Mexico<\/p>\n<p>Dr Alice Poma, Institute of Social Research (IIS), National Autonomous University of Mexico (UNAM), Mexico City, Mexico<\/p>\n<p>Dr Tania Rodr\u00edguez Echavarr\u00eda, School of Political Science, University of Costa Rica, San Jose, Costa Rica<\/p>\n<p>Dr Lourdes Magdalena Romero Navarrete, Centre for Higher Research and Studies in Social Anthropology, Mexico City, Mexico<\/p>\n<p>Dr Adriana Sandoval Moreno, National Autonomous University of Mexico (UNAM), Jiquilpan, Michoacan, Mexico<\/p>\n<p>Dr Mart\u00edn Sanzana Calvet, Institute of Strategic Studies for Human Development, Concepcion, Bio Bio, Chile<\/p>\n<p>Dr Inmaculada Sim\u00f3n Ruiz, Autonomous University of Chile, Santiago, Chile<\/p>\n<p>Dr Alejandro Torres-Abreu, Transdisciplinary Institute of Social Research-Action, Department of Social Sciences, University of Puerto Rico in Humacao, Humacao, Puerto Rico<\/p>\n<p>Dr Armando Gallo Yahn Filho, Federal University of Uberl\u00e2ndia, Uberl\u00e2ndia, Minas Gerais, Brazil<\/p>\n<p>&nbsp;<\/p>\n<hr \/>\n<p style=\"text-align: center;\">For queries or comments about the WATERLAT-GOBACIT Student Prize, please contact the Network&#8217;s <a href=\"mailto:redwaterlat@gmail.com\">Secretary<\/a>.<\/p>\n<p>&nbsp;<\/p>\n","protected":false},"excerpt":{"rendered":"<p>The fifth call for applications to the WATERLAT-GOBACIT Student Prize was for dissertations approved between 1 January and 31 December 2017 and closed on 28 February 2018. We had 8 applications, 5 for the Masters Prize and 3 for the Doctoral Prize. We appointed an Evaluation Commission composed by academics from our Network and invited [&hellip;]<\/p>\n","protected":false},"author":1,"featured_media":0,"parent":365,"menu_order":0,"comment_status":"closed","ping_status":"closed","template":"","meta":{"footnotes":""},"class_list":["post-4935","page","type-page","status-publish","hentry"],"_links":{"self":[{"href":"https:\/\/roxpublicidade.com.br\/waterlat\/01\/wp-json\/wp\/v2\/pages\/4935","targetHints":{"allow":["GET"]}}],"collection":[{"href":"https:\/\/roxpublicidade.com.br\/waterlat\/01\/wp-json\/wp\/v2\/pages"}],"about":[{"href":"https:\/\/roxpublicidade.com.br\/waterlat\/01\/wp-json\/wp\/v2\/types\/page"}],"author":[{"embeddable":true,"href":"https:\/\/roxpublicidade.com.br\/waterlat\/01\/wp-json\/wp\/v2\/users\/1"}],"replies":[{"embeddable":true,"href":"https:\/\/roxpublicidade.com.br\/waterlat\/01\/wp-json\/wp\/v2\/comments?post=4935"}],"version-history":[{"count":1,"href":"https:\/\/roxpublicidade.com.br\/waterlat\/01\/wp-json\/wp\/v2\/pages\/4935\/revisions"}],"predecessor-version":[{"id":13012,"href":"https:\/\/roxpublicidade.com.br\/waterlat\/01\/wp-json\/wp\/v2\/pages\/4935\/revisions\/13012"}],"up":[{"embeddable":true,"href":"https:\/\/roxpublicidade.com.br\/waterlat\/01\/wp-json\/wp\/v2\/pages\/365"}],"wp:attachment":[{"href":"https:\/\/roxpublicidade.com.br\/waterlat\/01\/wp-json\/wp\/v2\/media?parent=4935"}],"curies":[{"name":"wp","href":"https:\/\/api.w.org\/{rel}","templated":true}]}}