{"id":49,"date":"2013-10-12T14:36:52","date_gmt":"2013-10-12T14:36:52","guid":{"rendered":"http:\/\/waterlat.org\/?page_id=49"},"modified":"2025-12-11T09:38:51","modified_gmt":"2025-12-11T12:38:51","slug":"books","status":"publish","type":"page","link":"https:\/\/roxpublicidade.com.br\/waterlat\/01\/publications\/books\/","title":{"rendered":"Books"},"content":{"rendered":"<p>&nbsp;<\/p>\n<h2>Published<\/h2>\n<h2><\/h2>\n<p><a href=\"https:\/\/roxpublicidade.com.br\/waterlat\/01\/wp-content\/uploads\/2025\/01\/Cover-Castro-Palgrave-2024.jpg\"><img loading=\"lazy\" decoding=\"async\" class=\"alignnone size-medium wp-image-1938\" src=\"https:\/\/roxpublicidade.com.br\/waterlat\/01\/wp-content\/uploads\/2025\/01\/Cover-Castro-Palgrave-2024.jpg\" width=\"300\" height=\"138\" \/><\/a><\/p>\n<p>Jose Esteban Castro, <span style=\"text-decoration: underline;\"><a href=\"https:\/\/roxpublicidade.com.br\/waterlat\/01\/publications\/books\/democracy-water-politics\/\">Democracy and Global Water Politics in Historical Perspective. Against water privatization<\/a>. London: Palgrave-Macmillan, 2024. Hardcover ISBN 978-0-230-21210-7. eBook ISBN 978-1-137-31788-9. DOI: https:\/\/doi.org\/10.1057\/978-1-137-31788-9.<br \/>\n<\/span><\/p>\n<h2><\/h2>\n<p><a href=\"https:\/\/roxpublicidade.com.br\/waterlat\/01\/wp-content\/uploads\/2024\/09\/Tapa-Org-Social-del-agua.jpg\"><img loading=\"lazy\" decoding=\"async\" class=\"alignnone size-medium wp-image-1938\" src=\"https:\/\/roxpublicidade.com.br\/waterlat\/01\/wp-content\/uploads\/2024\/09\/Tapa-Org-Social-del-agua.jpg\" width=\"300\" height=\"138\" \/><\/a><\/p>\n<p>Antonio Rodriguez Sanchez (Coord.), <span style=\"text-decoration: underline;\"><a href=\"https:\/\/roxpublicidade.com.br\/waterlat\/01\/publications\/books\/social-water-mexico\/\"><b>Social Organization, Management, and Defense of Water in Mexico<\/b>(in Spanish)<\/a><\/span>, Zacatecas, Mexico, and Newcastle upon Tyne, UK: Autonomous University of Zacatecas (UAZ) Press, and WATERLAT-GOBACIT Network, 2024. ISBN: 978-607-555-206-4.DOI:10.5281\/zenodo.13750251.<br \/>\nThis book results from the first phase of the research project Mexico&#8217;s Unified Information System on Water and Basins carried out by Mexican members of the WATERLAT-GOBACIT Network and invited specialists. The the book are a product of the Network\u2019s <a href=\"https:\/\/roxpublicidade.com.br\/waterlat\/01\/thematic-areas\/ta6\/\"><b>Thematic Area 6, Hydrosocial Basins, Territories, and Spaces<\/b><\/a>.<\/p>\n<h2><\/h2>\n<p><a href=\"https:\/\/roxpublicidade.com.br\/waterlat\/01\/wp-content\/uploads\/2023\/12\/Cover-Ednilson-e-Simonne-scaled-1.jpg\"><img loading=\"lazy\" decoding=\"async\" class=\"alignnone size-medium wp-image-2744\" src=\"https:\/\/roxpublicidade.com.br\/waterlat\/01\/wp-content\/uploads\/2023\/12\/Cover-Ednilson-e-Simonne-scaled-1.jpg\" alt=\"\" width=\"207\" height=\"300\" \/><\/a><\/p>\n<p>Ednilson Gomes and Simonne Texeira (Eds.),<br \/>\n<span style=\"text-decoration: underline;\"><a href=\"https:\/\/roxpublicidade.com.br\/waterlat\/01\/publications\/books\/small-hydroelectric-plants-brazil\/\">Small Hydroelectric Plants in Brazil. Legislation, conflicts, and impacts (in Portuguese)<\/a><\/span>. ISBN: 978-65-87726-39-71, Campos dos Goytacazes, Rio de Janeiro, Brazil, and Newcastle upon Tyne, UK: Darcy Ribeiro State University of Northern Rio de Janeiro (UENF) Press, and WATERLAT-GOBACIT Network.<\/p>\n<h2><\/h2>\n<p><a href=\"https:\/\/roxpublicidade.com.br\/waterlat\/01\/wp-content\/uploads\/2023\/03\/Cover-El-Derecho-al-Agua_BOOK.jpg\"><img loading=\"lazy\" decoding=\"async\" class=\"alignnone size-medium wp-image-2744\" src=\"https:\/\/roxpublicidade.com.br\/waterlat\/01\/wp-content\/uploads\/2023\/03\/Cover-El-Derecho-al-Agua_BOOK.jpg\" alt=\"\" width=\"207\" height=\"300\" \/><\/a><br \/>\nJose Esteban Castro, Leo Heller, Mar\u00eda da Piedade Morais, and Alex R. Caldera (Eds.),<br \/>\n<span style=\"text-decoration: underline;\"><a href=\"https:\/\/roxpublicidade.com.br\/waterlat\/01\/publications\/books\/the-right-to-water-as-public-policy-in-latin-america-a-theoretical-and-empirical-exploration-in-spanish\/\"> The Right to Water as Public Policy in Latin America: a Theoretical and Empirical Exploration<\/a><\/span>\u00a0(in Spanish). ISBN: 978-65-5635-048-6, Brasilia, Newcastle upon Tyne, UK, and Leon, Guanajuato, Mexico: Institute of Applied Economic Research (IPEA) &#8211; WATERLAT-GOBACIT Network,and University of Guanajuato, Leon, Guanajuato, Mexico, 2023. This is a Spanish version of the book originally published in Portuguese in 2015.<\/p>\n<h2><\/h2>\n<p><a href=\"https:\/\/roxpublicidade.com.br\/waterlat\/01\/wp-content\/uploads\/2022\/06\/CoverPanez-scaled-1.jpg\"><img loading=\"lazy\" decoding=\"async\" class=\"alignnone size-medium wp-image-2744\" src=\"https:\/\/roxpublicidade.com.br\/waterlat\/01\/wp-content\/uploads\/2022\/06\/CoverPanez-scaled-1.jpg\" alt=\"\" width=\"207\" height=\"300\" \/><\/a><\/p>\n<p>This book is a product of WATERLAT-GOBACIT Network&#8217;s <a href=\"https:\/\/roxpublicidade.com.br\/waterlat\/01\/waterlat-student-prize\/2020-prize\/\">2020 Student Prize (Doctorate).<\/a><br \/>\nAlexander Panez Pinto, <a href=\"https:\/\/roxpublicidade.com.br\/waterlat\/01\/publications\/books\/the-river-recove%E2%80%A6chile-in-spanish\/\"> The river recovering its riverbed. Spoils, and resistances in conflicts over water-land-territory under neoliberalism in Chile (in Spanish). ISBN: 978-85-7879-690-7 (E-book). <\/a>DOI:10.5281\/zenodo.6647297.<br \/>\nCo-published in Newcastle upon Tyne (UK),and Campina Grande, Paraiba, Brazil, by WATERLAT-GOBACIT Network, and <a href=\"http:\/\/eduepb.uepb.edu.br\/\"> State University of Paraiba Press (EDUEPB)<\/a>, 2022.<\/p>\n<h2><\/h2>\n<p><a href=\"https:\/\/roxpublicidade.com.br\/waterlat\/01\/wp-content\/uploads\/2021\/11\/capa-Marcos.jpg\"><img loading=\"lazy\" decoding=\"async\" class=\"alignnone size-medium wp-image-2744\" src=\"https:\/\/roxpublicidade.com.br\/waterlat\/01\/wp-content\/uploads\/2021\/11\/capa-Marcos.jpg\" alt=\"\" width=\"207\" height=\"300\" \/><\/a><\/p>\n<p>This book is a product of WATERLAT-GOBACIT Network&#8217;s <a href=\"https:\/\/roxpublicidade.com.br\/waterlat\/01\/waterlat-student-prize\/2019-student-prize\/\">2019 Student Prize (Doctorate).<\/a><\/p>\n<p>Marcos Cristiano Zucarelli, <a href=\"https:\/\/roxpublicidade.com.br\/waterlat\/01\/publications\/books\/muddy-soul\/\"> The Mathematics of Management and the Muddy Soul: a critique of mining licensing related disasters. (in Portuguese). ISBN: 978-65-86221-49-7 (E-book). DOI:10.5281\/zenodo.5708641.<\/a><\/p>\n<p>Co-published in Newcastle upon Tyne (UK),and Campina Grande, Paraiba, Brazil, by WATERLAT-GOBACIT Network, and <a href=\"http:\/\/eduepb.uepb.edu.br\/\"> State University of Paraiba Press (EDUEPB)<\/a>, 2021.<\/p>\n<h2><\/h2>\n<p><a href=\"https:\/\/roxpublicidade.com.br\/waterlat\/01\/wp-content\/uploads\/2020\/12\/CoverBarranco-scaled-1.jpg\"><img loading=\"lazy\" decoding=\"async\" class=\"alignnone size-medium wp-image-2744\" src=\"https:\/\/roxpublicidade.com.br\/waterlat\/01\/wp-content\/uploads\/2020\/12\/CoverBarranco-scaled-1.jpg\" alt=\"\" width=\"207\" height=\"300\" \/><\/a><\/p>\n<p>This book is a product of WATERLAT-GOBACIT Network&#8217;s <a href=\"https:\/\/roxpublicidade.com.br\/waterlat\/01\/waterlat-student-prize\/2018-prize\/\">2018 Student Prize (Masters).<\/a><\/p>\n<p>Alma Rosa Barranco Salazar, <a href=\"https:\/\/roxpublicidade.com.br\/waterlat\/01\/publications\/books\/community-water-management\/\"> Community Water Management. A study looking at memories, social organization, and values (in Spanish)<\/a> (in Spanish). ISBN: 978-987-86-8052-1 (E-book). DOI: 10.5281.<\/p>\n<p>Co-published in Newcastle upon Tyne (UK), Campina Grande, Paraiba, Brazil, Buenos Aires, Argentina, and Alcala de Henares, Spain, by WATERLAT-GOBACIT Network, <a href=\"http:\/\/eduepb.uepb.edu.br\/\"> State University of Paraiba Press (EDUEPB)<\/a>, <a href=\"http:\/\/www.ciccus.org.ar\/\"> CICCUS Editions<\/a>, and <a href=\"https:\/\/ielat.com\">University Institute for Research on Latin America (IELAT), University of Alcal\u00e1<\/a>, 2020.<\/p>\n<h2><\/h2>\n<p><a href=\"https:\/\/roxpublicidade.com.br\/waterlat\/01\/wp-content\/uploads\/2020\/06\/TapaTerritorialidades.jpg\"><img loading=\"lazy\" decoding=\"async\" class=\"alignnone size-medium wp-image-5293\" src=\"https:\/\/roxpublicidade.com.br\/waterlat\/01\/wp-content\/uploads\/2020\/06\/TapaTerritorialidades.jpg\" alt=\"\" width=\"207\" height=\"300\" \/><\/a><\/p>\n<p>Jos\u00e9 Esteban Castro, Gustavo Kohan, Alice Poma, and Carlos Ruggerio (Eds.), <a href=\"https:\/\/roxpublicidade.com.br\/waterlat\/01\/publications\/books\/water-territorialities\/\"> Water Territorialities. Knowledge and Action to Build the Future that we Want (in Spanish and Portuguese)<\/a>. Co-published in Newcastle upon Tyne (UK), Buenos Aires, Argentina, Guadalajara, Mexico, and Alcala de Henares, Spain, by WATERLAT-GOBACIT Network (DOI: 10.5281\/zenodo.3948431), <a href=\"http:\/\/www.ciccus.org.ar\/\"> CICCUS Editions (Argentina ISBN: 978-987-693-801-3 [E-book]<\/a>, <a href=\"https:\/\/www.iteso.mx\"> Western Institute of Technology and Higher Education (ITESO)<\/a>, and <a href=\"https:\/\/ielat.com\">University Institute for Research on Latin America (IELAT), University of Alcal\u00e1<\/a>, [2019] 2nd ed., 2020.<\/p>\n<h2><\/h2>\n<p>&nbsp;<\/p>\n<p><a href=\"https:\/\/roxpublicidade.com.br\/waterlat\/01\/wp-content\/uploads\/2020\/05\/Tapa-1.jpg\"><img loading=\"lazy\" decoding=\"async\" class=\"alignnone size-medium wp-image-2744\" src=\"https:\/\/roxpublicidade.com.br\/waterlat\/01\/wp-content\/uploads\/2020\/05\/Tapa-1.jpg\" alt=\"\" width=\"207\" height=\"300\" \/><\/a><\/p>\n<p>This book is a product of WATERLAT-GOBACIT Network&#8217;s <a href=\"https:\/\/roxpublicidade.com.br\/waterlat\/01\/waterlat-student-prize\/2018-prize\/\">2018 Student Prize (Doctorate).<\/a><\/p>\n<p>Cindy McCulligh, <a href=\"https:\/\/roxpublicidade.com.br\/waterlat\/01\/publications\/books\/sewer-of-progress\/\"> Sewer of Progress. Sewer of Progress. Corporations, institutionalized corruption, and the struggle over the Santiago river <\/a>(in Spanish). ISBN: 978-987-864-564-3 (E-book). DOI: 10.5281\/zenodo.3948193.<\/p>\n<p>Co-published in Newcastle upon Tyne (UK), Campina Grande, Paraiba, Brazil, Buenos Aires, Argentina, and Alcala de Henares, Spain, by WATERLAT-GOBACIT Network, <a href=\"http:\/\/eduepb.uepb.edu.br\/\"> State University of Paraiba Press (EDUEPB)<\/a>, <a href=\"http:\/\/www.ciccus.org.ar\/\"> CICCUS Editions<\/a>, and <a href=\"https:\/\/ielat.com\">University Institute for Research on Latin America (IELAT), University of Alcal\u00e1<\/a>, 2020.<\/p>\n<h2><\/h2>\n<p><a href=\" https:\/\/roxpublicidade.com.br\/waterlat\/01\/wp-content\/uploads\/2019\/09\/tapa.jpg\"><img loading=\"lazy\" decoding=\"async\" class=\"alignnone size-medium wp-image-2744\" src=\" https:\/\/roxpublicidade.com.br\/waterlat\/01\/wp-content\/uploads\/2019\/09\/tapa.jpg\" alt=\"\" width=\"207\" height=\"300\" \/><\/a><\/p>\n<p>This book is a product of WATERLAT-GOBACIT Network&#8217;s <a href=\" https:\/\/roxpublicidade.com.br\/waterlat\/01\/waterlat-student-prize\/2016-prize\/\">2016 Student Prize (Masters).<\/a><\/p>\n<p>Aline Silveira Viana, <a href=\"https:\/\/roxpublicidade.com.br\/waterlat\/01\/publications\/books\/the-disaster\/\"> The Disaster and the Veiled Chaos. The individual, inter-personal and collective coping of the elderly and their families <\/a> (in Portuguese) (ISBN: 978-987-86-3795-2 [E-book], (DOI: 10.5281\/zenodo.3950539). Co-published in Newcastle upon Tyne (UK), Campina Grande, Paraiba, Brazil, Buenos Aires, Argentina and Alcala de Henares, Spain, by WATERLAT-GOBACIT Network, <a href=\"http:\/\/eduepb.uepb.edu.br\/\"> State University of Paraiba Press (EDUEPB)<\/a>, and <a href=\"https:\/\/ielat.com\">University Institute for Research on Latin America (IELAT), University of Alcal\u00e1<\/a>, 2020.<\/p>\n<h2><\/h2>\n<p>&nbsp;<\/p>\n<p><a href=\"https:\/\/roxpublicidade.com.br\/waterlat\/01\/wp-content\/uploads\/2019\/09\/Tapa-Ivars.jpg\"><img loading=\"lazy\" decoding=\"async\" class=\"alignnone size-medium wp-image-5292\" src=\"https:\/\/roxpublicidade.com.br\/waterlat\/01\/wp-content\/uploads\/2019\/09\/Tapa-Ivars-207x300.jpg\" alt=\"\" width=\"207\" height=\"300\" srcset=\"https:\/\/roxpublicidade.com.br\/waterlat\/01\/wp-content\/uploads\/2019\/09\/Tapa-Ivars-207x300.jpg 207w, https:\/\/roxpublicidade.com.br\/waterlat\/01\/wp-content\/uploads\/2019\/09\/Tapa-Ivars-706x1024.jpg 706w, https:\/\/roxpublicidade.com.br\/waterlat\/01\/wp-content\/uploads\/2019\/09\/Tapa-Ivars-768x1114.jpg 768w, https:\/\/roxpublicidade.com.br\/waterlat\/01\/wp-content\/uploads\/2019\/09\/Tapa-Ivars-1058x1536.jpg 1058w, https:\/\/roxpublicidade.com.br\/waterlat\/01\/wp-content\/uploads\/2019\/09\/Tapa-Ivars-1411x2048.jpg 1411w, https:\/\/roxpublicidade.com.br\/waterlat\/01\/wp-content\/uploads\/2019\/09\/Tapa-Ivars-scaled.jpg 1764w\" sizes=\"auto, (max-width: 207px) 100vw, 207px\" \/><\/a><\/p>\n<p>This book is a product of WATERLAT-GOBACIT Network&#8217;s <a href=\" https:\/\/roxpublicidade.com.br\/waterlat\/01\/waterlat-student-prize\/2015-waterlat-gobacit-student-prize\/\">2015 Student Prize (Doctorate).<\/a><\/p>\n<p>Jorge Daniel Ivars, <a href=\"https:\/\/roxpublicidade.com.br\/waterlat\/01\/publications\/books\/water-power-and-rationalization\/\"> Water, Power and Rationalization in the Province of Mendoza, Argentina <\/a> (in Spanish). Co-published in Newcastle upon Tyne (UK), Campina Grande, Paraiba, Brazil, Buenos Aires, Argentina, Guadalajara, M\u00e9xico, and Alcala de Henares, Spain, by WATERLAT-GOBACIT Network (DOI: 10.5281\/zenodo.3956624), <a href=\"http:\/\/eduepb.uepb.edu.br\/e-books\/\"> State University of Paraiba Press (EDUEPB) (Brazil ISBN: 978-85-7879-391-3 [print] and 978-85-7879-392-0 [E-book]<\/a>, <a href=\"http:\/\/www.ciccus.org.ar\/\"> CICCUS Editions (Argentina ISBN: 978-987-693-785-6 [E-book]<\/a>, <a href=\"http:\/\/www.unq.edu.ar\/\"> National University of Quilmes (UNQ)<\/a>, <a href=\"https:\/\/www.iteso.mx\"> Western Institute of Technology and Higher Education (ITESO)<\/a>, and <a href=\"https:\/\/ielat.com\">University Institute for Research on Latin America (IELAT), University of Alcal\u00e1<\/a>, [2019] 2nd ed., 2020.<\/p>\n<h2><\/h2>\n<p>&nbsp;<\/p>\n<p><a href=\"https:\/\/roxpublicidade.com.br\/waterlat\/01\/wp-content\/uploads\/2018\/05\/TapaDiazSantos.jpg\"><img loading=\"lazy\" decoding=\"async\" class=\"alignnone size-medium wp-image-4846\" src=\"https:\/\/roxpublicidade.com.br\/waterlat\/01\/wp-content\/uploads\/2018\/05\/TapaDiazSantos-203x300.jpg\" alt=\"\" width=\"203\" height=\"300\" srcset=\"https:\/\/roxpublicidade.com.br\/waterlat\/01\/wp-content\/uploads\/2018\/05\/TapaDiazSantos-203x300.jpg 203w, https:\/\/roxpublicidade.com.br\/waterlat\/01\/wp-content\/uploads\/2018\/05\/TapaDiazSantos-693x1024.jpg 693w, https:\/\/roxpublicidade.com.br\/waterlat\/01\/wp-content\/uploads\/2018\/05\/TapaDiazSantos-768x1135.jpg 768w, https:\/\/roxpublicidade.com.br\/waterlat\/01\/wp-content\/uploads\/2018\/05\/TapaDiazSantos-1040x1536.jpg 1040w, https:\/\/roxpublicidade.com.br\/waterlat\/01\/wp-content\/uploads\/2018\/05\/TapaDiazSantos-1386x2048.jpg 1386w, https:\/\/roxpublicidade.com.br\/waterlat\/01\/wp-content\/uploads\/2018\/05\/TapaDiazSantos-scaled.jpg 1733w\" sizes=\"auto, (max-width: 203px) 100vw, 203px\" \/><\/a><\/p>\n<p><strong>This book corresponds to the <a href=\"https:\/\/roxpublicidade.com.br\/waterlat\/01\/waterlat-student-prize\/waterlat-gobacit-student-prize-2015\/\">2015 WATERLAT-GOBACIT Student Prize (Masters).<\/a><\/strong><\/p>\n<p><span style=\"line-height: 1.714285714; font-size: 1rem;\">D\u00edaz Santos, Mar\u00eda Guadalupe,<\/span> <span style=\"text-decoration: underline;\"> Power Relations in Community Water Management. The Territory and the Social as Forces<\/span><span style=\"line-height: 1.714285714; font-size: 1rem;\"> (in Spanish). ISBN (Print): 978-85-7879-390-6 (E-book): 978-85-7879-389-0. Campina Grande, Paraiba, Brazil:<\/span>\u00a0<a href=\"https:\/\/roxpublicidade.com.br\/waterlat\/01\/publications\/books\/power-relations\/\">State University of Paraiba Press (EDUEPB)<span style=\"line-height: 1.714285714; font-size: 1rem;\"> and WATERLAT-GOBACIT Network,\u00a02018. DOI: 10.5281\/zenodo.3955038.<\/span><\/a><\/p>\n<p>&nbsp;<\/p>\n<p><a href=\"https:\/\/roxpublicidade.com.br\/waterlat\/01\/wp-content\/uploads\/2018\/05\/9789876302869-144x200.jpg\"><img loading=\"lazy\" decoding=\"async\" class=\"alignnone size-full wp-image-4797\" src=\"https:\/\/roxpublicidade.com.br\/waterlat\/01\/wp-content\/uploads\/2018\/05\/9789876302869-144x200.jpg\" alt=\"\" width=\"144\" height=\"200\" \/><\/a><\/p>\n<p><strong>This book is a product of the WATERLAT-GOBACIT Network&#8217;s <a href=\"https:\/\/roxpublicidade.com.br\/waterlat\/01\/projects\/latin-american-network-for-academic-collaboration-and-exchange-for-the-study-of-water-management\/?noredirect=en\"> LANACE Project.<\/a><\/strong><\/p>\n<p><span style=\"line-height: 1.714285714; font-size: 1rem;\">Lorena Bottaro and Marian Sol\u00e1 \u00c1ngeles (Eds.)<\/span> <span style=\"text-decoration: underline;\"> Water and Mining Mega-projects in Latin America<\/span><span style=\"line-height: 1.714285714; font-size: 1rem;\"> (in Spanish) (ISBN 978-987-630-286-9), Los Polvorines, Buenos Aires, Argentina: <\/span><a href=\"https:\/\/roxpublicidade.com.br\/waterlat\/01\/publications\/books\/water-and-mining\/\">National University of General Sarmiento (UNGS) Press<\/a><span style=\"line-height: 1.714285714; font-size: 1rem;\"> and WATERLAT-GOBACIT Network, 2018. DOI: 10.5072\/zenodo.217575.<\/span><\/p>\n<p>&nbsp;<\/p>\n<p><a href=\"https:\/\/roxpublicidade.com.br\/waterlat\/01\/wp-content\/uploads\/2017\/09\/capa-from-Poma_Defendiendo-territorioNUEVO.jpg\"><img loading=\"lazy\" decoding=\"async\" class=\"alignnone wp-image-3689\" src=\"https:\/\/roxpublicidade.com.br\/waterlat\/01\/wp-content\/uploads\/2017\/09\/capa-from-Poma_Defendiendo-territorioNUEVO.jpg\" alt=\"\" width=\"214\" height=\"298\" \/><\/a><\/p>\n<p><strong>This book corresponds to the <a href=\"https:\/\/roxpublicidade.com.br\/waterlat\/01\/waterlat-student-prize\/waterlat-gobacit-student-prize-2014\/\">2014 WATERLAT-GOBACIT Student Prize.<\/a><\/strong><\/p>\n<p><a href=\"https:\/\/roxpublicidade.com.br\/waterlat\/01\/publications\/books\/defending\/\">Alice Poma, <span style=\"text-decoration: underline;\">Defending Territory and Dignity. Emotions and Cultural Change in the Struggles against Dams in Spain and Mexico (in Spanish)<\/span><\/a>, (ISBN 978-85-7879-386-9, E-book), Campina Grande, Paraiba, Brazil: State University of Paraiba Press (EDUEPB), WATERLAT-GOBACIT Network, WATERLAT-GOBACIT Network, School of Hispanic-American Studies (EEHA), Higher Council of Scientific Research (CSIC), Spain, and Western Institute of Technology and Higher Education (ITESO), Guadalajara, Mexico, 2017. DOI: 10.5281\/zenodo.3959169.<\/p>\n<p>&nbsp;<\/p>\n<p><a href=\"https:\/\/roxpublicidade.com.br\/waterlat\/01\/wp-content\/uploads\/2017\/04\/Tapa-Tens\u00e3o.jpg\"><img loading=\"lazy\" decoding=\"async\" class=\"alignnone size-medium wp-image-3689\" src=\"https:\/\/roxpublicidade.com.br\/waterlat\/01\/wp-content\/uploads\/2017\/04\/Tapa-Tens\u00e3o-214x300.jpg\" alt=\"\" width=\"214\" height=\"300\" \/><\/a><\/p>\n<p><a href=\"https:\/\/roxpublicidade.com.br\/waterlat\/01\/publications\/books\/tension\/\">Jos\u00e9 Esteban Castro, Luis Henrique Cunha, Marcionila Fernandes, and Cidoval Morais de Sousa (Eds.), <span style=\"text-decoration: underline;\">Tens\u00e3o entre Justi\u00e7a Ambiental e Justi\u00e7a Social na Am\u00e9rica Latina: o Caso da Gest\u00e3o da \u00c1gua<\/span> (The Tension between Environmental and Social Justice in Latin America: the Case of Water Management)<\/a>, Campina Grande, Paraiba, and Rio de Janeiro, Brazil: State University of Paraiba Press (EDUEPB), Garamond Universit\u00e1ria, and WATERLAT-GOBACIT Network. 2017. DOI: 10.5281\/zenodo.3952929.<\/p>\n<p>&nbsp;<\/p>\n<p><a href=\"https:\/\/roxpublicidade.com.br\/waterlat\/01\/wp-content\/uploads\/2013\/10\/Pages-from-\u00c1gua-e-Democracia-na-Am\u00e9rica-Latina.jpg\"><img loading=\"lazy\" decoding=\"async\" class=\"alignnone wp-image-2939\" src=\"https:\/\/roxpublicidade.com.br\/waterlat\/01\/wp-content\/uploads\/2013\/10\/Pages-from-\u00c1gua-e-Democracia-na-Am\u00e9rica-Latina-225x300.jpg\" alt=\"pages-from-agua-e-democracia-na-america-latina\" width=\"134\" height=\"178\" \/><\/a><\/p>\n<p><a href=\"https:\/\/roxpublicidade.com.br\/waterlat\/01\/publications\/books\/water-and-democracy\/\">Jos\u00e9 Esteban Castro, <span style=\"text-decoration: underline;\">\u00c1gua e Democracia na Am\u00e9rica Latina<\/span> (Water and Democracy in Latin America)<\/a>, Campina Grande, Paraiba, Brazil: State University of Para\u00edba Press (EDUEPB), and WATERLAT-GOBACIT Network. 2016. DOI: 10.5281\/zenodo.162107.<\/p>\n<p>&nbsp;<\/p>\n<p><a href=\"https:\/\/roxpublicidade.com.br\/waterlat\/01\/wp-content\/uploads\/2015\/04\/Capa-O-Direito-\u00e0-\u00e1gua.jpg\"><img loading=\"lazy\" decoding=\"async\" class=\"alignnone size-medium wp-image-1938\" src=\"https:\/\/roxpublicidade.com.br\/waterlat\/01\/wp-content\/uploads\/2015\/04\/Capa-O-Direito-\u00e0-\u00e1gua-300x138.jpg\" alt=\"Capa - O Direito \u00e0 \u00e1gua\" width=\"300\" height=\"138\" \/><\/a><\/p>\n<p><a href=\"https:\/\/roxpublicidade.com.br\/waterlat\/01\/publications\/books\/the-right-to-water-in-portuguese\/\">Jos\u00e9 Esteban Castro, L\u00e9o Heller, and Mar\u00eda da Piedade Morais (Eds.),\u00a0The Right to Water as Public Policy in Latin America: a Theoretical and Empirical Exploration\u00a0[in Portuguese]<\/a>, Brasilia: Institute of Applied Economic Research (IPEA) &#8211; WATERLAT-GOBACIT Network, 2015. DOI: 10.5281\/zenodo.55852.<\/p>\n<p>&nbsp;<\/p>\n<p><img loading=\"lazy\" decoding=\"async\" class=\"alignnone size-medium wp-image-205\" src=\"https:\/\/roxpublicidade.com.br\/waterlat\/01\/wp-content\/uploads\/2013\/10\/CAPA_PoliticasPublicasSaneamento_2013-300x201.jpg\" alt=\"CAPA_PoliticasPublicasSaneamento_2013\" width=\"300\" height=\"201\" srcset=\"https:\/\/roxpublicidade.com.br\/waterlat\/01\/wp-content\/uploads\/2013\/10\/CAPA_PoliticasPublicasSaneamento_2013-300x201.jpg 300w, https:\/\/roxpublicidade.com.br\/waterlat\/01\/wp-content\/uploads\/2013\/10\/CAPA_PoliticasPublicasSaneamento_2013.jpg 497w\" sizes=\"auto, (max-width: 300px) 100vw, 300px\" \/><\/p>\n<p><a href=\"https:\/\/roxpublicidade.com.br\/waterlat\/01\/publications\/books\/public-policy-and-management-of-water-and-sanitation-services-portuguese-version\/\">L\u00e9o Heller and Jos\u00e9 Esteban Castro (Eds.),\u00a0Pol\u00edtica P\u00fablica e Gest\u00e3o de Servi\u00e7os de Saneamento (Public Policy and Management of Water and Sanitation Services)<\/a>, Belo Horizonte and Rio de Janeiro:\u00a0Editora da Universidade Federal de Minas Gerais (UFMG) and Editora Fiocruz, 2013. DOI: 10.5281\/zenodo.55855.<\/p>\n<p>&nbsp;<\/p>\n<p><img loading=\"lazy\" decoding=\"async\" class=\"alignnone size-medium wp-image-206\" src=\"https:\/\/roxpublicidade.com.br\/waterlat\/01\/wp-content\/uploads\/2013\/10\/CastroHeller-300x201.jpg\" alt=\"Castro&amp;Heller\" width=\"300\" height=\"201\" \/><\/p>\n<p><a href=\"https:\/\/roxpublicidade.com.br\/waterlat\/01\/publications\/books\/water-and-sanitation-services-public-policy-and-management\/\">Jos\u00e9 Esteban Castro and L\u00e9o Heller (Eds.), Water and Sanitation Services: Public Policy and Management<\/a>, London and Sterling, VA: Earthscan, 2009; Routledge, 2012. DOI: 10.5281\/zenodo.55854.<\/p>\n<p>&nbsp;<\/p>\n<h2>In preparation<\/h2>\n<p>Maria Virginia Grosso Cepparo,\u00a0<span style=\"text-decoration: underline;\">Water scarcity in Dry Lands. A Territorial Study on the Appropriation, Management, and Use of Water in the Mendoza River Basin, Argentina<\/span> [in Spanish], Newcastle upon Tyne, UK: WATERLAT-GOBACIT Network and others.<\/p>\n<p>&nbsp;<\/p>\n","protected":false},"excerpt":{"rendered":"<p>&nbsp; Published Jose Esteban Castro, Democracy and Global Water Politics in Historical Perspective. Against water privatization. London: Palgrave-Macmillan, 2024. Hardcover ISBN 978-0-230-21210-7. eBook ISBN 978-1-137-31788-9. DOI: https:\/\/doi.org\/10.1057\/978-1-137-31788-9. Antonio Rodriguez Sanchez (Coord.), Social Organization, Management, and Defense of Water in Mexico(in Spanish), Zacatecas, Mexico, and Newcastle upon Tyne, UK: Autonomous University of Zacatecas (UAZ) Press, and [&hellip;]<\/p>\n","protected":false},"author":1,"featured_media":0,"parent":13,"menu_order":0,"comment_status":"closed","ping_status":"open","template":"","meta":{"footnotes":""},"class_list":["post-49","page","type-page","status-publish","hentry"],"_links":{"self":[{"href":"https:\/\/roxpublicidade.com.br\/waterlat\/01\/wp-json\/wp\/v2\/pages\/49","targetHints":{"allow":["GET"]}}],"collection":[{"href":"https:\/\/roxpublicidade.com.br\/waterlat\/01\/wp-json\/wp\/v2\/pages"}],"about":[{"href":"https:\/\/roxpublicidade.com.br\/waterlat\/01\/wp-json\/wp\/v2\/types\/page"}],"author":[{"embeddable":true,"href":"https:\/\/roxpublicidade.com.br\/waterlat\/01\/wp-json\/wp\/v2\/users\/1"}],"replies":[{"embeddable":true,"href":"https:\/\/roxpublicidade.com.br\/waterlat\/01\/wp-json\/wp\/v2\/comments?post=49"}],"version-history":[{"count":1,"href":"https:\/\/roxpublicidade.com.br\/waterlat\/01\/wp-json\/wp\/v2\/pages\/49\/revisions"}],"predecessor-version":[{"id":12966,"href":"https:\/\/roxpublicidade.com.br\/waterlat\/01\/wp-json\/wp\/v2\/pages\/49\/revisions\/12966"}],"up":[{"embeddable":true,"href":"https:\/\/roxpublicidade.com.br\/waterlat\/01\/wp-json\/wp\/v2\/pages\/13"}],"wp:attachment":[{"href":"https:\/\/roxpublicidade.com.br\/waterlat\/01\/wp-json\/wp\/v2\/media?parent=49"}],"curies":[{"name":"wp","href":"https:\/\/api.w.org\/{rel}","templated":true}]}}