{"id":4749,"date":"2018-03-29T19:39:22","date_gmt":"2018-03-29T19:39:22","guid":{"rendered":"http:\/\/waterlat.org\/?page_id=4749"},"modified":"2025-12-11T14:52:48","modified_gmt":"2025-12-11T17:52:48","slug":"vol5no1","status":"publish","type":"page","link":"https:\/\/roxpublicidade.com.br\/waterlat\/01\/working-papers-series\/vol5\/vol5no1\/","title":{"rendered":"Vol. 5, No. 1"},"content":{"rendered":"<style>\n.entry-content img, .comment-content img, .widget img, img.header-image, .author-avatar img, img.wp-post-image {<br \/>\nbox-shadow: none;<br \/>\n}<br \/>\n.box {<br \/>\n  width: 40%;<br \/>\n  margin: 0 auto;<br \/>\n  background: rgba(255,255,255,0.2);<br \/>\n  padding: 35px;<br \/>\n  border: 2px solid #fff;<br \/>\n  border-radius: 20px\/50px;<br \/>\n  background-clip: padding-box;<br \/>\n  text-align: center;<br \/>\n}<\/p>\n<p>.pl_issn{text-align: right;    margin-bottom: 25px !important;font-size: 14px;display: inline;float: right;}<br \/>\n.overlay {<br \/>\n  position: fixed;<br \/>\n  top: 0;<br \/>\n  bottom: 0;<br \/>\n  left: 0;<br \/>\n  right: 0;<br \/>\n  background: rgba(0, 0, 0, 0.7);<br \/>\n  transition: opacity 500ms;<br \/>\n  visibility: hidden;<br \/>\n  opacity: 0;<br \/>\n}<br \/>\n.overlay:target {<br \/>\n  visibility: visible;<br \/>\n  opacity: 1;<br \/>\n}<\/p>\n<p>.popup {<br \/>\n  margin: 70px auto;<br \/>\n  padding: 20px;<br \/>\n  background: #fff;<br \/>\n  border-radius: 5px;<br \/>\n  width: 30%;<br \/>\n  position: relative;<br \/>\n  transition: all 5s ease-in-out;<br \/>\n}<\/p>\n<p>.popup h2 {<br \/>\n  margin-top: 0;<br \/>\n  color: #333;<br \/>\n  font-family: Tahoma, Arial, sans-serif;<br \/>\n}<br \/>\n.popup .close {<br \/>\n  position: absolute;<br \/>\n  top: 20px;<br \/>\n  right: 30px;<br \/>\n  transition: all 200ms;<br \/>\n  font-size: 30px;<br \/>\n  font-weight: bold;<br \/>\n  text-decoration: none;<br \/>\n  color: #333;<br \/>\n}<br \/>\n.popup .close:hover {<br \/>\n  color: rgb(0, 66, 126);<br \/>\n}<br \/>\n.popup .content {<br \/>\n  max-height: 30%;<br \/>\n  overflow: auto;<br \/>\n}<\/p>\n<p>@media screen and (max-width: 700px){<br \/>\n  .box{<br \/>\n    width: 70%;<br \/>\n  }<br \/>\n  .popup{<br \/>\n    width: 70%;<br \/>\n  }<br \/>\n}<br \/>\n.entry-content p {<br \/>\nline-height: normal;<br \/>\nmargin: 0;<br \/>\n}<\/p>\n<p>.wp_cuaderno {display: inline-block; background-color: #ededed; box-shadow: 0 4px 8px 0 rgba(0, 0, 0, 0.2), 0 6px 20px 0 rgba(0, 0, 0, 0.19); padding: 20px 50px;}<br \/>\n.wp_portada {float:left;}<br \/>\n.wp_info{margin-left: 170px;}<br \/>\np.titulo{font-size:18px;}<br \/>\n.wp_info.desc{width: 90%; margin: 5px 0px;}<br \/>\n.wp_info p {margin-bottom:3px;}<br \/>\n.wp_info.serie{width: 360px;}<br \/>\n.wp_info a {margin-top:8px;}<\/p>\n<p>.wp_descargas{clear: both; padding-top: 3px;}<\/p>\n<p>.dw_pdf {<br \/>\n        background-color: rgba(251, 116, 116, 0);<br \/>\n    padding: 8px 9px;<br \/>\n    color: #b52335;<br \/>\n    text-decoration: none;<br \/>\n    border: 2px #b52335 solid;<br \/>\n    transition: 0.2s all;<br \/>\n    border-radius: 4px;<br \/>\n    font-weight: 600;}<br \/>\n.dw_pdf:hover{background-color: #b52335; color:white;}<br \/>\n.dw_pdf i {font-size:25px; vertical-align: bottom; margin-right: 3px;}<\/p>\n<p>.dw_pdf-full {<br \/>\n        background-color: rgba(251, 116, 116, 0);<br \/>\n    padding: 8px 51px;<br \/>\n    color: #b52335;<br \/>\n    text-decoration: none;<br \/>\n    border: 2px #b52335 solid;<br \/>\n    transition: 0.2s all;<br \/>\n    border-radius: 4px;<br \/>\n    font-weight: 600;}<br \/>\n.dw_pdf-full:hover{background-color: #b52335; color:white;}<br \/>\n.dw_pdf-full i {font-size:25px; vertical-align: bottom; margin-right: 3px;}<\/p>\n<p>.dw_epub {background-color: rgba(251, 116, 116, 0);<br \/>\n    padding: 8px 6px;<br \/>\n    color: #0964bd;<br \/>\n    text-decoration: none;<br \/>\n    border: 2px #0964bd solid;<br \/>\n    transition: 0.2s all;<br \/>\n    border-radius: 4px;<br \/>\n    margin-left: 5px;<br \/>\n    font-weight: 600;}<br \/>\n.dw_epub:hover{background-color: #0964bd; color:white;}<br \/>\n.dw_epub i {font-size:25px; vertical-align: bottom; margin-right: 3px;}<\/p>\n<p>.wp_sec-art{padding-left: 50px; padding-top: 10px;}<br \/>\n.wp_articulo{padding-top:40px;}<br \/>\n.wp_articulo.tituloar{font-size:17px;}<br \/>\na.desar {text-decoration: none; float:left; margin-right: 20px;}<\/p>\n<\/style>\n<p style=\"text-align: right;\"><!-- CUADERNO !--><\/p>\n<p class=\"pl_issn\" style=\"text-align: right;\">ISSN: (Print)<b> 2056-4856<\/b><br \/>\nISSN: (Online) <b>2056-4864<\/b><\/p>\n<div class=\"wp_cuaderno\">\n<p><!-- PORTADA !--><\/p>\n<div class=\"wp_portada\"><img decoding=\"async\" src=\"https:\/\/roxpublicidade.com.br\/waterlat\/01\/wp-content\/uploads\/2018\/03\/tapa-V5n1.jpg\" width=\"158px \" \/><\/div>\n<p><!-- INFORMACION DERECHA !--><\/p>\n<div class=\"wp_info\">\n<p><!-- TITULO !--> <b><\/b><\/p>\n<p class=\"titulo\"><b>Vol. 5, No. 1<\/b><\/p>\n<p><!-- FECHA !--><\/p>\n<p>March 2018<\/p>\n<p><!-- AUTOR !--><\/p>\n<p>Jose Esteban Castro (Editor) &#8211; Edurne Bague (Organizer)<\/p>\n<p><!-- DOI !--> <i><\/i><\/p>\n<p>DOI: 10.5281\/zenodo.7516947<\/p>\n<p><!-- DESCR !--><\/p>\n<p class=\"desc\"><b>The struggle for democracy in Spain: grassroots initiatives to defend essential water services as a common good<\/b> (articles in Spanish)<\/p>\n<p><!-- SERIE   <i>\n\n\n<p class=\"serie\">??? (serie)<\/p>\n\n\n<\/i>!--><br \/>\n<!-- CITA !--> <i><a class=\"desar\" style=\"color: #9ad3f9;\" href=\"https:\/\/zenodo.org\/record\/7516947#invenio-csl\">Export Cite<\/a><\/i><\/p>\n<\/div>\n<p><!-- DESCARGAS !--><\/p>\n<div class=\"wp_descargas\"><!-- PDF LINK !--> <a class=\"dw_pdf-full\" href=\"https:\/\/zenodo.org\/record\/7516947\" target=\"_blank\" rel=\"noopener noreferrer\"><i class=\"fa fa-file-pdf-o\" aria-hidden=\"true\"><\/i>PDF<\/a><br \/>\n<!-- PDF LINK  <a href=\"#\" class=\"dw_pdf\"><i class=\"fa fa-file-pdf-o\" aria-hidden=\"true\" fa-3x><\/i>PDF<\/a>\nEPUB LINK  <a href=\"#\" class=\"dw_epub\"><i class=\"fa fa-file-text-o\" aria-hidden=\"true\"><\/i>EPUB<\/a>!--><\/div>\n<\/div>\n<p><!-- SECCION ARTICULOS !--><\/p>\n<div style=\"margin-top: 30px;\">\n<h3 style=\"margin-bottom: 5px;\">Articles<\/h3>\n<hr style=\"margin: 0;\" \/>\n<p><!-- ARTICULOS !--><\/p>\n<div class=\"wp_sec-art\">\n<p><!-- ARTICULO INDIVIDUAL !--><\/p>\n<div class=\"wp_articulo\">\n<div class=\"wp_articulo\"><!-- ARTICULO INDIVIDUAL !--><\/p>\n<div class=\"wp_articulo\">\n<p><!-- TITULO !--><\/p>\n<p class=\"tituloar\"><b>The role of social factors contributing to the remunicipalizing trend in Spain and Catalonia pp.10-41 <\/b> (in Spanish),<\/p>\n<p><!-- AUTOR !--><\/p>\n<p>Edurne Bague<\/p>\n<p><!-- DOI !--><\/p>\n<p style=\"float: left;\">DOI:<\/p>\n<p>10.5281\/zenodo.7516974<\/p>\n<p><!-- PDF LINK !--> <b><\/b><\/p>\n<p style=\"color: #ff5e73;\">PDF<\/p>\n<p><!-- EPUB LINK   <a class=\"desar\" href=\"#\"><b>\n\n\n<p style=\"color:#3e99f9;\">EPUB<\/p>\n\n\n<\/b><\/a>!--><br \/>\n<!-- CITA LINK !--><\/p>\n<p style=\"color: #9ad3f9;\">Export Cite<\/p>\n<p>&nbsp;<\/p>\n<\/div>\n<p><!-- ARTICULO INDIVIDUAL !--><\/p>\n<div class=\"wp_articulo\">\n<p><!-- TITULO !--><\/p>\n<p class=\"tituloar\"><b>Participation and local water management in urban Catalonia: a critical view pp.42-57 <\/b> (in Spanish),<\/p>\n<p><!-- AUTOR !--><\/p>\n<p>Ana\u00efs Varo Barranco<\/p>\n<p><!-- DOI !--><\/p>\n<p style=\"float: left;\">DOI:<\/p>\n<p>10.5281\/zenodo.7516990<\/p>\n<p><!-- PDF LINK !--> <b><\/b><\/p>\n<p style=\"color: #ff5e73;\">PDF<\/p>\n<p><!-- EPUB LINK   <a class=\"desar\" href=\"#\"><b>\n\n\n<p style=\"color:#3e99f9;\">EPUB<\/p>\n\n\n<\/b><\/a>!--><br \/>\n<!-- CITA LINK !--><\/p>\n<p style=\"color: #9ad3f9;\">Export Cite<\/p>\n<p>&nbsp;<\/p>\n<\/div>\n<p><!-- ARTICULO INDIVIDUAL !--><\/p>\n<div class=\"wp_articulo\">\n<p><!-- TITULO !--><\/p>\n<p class=\"tituloar\"><b>The debate about the Human Right to Water in Spain: the experience of the Social Pact for Public Water pp.68-88 <\/b> (in Spanish),<\/p>\n<p><!-- AUTOR !--><\/p>\n<p>Oscar Flores Baquero, Violeta Cabello Villarejo, Angela Lara Garc\u00eda,Nuria Hern\u00e1ndez-Mora and Leandro del Moral Ituarte<\/p>\n<p><!-- DOI !--><\/p>\n<p style=\"float: left;\">DOI:<\/p>\n<p>10.5281\/zenodo.7516999<\/p>\n<p><!-- PDF LINK !--> <b><\/b><\/p>\n<p style=\"color: #ff5e73;\">PDF<\/p>\n<p><!-- EPUB LINK   <a class=\"desar\" href=\"#\"><b>\n\n\n<p style=\"color:#3e99f9;\">EPUB<\/p>\n\n\n<\/b><\/a>!--><br \/>\n<!-- CITA LINK !--><\/p>\n<p style=\"color: #9ad3f9;\">Export Cite<\/p>\n<p>&nbsp;<\/p>\n<\/div>\n<p><!-- ARTICULO INDIVIDUAL !--><\/p>\n<div class=\"wp_articulo\">\n<p><!-- TITULO !--><\/p>\n<p class=\"tituloar\"><b>The remunicipalization of water in Valladolid municipality pp.89-122 <\/b> (in Spanish),<\/p>\n<p><!-- AUTOR !--><\/p>\n<p>Jos\u00e9 Manuel Mart\u00ednez Fern\u00e1ndez and Teresa Redondo Arranz<\/p>\n<p><!-- DOI !--><\/p>\n<p style=\"float: left;\">DOI:<\/p>\n<p>10.5281\/zenodo.7517013<\/p>\n<p><!-- PDF LINK !--> <b><\/b><\/p>\n<p style=\"color: #ff5e73;\">PDF<\/p>\n<p><!-- EPUB LINK   <a class=\"desar\" href=\"#\"><b>\n\n\n<p style=\"color:#3e99f9;\">EPUB<\/p>\n\n\n<\/b><\/a>!--><br \/>\n<!-- CITA LINK !--><\/p>\n<p style=\"color: #9ad3f9;\">Export Cite<\/p>\n<p>&nbsp;<\/p>\n<\/div>\n<p><!-- ARTICULO INDIVIDUAL !--><\/p>\n<div class=\"wp_articulo\">\n<p><!-- ARTICULO INDIVIDUAL !--><\/p>\n<div class=\"wp_articulo\">\n<p><!-- TITULO !--><\/p>\n<p class=\"tituloar\"><b>The experience of the Platform against the privatization of Canal Isabel II, Madrid pp.123-146 <\/b> (in Spanish),<\/p>\n<p><!-- AUTOR !--><\/p>\n<p>Plataforma contra la Privatizaci\u00f3n del Canal Isabel II<\/p>\n<p><!-- DOI !--><\/p>\n<p style=\"float: left;\">DOI:<\/p>\n<p>10.5281\/zenodo.7517030<\/p>\n<p><!-- PDF LINK !--> <b><\/b><\/p>\n<p style=\"color: #ff5e73;\">PDF<\/p>\n<p><!-- EPUB LINK   <a class=\"desar\" href=\"#\"><b>\n\n\n<p style=\"color:#3e99f9;\">EPUB<\/p>\n\n\n<\/b><\/a>!--><br \/>\n<!-- CITA LINK !--><\/p>\n<p style=\"color: #9ad3f9;\">Export Cite<\/p>\n<p>&nbsp;<\/p>\n<\/div>\n<p><!-- ARTICULO INDIVIDUAL !--><\/p>\n<div class=\"wp_articulo\">\n<p><!-- TITULO !--><\/p>\n<p class=\"tituloar\"><b>The process of municipalization of Terrasa municipality\u2019s public water services, Catalonia, Spain pp.147-169 <\/b> (in Spanish),<\/p>\n<p><!-- AUTOR !--><\/p>\n<p>Marc Cadevall Artigues,<\/p>\n<p><!-- DOI !--><\/p>\n<p style=\"float: left;\">DOI:<\/p>\n<p>10.5281\/zenodo.7517063<\/p>\n<p><!-- PDF LINK !--> <b><\/b><\/p>\n<p style=\"color: #ff5e73;\">PDF<\/p>\n<p><!-- EPUB LINK   <a class=\"desar\" href=\"#\"><b>\n\n\n<p style=\"color:#3e99f9;\">EPUB<\/p>\n\n\n<\/b><\/a>!--><br \/>\n<!-- CITA LINK !--><\/p>\n<p style=\"color: #9ad3f9;\">Export Cite<\/p>\n<p>&nbsp;<\/p>\n<\/div>\n<\/div>\n<\/div>\n<style>\n.export-list{<br \/>   list-style-type: none;<br \/>   margin-top: 10px !important;<br \/>}<br \/>.export-list li {display:inline-block; margin: 0px 0px 0px 1.4rem;}<br \/>.export-list a {color: #2a8bb7; text-decoration: none; transition:0.2s all;}<br \/>.export-list a:hover{text-decoration:underline; transition:0.2s all;}<br \/><\/style>\n<\/div>\n<\/div>\n<\/div>\n","protected":false},"excerpt":{"rendered":"<p>ISSN: (Print) 2056-4856 ISSN: (Online) 2056-4864 Vol. 5, No. 1 March 2018 Jose Esteban Castro (Editor) &#8211; Edurne Bague (Organizer) DOI: 10.5281\/zenodo.7516947 The struggle for democracy in Spain: grassroots initiatives to defend essential water services as a common good (articles in Spanish) Export Cite PDF Articles The role of social factors contributing to the remunicipalizing [&hellip;]<\/p>\n","protected":false},"author":1,"featured_media":0,"parent":4747,"menu_order":0,"comment_status":"closed","ping_status":"closed","template":"","meta":{"footnotes":""},"class_list":["post-4749","page","type-page","status-publish","hentry"],"_links":{"self":[{"href":"https:\/\/roxpublicidade.com.br\/waterlat\/01\/wp-json\/wp\/v2\/pages\/4749","targetHints":{"allow":["GET"]}}],"collection":[{"href":"https:\/\/roxpublicidade.com.br\/waterlat\/01\/wp-json\/wp\/v2\/pages"}],"about":[{"href":"https:\/\/roxpublicidade.com.br\/waterlat\/01\/wp-json\/wp\/v2\/types\/page"}],"author":[{"embeddable":true,"href":"https:\/\/roxpublicidade.com.br\/waterlat\/01\/wp-json\/wp\/v2\/users\/1"}],"replies":[{"embeddable":true,"href":"https:\/\/roxpublicidade.com.br\/waterlat\/01\/wp-json\/wp\/v2\/comments?post=4749"}],"version-history":[{"count":1,"href":"https:\/\/roxpublicidade.com.br\/waterlat\/01\/wp-json\/wp\/v2\/pages\/4749\/revisions"}],"predecessor-version":[{"id":13089,"href":"https:\/\/roxpublicidade.com.br\/waterlat\/01\/wp-json\/wp\/v2\/pages\/4749\/revisions\/13089"}],"up":[{"embeddable":true,"href":"https:\/\/roxpublicidade.com.br\/waterlat\/01\/wp-json\/wp\/v2\/pages\/4747"}],"wp:attachment":[{"href":"https:\/\/roxpublicidade.com.br\/waterlat\/01\/wp-json\/wp\/v2\/media?parent=4749"}],"curies":[{"name":"wp","href":"https:\/\/api.w.org\/{rel}","templated":true}]}}