{"id":4346,"date":"2025-03-02T13:24:27","date_gmt":"2025-03-02T13:24:27","guid":{"rendered":"https:\/\/waterlat.org\/es\/?page_id=4346"},"modified":"2026-02-04T09:54:06","modified_gmt":"2026-02-04T12:54:06","slug":"seminario-2025","status":"publish","type":"page","link":"https:\/\/roxpublicidade.com.br\/waterlat\/01\/es\/docencia\/seminario-2025\/","title":{"rendered":"Seminario de Posgrado Internacional-Interinstitucional 2025: Ecolog\u00eda Pol\u00edtica del Agua en perspectiva inter y transdisciplinaria"},"content":{"rendered":"<p>&nbsp;<\/p>\n<h2><img loading=\"lazy\" decoding=\"async\" class=\"alignnone size-medium wp-image-12417\" src=\"https:\/\/roxpublicidade.com.br\/waterlat\/01\/wp-content\/uploads\/2025\/03\/En-240x300.jpg\" alt=\"\" width=\"240\" height=\"300\" srcset=\"https:\/\/roxpublicidade.com.br\/waterlat\/01\/wp-content\/uploads\/2025\/03\/En-240x300.jpg 240w, https:\/\/roxpublicidade.com.br\/waterlat\/01\/wp-content\/uploads\/2025\/03\/En-819x1024.jpg 819w, https:\/\/roxpublicidade.com.br\/waterlat\/01\/wp-content\/uploads\/2025\/03\/En-768x961.jpg 768w, https:\/\/roxpublicidade.com.br\/waterlat\/01\/wp-content\/uploads\/2025\/03\/En-1228x1536.jpg 1228w, https:\/\/roxpublicidade.com.br\/waterlat\/01\/wp-content\/uploads\/2025\/03\/En.jpg 1279w\" sizes=\"auto, (max-width: 240px) 100vw, 240px\" \/><\/h2>\n<h2>Sobre el Seminario<\/h2>\n<p>El Seminario se basa en la experiencia de eventos organizados en 2023 y 2024 por la Red WATERLAT-GOBACIT para estimular la presentaci\u00f3n de resultados de investigaci\u00f3n enfatizando aspectos te\u00f3rico-conceptuales y metodol\u00f3gicos que orientan estudios en las distintas actividades de la Red. El Seminario esta estructurado en torno al <a href=\"https:\/\/roxpublicidade.com.br\/waterlat\/01\/es\/areas-tematicas\/at1\/\">\u00c1rea Tem\u00e1tica 1 \u2013La X-disciplinariedad en la Investigaci\u00f3n y la Acci\u00f3n<\/a>. El AT1 provee un marco adecuado para estimular el \u00e9nfasis en aspectos te\u00f3rico-conceptuales y metodol\u00f3gicos que encuadran los estudios emp\u00edricos sobre los diversos temas cubiertos por las <a href=\"https:\/\/roxpublicidade.com.br\/waterlat\/01\/es\/areas-tematicas\/\">10 \u00c1reas Tem\u00e1ticas de la Red<\/a>. Entre otros, estos temas incluyen los impactos socio ecol\u00f3gicos de las mega obras hidr\u00e1ulicas y los extractivismos agrario y minero-energ\u00e9tico, desigualdades e injusticias relacionadas con la pol\u00edtica y la gesti\u00f3n de servicios p\u00fablicos esenciales basados en el uso del agua en \u00e1reas urbanas y rurales, cuestiones vinculadas a las aguas transfronterizas, las interrelaciones entre agua y salud, la constituci\u00f3n y desarrollo de territorialidades emp\u00edricas y epist\u00e9micas en torno a la apropiaci\u00f3n espacio-temporal de los cuerpos y fuentes de agua, las dimensiones art\u00edstica, cultural y educacional de la pol\u00edtica y la gesti\u00f3n del agua, desastres socio ecol\u00f3gicos relacionados con el agua, las contradicciones y conflictos que caracterizan las interrelaciones entre el control de las aguas y diversas actividades productivas, o las violencias sist\u00e9micas infligidas sobre las poblaciones humanas como resultado de los procesos de expropiaci\u00f3n, desplazamiento, criminalizaci\u00f3n y represi\u00f3n que forman parte de las violaciones de los derechos esenciales conectados con el acceso y distribuci\u00f3n del agua registrados a nivel global.<\/p>\n<h3>Objetivos<\/h3>\n<p>En correspondencia con el <a href=\"https:\/\/roxpublicidade.com.br\/waterlat\/01\/es\/comienzo\/aims\/\">Enfoque<\/a>, <a href=\"https:\/\/roxpublicidade.com.br\/waterlat\/01\/es\/comienzo\/objetivos\/\">Objetivos<\/a>, y <a href=\"https:\/\/roxpublicidade.com.br\/waterlat\/01\/es\/comienzo\/prioridades-de-investigacion\/\">Prioridades<\/a> de la Red, el Seminario se propone contribuir a que los estudiantes puedan beneficiarse del ambiente internacional e interinstitucional de la Red para dar a conocer sus trabajos, recibir reconocimiento a ese nivel y tener la oportunidad de entrar en contacto con profesores y estudiantes basados en instituciones acad\u00e9micas de otros pa\u00edses, quienes realizan investigaciones y otras actividades relevantes a la Ecolog\u00eda Pol\u00edtica del agua y tener oportunidades para establecer relaciones potencialmente enriquecedoras para su desarrollo intelectual, profesional y personal.<\/p>\n<p>El Seminario da prioridad a presentaciones de estudiantes de doctorado. Quienes participan incluyen estudiantes que son miembros de la Red, ask como estudiantes invitados. Se espera que sus presentaciones enfaticen aspectos te\u00f3rico-conceptuales y metodol\u00f3gicos de sus investigaciones. Las sesiones contar\u00e1n con la participaci\u00f3n constructiva de acad\u00e9micos que contribuir\u00e1n con comentarios, sugerencias y estimulaci\u00f3n de debates relevantes al tema tratado.<\/p>\n<h3><\/h3>\n<h2>Sesiones del Seminario<\/h2>\n<p><a href=\"https:\/\/roxpublicidade.com.br\/waterlat\/01\/es\/docencia\/seminario-2025\/sesion-de-apertura-seminario-2025\/\">Sesi\u00f3n de Apertura, 6 de marzo de 2025<\/a><\/p>\n<p><a href=\"https:\/\/roxpublicidade.com.br\/waterlat\/01\/es\/docencia\/seminario-2025\/segunda-sesion-seminario-2025\/\">Segunda Sesi\u00f3n, 7 de abril de 2025<\/a><\/p>\n<p><a href=\"https:\/\/roxpublicidade.com.br\/waterlat\/01\/es\/docencia\/seminario-2025\/tercera-sesion-seminario-2025\/\">Tercera Sesi\u00f3n, 7 de mayo de 2025<\/a><\/p>\n<p><a href=\"https:\/\/roxpublicidade.com.br\/waterlat\/01\/es\/docencia\/seminario-2025\/cuarta-sesion-seminario-2025\/\"> Cuarta Sesi\u00f3n, 5 de junio de 2025<\/a><\/p>\n<blockquote class=\"wp-embedded-content\" data-secret=\"yJ9cSXIqKL\"><p><a href=\"https:\/\/roxpublicidade.com.br\/waterlat\/01\/es\/docencia\/seminario-2025\/tercera-sesion-seminario-2025\/\">Tercera Sesi\u00f3n Seminario 2025<\/a><\/p><\/blockquote>\n<p><iframe loading=\"lazy\" class=\"wp-embedded-content\" sandbox=\"allow-scripts\" security=\"restricted\" style=\"position: absolute; visibility: hidden;\" title=\"\u00abTercera Sesi\u00f3n Seminario 2025\u00bb \u2014 Waterlat Gobacit\" src=\"https:\/\/roxpublicidade.com.br\/waterlat\/01\/es\/docencia\/seminario-2025\/tercera-sesion-seminario-2025\/embed\/#?secret=hqqaACQPdj#?secret=yJ9cSXIqKL\" data-secret=\"yJ9cSXIqKL\" width=\"500\" height=\"282\" frameborder=\"0\" marginwidth=\"0\" marginheight=\"0\" scrolling=\"no\"><\/iframe><\/p>\n<h3><\/h3>\n<h2>Organizaci\u00f3n<\/h2>\n<p>El Seminario es organizado por la Red WATERLAT-GOBACIT, en colaboraci\u00f3n con instituciones acad\u00e9micas representadas por miembros de la Red que componen el Equipo Organizador. Estas organizaciones incluyen:<\/p>\n<p><a href=\"https:\/\/www.ufpe.br\/cea\">Centro de Estudios Avanzados (CEA)<\/a>, <a href=\"https:\/\/www.ufpe.br\/ppgs\">Programa de Posgrado en Sociolog\u00eda (PPGS)<\/a>, y <a href=\"https:\/\/www.ufpe.br\/mdu\">Programa de Posgrado en Desarrollo Urbano (PPGMDU)<\/a>, Universidad Federal de Pernambuco (UFPE), Recife, Brasil.<\/p>\n<p><a href=\"https:\/\/ciesas.edu.mx\/\">Centro de Investigaciones y Estudios Superiores en Antropolog\u00eda Social (CIESAS)<\/a>, Ciudad de M\u00e9xico, M\u00e9xico.<\/p>\n<p><a href=\"https:\/\/www.flacso.edu.mx\/\">Facultad Latinoamericana de Ciencias Sociales (FLACSO)<\/a>, Ciudad de M\u00e9xico, M\u00e9xico.<\/p>\n<p><a href=\"https:\/\/www.centrogeo.org.mx\/\">Centro de Investigaci\u00f3n en Ciencias de Informaci\u00f3n Geoespacial (Centro Geo), Consejo Nacional de Humanidades, Ciencias y Tecnolog\u00edas (Conahcyt)<\/a>, Quer\u00e9taro, Quer\u00e9taro, M\u00e9xico.<\/p>\n<p><a href=\"https:\/\/www.uacm.edu.mx\/inicio\/planteles_y_sedes\/centro_historico\">Universidad Aut\u00f3noma de la Ciudad de M\u00e9xico (UACM)<\/a>, Ciudad de M\u00e9xico, M\u00e9xico.<\/p>\n<p><a href=\"https:\/\/www.ugto.mx\/campusleon\/dcsh\/\">Divisi\u00f3n de Ciencias Sociales y Humanidades (DCSH), Universidad de Guanajuato (UG)<\/a>, Campus Le\u00f3n, Guanajuato, M\u00e9xico.<\/p>\n<p><a href=\"https:\/\/www.umss.edu.bo\/\">Centro Agua y Red Agua y Suelo, Universidad Mayor de San Sim\u00f3n (UMSS)<\/a>, Cochabamba, Bolivia.<\/p>\n<p><a href=\"https:\/\/unr.edu.ar\/en\/\">Grupo de Estudios en Integraci\u00f3n y Cooperaci\u00f3n Regional en Am\u00e9rica Latina (GEICRAL), Facultad de Ciencia Pol\u00edtica y Relaciones Internacionales, Universidad Nacional de Rosario (UNR)<\/a>, Rosario, Santa Fe, Argentina.<\/p>\n<p><a href=\"https:\/\/www.ungs.edu.ar\/evento\/inscripcion-peu\">Programa de Estudios Urbanos, Instituto del Conurbano, Universidad Nacional de General Sarmiento (UNGS)<\/a>, Buenos Aires, Argentina.<\/p>\n<p><a href=\"http:\/\/www.ufcg.edu.br\/~ppgcs\/\">Programa de Posgrado en Ciencias Sociales (PPGCS), Universidad Federal de Campina Grande (UFCG)<\/a>, Campina Grande, Para\u00edba, Brasil.<\/p>\n<p><a href=\"https:\/\/sociales.uaz.edu.mx\/\">Unidad Acad\u00e9mica de Ciencias Sociales, Universidad Aut\u00f3noma de Zacatecas (UAZ)<\/a>, Zacatecas, Zacatecas M\u00e9xico.<\/p>\n<p><a href=\"https:\/\/cinara.univalle.edu.co\/\">Instituto de Investigaci\u00f3n y Desarrollo en Abastacimiento de Agua, Saneamiento Ambiental y Conservaci\u00f3n del Recurso H\u00eddrico (CINARA), Universidad del Valle (UNIVALLE)<\/a>, Cali, Colombia.<\/p>\n<hr \/>\n<p>Para solicitar informaci\u00f3n, por favor enviar un e-mail a la <a href=\"mailto:waterlat@newcastle.ac.uk\">Secretar\u00eda de la Red WATERLAT-GOBACIT<\/a>.<\/p>\n","protected":false},"excerpt":{"rendered":"<p>&nbsp; Sobre el Seminario El Seminario se basa en la experiencia de eventos organizados en 2023 y 2024 por la Red WATERLAT-GOBACIT para estimular la presentaci\u00f3n de resultados de investigaci\u00f3n enfatizando aspectos te\u00f3rico-conceptuales y metodol\u00f3gicos que orientan estudios en las distintas actividades de la Red. El Seminario esta estructurado en torno al \u00c1rea Tem\u00e1tica 1 [&hellip;]<\/p>\n","protected":false},"author":1,"featured_media":0,"parent":1826,"menu_order":0,"comment_status":"closed","ping_status":"closed","template":"","meta":{"footnotes":""},"class_list":["post-4346","page","type-page","status-publish","hentry"],"_links":{"self":[{"href":"https:\/\/roxpublicidade.com.br\/waterlat\/01\/wp-json\/wp\/v2\/pages\/4346","targetHints":{"allow":["GET"]}}],"collection":[{"href":"https:\/\/roxpublicidade.com.br\/waterlat\/01\/wp-json\/wp\/v2\/pages"}],"about":[{"href":"https:\/\/roxpublicidade.com.br\/waterlat\/01\/wp-json\/wp\/v2\/types\/page"}],"author":[{"embeddable":true,"href":"https:\/\/roxpublicidade.com.br\/waterlat\/01\/wp-json\/wp\/v2\/users\/1"}],"replies":[{"embeddable":true,"href":"https:\/\/roxpublicidade.com.br\/waterlat\/01\/wp-json\/wp\/v2\/comments?post=4346"}],"version-history":[{"count":1,"href":"https:\/\/roxpublicidade.com.br\/waterlat\/01\/wp-json\/wp\/v2\/pages\/4346\/revisions"}],"predecessor-version":[{"id":13398,"href":"https:\/\/roxpublicidade.com.br\/waterlat\/01\/wp-json\/wp\/v2\/pages\/4346\/revisions\/13398"}],"up":[{"embeddable":true,"href":"https:\/\/roxpublicidade.com.br\/waterlat\/01\/wp-json\/wp\/v2\/pages\/1826"}],"wp:attachment":[{"href":"https:\/\/roxpublicidade.com.br\/waterlat\/01\/wp-json\/wp\/v2\/media?parent=4346"}],"curies":[{"name":"wp","href":"https:\/\/api.w.org\/{rel}","templated":true}]}}