{"id":4282,"date":"2024-10-28T19:19:14","date_gmt":"2024-10-28T19:19:14","guid":{"rendered":"https:\/\/waterlat.org\/es\/?page_id=4282"},"modified":"2026-02-04T09:17:44","modified_gmt":"2026-02-04T12:17:44","slug":"concurso-de-cortometrajes-2025","status":"publish","type":"page","link":"https:\/\/roxpublicidade.com.br\/waterlat\/01\/es\/concurso-de-cortometrajes\/concurso-de-cortometrajes-2025\/","title":{"rendered":"Concurso de Cortometrajes 2025"},"content":{"rendered":"<h1>Resultados<\/h1>\n<p>El Concurso recibi\u00f3 9 videos de 5 passes: Argentina, Brasil, Colombia, Guatemala y M\u00e9xico. Todos los videos est\u00e1n disponibles al publico en la <a href=\"https:\/\/www.youtube.com\/playlist?list=PLx6qphzdSP6sfFrj0PhA0eAcb4-rhP7p3\">Lista de Reproducci\u00f3n del Concurso en nuestro Canal de YouTube (Click para abrir)<\/a>. Abajo presentamos los tres mejores videos y dos videos adicionales que recibieron menciones en reconocimiento a sus contribuciones a intereses y debates de la Red relevantes a los cuatro temas del Concurso.<\/p>\n<h2>Primer Lugar<\/h2>\n<p>&nbsp;<\/p>\n<h3>La Performance<\/h3>\n<p><iframe loading=\"lazy\" title=\"YouTube video player\" src=\"https:\/\/www.youtube.com\/embed\/u-IZxH1ptAw?si=3BNNkPnNszenVO6d\" width=\"560\" height=\"315\" frameborder=\"0\" allowfullscreen=\"allowfullscreen\"><\/iframe><\/p>\n<p><b>Colectivo Comunidad Tz&#8217;unun Ya&#8217;, San Pedro La Laguna, Solol\u00e1, Guatemala<\/b>.<\/p>\n<p>&nbsp;<\/p>\n<p>&nbsp;<\/p>\n<h2>Segundo Lugar<\/h2>\n<h3>Juego de territorio y gobernanza com\u00fan del agua en el Valle Inferior del R\u00edo Chubut<\/h3>\n<p><iframe loading=\"lazy\" title=\"YouTube video player\" src=\"https:\/\/www.youtube.com\/embed\/n3jZ4opCe10?si=-cdK-Ai3yrxxNw26\" width=\"560\" height=\"315\" frameborder=\"0\" allowfullscreen=\"allowfullscreen\"><\/iframe><\/p>\n<p><b>Franco Salvadores, Trelew, Chubut, Argentina<\/b>.<\/p>\n<p>&nbsp;<\/p>\n<h2>Tercer Lugar<\/h2>\n<p>&nbsp;<\/p>\n<h3>Identidad Anfibia y Lucha Colectiva por el Cuidado de la Laguna de Sonso<\/h3>\n<p><iframe loading=\"lazy\" title=\"YouTube video player\" src=\"https:\/\/www.youtube.com\/embed\/FBKk6K9ZRqA?si=PaujJ9uE4XswuGqy\" width=\"560\" height=\"315\" frameborder=\"0\" allowfullscreen=\"allowfullscreen\"><\/iframe><\/p>\n<p><b>Alex Mauricio Villegas Tabares, Cali, Colombia<\/b>.<\/p>\n<p>&nbsp;<\/p>\n<h1>Menciones<\/h1>\n<p>&nbsp;<\/p>\n<h2>Menci\u00f3n<\/h2>\n<h3>La Tierra del Agua<\/h3>\n<p><iframe loading=\"lazy\" title=\"YouTube video player\" src=\"https:\/\/www.youtube.com\/embed\/OeZ6DG34d_o?si=W4yhX2oCKrMKaQBL\" width=\"560\" height=\"315\" frameborder=\"0\" allowfullscreen=\"allowfullscreen\"><\/iframe><\/p>\n<p><b>Natali Ormazabal, el Chalt\u00e9n, Santa Cruz, Argentina<\/b>.<\/p>\n<h2>Menci\u00f3n<\/h2>\n<h3>Frente a El Zapotillo, los Pueblos permanecen<\/h3>\n<p><iframe loading=\"lazy\" title=\"YouTube video player\" src=\"https:\/\/www.youtube.com\/embed\/F3Q2MrBbtpA?si=Ufy08w3Nz3pmJQhC\" width=\"560\" height=\"315\" frameborder=\"0\" allowfullscreen=\"allowfullscreen\"><\/iframe><\/p>\n<p><b>David Flores Mag\u00f3n Guzm\u00e1n, Zapopan, M\u00e9xico<\/b>.<\/p>\n<p>&nbsp;<\/p>\n<hr \/>\n<p>Para mayores detalles o esclarecer dudas, enviar un mensaje electr\u00f3nico a la <a href=\"mailto:waterlat@newcastle.ac.uk\">Secretar\u00eda de de la Red<\/a>.<\/p>\n<p>&nbsp;<\/p>\n<p>Volver a la p\u00e1gina principal del Concurso<\/p>\n","protected":false},"excerpt":{"rendered":"<p>Resultados El Concurso recibi\u00f3 9 videos de 5 passes: Argentina, Brasil, Colombia, Guatemala y M\u00e9xico. Todos los videos est\u00e1n disponibles al publico en la Lista de Reproducci\u00f3n del Concurso en nuestro Canal de YouTube (Click para abrir). Abajo presentamos los tres mejores videos y dos videos adicionales que recibieron menciones en reconocimiento a sus contribuciones [&hellip;]<\/p>\n","protected":false},"author":1,"featured_media":0,"parent":2311,"menu_order":0,"comment_status":"closed","ping_status":"closed","template":"","meta":{"footnotes":""},"class_list":["post-4282","page","type-page","status-publish","hentry"],"_links":{"self":[{"href":"https:\/\/roxpublicidade.com.br\/waterlat\/01\/wp-json\/wp\/v2\/pages\/4282","targetHints":{"allow":["GET"]}}],"collection":[{"href":"https:\/\/roxpublicidade.com.br\/waterlat\/01\/wp-json\/wp\/v2\/pages"}],"about":[{"href":"https:\/\/roxpublicidade.com.br\/waterlat\/01\/wp-json\/wp\/v2\/types\/page"}],"author":[{"embeddable":true,"href":"https:\/\/roxpublicidade.com.br\/waterlat\/01\/wp-json\/wp\/v2\/users\/1"}],"replies":[{"embeddable":true,"href":"https:\/\/roxpublicidade.com.br\/waterlat\/01\/wp-json\/wp\/v2\/comments?post=4282"}],"version-history":[{"count":6,"href":"https:\/\/roxpublicidade.com.br\/waterlat\/01\/wp-json\/wp\/v2\/pages\/4282\/revisions"}],"predecessor-version":[{"id":13387,"href":"https:\/\/roxpublicidade.com.br\/waterlat\/01\/wp-json\/wp\/v2\/pages\/4282\/revisions\/13387"}],"up":[{"embeddable":true,"href":"https:\/\/roxpublicidade.com.br\/waterlat\/01\/wp-json\/wp\/v2\/pages\/2311"}],"wp:attachment":[{"href":"https:\/\/roxpublicidade.com.br\/waterlat\/01\/wp-json\/wp\/v2\/media?parent=4282"}],"curies":[{"name":"wp","href":"https:\/\/api.w.org\/{rel}","templated":true}]}}