{"id":4274,"date":"2024-09-11T21:21:27","date_gmt":"2024-09-11T21:21:27","guid":{"rendered":"https:\/\/waterlat.org\/es\/?page_id=4274"},"modified":"2024-09-11T21:21:27","modified_gmt":"2024-09-11T21:21:27","slug":"organizacion-agua-mexico","status":"publish","type":"page","link":"https:\/\/roxpublicidade.com.br\/waterlat\/01\/es\/publicaciones\/libros\/organizacion-agua-mexico\/","title":{"rendered":"Organizaci\u00f3n Social, Gesti\u00f3n y Defensa del  Agua en M\u00e9xico"},"content":{"rendered":"<p><a href=\"https:\/\/roxpublicidade.com.br\/waterlat\/01\/wp-content\/uploads\/2024\/09\/Tapa-Org-Social-del-agua.jpg\"><img loading=\"lazy\" decoding=\"async\" class=\"alignnone size-medium wp-image-1938\" src=\"https:\/\/roxpublicidade.com.br\/waterlat\/01\/wp-content\/uploads\/2024\/09\/Tapa-Org-Social-del-agua.jpg\" width=\"300\" height=\"138\" \/><\/a><\/p>\n<p>Antonio Rodr\u00edguez S\u00e1nchez (Coord.), <span style=\"text-decoration: underline;\"><b>Organizaci\u00f3n Social, Gesti\u00f3n y Defensa del Agua en M\u00e9xico<\/b><\/span>, Zacatecas, M\u00e9xico y Newcastle upon Tyne, Reino Unido:Editora de la Universidad Aut\u00f3noma de Zacatecas (UAZ) y Red WATERLAT-GOBACIT, 2024. ISBN: 978-607-555-206-4.DOI:10.5281\/zenodo.13750251.<br \/>\nEste libro procede de la primera fase  del proyecto de investigaci\u00f3n sobre el Sistema Unificado de Informaci\u00f3n sobre Agua y Cuencas de M\u00e9xico, con participaci\u00f3n de miembros mexicanos de la Red WATERLAT-GOBACIT y especialistas invitados. El libro es un  producto del <a href=\"https:\/\/roxpublicidade.com.br\/waterlat\/01\/es\/areas-tematicas\/at6\/\"><b> \u00c1rea Tem\u00e1tica 6 de la Red, Cuencas, Territorios y Espacios Hidrosociales<\/b><\/a>.<\/p>\n<p><i><a class=\"desar\" style=\"color: #9ad3f9;\" href=\"https:\/\/zenodo.org\/record\/13750251#invenio-csl\">Exportar la Cita<\/a><\/i><\/p>\n<h3>Bajar el libro<\/h3>\n<p><a class=\"dw_pdf-full\" href=\"https:\/\/zenodo.org\/record\/13750251#.XZJW5S2ZNQI\" target=\"_blank\" rel=\"noopener noreferrer\"><i class=\"fa fa-file-pdf-o\" aria-hidden=\"true\"><\/i> PDF <\/a><\/p>\n","protected":false},"excerpt":{"rendered":"<p>Antonio Rodr\u00edguez S\u00e1nchez (Coord.), Organizaci\u00f3n Social, Gesti\u00f3n y Defensa del Agua en M\u00e9xico, Zacatecas, M\u00e9xico y Newcastle upon Tyne, Reino Unido:Editora de la Universidad Aut\u00f3noma de Zacatecas (UAZ) y Red WATERLAT-GOBACIT, 2024. ISBN: 978-607-555-206-4.DOI:10.5281\/zenodo.13750251. Este libro procede de la primera fase del proyecto de investigaci\u00f3n sobre el Sistema Unificado de Informaci\u00f3n sobre Agua y Cuencas [&hellip;]<\/p>\n","protected":false},"author":1,"featured_media":0,"parent":12751,"menu_order":0,"comment_status":"closed","ping_status":"closed","template":"page-templates\/full-width.php","meta":{"footnotes":""},"class_list":["post-4274","page","type-page","status-publish","hentry"],"_links":{"self":[{"href":"https:\/\/roxpublicidade.com.br\/waterlat\/01\/wp-json\/wp\/v2\/pages\/4274","targetHints":{"allow":["GET"]}}],"collection":[{"href":"https:\/\/roxpublicidade.com.br\/waterlat\/01\/wp-json\/wp\/v2\/pages"}],"about":[{"href":"https:\/\/roxpublicidade.com.br\/waterlat\/01\/wp-json\/wp\/v2\/types\/page"}],"author":[{"embeddable":true,"href":"https:\/\/roxpublicidade.com.br\/waterlat\/01\/wp-json\/wp\/v2\/users\/1"}],"replies":[{"embeddable":true,"href":"https:\/\/roxpublicidade.com.br\/waterlat\/01\/wp-json\/wp\/v2\/comments?post=4274"}],"version-history":[{"count":0,"href":"https:\/\/roxpublicidade.com.br\/waterlat\/01\/wp-json\/wp\/v2\/pages\/4274\/revisions"}],"up":[{"embeddable":true,"href":"https:\/\/roxpublicidade.com.br\/waterlat\/01\/wp-json\/wp\/v2\/pages\/12751"}],"wp:attachment":[{"href":"https:\/\/roxpublicidade.com.br\/waterlat\/01\/wp-json\/wp\/v2\/media?parent=4274"}],"curies":[{"name":"wp","href":"https:\/\/api.w.org\/{rel}","templated":true}]}}