{"id":4252,"date":"2023-12-11T18:32:44","date_gmt":"2023-12-11T18:32:44","guid":{"rendered":"https:\/\/waterlat.org\/es\/?page_id=4252"},"modified":"2023-12-11T18:32:44","modified_gmt":"2023-12-11T18:32:44","slug":"pequenas-centrales-brasil","status":"publish","type":"page","link":"https:\/\/roxpublicidade.com.br\/waterlat\/01\/es\/publicaciones\/libros\/pequenas-centrales-brasil\/","title":{"rendered":"Peque\u00f1as Centrales Hidroel\u00e9ctricas en Brasil. Legislaci\u00f3n, Conflictos e impactos (en portugu\u00e9s)"},"content":{"rendered":"<p><a href=\"https:\/\/roxpublicidade.com.br\/waterlat\/01\/wp-content\/uploads\/2023\/12\/Cover-Ednilson-e-Simonne-scaled.jpg\"><img loading=\"lazy\" decoding=\"async\" class=\"alignnone size-medium wp-image-1938\" src=\"https:\/\/roxpublicidade.com.br\/waterlat\/01\/wp-content\/uploads\/2023\/12\/Cover-Ednilson-e-Simonne-scaled.jpg\" width=\"300\" height=\"138\" \/><\/a><\/p>\n<p>Ednilson Gomes y Simonne Texeira (Eds.), <span style=\"text-decoration: underline;\"><b>Peque\u00f1as Centrales Hidroel\u00e9ctricas en Brasil. Legislaci\u00f3n, Conflictos e impactos (en portugu\u00e9s)<\/b><\/span>, Campos dos Goytacazes, R\u00edo de Janeiro,Brasil, y Newcastle upon Tyne, Reino Unido: Editora de la Universidade Estadual do Norte Fluminense Darcy Ribeiro (UENF) y Red WATERLAT-GOBACIT, 2023.  ISBN: 978-65-87726-39-71. DOI:10.5281\/zenodo.10355194. <\/p>\n<p>Este libro es resultado de actividades desarrolladas por miembros de la Red WATERLAT-GOBACIT  y especialistas invitados de distintas regiones de Brasil, incluyendo la Amazonia. Estas actividades y el libro son um producto del <a href=\"https:\/\/roxpublicidade.com.br\/waterlat\/01\/es\/areas-tematicas\/at2\/\"><b>\u00c1rea Tem\u00e1tica 2 de la Red, Agua y Megaproyectos<\/b><\/a>.<\/p>\n<p><i><a href=\"https:\/\/zenodo.org\/record\/10355194#invenio-csl\" class=\"desar\" style=\"color:#9ad3f9;\">Exportar la  Cita<\/a><\/i><br \/>\n<\/br><br \/>\n&nbsp;<\/p>\n<h3>Bajar el Libro <\/h3>\n<p><a href=\"https:\/\/zenodo.org\/record\/10355194#.XZJW5S2ZNQI\" class=\"dw_pdf-full\" target=\"_blank\" rel=\"noopener noreferrer\"><i class=\"fa fa-file-pdf-o\" aria-hidden=\"true\" fa-3x><\/i> PDF <\/a><\/p>\n","protected":false},"excerpt":{"rendered":"<p>Ednilson Gomes y Simonne Texeira (Eds.), Peque\u00f1as Centrales Hidroel\u00e9ctricas en Brasil. Legislaci\u00f3n, Conflictos e impactos (en portugu\u00e9s), Campos dos Goytacazes, R\u00edo de Janeiro,Brasil, y Newcastle upon Tyne, Reino Unido: Editora de la Universidade Estadual do Norte Fluminense Darcy Ribeiro (UENF) y Red WATERLAT-GOBACIT, 2023. ISBN: 978-65-87726-39-71. DOI:10.5281\/zenodo.10355194. Este libro es resultado de actividades desarrolladas por [&hellip;]<\/p>\n","protected":false},"author":1,"featured_media":0,"parent":12751,"menu_order":0,"comment_status":"closed","ping_status":"closed","template":"page-templates\/full-width.php","meta":{"footnotes":""},"class_list":["post-4252","page","type-page","status-publish","hentry"],"_links":{"self":[{"href":"https:\/\/roxpublicidade.com.br\/waterlat\/01\/wp-json\/wp\/v2\/pages\/4252","targetHints":{"allow":["GET"]}}],"collection":[{"href":"https:\/\/roxpublicidade.com.br\/waterlat\/01\/wp-json\/wp\/v2\/pages"}],"about":[{"href":"https:\/\/roxpublicidade.com.br\/waterlat\/01\/wp-json\/wp\/v2\/types\/page"}],"author":[{"embeddable":true,"href":"https:\/\/roxpublicidade.com.br\/waterlat\/01\/wp-json\/wp\/v2\/users\/1"}],"replies":[{"embeddable":true,"href":"https:\/\/roxpublicidade.com.br\/waterlat\/01\/wp-json\/wp\/v2\/comments?post=4252"}],"version-history":[{"count":0,"href":"https:\/\/roxpublicidade.com.br\/waterlat\/01\/wp-json\/wp\/v2\/pages\/4252\/revisions"}],"up":[{"embeddable":true,"href":"https:\/\/roxpublicidade.com.br\/waterlat\/01\/wp-json\/wp\/v2\/pages\/12751"}],"wp:attachment":[{"href":"https:\/\/roxpublicidade.com.br\/waterlat\/01\/wp-json\/wp\/v2\/media?parent=4252"}],"curies":[{"name":"wp","href":"https:\/\/api.w.org\/{rel}","templated":true}]}}