{"id":4177,"date":"2023-05-26T14:22:11","date_gmt":"2023-05-26T14:22:11","guid":{"rendered":"https:\/\/waterlat.org\/es\/?page_id=4177"},"modified":"2023-05-26T14:22:11","modified_gmt":"2023-05-26T14:22:11","slug":"vol9-no-2","status":"publish","type":"page","link":"https:\/\/roxpublicidade.com.br\/waterlat\/01\/es\/working-papers-series-3\/volumen-9-2022\/vol9-no-2\/","title":{"rendered":"Vol9, No 2"},"content":{"rendered":"<style>\n.entry-content img, .comment-content img, .widget img, img.header-image, .author-avatar img, img.wp-post-image {\nbox-shadow: none;\n}\n.box {\n  width: 40%;\n  margin: 0 auto;\n  background: rgba(255,255,255,0.2);\n  padding: 35px;\n  border: 2px solid #fff;\n  border-radius: 20px\/50px;\n  background-clip: padding-box;\n  text-align: center;\n}<\/p>\n<p>.pl_issn{text-align: right;    margin-bottom: 25px !important;font-size: 14px;display: inline;float: right;}\n.overlay {\n  position: fixed;\n  top: 0;\n  bottom: 0;\n  left: 0;\n  right: 0;\n  background: rgba(0, 0, 0, 0.7);\n  transition: opacity 500ms;\n  visibility: hidden;\n  opacity: 0;\n}\n.overlay:target {\n  visibility: visible;\n  opacity: 1;\n}<\/p>\n<p>.popup {\n  margin: 70px auto;\n  padding: 20px;\n  background: #fff;\n  border-radius: 5px;\n  width: 30%;\n  position: relative;\n  transition: all 5s ease-in-out;\n}<\/p>\n<p>.popup h2 {\n  margin-top: 0;\n  color: #333;\n  font-family: Tahoma, Arial, sans-serif;\n}\n.popup .close {\n  position: absolute;\n  top: 20px;\n  right: 30px;\n  transition: all 200ms;\n  font-size: 30px;\n  font-weight: bold;\n  text-decoration: none;\n  color: #333;\n}\n.popup .close:hover {\n  color: rgb(0, 66, 126);\n}\n.popup .content {\n  max-height: 30%;\n  overflow: auto;\n}<\/p>\n<p>@media screen and (max-width: 700px){\n  .box{\n    width: 70%;\n  }\n  .popup{\n    width: 70%;\n  }\n}\n.entry-content p {\nline-height: normal;\nmargin: 0;\n}<\/p>\n<p>.wp_cuaderno {display: inline-block; background-color: #ededed; box-shadow: 0 4px 8px 0 rgba(0, 0, 0, 0.2), 0 6px 20px 0 rgba(0, 0, 0, 0.19); padding: 20px 50px;}\n.wp_portada {float:left;}\n.wp_info{margin-left: 170px;}\np.titulo{font-size:18px;}\n.wp_info.desc{width: 90%; margin: 5px 0px;}\n.wp_info p {margin-bottom:3px;}\n.wp_info.serie{width: 360px;}\n.wp_info a {margin-top:8px;}<\/p>\n<p>.wp_descargas{clear: both; padding-top: 3px;}<\/p>\n<p>.dw_pdf {\n        background-color: rgba(251, 116, 116, 0);\n    padding: 8px 9px;\n    color: #b52335;\n    text-decoration: none;\n    border: 2px #b52335 solid;\n    transition: 0.2s all;\n    border-radius: 4px;\n    font-weight: 600;}\n.dw_pdf:hover{background-color: #b52335; color:white;}\n.dw_pdf i {font-size:25px; vertical-align: bottom; margin-right: 3px;}<\/p>\n<p>.dw_pdf-full {\n        background-color: rgba(251, 116, 116, 0);\n    padding: 8px 51px;\n    color: #b52335;\n    text-decoration: none;\n    border: 2px #b52335 solid;\n    transition: 0.2s all;\n    border-radius: 4px;\n    font-weight: 600;}\n.dw_pdf-full:hover{background-color: #b52335; color:white;}\n.dw_pdf-full i {font-size:25px; vertical-align: bottom; margin-right: 3px;}<\/p>\n<p>.dw_epub {background-color: rgba(251, 116, 116, 0);\n    padding: 8px 6px;\n    color: #0964bd;\n    text-decoration: none;\n    border: 2px #0964bd solid;\n    transition: 0.2s all;\n    border-radius: 4px;\n    margin-left: 5px;\n    font-weight: 600;}\n.dw_epub:hover{background-color: #0964bd; color:white;}\n.dw_epub i {font-size:25px; vertical-align: bottom; margin-right: 3px;}<\/p>\n<p>.wp_sec-art{padding-left: 50px; padding-top: 10px;}\n.wp_articulo{padding-top:40px;}\n.wp_articulo.tituloar{font-size:17px;}\na.desar {text-decoration: none; float:left; margin-right: 20px;}<\/p>\n<\/style>\n<p><!-- CUADERNO !--><\/p>\n<p class=\"pl_issn\">ISSN: (Print)<b> 2056-4856<\/b><br \/>\nISSN: (Online) <b>2056-4864<\/b><\/p>\n<div class=\"wp_cuaderno\">\n<p><!-- PORTADA !--><\/p>\n<div class=\"wp_portada\"><img decoding=\"async\" src=\"https:\/\/roxpublicidade.com.br\/waterlat\/01\/wp-content\/uploads\/2023\/05\/Tapa-9.2.jpg\" width=\"158px \" \/><\/div>\n<p><!-- INFORMACION DERECHA !--><\/p>\n<div class=\"wp_info\">\n<p><!-- TITULO !--> <b><\/b><\/p>\n<p class=\"titulo\"><b>Vol. 9, No. 2<\/b><\/p>\n<p><!-- FECHA !--><\/p>\n<p>junio de 2022<\/p>\n<p><!-- AUTOR !--><\/p>\n<p>Jos\u00e9 Esteban Castro (Ed.)<\/p>\n<p><!-- DOI !--> <i><\/i><\/p>\n<p>DOI: 10.5281\/zenodo.7968066<\/p>\n<p><!-- DESCR !--> <b><\/b><\/p>\n<p class=\"desc\"><b>Transgresiones p\u00fablico-privadas en pol\u00edticas p\u00fablicas relacionadas con el agua y su impacto en espacios, territorios y cuencas hidrosociales. Lecciones de Argentina, Brasil y M\u00e9xico.<\/b> (en espa\u00f1ol y portugu\u00e9s)<\/p>\n<p><!-- SERIE   <i>\n\n\n<p class=\"serie\">??? (serie)<\/p>\n\n\n<\/i>!--><br \/>\n<!-- CITA !--> <i><a class=\"desar\" style=\"color: #9ad3f9;\" href=\"https:\/\/zenodo.org\/record\/7968066#invenio-csl\">Exportar Cita<\/a><\/i><\/p>\n<\/div>\n<p><!-- DESCARGAS !--><\/p>\n<div class=\"wp_descargas\"><!-- PDF LINK !--> <a class=\"dw_pdf-full\" href=\"https:\/\/zenodo.org\/record\/7968066\" target=\"_blank\" rel=\"noopener noreferrer\"><i class=\"fa fa-file-pdf-o\" aria-hidden=\"true\"><\/i>PDF<\/a><br \/>\n<!-- PDF LINK  <a href=\"#\" class=\"dw_pdf\"><i class=\"fa fa-file-pdf-o\" aria-hidden=\"true\" fa-3x><\/i>PDF<\/a>\nEPUB LINK  <a href=\"#\" class=\"dw_epub\"><i class=\"fa fa-file-text-o\" aria-hidden=\"true\"><\/i>EPUB<\/a>!--><\/div>\n<\/div>\n<p><!-- SECCION ARTICULOS !--><\/p>\n<div style=\"margin-top: 30px;\">\n<h3 style=\"margin-bottom: 5px;\">Art\u00edculos<\/h3>\n<hr style=\"margin: 0;\" \/>\n<p><!-- ARTICULOS !--><\/p>\n<div class=\"wp_sec-art\">\n <!-- ARTICULO INDIVIDUAL !--><\/p>\n<div class=\"wp_articulo\">\n        <!-- TITULO !-->  <b><\/p>\n<p class=\"tituloar\"> Estado, poder econ\u00f3mico y movilizaci\u00f3n ciudadana en la construcci\u00f3n de territorios hidrosociales en la regi\u00f3n de La Laguna, Estados de Durango y Coahuila, M\u00e9xico, p\u00e1gs. 5-28<\/p>\n<p><\/b><br \/>\n        <!-- AUTOR  !-->  <\/p>\n<p> Lourdes Romero Navarrete  <\/p>\n<p>        <!-- DOI    !-->  <\/p>\n<p style=\"float:left;\">DOI: <\/p>\n<p>10.5281\/zenodo.7968345<\/p>\n<p>        <!-- PDF LINK  !-->  <a class=\"desar\"  href=\"https:\/\/zenodo.org\/record\/7968345\"><b><\/p>\n<p style=\"color:#ff5e73;\">PDF<\/p>\n<p><\/b><\/a><br \/>\n        <!-- EPUB LINK   <a class=\"desar\"  href=\"#\"><b>\n\n<p style=\"color:#3e99f9;\">EPUB<\/p>\n\n<\/b><\/a>!--><br \/>\n        <!-- CITA LINK !-->  <a class=\"desar\"  href=\"https:\/\/zenodo.org\/record\/7968345#invenio-csl\"><\/p>\n<p style=\"color:#9ad3f9;\">Exportar Cita<\/p>\n<p><\/a>\n<\/div>\n<p><!-- ARTICULO INDIVIDUAL !--><\/p>\n<div class=\"wp_articulo\">\n        <!-- TITULO !-->  <b><\/p>\n<p class=\"tituloar\"> Dominio empresarial del agua en la regi\u00f3n centro de Zacatecas, M\u00e9xico. Redes hidrosociales y producci\u00f3n del espacio rural p\u00e1gs. 29-49<\/p>\n<p><\/b><br \/>\n        <!-- AUTOR  !-->  <\/p>\n<p> Antonio Rodr\u00edguez S\u00e1nchez  <\/p>\n<p>        <!-- DOI    !-->  <\/p>\n<p style=\"float:left;\">DOI: <\/p>\n<p>10.5281\/zenodo.7968394<\/p>\n<p>        <!-- PDF LINK  !-->  <a class=\"desar\"  href=\"https:\/\/zenodo.org\/record\/7968394\"><b><\/p>\n<p style=\"color:#ff5e73;\">PDF<\/p>\n<p><\/b><\/a><br \/>\n        <!-- EPUB LINK   <a class=\"desar\"  href=\"#\"><b>\n\n<p style=\"color:#3e99f9;\">EPUB<\/p>\n\n<\/b><\/a>!--><br \/>\n        <!-- CITA LINK !-->  <a class=\"desar\"  href=\"https:\/\/zenodo.org\/record\/7968394#invenio-csl\"><\/p>\n<p style=\"color:#9ad3f9;\">Exportar Cita<\/p>\n<p><\/a>\n<\/div>\n<p><!-- ARTICULO INDIVIDUAL !--><\/p>\n<div class=\"wp_articulo\">\n        <!-- TITULO !-->  <b><\/p>\n<p class=\"tituloar\"> El acceso al agua y la pol\u00edtica nacional de agua y saneamiento- alteraciones e implicaciones para los territorios hidrosociales del Estado de San Pablo, Brasil. p\u00e1gs. 80-104<\/p>\n<p><\/b><br \/>\n        <!-- AUTOR  !-->  <\/p>\n<p> Natalia Dias Tadeu, Ana Claudia Sanches Baptista, Estela Macedo<br \/>\nAlves e Izabela Penha de Oliveira Santos  <\/p>\n<p>        <!-- DOI    !-->  <\/p>\n<p style=\"float:left;\">DOI: <\/p>\n<p>10.5281\/zenodo.7968410<\/p>\n<p>        <!-- PDF LINK  !-->  <a class=\"desar\"  href=\"https:\/\/zenodo.org\/record\/7968410\"><b><\/p>\n<p style=\"color:#ff5e73;\">PDF<\/p>\n<p><\/b><\/a><br \/>\n        <!-- EPUB LINK   <a class=\"desar\"  href=\"#\"><b>\n\n<p style=\"color:#3e99f9;\">EPUB<\/p>\n\n<\/b><\/a>!--><br \/>\n        <!-- CITA LINK !-->  <a class=\"desar\"  href=\"https:\/\/zenodo.org\/record\/7968410#invenio-csl\"><\/p>\n<p style=\"color:#9ad3f9;\">Exportar Cita<\/p>\n<p><\/a>\n<\/div>\n<p><!-- ARTICULO INDIVIDUAL !--><\/p>\n<div class=\"wp_articulo\">\n        <!-- TITULO !-->  <b><\/p>\n<p class=\"tituloar\"> Revoluci\u00f3n azul y conquista de los piedemontes: hacia una gesti\u00f3n (des)integrada, aut\u00f3noma, privatista del agua en los oasis de la Provincia de Mendoza, Argentina. p\u00e1gs. 50-79<\/p>\n<p><\/b><br \/>\n        <!-- AUTOR  !-->  <\/p>\n<p> Robin Larsimont  <\/p>\n<p>        <!-- DOI    !-->  <\/p>\n<p style=\"float:left;\">DOI: <\/p>\n<p>10.5281\/zenodo.7968444<\/p>\n<p>        <!-- PDF LINK  !-->  <a class=\"desar\"  href=\"https:\/\/zenodo.org\/record\/7968444\"><b><\/p>\n<p style=\"color:#ff5e73;\">PDF<\/p>\n<p><\/b><\/a><br \/>\n        <!-- EPUB LINK   <a class=\"desar\"  href=\"#\"><b>\n\n<p style=\"color:#3e99f9;\">EPUB<\/p>\n\n<\/b><\/a>!--><br \/>\n        <!-- CITA LINK !-->  <a class=\"desar\"  href=\"https:\/\/zenodo.org\/record\/7968444#invenio-csl\"><\/p>\n<p style=\"color:#9ad3f9;\">Exportar Cita<\/p>\n<p><\/a>\n<\/div>\n<\/div>\n","protected":false},"excerpt":{"rendered":"<p>ISSN: (Print) 2056-4856 ISSN: (Online) 2056-4864 Vol. 9, No. 2 junio de 2022 Jos\u00e9 Esteban Castro (Ed.) DOI: 10.5281\/zenodo.7968066 Transgresiones p\u00fablico-privadas en pol\u00edticas p\u00fablicas relacionadas con el agua y su impacto en espacios, territorios y cuencas hidrosociales. Lecciones de Argentina, Brasil y M\u00e9xico. (en espa\u00f1ol y portugu\u00e9s) Exportar Cita PDF Art\u00edculos Estado, poder econ\u00f3mico y [&hellip;]<\/p>\n","protected":false},"author":1,"featured_media":0,"parent":4000,"menu_order":0,"comment_status":"closed","ping_status":"closed","template":"page-templates\/full-width.php","meta":{"footnotes":""},"class_list":["post-4177","page","type-page","status-publish","hentry"],"_links":{"self":[{"href":"https:\/\/roxpublicidade.com.br\/waterlat\/01\/wp-json\/wp\/v2\/pages\/4177","targetHints":{"allow":["GET"]}}],"collection":[{"href":"https:\/\/roxpublicidade.com.br\/waterlat\/01\/wp-json\/wp\/v2\/pages"}],"about":[{"href":"https:\/\/roxpublicidade.com.br\/waterlat\/01\/wp-json\/wp\/v2\/types\/page"}],"author":[{"embeddable":true,"href":"https:\/\/roxpublicidade.com.br\/waterlat\/01\/wp-json\/wp\/v2\/users\/1"}],"replies":[{"embeddable":true,"href":"https:\/\/roxpublicidade.com.br\/waterlat\/01\/wp-json\/wp\/v2\/comments?post=4177"}],"version-history":[{"count":0,"href":"https:\/\/roxpublicidade.com.br\/waterlat\/01\/wp-json\/wp\/v2\/pages\/4177\/revisions"}],"up":[{"embeddable":true,"href":"https:\/\/roxpublicidade.com.br\/waterlat\/01\/wp-json\/wp\/v2\/pages\/4000"}],"wp:attachment":[{"href":"https:\/\/roxpublicidade.com.br\/waterlat\/01\/wp-json\/wp\/v2\/media?parent=4177"}],"curies":[{"name":"wp","href":"https:\/\/api.w.org\/{rel}","templated":true}]}}