{"id":4127,"date":"2023-05-21T13:25:21","date_gmt":"2023-05-21T13:25:21","guid":{"rendered":"https:\/\/waterlat.org\/es\/?page_id=4127"},"modified":"2023-05-21T13:25:21","modified_gmt":"2023-05-21T13:25:21","slug":"libros-de-la-at1","status":"publish","type":"page","link":"https:\/\/roxpublicidade.com.br\/waterlat\/01\/es\/areas-tematicas-2\/at1\/libros-de-la-at1\/","title":{"rendered":"Libros de la AT1"},"content":{"rendered":"<p>Aqu\u00ed presentamos  libros producidos  por miembros del AT1 como parte de sus actividades como miembros de la Red  (no incluimos publicaciones que no corresponden a actividades de la Red.Estos libros reflejan  los intereses y rango tem\u00e1tico del AT1.<\/p>\n<h2><\/h2>\n<p><a href=\"https:\/\/roxpublicidade.com.br\/waterlat\/01\/wp-content\/uploads\/2020\/06\/TapaTerritorialidades.jpg\"><img loading=\"lazy\" decoding=\"async\" class=\"alignnone size-medium wp-image-3109\" src=\"https:\/\/roxpublicidade.com.br\/waterlat\/01\/wp-content\/uploads\/2020\/06\/TapaTerritorialidades.jpg\" alt=\"\" width=\"207\" height=\"300\" \/><\/a><\/p>\n<h2><\/h2>\n<p>Jos\u00e9 Esteban Castro, Gustavo Kohan, Alice Poma, y Carlos Ruggerio (Eds.), <a href=\"https:\/\/roxpublicidade.com.br\/waterlat\/01\/es\/publicaciones\/libros\/territorialidades-del-agua\/\"> Territorialidades del Agua. Conocimiento y acci\u00f3n para construir el futuro que queremos <\/a>. Co-publicado en Newcastle upon Tyne, Reino Unido, Buenos Aires, Argentina, Guadalajara, M\u00e9xico y Alcal\u00e1 de Henares, Espa\u00f1a, por la Red WATERLAT-GOBACIT (DOI: 10.5281\/zenodo.3948431), <a href=\"http:\/\/www.ciccus.org.ar\/\"> Ediciones CICCUS (ISBN de Argentina: 978-987-693-801-3 [E-book]<\/a>, <a href=\"https:\/\/www.iteso.mx\"> Instituto Tecnol\u00f3gico de Estudios Superiores de Occidente (ITESO)<\/a> e <a href=\"https:\/\/ielat.com\">Instituto Universitario de Investigaci\u00f3n en Estudios Latinoamericanos (IELAT), Universidad de Alcal\u00e1<\/a>, [2019] 2a ed., 2020.<\/p>\n<h2><\/h2>\n<p>&nbsp;<\/p>\n<p><a href=\"https:\/\/roxpublicidade.com.br\/waterlat\/01\/es\/areas-tematicas\/at1\/\">Volver a la Presentaci\u00f3n del AT1<\/a><\/p>\n","protected":false},"excerpt":{"rendered":"<p>Aqu\u00ed presentamos libros producidos por miembros del AT1 como parte de sus actividades como miembros de la Red (no incluimos publicaciones que no corresponden a actividades de la Red.Estos libros reflejan los intereses y rango tem\u00e1tico del AT1. Jos\u00e9 Esteban Castro, Gustavo Kohan, Alice Poma, y Carlos Ruggerio (Eds.), Territorialidades del Agua. Conocimiento y acci\u00f3n [&hellip;]<\/p>\n","protected":false},"author":1,"featured_media":0,"parent":1721,"menu_order":0,"comment_status":"closed","ping_status":"closed","template":"page-templates\/full-width.php","meta":{"footnotes":""},"class_list":["post-4127","page","type-page","status-publish","hentry"],"_links":{"self":[{"href":"https:\/\/roxpublicidade.com.br\/waterlat\/01\/wp-json\/wp\/v2\/pages\/4127","targetHints":{"allow":["GET"]}}],"collection":[{"href":"https:\/\/roxpublicidade.com.br\/waterlat\/01\/wp-json\/wp\/v2\/pages"}],"about":[{"href":"https:\/\/roxpublicidade.com.br\/waterlat\/01\/wp-json\/wp\/v2\/types\/page"}],"author":[{"embeddable":true,"href":"https:\/\/roxpublicidade.com.br\/waterlat\/01\/wp-json\/wp\/v2\/users\/1"}],"replies":[{"embeddable":true,"href":"https:\/\/roxpublicidade.com.br\/waterlat\/01\/wp-json\/wp\/v2\/comments?post=4127"}],"version-history":[{"count":0,"href":"https:\/\/roxpublicidade.com.br\/waterlat\/01\/wp-json\/wp\/v2\/pages\/4127\/revisions"}],"up":[{"embeddable":true,"href":"https:\/\/roxpublicidade.com.br\/waterlat\/01\/wp-json\/wp\/v2\/pages\/1721"}],"wp:attachment":[{"href":"https:\/\/roxpublicidade.com.br\/waterlat\/01\/wp-json\/wp\/v2\/media?parent=4127"}],"curies":[{"name":"wp","href":"https:\/\/api.w.org\/{rel}","templated":true}]}}