{"id":4068,"date":"2023-05-17T21:20:40","date_gmt":"2023-05-17T21:20:40","guid":{"rendered":"https:\/\/waterlat.org\/es\/?page_id=4068"},"modified":"2023-05-17T21:20:40","modified_gmt":"2023-05-17T21:20:40","slug":"libros-del-at3","status":"publish","type":"page","link":"https:\/\/roxpublicidade.com.br\/waterlat\/01\/es\/areas-tematicas-2\/at3\/libros-del-at3\/","title":{"rendered":"Libros del AT3"},"content":{"rendered":"<p>Aqu\u00ed presentamos libros producidos por miembros del AT3 como parte de sus actividades como miembros de la Red  (no incluimos publicaciones que no corresponden a actividades de la Red.Estos libros reflejan  los intereses y rango tem\u00e1tico del AT3.<\/p>\n<h2>Libros que son resultado del <a href=\"https:\/\/roxpublicidade.com.br\/waterlat\/01\/es\/premio-waterlat-para-estudiantes\/\">Premio para Estudiantes de la Red WATERLAT-GOBACIT<\/a>.<\/h2>\n<p>&nbsp;<br \/>\n&nbsp;<br \/>\n<a href=\"https:\/\/roxpublicidade.com.br\/waterlat\/01\/wp-content\/uploads\/2022\/06\/CoverPanez-scaled.jpg\"><img loading=\"lazy\" decoding=\"async\" class=\"alignnone size-medium wp-image-2744\" src=\"https:\/\/roxpublicidade.com.br\/waterlat\/01\/wp-content\/uploads\/2022\/06\/CoverPanez-scaled.jpg\" alt=\"\" width=\"207\" height=\"300\" \/><\/a><br \/>\nEste libro es un producto de la <a href=\"https:\/\/roxpublicidade.com.br\/waterlat\/01\/es\/premio-waterlat-para-estudiantes\/premio-2020\/\"> Edici\u00f3n 2020 del Premio de Estudiantes (Doctorado)<\/a> de la Red WATERLAT-GOBACIT.<\/p>\n<p>Alexander Panez Pinto, <a href=\"https:\/\/roxpublicidade.com.br\/waterlat\/01\/es\/publicaciones\/libros\/el-rio-recuperando-su-cauce-despojos-y-resistencias-en-los-conflictos-por-agua-tierra-territorio-bajo-el-neoliberalismo-en-chile\/\"> El R\u00edo Recuperando su Cauce. Despojos y resistencias en los conflictos por agua-tierra-territorio bajo el neoliberalismo en Chile. ISBN: 978-85-7879-690-7 (E-book). <\/a>DOI:10.5281\/zenodo.6647297.<br \/>\nCo-publicado enn Newcastle upon Tyne (UK), y Campina Grande, Para\u00edba, Brasil, por Red WATERLAT-GOBACIT y Editora da Universidade Estadual daPara\u00edba (EDUEPB),con participaci\u00f3n del Consejo Latinoamericano de Ciencias Sociales(CLACSO), 2022.<\/p>\n<h2><\/h2>\n<p><a href=\"https:\/\/roxpublicidade.com.br\/waterlat\/01\/wp-content\/uploads\/2020\/05\/Tapa-1.jpg\"><img loading=\"lazy\" decoding=\"async\" class=\"alignnone size-medium wp-image-2744\" src=\"https:\/\/roxpublicidade.com.br\/waterlat\/01\/wp-content\/uploads\/2020\/05\/Tapa-1.jpg\" alt=\"\" width=\"207\" height=\"300\" \/><\/a><\/p>\n<p>Este libro es un producto de la <a href=\"https:\/\/roxpublicidade.com.br\/waterlat\/01\/es\/premio-waterlat-para-estudiantes\/premio-2018\/\"> Edici\u00f3n 2018 del Premio de Estudiantes (Doctorado)<\/a> de la Red WATERLAT-GOBACIT.<\/p>\n<h2><\/h2>\n<p>Cindy McCulligh, <a href=\"https:\/\/roxpublicidade.com.br\/waterlat\/01\/es\/publicaciones\/libros\/alcantarilla-del-progreso\/\"> Alcantarilla del Progreso. Corporaciones, corrupci\u00f3n institucionalizada y la lucha por el r\u00edo Santiago <\/a>. ISBN: 978-987-864-564-3 (E-book). DOI: 10.5281\/zenodo.3948193. Co-publicado en Newcastle upon Tyne, Reino Unido, Campina Grande, Para\u00edba, Brasil, Buenos Aires, Argentina y Alcal\u00e1 de Henares, Espa\u00f1a, por la Red WATERLAT-GOBACIT, <a href=\"http:\/\/eduepb.uepb.edu.br\/\"> Editora da Universidade Estadual da Para\u00edba (EDUEPB) <\/a>, <a href=\"http:\/\/www.ciccus.org.ar\/\"> Ediciones CICCUS <\/a> e <a href=\"https:\/\/ielat.com\">Instituto Universitario de Investigaci\u00f3n en Estudios Latinoamericanos (IELAT), Universidad de Alcal\u00e1<\/a>, 2020.<\/p>\n<h2><\/h2>\n<p><a href=\"https:\/\/roxpublicidade.com.br\/waterlat\/01\/wp-content\/uploads\/2020\/12\/CoverBarranco-scaled.jpg\"><img loading=\"lazy\" decoding=\"async\" class=\"alignnone size-medium wp-image-2744\" src=\"https:\/\/roxpublicidade.com.br\/waterlat\/01\/wp-content\/uploads\/2020\/12\/CoverBarranco-scaled.jpg\" alt=\"\" width=\"207\" height=\"300\" \/><\/a><\/p>\n<h3><\/h3>\n<p>Este libro es un producto de la <a href=\"https:\/\/roxpublicidade.com.br\/waterlat\/01\/es\/premio-waterlat-para-estudiantes\/premio-2018\/\"> Edici\u00f3n 2018 del Premio de Estudiantes (Maestr\u00eda)<\/a> de la Red WATERLAT-GOBACIT.<\/p>\n<h2><\/h2>\n<p>Alma Rosa Barranco Salazar, <u> La Gesti\u00f3n Comunitaria del Agua. Un estudio a trav\u00e9s de las memorias, la organizaci\u00f3n social y los valores <\/u>. ISBN: 978-987-86-8052-1 (E-book). DOI: 10.5281\/zenodo.4408295.<\/p>\n<p>Co-publicado en Newcastle upon Tyne (UK), Campina Grande, Paraiba, Brazil, Buenos Aires, Argentina, and Alcala de Henares, Spain, by WATERLAT-GOBACIT Network y la Editora de , <a href=\"http:\/\/eduepb.uepb.edu.br\/\"> Universidade Estadual da Para\u00edba Press (EDUEPB)<\/a>, <a href=\"http:\/\/www.ciccus.org.ar\/\"> CICCUS Editions<\/a>, and <a href=\"https:\/\/ielat.com\">University Institute for Research on Latin America (IELAT), University of Alcal\u00e1<\/a>, 2020.<\/p>\n<h2><\/h2>\n<p><a href=\"https:\/\/roxpublicidade.com.br\/waterlat\/01\/wp-content\/uploads\/2018\/05\/TapaDiazSantos.jpg\"><img loading=\"lazy\" decoding=\"async\" class=\"alignnone size-medium wp-image-4846\" src=\"https:\/\/roxpublicidade.com.br\/waterlat\/01\/wp-content\/uploads\/2018\/05\/TapaDiazSantos-203x300.jpg\" alt=\"\" width=\"203\" height=\"300\" srcset=\"https:\/\/roxpublicidade.com.br\/waterlat\/01\/wp-content\/uploads\/2018\/05\/TapaDiazSantos-203x300.jpg 203w, https:\/\/roxpublicidade.com.br\/waterlat\/01\/wp-content\/uploads\/2018\/05\/TapaDiazSantos-693x1024.jpg 693w, https:\/\/roxpublicidade.com.br\/waterlat\/01\/wp-content\/uploads\/2018\/05\/TapaDiazSantos-768x1135.jpg 768w, https:\/\/roxpublicidade.com.br\/waterlat\/01\/wp-content\/uploads\/2018\/05\/TapaDiazSantos-1040x1536.jpg 1040w, https:\/\/roxpublicidade.com.br\/waterlat\/01\/wp-content\/uploads\/2018\/05\/TapaDiazSantos-1386x2048.jpg 1386w, https:\/\/roxpublicidade.com.br\/waterlat\/01\/wp-content\/uploads\/2018\/05\/TapaDiazSantos-scaled.jpg 1733w\" sizes=\"auto, (max-width: 203px) 100vw, 203px\" \/><\/a><\/p>\n<h2><\/h2>\n<p><strong>Este libro es un producto de la <a href=\"https:\/\/roxpublicidade.com.br\/waterlat\/01\/es\/premio-waterlat-para-estudiantes\/premio-waterlat-gobacit-2015\/\">Edici\u00f3n 2015 del Premio de Estudiantes (Maestr\u00eda)<\/a> de la Red WATERLAT-GOBACIT.<\/strong><\/p>\n<h2><\/h2>\n<p><span style=\"line-height: 1.714285714; font-size: 1rem;\">D\u00edaz Santos, Mar\u00eda Guadalupe,<\/span> <span style=\"text-decoration: underline;\"> Relaciones de Poder en la Gesti\u00f3n Comunitaria del Agua. El Territorio y lo Social como Fuerzas<\/span><span style=\"line-height: 1.714285714; font-size: 1rem;\">. ISBN (Impreso): 978-85-7879-390-6 (E-book): 978-85-7879-389-0. Campina Grande, Para\u00edba, Brasil:<\/span> <a href=\"https:\/\/roxpublicidade.com.br\/waterlat\/01\/es\/publicaciones\/libros\/relaciones-fuerzas\/\">Editora da Universidade Estadual da Para\u00edba (EDUEPB)<span style=\"line-height: 1.714285714; font-size: 1rem;\"> y Red WATERLAT-GOBACIT, 2018. DOI: 10.5281\/zenodo.3955038.<\/span><\/a><\/p>\n<h2><\/h2>\n<h2>Libros que son resultado de <a href=\"https:\/\/roxpublicidade.com.br\/waterlat\/01\/es\/proyectos\/\">Proyectos de Investigaci\u00f3n<\/a> colectivos realizados por miembros del AT3.<\/h2>\n<h2><\/h2>\n<p><a href=\"https:\/\/roxpublicidade.com.br\/waterlat\/01\/wp-content\/uploads\/2023\/03\/Cover-El-Derecho-al-Agua_BOOK.jpg\"><img loading=\"lazy\" decoding=\"async\" class=\"alignnone size-medium wp-image-2744\" src=\"https:\/\/roxpublicidade.com.br\/waterlat\/01\/wp-content\/uploads\/2023\/03\/Cover-El-Derecho-al-Agua_BOOK.jpg\" alt=\"\" width=\"207\" height=\"300\" \/><\/a><\/p>\n<h2><\/h2>\n<p>Jos\u00e9 Esteban Castro, L\u00e9o Heller, Mar\u00eda da Piedade Morais y Alex R. Caldera (Eds.),<br \/>\n<span style=\"text-decoration: underline;\"><a href=\"https:\/\/roxpublicidade.com.br\/waterlat\/01\/es\/publicaciones\/libros\/el-derecho-al-ag%E2%80%A6orica-y-empirica\/\"> El Derecho Humano al Agua como Pol\u00edtica P\u00fablica en Am\u00e9rica Latina.Una exploraci\u00f3n te\u00f3rica y emp\u00edrica. ISBN: 978-65-5635-048-6,<\/a> Brasilia, Newcastle upon Tyne, UK, y Le\u00f3n, Guanajuato, M\u00e9xico: Instituto de Investigaci\u00f3n Econ\u00f3mica Aplicada (IPEA), Red WATERLAT-GOBACIT y Universidad de Guanajuato, Le\u00f3n, Guanajuato, M\u00e9xico, 2023.Versi\u00f3n extendida del original publicado en portugu\u00e9s en 2015.<\/span><\/p>\n<h2><\/h2>\n<p><a href=\"https:\/\/roxpublicidade.com.br\/waterlat\/01\/es\/wp-content\/uploads\/sites\/2\/2013\/11\/Capa-O-Direito-\u00e0-\u00e1gua.jpg\"><img loading=\"lazy\" decoding=\"async\" class=\"alignnone size-medium wp-image-1382\" src=\"https:\/\/roxpublicidade.com.br\/waterlat\/01\/es\/wp-content\/uploads\/sites\/2\/2013\/11\/Capa-O-Direito-\u00e0-\u00e1gua-300x138.jpg\" alt=\"Capa - O Direito \u00e0 \u00e1gua\" width=\"300\" height=\"138\" \/><\/a><\/p>\n<h2><\/h2>\n<p><a href=\"https:\/\/roxpublicidade.com.br\/waterlat\/01\/es\/publicaciones\/libros\/libro-o-direito-a-agua\/\">Jos\u00e9 Esteban Castro, L\u00e9o Heller, y Mar\u00eda da Piedade Morais (Eds.),\u00a0El Derecho al Agua Como Pol\u00edtica P\u00fablica en Am\u00e9rica Latina: una Exploraci\u00f3n Te\u00f3rica y Emp\u00edrica\u00a0[en portugu\u00e9s], Brasilia: Instituto de Pesquisa Econ\u00f4mica Aplicada (IPEA) &#8211; Red WATERLAT-GOBACIT, 2015.<\/a> DOI: 10.5281\/zenodo.55852.<\/p>\n<h2><\/h2>\n<p>&nbsp;<\/p>\n<p><img loading=\"lazy\" decoding=\"async\" class=\"alignnone size-medium wp-image-168\" style=\"font-size: 1rem; line-height: 1;\" src=\"https:\/\/roxpublicidade.com.br\/waterlat\/01\/es\/wp-content\/uploads\/sites\/2\/2013\/11\/CastroHeller-300x201.jpg\" alt=\"Castro&amp;Heller\" width=\"300\" height=\"201\" \/><\/p>\n<h2><\/h2>\n<p><a href=\"https:\/\/roxpublicidade.com.br\/waterlat\/01\/es\/publicaciones\/libros\/livro-water-and-sanitation-services-public-policy-and-management\/\">Jos\u00e9 Esteban Castro y L\u00e9o Heller (eds.), Water and Sanitation Services: Public Policy and Management, Londres y Sterling, VA: Earthscan, 2009; Routledge, 2012<\/a>. DOI: 10.5281\/zenodo.55854.<\/p>\n<h2><\/h2>\n<p><a href=\"https:\/\/roxpublicidade.com.br\/waterlat\/01\/es\/wp-content\/uploads\/sites\/2\/2013\/11\/CAPA_PoliticasPublicasSaneamento_2013.jpg\"><img loading=\"lazy\" decoding=\"async\" class=\"alignnone size-medium wp-image-167\" src=\"https:\/\/roxpublicidade.com.br\/waterlat\/01\/es\/wp-content\/uploads\/sites\/2\/2013\/11\/CAPA_PoliticasPublicasSaneamento_2013-300x201.jpg\" alt=\"CAPA_PoliticasPublicasSaneamento_2013\" width=\"300\" height=\"201\" \/><\/a><\/p>\n<h2><\/h2>\n<p><a href=\"https:\/\/roxpublicidade.com.br\/waterlat\/01\/es\/publicaciones\/libros\/libro-politicas-publicas-e-gestao-de-servicos-de-saneamento\/\">L\u00e9o Heller y Jos\u00e9 Esteban Castro (Eds.),\u00a0Pol\u00edticas P\u00fablicas e Gest\u00e3o de Servi\u00e7os de Saneamento, Belo Horizonte y Rio de Janeiro:\u00a0Editora de la Universidade Federal de Minas Gerais (UFMG)\u00a0y\u00a0Editora Fiocruz, 2013.<\/a> DOI: 10.5281\/zenodo.55855.<\/p>\n<h2><\/h2>\n<p><a href=\"https:\/\/roxpublicidade.com.br\/waterlat\/01\/es\/at3\/\">Volver a la Presentaci\u00f3n del AT3<\/a><\/p>\n","protected":false},"excerpt":{"rendered":"<p>Aqu\u00ed presentamos libros producidos por miembros del AT3 como parte de sus actividades como miembros de la Red (no incluimos publicaciones que no corresponden a actividades de la Red.Estos libros reflejan los intereses y rango tem\u00e1tico del AT3. Libros que son resultado del Premio para Estudiantes de la Red WATERLAT-GOBACIT. &nbsp; &nbsp; Este libro es [&hellip;]<\/p>\n","protected":false},"author":1,"featured_media":0,"parent":1568,"menu_order":0,"comment_status":"closed","ping_status":"closed","template":"page-templates\/full-width.php","meta":{"footnotes":""},"class_list":["post-4068","page","type-page","status-publish","hentry"],"_links":{"self":[{"href":"https:\/\/roxpublicidade.com.br\/waterlat\/01\/wp-json\/wp\/v2\/pages\/4068","targetHints":{"allow":["GET"]}}],"collection":[{"href":"https:\/\/roxpublicidade.com.br\/waterlat\/01\/wp-json\/wp\/v2\/pages"}],"about":[{"href":"https:\/\/roxpublicidade.com.br\/waterlat\/01\/wp-json\/wp\/v2\/types\/page"}],"author":[{"embeddable":true,"href":"https:\/\/roxpublicidade.com.br\/waterlat\/01\/wp-json\/wp\/v2\/users\/1"}],"replies":[{"embeddable":true,"href":"https:\/\/roxpublicidade.com.br\/waterlat\/01\/wp-json\/wp\/v2\/comments?post=4068"}],"version-history":[{"count":0,"href":"https:\/\/roxpublicidade.com.br\/waterlat\/01\/wp-json\/wp\/v2\/pages\/4068\/revisions"}],"up":[{"embeddable":true,"href":"https:\/\/roxpublicidade.com.br\/waterlat\/01\/wp-json\/wp\/v2\/pages\/1568"}],"wp:attachment":[{"href":"https:\/\/roxpublicidade.com.br\/waterlat\/01\/wp-json\/wp\/v2\/media?parent=4068"}],"curies":[{"name":"wp","href":"https:\/\/api.w.org\/{rel}","templated":true}]}}