{"id":4060,"date":"2017-06-13T12:23:03","date_gmt":"2017-06-13T12:23:03","guid":{"rendered":"http:\/\/waterlat.org\/?page_id=4060"},"modified":"2025-12-11T11:48:39","modified_gmt":"2025-12-11T14:48:39","slug":"articles","status":"publish","type":"page","link":"https:\/\/roxpublicidade.com.br\/waterlat\/01\/publications\/articles\/","title":{"rendered":"Short articles (IPEA, Brazil)"},"content":{"rendered":"<p><a href=\"http:\/\/desafios.ipea.gov.br\/\">Desafios do Desenvolvimento<\/a>\u00a0(Challenges of Development), and the <a href=\"http:\/\/www.ipea.gov.br\/portal\/index.php?option=com_alphacontent&amp;view=alphacontent&amp;Itemid=368\">Boletim Regional, Urbano e Ambiental<\/a> (Regional, Urban, and Environmental Bulletin), periodicals of the Instituto de Pesquisa Econ\u00f4mica Aplicada (IPEA), Brasilia, Brazil, publish a series of short articles by WATERLAT-GOBACIT members.<\/p>\n<p>&nbsp;<\/p>\n<p><span style=\"text-decoration: underline;\">Published<\/span><\/p>\n<p>Nidia Pi\u00f1eyro, Adriana Sandoval Moreno, and Adriana Hern\u00e1ndez Garc\u00eda, <a href=\"http:\/\/www.ipea.gov.br\/desafios\/index.php?option=com_content&amp;view=article&amp;id=3298&amp;catid=29&amp;Itemid=34\">&#8220;Challenges facing fishing communities and the role of Latin American governments&#8221; (in Portuguese)<\/a>, Desafios do Desenvolvimento, Vol. 13, No 88, 2016, p. 57.<\/p>\n<p>Jos\u00e9 Esteban Castro, <a href=\"http:\/\/www.ipea.gov.br\/portal\/index.php?option=com_content&amp;view=article&amp;id=28494&amp;Itemid=7\">&#8220;The universal access to water is a matter of democracy&#8221; (in Portuguese)<\/a>, Boletim Regional, Urbano e Ambiental, Vol. 9, No 15, 2016, pp. 59-65.<\/p>\n<p>Andr\u00e9 Monteiro Costa, <a href=\"http:\/\/www.ipea.gov.br\/desafios\/index.php?option=com_content&amp;view=article&amp;id=3267&amp;catid=29&amp;Itemid=34\">&#8220;The social determination of microcephaly\/Zika&#8221;<\/a> (in Portuguese), Vol. 13, No 87, 2016.<\/p>\n<p>Deborah Trevizan (IPEA), <a href=\"http:\/\/www.ipea.gov.br\/desafios\/index.php?option=com_content&amp;view=article&amp;id=3172&amp;catid=28&amp;Itemid=39\">&#8220;The right to water faces challenges&#8221;<\/a> (in Portuguese), Vol. 12, No 84, 2015. Interview with the editors of the book <a href=\"http:\/\/www.ipea.gov.br\/portal\/index.php?option=com_content&amp;view=article&amp;id=25137&amp;Itemid=383O\">The Right to Water as Public Policy in Latin America: a Theoretical and Empirical Exploration (in Portuguese), Brasilia: Institute of Applied Economic Research (IPEA) \u2013 WATERLAT-GOBACIT Network, 2015<\/a>, Jos\u00e9 Esteban Castro, L\u00e9o Heller, and Maria da Piedade Morais (Eds.).<\/p>\n<p>Javier Gonzaga Valencia Hern\u00e1ndez, <a href=\"http:\/\/desafios.ipea.gov.br\/index.php?option=com_content&amp;view=article&amp;id=3187&amp;catid=29&amp;Itemid=34\">&#8220;O deslocamento for\u00e7ado de popula\u00e7\u00f5es causado por obras de hidrel\u00e9tricas na Am\u00e9rica Latina&#8221; (The forced displacement of human populations caused by hydroenergy projects in Latin America)<\/a>, Vol. 12, No 84, 2015.<\/p>\n<p>David Saur\u00ed, Laura Palau, and Maria Vall\u00e8s, <a href=\"http:\/\/desafios.ipea.gov.br\/index.php?option=com_content&amp;view=article&amp;id=3147&amp;catid=29&amp;Itemid=34\">&#8220;Novas estrat\u00e9gias locais na gest\u00e3o de recursos h\u00eddricos: li\u00e7\u00f5es do aproveitamento da \u00e1gua da chuva na aglomera\u00e7\u00e3o urbana de Barcelona&#8221; (New local strategies for water resources management: lessons from rainwater use in Barcelona)<\/a>, Vol. 12, No 83, 2015.<\/p>\n<p>Sylvain Merel, <a href=\"http:\/\/desafios.ipea.gov.br\/index.php?option=com_content&amp;view=article&amp;id=3078&amp;catid=29&amp;Itemid=34\">&#8220;Cianobact\u00e9rias, um risco \u00e0 vida&#8221; (Cyanobacteria, a risk to life)<\/a>, Vol. 11, No 81, 2014.<\/p>\n<p>Norma Valencio, <a href=\"http:\/\/desafios.ipea.gov.br\/index.php?option=com_content&amp;view=article&amp;id=3056&amp;catid=29&amp;Itemid=34\">&#8220;Desastres relacionados \u00e0 \u00e1gua e mudan\u00e7a de paradigma&#8221;<\/a> (Water-related disasters and paradigm change), Vol. 10, No 80, 2014.<\/p>\n<p>Leandro del Moral and Roc\u00edo Bustamante, <a href=\"http:\/\/desafios.ipea.gov.br\/index.php?option=com_content&amp;view=article&amp;id=3007:catid=28&amp;Itemid=23\">&#8220;Novos debates sobre as pol\u00edticas de escala e a \u00e1gua: bacias hidrogr\u00e1ficas, estados, regi\u00f5es e territ\u00f3rios&#8221;<\/a> (New debates over the politics of scale and water: water basins, states, regions and territories), Vol. 10, No 79, 2014.<\/p>\n<p>Anah\u00ed G\u00f3mez Fuentes and Alex Latta, <a href=\"http:\/\/desafios.ipea.gov.br\/index.php?option=com_content&amp;view=article&amp;id=2983:catid=28&amp;Itemid=23\"><span style=\"color: #0563c1;\">&#8220;\u00c1gua e Megaprojectos em Latinoam\u00e9rica&#8221;<\/span><\/a> (Water and megaprojects in Latin America), Vol. 10, No 78, 2013.<\/p>\n<p>Wagner Costa Ribeiro,\u00a0<a href=\"http:\/\/desafios.ipea.gov.br\/index.php?option=com_content&amp;view=article&amp;id=2948%3Acatid=28&amp;Itemid=23\">&#8220;Coopera\u00e7\u00e3o e conflito por \u00e1guas transfronteiri\u00e7as na Am\u00e9rica Latina&#8221;<\/a>(Cooperation and conflict over transboundary waters in Latin America), Vol. 10, No 77, October 2013.<\/p>\n<p>Jos\u00e9 Esteban Castro,\u00a0<a href=\"http:\/\/desafios.ipea.gov.br\/index.php?option=com_content&amp;view=article&amp;id=2834%3Acatid=28&amp;Itemid=23\">&#8220;A gest\u00e3o da \u00e1gua na Am\u00e9rica Latina&#8221;<\/a>\u00a0(Water management in Latin America), Vol. 9, No 74, October 2012.<\/p>\n<p>L\u00e9o Heller,\u00a0<a href=\"http:\/\/desafios.ipea.gov.br\/index.php?option=com_content&amp;view=article&amp;id=1039&amp;catid=29&amp;Itemid=34\">&#8220;A pesquisa em saneamento b\u00e1sico&#8221;<\/a>\u00a0(Research in basic sanitation), Vol. 6, No 53, August 2009.<\/p>\n<p>Jos\u00e9 Esteban Castro,\u00a0<a href=\"http:\/\/desafios.ipea.gov.br\/index.php?option=com_content&amp;view=article&amp;id=1030%3Acatid=28&amp;Itemid=23\">&#8220;Luta pela \u00e1gua na Am\u00e9rica Latina&#8221;<\/a>\u00a0(Water struggles in Latin America), Vol. 6, No 51, June 2009.<\/p>\n<p style=\"text-align: center;\">\n","protected":false},"excerpt":{"rendered":"<p>Desafios do Desenvolvimento\u00a0(Challenges of Development), and the Boletim Regional, Urbano e Ambiental (Regional, Urban, and Environmental Bulletin), periodicals of the Instituto de Pesquisa Econ\u00f4mica Aplicada (IPEA), Brasilia, Brazil, publish a series of short articles by WATERLAT-GOBACIT members. &nbsp; Published Nidia Pi\u00f1eyro, Adriana Sandoval Moreno, and Adriana Hern\u00e1ndez Garc\u00eda, &#8220;Challenges facing fishing communities and the role [&hellip;]<\/p>\n","protected":false},"author":1,"featured_media":0,"parent":13,"menu_order":0,"comment_status":"closed","ping_status":"closed","template":"","meta":{"footnotes":""},"class_list":["post-4060","page","type-page","status-publish","hentry"],"_links":{"self":[{"href":"https:\/\/roxpublicidade.com.br\/waterlat\/01\/wp-json\/wp\/v2\/pages\/4060","targetHints":{"allow":["GET"]}}],"collection":[{"href":"https:\/\/roxpublicidade.com.br\/waterlat\/01\/wp-json\/wp\/v2\/pages"}],"about":[{"href":"https:\/\/roxpublicidade.com.br\/waterlat\/01\/wp-json\/wp\/v2\/types\/page"}],"author":[{"embeddable":true,"href":"https:\/\/roxpublicidade.com.br\/waterlat\/01\/wp-json\/wp\/v2\/users\/1"}],"replies":[{"embeddable":true,"href":"https:\/\/roxpublicidade.com.br\/waterlat\/01\/wp-json\/wp\/v2\/comments?post=4060"}],"version-history":[{"count":1,"href":"https:\/\/roxpublicidade.com.br\/waterlat\/01\/wp-json\/wp\/v2\/pages\/4060\/revisions"}],"predecessor-version":[{"id":12991,"href":"https:\/\/roxpublicidade.com.br\/waterlat\/01\/wp-json\/wp\/v2\/pages\/4060\/revisions\/12991"}],"up":[{"embeddable":true,"href":"https:\/\/roxpublicidade.com.br\/waterlat\/01\/wp-json\/wp\/v2\/pages\/13"}],"wp:attachment":[{"href":"https:\/\/roxpublicidade.com.br\/waterlat\/01\/wp-json\/wp\/v2\/media?parent=4060"}],"curies":[{"name":"wp","href":"https:\/\/api.w.org\/{rel}","templated":true}]}}