{"id":4036,"date":"2023-05-08T20:47:58","date_gmt":"2023-05-08T20:47:58","guid":{"rendered":"https:\/\/waterlat.org\/es\/?page_id=4036"},"modified":"2023-05-08T20:47:58","modified_gmt":"2023-05-08T20:47:58","slug":"at9-agua-y-produccion","status":"publish","type":"page","link":"https:\/\/roxpublicidade.com.br\/waterlat\/01\/es\/areas-tematicas-2\/at9-agua-y-produccion\/","title":{"rendered":"AT9 &#8211; Agua y Producci\u00f3n"},"content":{"rendered":"<p>El AT9 contribuye a los <a href=\"https:\/\/roxpublicidade.com.br\/waterlat\/01\/es\/comienzo\/objetivos\/\">Objetivos<\/a> y <a href=\"https:\/\/roxpublicidade.com.br\/waterlat\/01\/es\/comienzo\/prioridades-de-investigacion\/\">Prioridades de Investigaci\u00f3n<\/a> de la Red WATERLAT-GOBACIT. Esta AT intenta complementar los muy necesarios an\u00e1lisis cr\u00edticos de los prevalecientes enfoques te\u00f3ricos y pr\u00e1cticos de la Pol\u00edtica y la gesti\u00f3n del agua que tienen impactos frecuentemente destructivos, colocando el \u00e9nfasis sobre cuestiones muy dif\u00edciles de abordar, relacionadas con la b\u00fasqueda de alternativas a las formas capitalistas dominantes de apropiaci\u00f3n y explotaci\u00f3n del agua orientadas por la prioridad otorgada a la acumulaci\u00f3n privada de riqueza, en desmedro de objetivos orientados socialmente, fundados en los principios de la igualdad, la inclusi\u00f3n, la solidaridad y el respeto a las necesidades y derechos trans espec\u00edficos y la preservaci\u00f3n de la vida.<\/p>\n<p>El AT9 invita a abordar preguntas acerca del papel crucial del agua en actividades productivas. Incluyendo la producci\u00f3n de alimentos, de energ\u00eda, o de servicios b\u00e1sicos esenciales y en el sustento de actividades como el transporte de bienes y personas o la provisi\u00f3n de oportunidades de ocio.<br \/>\nSi bien la mayor\u00eda de las \u00c1reas Tem\u00e1ticas de nuestra Red cubren muchos de estos aspectos, generalmente enfatizando fallas cr\u00edticas y denunciando injusticias y desigualdades estructurales relacionadas con estos procesos, el AT9 se propone explorar las condiciones, obst\u00e1culos y oportunidades que favorecen la emergencia, desarrollo y consolidaci\u00f3n de estrategias productivas alternativas basadas en actividades humanas relacionadas con el uso del agua.<br \/>\nEsta AT intenta ir m\u00e1s all\u00e1 de la cr\u00edtica, inevitable, del r\u00e9gimen socio ecol\u00f3gico dominante, que amenaza destruir la vida en el planeta, y busca contribuir con los numerosos esfuerzos que realizan actores sociales preocupados y comprometidos con luchas, en gran medida contra la corriente, para construir \u00f3rdenes socio ecol\u00f3gicos m\u00e1s humanos, universalistas,  responsables y justos.<\/p>\n<h2><a href=\"https:\/\/roxpublicidade.com.br\/waterlat\/01\/es\/libros-de-la-at9\/\">Libros de la AT9<\/a><\/h2>\n<p>&nbsp;<\/p>\n<h2><a href=\"https:\/\/roxpublicidade.com.br\/waterlat\/01\/es\/areas-tematicas\/at9-agua-y-produccion\/cuadernos-de-trabajo-de-la-at9\/\">Cuadernos de Trabajo de la AT9<\/a><\/h2>\n<hr \/>\n","protected":false},"excerpt":{"rendered":"<p>El AT9 contribuye a los Objetivos y Prioridades de Investigaci\u00f3n de la Red WATERLAT-GOBACIT. Esta AT intenta complementar los muy necesarios an\u00e1lisis cr\u00edticos de los prevalecientes enfoques te\u00f3ricos y pr\u00e1cticos de la Pol\u00edtica y la gesti\u00f3n del agua que tienen impactos frecuentemente destructivos, colocando el \u00e9nfasis sobre cuestiones muy dif\u00edciles de abordar, relacionadas con la [&hellip;]<\/p>\n","protected":false},"author":1,"featured_media":0,"parent":12747,"menu_order":0,"comment_status":"closed","ping_status":"closed","template":"page-templates\/full-width.php","meta":{"footnotes":""},"class_list":["post-4036","page","type-page","status-publish","hentry"],"_links":{"self":[{"href":"https:\/\/roxpublicidade.com.br\/waterlat\/01\/wp-json\/wp\/v2\/pages\/4036","targetHints":{"allow":["GET"]}}],"collection":[{"href":"https:\/\/roxpublicidade.com.br\/waterlat\/01\/wp-json\/wp\/v2\/pages"}],"about":[{"href":"https:\/\/roxpublicidade.com.br\/waterlat\/01\/wp-json\/wp\/v2\/types\/page"}],"author":[{"embeddable":true,"href":"https:\/\/roxpublicidade.com.br\/waterlat\/01\/wp-json\/wp\/v2\/users\/1"}],"replies":[{"embeddable":true,"href":"https:\/\/roxpublicidade.com.br\/waterlat\/01\/wp-json\/wp\/v2\/comments?post=4036"}],"version-history":[{"count":0,"href":"https:\/\/roxpublicidade.com.br\/waterlat\/01\/wp-json\/wp\/v2\/pages\/4036\/revisions"}],"up":[{"embeddable":true,"href":"https:\/\/roxpublicidade.com.br\/waterlat\/01\/wp-json\/wp\/v2\/pages\/12747"}],"wp:attachment":[{"href":"https:\/\/roxpublicidade.com.br\/waterlat\/01\/wp-json\/wp\/v2\/media?parent=4036"}],"curies":[{"name":"wp","href":"https:\/\/api.w.org\/{rel}","templated":true}]}}