{"id":4035,"date":"2023-05-08T21:56:54","date_gmt":"2023-05-08T21:56:54","guid":{"rendered":"https:\/\/waterlat.org\/es\/?page_id=4035"},"modified":"2023-05-08T21:56:54","modified_gmt":"2023-05-08T21:56:54","slug":"cuadernos-de-trabajo-de-la-at9","status":"publish","type":"page","link":"https:\/\/roxpublicidade.com.br\/waterlat\/01\/es\/areas-tematicas-2\/at9-agua-y-produccion\/cuadernos-de-trabajo-de-la-at9\/","title":{"rendered":"Cuadernos de Trabajo de la AT9"},"content":{"rendered":"<p>El AT9 tiene una Serie propia en los  <a href=\"https:\/\/roxpublicidade.com.br\/waterlat\/01\/es\/working-papers-series\/\">Cuadernos de Trabajo de la Red WATERLAT-GOBACIT<\/a>: Serie \u00c1reas Tem\u00e1ticas, AT9 Agua y  Producci\u00f3n.<br \/>\nEl AT ha publicado tambi\u00e9n n\u00fameros de los Cuadernos de Trabajo conjuntamente con otras \u00c1reas Tem\u00e1ticas, sobre temas de inter\u00e9s com\u00fan.<\/p>\n<h2><\/h2>\n<p><a href=\"https:\/\/roxpublicidade.com.br\/waterlat\/01\/wp-content\/uploads\/2019\/12\/CoverVol6No2.jpg\"><img loading=\"lazy\" decoding=\"async\" class=\"alignnone size-medium wp-image-2717\" src=\"https:\/\/roxpublicidade.com.br\/waterlat\/01\/wp-content\/uploads\/2019\/12\/CoverVol6No2.jpg\" alt=\"Tapa WPSATAM22\" width=\"212\" height=\"300\" \/><\/a>.<\/p>\n<h2><\/h2>\n<h2><\/h2>\n<p><b>Experiencias comunitarias en la gesti\u00f3n del agua: aportes desde la innovaci\u00f3n social, la ciencia participativa y el di\u00e1logo de saberes<\/b>.<br \/>\n N\u00famero conjunto con <a href=\"https:\/\/roxpublicidade.com.br\/waterlat\/01\/es\/areas-tematicas\/at3\/\">\u00c1rea Tem\u00e1tica3 AT3 &#8211; Ciclo Urbano del Agua y Servicios P\u00fablicos Esenciales<\/a>. Editado por Jaime Paneque-Galvez y Marcela Morales-Maga\u00f1a, con participaci\u00f3n de A. Moreyra y P. Walter.  <\/p>\n<h2><\/h2>\n<p>Vol 6 No 2, junio de 2019, N\u00famero conjunto con el  <a href=\"https:\/\/roxpublicidade.com.br\/waterlat\/01\/es\/areas-tematicas\/at3\/\">\u00c1rea Tem\u00e1tica 3   AT3 &#8211; Ciclo Urbano del Agua y Servicios P\u00fablicos Esenciales<\/a>.<br \/>\nEditado por  Jaime Paneque-Galvez y  Marcela Morales-Maga\u00f1a, con Alejandra Moreyra y Pablo Walter.<br \/>\n<a href=\"https:\/\/roxpublicidade.com.br\/waterlat\/01\/es\/working-papers-series\/volumen-6-2019\/vol-6-no-2\/\">Baje el n\u00famero aqu\u00ed<\/a>.<\/p>\n<h2><\/h2>\n<p><a href=\"https:\/\/roxpublicidade.com.br\/waterlat\/01\/wp-content\/uploads\/2022\/08\/vol-81-cover.jpg\"><img loading=\"lazy\" decoding=\"async\" class=\"alignnone size-medium wp-image-2717\" src=\"https:\/\/roxpublicidade.com.br\/waterlat\/01\/wp-content\/uploads\/2022\/08\/vol-81-cover.jpg\" alt=\"Tapa WPSATAM22\" width=\"212\" height=\"300\" \/><\/a>.<\/p>\n<h2><\/h2>\n<p><b>La Questi\u00f3n Agraria y el Agua en Brasil (2011-2018)<\/b> (en  portugu\u00e9s).<\/p>\n<p>Editado por  O. Aly Junior, G. da Silva Teixeira y T. J. Alves dos Santos Ramos en colaboraci\u00f3n con la Comisi\u00f3n Pastoral de la Tierra (CPT), la Conferencia Nacional Episcopal(CNBB), y la Asociaci\u00f3n Brasilera de la Reforma Agraria(ABRA), con apoyo de la Fundaci\u00f3n Friedrich-Ebert.<\/p>\n<h2><\/h2>\n<p>Vol 8 No 1, marzo de 2021, <a href=\"https:\/\/roxpublicidade.com.br\/waterlat\/01\/es\/working-papers-series\/volumen-8-2021\/vol-8-no-1\/\">Baje el n\u00famero aqu\u00ed<\/a>.<\/p>\n<h2><\/h2>\n<h2><\/h2>\n<p><a href=\"https:\/\/roxpublicidade.com.br\/waterlat\/01\/wp-content\/uploads\/2023\/05\/Tapa-9.2.jpg\"><img loading=\"lazy\" decoding=\"async\" class=\"alignnone size-medium wp-image-2717\" src=\"https:\/\/roxpublicidade.com.br\/waterlat\/01\/wp-content\/uploads\/2023\/05\/Tapa-9.2.jpg\" alt=\"Tapa WPSATAM22\" width=\"212\" height=\"300\" \/><\/a>.<\/p>\n<h2><\/h2>\n<p><b>Transgresiones p\u00fablico-privadas en pol\u00edticas p\u00fablicas relacionadas con el agua y su impacto en espacios, territorios y cuencas hidrosociales. Lecciones de Argentina, Brasil y M\u00e9xico<\/b>.(en espa\u00f1ol y portugu\u00e9s)<br \/>\nN\u00famero conjunto con <a href=\"https:\/\/roxpublicidade.com.br\/waterlat\/01\/es\/areas-tematicas\/at6\/\">\u00c1reaTem\u00e1tica 6 AT6 &#8211; Cuencas, Territorios y Espacios Hidrosociales<\/a>. Editado por J.E. Castro, con art\u00edculos de L. Romero Navarrete, A. Rodr\u00edguez S\u00e1nchez, N. Dias Tadeu, A. C. Sanches Baptista, I. Penha de Oliveira Santos, y R. Larsimont. <\/p>\n<h2><\/h2>\n<p>Vol. 9 No 2, junio de 2022. <a href=\"https:\/\/roxpublicidade.com.br\/waterlat\/01\/es\/working-papers-series\/volumen-9-2022\/vol9-no-2\/\">Baje el n\u00famero aqu\u00ed<\/a>.<\/p>\n<h2><\/h2>\n<h2><\/h2>\n<p><a href=\"https:\/\/roxpublicidade.com.br\/waterlat\/01\/es\/areas-tematicas\/at9-agua-y-produccion\/\">Retornar a la Presentaci\u00f3n del  AT9<\/a><\/p>\n","protected":false},"excerpt":{"rendered":"<p>El AT9 tiene una Serie propia en los Cuadernos de Trabajo de la Red WATERLAT-GOBACIT: Serie \u00c1reas Tem\u00e1ticas, AT9 Agua y Producci\u00f3n. El AT ha publicado tambi\u00e9n n\u00fameros de los Cuadernos de Trabajo conjuntamente con otras \u00c1reas Tem\u00e1ticas, sobre temas de inter\u00e9s com\u00fan. . Experiencias comunitarias en la gesti\u00f3n del agua: aportes desde la innovaci\u00f3n [&hellip;]<\/p>\n","protected":false},"author":1,"featured_media":0,"parent":4036,"menu_order":0,"comment_status":"closed","ping_status":"closed","template":"page-templates\/full-width.php","meta":{"footnotes":""},"class_list":["post-4035","page","type-page","status-publish","hentry"],"_links":{"self":[{"href":"https:\/\/roxpublicidade.com.br\/waterlat\/01\/wp-json\/wp\/v2\/pages\/4035","targetHints":{"allow":["GET"]}}],"collection":[{"href":"https:\/\/roxpublicidade.com.br\/waterlat\/01\/wp-json\/wp\/v2\/pages"}],"about":[{"href":"https:\/\/roxpublicidade.com.br\/waterlat\/01\/wp-json\/wp\/v2\/types\/page"}],"author":[{"embeddable":true,"href":"https:\/\/roxpublicidade.com.br\/waterlat\/01\/wp-json\/wp\/v2\/users\/1"}],"replies":[{"embeddable":true,"href":"https:\/\/roxpublicidade.com.br\/waterlat\/01\/wp-json\/wp\/v2\/comments?post=4035"}],"version-history":[{"count":0,"href":"https:\/\/roxpublicidade.com.br\/waterlat\/01\/wp-json\/wp\/v2\/pages\/4035\/revisions"}],"up":[{"embeddable":true,"href":"https:\/\/roxpublicidade.com.br\/waterlat\/01\/wp-json\/wp\/v2\/pages\/4036"}],"wp:attachment":[{"href":"https:\/\/roxpublicidade.com.br\/waterlat\/01\/wp-json\/wp\/v2\/media?parent=4035"}],"curies":[{"name":"wp","href":"https:\/\/api.w.org\/{rel}","templated":true}]}}