{"id":4010,"date":"2025-06-30T15:08:30","date_gmt":"2025-06-30T15:08:30","guid":{"rendered":"https:\/\/waterlat.org\/pt\/?page_id=4010"},"modified":"2025-06-30T15:08:30","modified_gmt":"2025-06-30T15:08:30","slug":"terceira-sessao-seminario-2025","status":"publish","type":"page","link":"https:\/\/roxpublicidade.com.br\/waterlat\/01\/pt\/ensino\/seminario-2025\/terceira-sessao-seminario-2025\/","title":{"rendered":"Terceira Sess\u00e3o  Semin\u00e1rio 2025"},"content":{"rendered":"<h2>Terceira Sess\u00e3o 7 de maio de 2025 (espanhol)<\/h2>\n<h3>Apresenta\u00e7\u00e3o do Semin\u00e1rio 2025<\/h3>\n<h3>Apresenta\u00e7\u00f5es de Estudantes<\/h3>\n<p>\u201cEl estudio del ciclo hidrosocial a trav\u00e9s de los \u00e1mbitos productivo-reproductivo, desaf\u00edos y reflexiones\u201d.<\/p>\n<p>Esther Aguilar Rom\u00e1n (M\u00e9xico)<br \/>\nDoctorado en Antropolog\u00eda Social, Centro de Investigaciones y Estudios Superiores en Antropolog\u00eda Social (CIESAS), Ciudad de M\u00e9xico, M\u00e9xico.<\/p>\n<p>\u201cMegaproyectos de infraestructuras f\u00edsicas regionales de transporte fluvial y sus impactos socioambientales desde una perspectiva multiescalar. El caso de la Hidrov\u00eda Paraguay-Paran\u00e1 (1995-2021)\u201d.<\/p>\n<p>Ariel Octavio Ocantos (Argentina) <\/p>\n<p>Doctorado en Ciencias Sociales \u2013 articulado con Maestr\u00eda en Pol\u00edticas Ambientales y Territoriales, Universidad de Buenos Aires, Argentina.<\/p>\n<p>\u201cFortalecimiento de la gesti\u00f3n del agua mediante un modelo ecotecnol\u00f3gico como estrategia para la adaptaci\u00f3n al cambio clim\u00e1tico\u201d.<\/p>\n<p>Blanca Yessica Sevilla Angulo (M\u00e9xico)<\/p>\n<p>Doctorado en Ciencia y Tecnolog\u00eda del Agua, Divisi\u00f3n de Ingenier\u00edas, Universidad de Guanajuato. Guanajuato, M\u00e9xico.<\/p>\n<h3><\/h3>\n<h3><\/h3>\n<h3>Coment\u00e1rios e discuss\u00e3o<\/h3>\n<h3><\/h3>\n<h3>Fechamento<\/h3>\n<h3><\/h3>\n<h3><a href=\"https:\/\/youtu.be\/G_9NiznS0d0\">Link ao V\u00eddeo do Semin\u00e1rio<\/a>.<\/h3>\n<h3><\/h3>\n<hr \/>\n<p>Para solicitar informa\u00e7\u00e3o por favor enviar un e-mail \u00e1 <a href=\"mailto:waterlat@newcastle.ac.uk\">Secretaria da Rede WATERLAT-GOBACIT<\/a>.<\/p>\n<p><a href=\"https:\/\/roxpublicidade.com.br\/waterlat\/01\/pt\/ensino\/seminario-2025\/\">Volver \u00e1 p\u00e1gina principal do Semin\u00e1rio Internacional 2025<\/a><\/p>\n","protected":false},"excerpt":{"rendered":"<p>Terceira Sess\u00e3o 7 de maio de 2025 (espanhol) Apresenta\u00e7\u00e3o do Semin\u00e1rio 2025 Apresenta\u00e7\u00f5es de Estudantes \u201cEl estudio del ciclo hidrosocial a trav\u00e9s de los \u00e1mbitos productivo-reproductivo, desaf\u00edos y reflexiones\u201d. Esther Aguilar Rom\u00e1n (M\u00e9xico) Doctorado en Antropolog\u00eda Social, Centro de Investigaciones y Estudios Superiores en Antropolog\u00eda Social (CIESAS), Ciudad de M\u00e9xico, M\u00e9xico. \u201cMegaproyectos de infraestructuras f\u00edsicas [&hellip;]<\/p>\n","protected":false},"author":1,"featured_media":0,"parent":3982,"menu_order":0,"comment_status":"closed","ping_status":"closed","template":"page-templates\/full-width.php","meta":{"footnotes":""},"class_list":["post-4010","page","type-page","status-publish","hentry"],"_links":{"self":[{"href":"https:\/\/roxpublicidade.com.br\/waterlat\/01\/wp-json\/wp\/v2\/pages\/4010","targetHints":{"allow":["GET"]}}],"collection":[{"href":"https:\/\/roxpublicidade.com.br\/waterlat\/01\/wp-json\/wp\/v2\/pages"}],"about":[{"href":"https:\/\/roxpublicidade.com.br\/waterlat\/01\/wp-json\/wp\/v2\/types\/page"}],"author":[{"embeddable":true,"href":"https:\/\/roxpublicidade.com.br\/waterlat\/01\/wp-json\/wp\/v2\/users\/1"}],"replies":[{"embeddable":true,"href":"https:\/\/roxpublicidade.com.br\/waterlat\/01\/wp-json\/wp\/v2\/comments?post=4010"}],"version-history":[{"count":0,"href":"https:\/\/roxpublicidade.com.br\/waterlat\/01\/wp-json\/wp\/v2\/pages\/4010\/revisions"}],"up":[{"embeddable":true,"href":"https:\/\/roxpublicidade.com.br\/waterlat\/01\/wp-json\/wp\/v2\/pages\/3982"}],"wp:attachment":[{"href":"https:\/\/roxpublicidade.com.br\/waterlat\/01\/wp-json\/wp\/v2\/media?parent=4010"}],"curies":[{"name":"wp","href":"https:\/\/api.w.org\/{rel}","templated":true}]}}