{"id":3982,"date":"2025-03-02T13:16:16","date_gmt":"2025-03-02T13:16:16","guid":{"rendered":"https:\/\/waterlat.org\/pt\/?page_id=3982"},"modified":"2025-03-02T13:16:16","modified_gmt":"2025-03-02T13:16:16","slug":"seminario-2025","status":"publish","type":"page","link":"https:\/\/roxpublicidade.com.br\/waterlat\/01\/pt\/ensino\/seminario-2025\/","title":{"rendered":"Semin\u00e1rio de P\u00f3s-gradua\u00e7\u00e3o Internacional-Interinstitucional 2025: Ecologia Pol\u00edtica da \u00c1gua em perspectiva inter e transdisciplinar"},"content":{"rendered":"<p><a href=\"https:\/\/roxpublicidade.com.br\/waterlat\/01\/wp-content\/uploads\/2025\/03\/Pt.jpg\"><img loading=\"lazy\" decoding=\"async\" src=\"https:\/\/roxpublicidade.com.br\/waterlat\/01\/pt\/wp-content\/uploads\/sites\/3\/2025\/03\/Pt-240x300.jpg\" alt=\"\" width=\"240\" height=\"300\" class=\"alignnone size-medium wp-image-3998\" srcset=\"https:\/\/roxpublicidade.com.br\/waterlat\/01\/wp-content\/uploads\/2025\/03\/Pt-240x300.jpg 240w, https:\/\/roxpublicidade.com.br\/waterlat\/01\/wp-content\/uploads\/2025\/03\/Pt-819x1024.jpg 819w, https:\/\/roxpublicidade.com.br\/waterlat\/01\/wp-content\/uploads\/2025\/03\/Pt-768x961.jpg 768w, https:\/\/roxpublicidade.com.br\/waterlat\/01\/wp-content\/uploads\/2025\/03\/Pt-1228x1536.jpg 1228w, https:\/\/roxpublicidade.com.br\/waterlat\/01\/wp-content\/uploads\/2025\/03\/Pt.jpg 1279w\" sizes=\"auto, (max-width: 240px) 100vw, 240px\" \/><\/a><\/p>\n<h2>Sobre o Semin\u00e1rio<\/h2>\n<p>O Semin\u00e1rio est\u00e1 baseado na experiencia de eventos realizados em 2023 e 2024 pela Rede WATERLAT-GOBACIT para estimular a apresenta\u00e7\u00e3o de resultados de pesquisa enfatizando aspectos te\u00f3rico-conceituais e metodol\u00f3gicos que orientam estudos nas diferentes atividades da Rede. O Semin\u00e1rio foi estruturado a partir da <a href=\"https:\/\/roxpublicidade.com.br\/waterlat\/01\/pt\/areas-tematicas\/at1\/\">\u00c1rea Tem\u00e1tica 1 \u2013X-disciplinaridade na Pesquisa e na A\u00e7\u00e3o<\/a>. A AT1 prov\u00ea um espa\u00e7o adequado para estimular a \u00eanfase em aspectos te\u00f3rico-conceituais e metodol\u00f3gicos que enquadram os estudos emp\u00edricos sobre os diversos temas cobertos pelas <a href=\"https:\/\/roxpublicidade.com.br\/waterlat\/01\/pt\/areas-tematicas\/\">10 \u00c1reas Tem\u00e1ticas de la Red<\/a>. Entre outros, estes temas incluem os impactos socio ecol\u00f3gicos das mega obras hidr\u00e1ulicas e os extrativismos agr\u00e1rio e minero-energ\u00e9tico, desigualdades e injusti\u00e7as relacionadas com a pol\u00edtica e a gest\u00e3o de servi\u00e7os p\u00fablicos essenciais baseados no uso da \u00e1gua em \u00e1reas urbanas e rurais, quest\u00f5es vinculadas \u00e1s \u00e1guas transfronteiri\u00e7as, as interrelaciones entre \u00e1gua e sa\u00fade, a constitui\u00e7\u00e3o e desenvolvimento de territorialidades emp\u00edricas e epist\u00e9micas vinculadas \u00e1 apropria\u00e7\u00e3o espa\u00e7o-temporal das \u00e1guas, as dimens\u00f5es art\u00edstica, cultural e educacional da pol\u00edtica e a gest\u00e3o da \u00e1gua, desastres socio ecol\u00f3gicos relacionados com a \u00e1gua, as contradi\u00e7\u00f5es e conflitos que caracterizam as inter-rela\u00e7\u00f5es entre o controle das \u00e1guas e diversas atividades produtivas, ou as viol\u00eancias sist\u00e9micas infligidas sobre as popula\u00e7\u00f5es humanas como resultado dos processos de expropria\u00e7\u00e3o, deslocamento, criminaliza\u00e7\u00e3o e repress\u00e3o que formam parte das viola\u00e7\u00f5es dos direitos essenciais conectados com o acesso e distribui\u00e7\u00e3o da \u00e1gua registrados globalmente.<\/p>\n<h3>Objetivos<\/h3>\n<p>Em correspond\u00eancia com o <a href=\"https:\/\/roxpublicidade.com.br\/waterlat\/01\/pt\/about\/enfoque\/\">Enfoque<\/a>, os <a href=\"https:\/\/roxpublicidade.com.br\/waterlat\/01\/pt\/about\/objetivos\/\">Objetivos<\/a> e as <a href=\"https:\/\/roxpublicidade.com.br\/waterlat\/01\/pt\/about\/prioridades\/\">Prioridades<\/a> da Rede, o Semin\u00e1rio se prop\u00f5e contribuir a que os estudantes possam se beneficiar do ambiente internacional e interinstitucional da Rede para apresentar seus trabalhos, receber reconhecimento e ter a oportunidade de entrar em contacto com professores e estudantes baseados em institui\u00e7\u00f5es acad\u00e9micas de outros pa\u00edses, que realizam pesquisas e outras atividades relevantes \u00e1 Ecologia Pol\u00edtica da \u00e1gua e ter oportunidades para estabelecer rela\u00e7\u00f5es potencialmente enriquecedoras para seu desenvolvimento intelectual, professional e pessoal.<\/p>\n<p>O Semin\u00e1rio prioriza apresenta\u00e7\u00f5es de estudantes de doutorado. Os participantes incluem estudantes que s\u00e3o membros da Rede, assim como estudantes convidados. Se espera que as apresenta\u00e7\u00f5es enfatizem aspectos te\u00f3rico-conceptuais e metodol\u00f3gicos de suas pesquisas. As sess\u00f5es ter\u00e3o a participa\u00e7\u00e3o construtiva de acad\u00e9micos que contribuir\u00e3o com coment\u00e1rios, sugest\u00f5es, e o estimulo de debates relevantes ao tema tratado.<\/p>\n<h3><\/h3>\n<h2>Sess\u00f5es do Semin\u00e1rio<\/h2>\n<p><a href=\"https:\/\/roxpublicidade.com.br\/waterlat\/01\/pt\/ensino\/seminario-2025\/sessao-de-abertura-seminario-2025\/\">Sess\u00e3o de Abertura, 6 de mar\u00e7o de 2025<\/a><\/p>\n<p><a href=\"https:\/\/roxpublicidade.com.br\/waterlat\/01\/pt\/ensino\/seminario-2025\/segunda-sessao-seminario-2025\/\"> Segunda Sess\u00e3o, 7 de abril de 2025<\/a><\/p>\n<p> <a href=\"https:\/\/roxpublicidade.com.br\/waterlat\/01\/pt\/ensino\/seminario-2025\/terceira-sessao-seminario-2025\/\"> Terceira Sess\u00e3o, 7 de maio de 2025<\/a><\/p>\n<p> <a href=\"https:\/\/roxpublicidade.com.br\/waterlat\/01\/pt\/ensino\/seminario-2025\/seminario-2025-quarta-sessao\/\"> Quarta Sess\u00e3o, 5 de junho de 2025<\/a><\/p>\n<h3><\/h3>\n<h2>Organiza\u00e7\u00e3o<\/h2>\n<p>O Semin\u00e1rio \u00e9 organizado pela Rede WATERLAT-GOBACIT, em colabora\u00e7\u00e3o com institui\u00e7\u00f5es acad\u00e9micas representadas por membros da Rede que comp\u00f5em a Equipe Organizadora:<\/p>\n<p><a href=\"https:\/\/www.ufpe.br\/cea\">Centro de Estudos Avan\u00e7ados (CEA)<\/a>, <a href=\"https:\/\/www.ufpe.br\/ppgs\">Programa de P\u00f3s-gradua\u00e7\u00e3o em Sociologia(PPGS)<\/a>, e <a href=\"https:\/\/www.ufpe.br\/mdu\">Programa de P\u00f3s-gradua\u00e7\u00e3o em Desenvolvimento Urbano (PPGMDU)<\/a>, Universidade Federal de Pernambuco (UFPE) Recife, Brasil.<\/p>\n<p><a href=\"https:\/\/ciesas.edu.mx\/\">Centro de Investigaciones y Estudios Superiores en Antropolog\u00eda Social (CIESAS)<\/a>, Cidade do M\u00e9xico, M\u00e9xico.<\/p>\n<p><a href=\"https:\/\/www.flacso.edu.mx\/\">Facultad Latinoamericana de Ciencias Sociales (FLACSO)<\/a>, Cidade do M\u00e9xico, M\u00e9xico.<\/p>\n<p><a href=\"https:\/\/www.centrogeo.org.mx\/\">Centro de Investigaci\u00f3n en Ciencias de Informaci\u00f3n Geoespacial (Centro Geo), Consejo Nacional de Humanidades, Ciencias y Tecnolog\u00edas (Conahcyt)<\/a>, Quer\u00e9taro, Quer\u00e9taro, M\u00e9xico.<\/p>\n<p><a href=\"https:\/\/www.uacm.edu.mx\/inicio\/planteles_y_sedes\/centro_historico\">Universidad Aut\u00f3noma de la Ciudad de M\u00e9xico (UACM)<\/a>, Cidade do M\u00e9xico, M\u00e9xico.<\/p>\n<p><a href=\"https:\/\/www.ugto.mx\/campusleon\/dcsh\/\">Divisi\u00f3n de Ciencias Sociales y Humanidades (DCSH), Universidad de Guanajuato (UG)<\/a>, Campus Le\u00f3n, Guanajuato, M\u00e9xico.<\/p>\n<p><a href=\"https:\/\/www.umss.edu.bo\/\">Centro Agua y Red Agua y Suelo, Universidad Mayor de San Sim\u00f3n (UMSS)<\/a>, Cochabamba, Bol\u00edvia.<\/p>\n<p><a href=\"https:\/\/unr.edu.ar\/en\/\">Grupo de Estudios en Integraci\u00f3n y Cooperaci\u00f3n Regional en Am\u00e9rica Latina (GEICRAL), Facultad de Ciencia Pol\u00edtica y Relaciones Internacionales, Universidad Nacional de Rosario (UNR)<\/a>, Rosario, Santa Fe, Argentina.<\/p>\n<p><a href=\"https:\/\/www.ungs.edu.ar\/evento\/inscripcion-peu\">Programa de Estudios Urbanos, Instituto del Conurbano, Universidad Nacional de General Sarmiento (UNGS)<\/a>, Buenos Aires, Argentina.<\/p>\n<p><a href=\"http:\/\/www.ufcg.edu.br\/~ppgcs\/\">Programa de P\u00f3s-gradua\u00e7\u00e3o em Ci\u00eancias Sociais (PPGCS), Universidade Federal de Campina Grande (UFCG)<\/a>, Campina Grande, Para\u00edba, Brasil.<\/p>\n<p><a href=\"https:\/\/sociales.uaz.edu.mx\/\">Unidad Acad\u00e9mica de Ciencias Sociales, Universidad Aut\u00f3noma de Zacatecas (UAZ)<\/a>, Zacatecas, Zacatecas M\u00e9xico.<\/p>\n<p>a href=&#8221;https:\/\/cinara.univalle.edu.co\/&#8221;>Instituto de Investigaci\u00f3n y Desarrollo en Abastacimiento de Agua, Saneamiento Ambiental y Conservaci\u00f3n del Recurso H\u00eddrico (CINARA), Universidad del Valle (UNIVALLE)<\/a>, Cali, Col\u00f4mbia.<\/p>\n<hr \/>\n<p>Para solicitar informa\u00e7\u00e3o, por favor enviar um e-mail \u00e0 <a href=\"mailto:waterlat@newcastle.ac.uk\">Secretaria da Rede WATERLAT-GOBACIT<\/a>.<\/p>\n","protected":false},"excerpt":{"rendered":"<p>Sobre o Semin\u00e1rio O Semin\u00e1rio est\u00e1 baseado na experiencia de eventos realizados em 2023 e 2024 pela Rede WATERLAT-GOBACIT para estimular a apresenta\u00e7\u00e3o de resultados de pesquisa enfatizando aspectos te\u00f3rico-conceituais e metodol\u00f3gicos que orientam estudos nas diferentes atividades da Rede. O Semin\u00e1rio foi estruturado a partir da \u00c1rea Tem\u00e1tica 1 \u2013X-disciplinaridade na Pesquisa e na [&hellip;]<\/p>\n","protected":false},"author":1,"featured_media":0,"parent":1607,"menu_order":0,"comment_status":"closed","ping_status":"closed","template":"page-templates\/full-width.php","meta":{"footnotes":""},"class_list":["post-3982","page","type-page","status-publish","hentry"],"_links":{"self":[{"href":"https:\/\/roxpublicidade.com.br\/waterlat\/01\/wp-json\/wp\/v2\/pages\/3982","targetHints":{"allow":["GET"]}}],"collection":[{"href":"https:\/\/roxpublicidade.com.br\/waterlat\/01\/wp-json\/wp\/v2\/pages"}],"about":[{"href":"https:\/\/roxpublicidade.com.br\/waterlat\/01\/wp-json\/wp\/v2\/types\/page"}],"author":[{"embeddable":true,"href":"https:\/\/roxpublicidade.com.br\/waterlat\/01\/wp-json\/wp\/v2\/users\/1"}],"replies":[{"embeddable":true,"href":"https:\/\/roxpublicidade.com.br\/waterlat\/01\/wp-json\/wp\/v2\/comments?post=3982"}],"version-history":[{"count":0,"href":"https:\/\/roxpublicidade.com.br\/waterlat\/01\/wp-json\/wp\/v2\/pages\/3982\/revisions"}],"up":[{"embeddable":true,"href":"https:\/\/roxpublicidade.com.br\/waterlat\/01\/wp-json\/wp\/v2\/pages\/1607"}],"wp:attachment":[{"href":"https:\/\/roxpublicidade.com.br\/waterlat\/01\/wp-json\/wp\/v2\/media?parent=3982"}],"curies":[{"name":"wp","href":"https:\/\/api.w.org\/{rel}","templated":true}]}}