{"id":3937,"date":"2024-10-28T19:10:06","date_gmt":"2024-10-28T19:10:06","guid":{"rendered":"https:\/\/waterlat.org\/pt\/?page_id=3937"},"modified":"2026-02-04T09:17:28","modified_gmt":"2026-02-04T12:17:28","slug":"competicao-de-curta-metragens-2025","status":"publish","type":"page","link":"https:\/\/roxpublicidade.com.br\/waterlat\/01\/pt\/competicao-de-curta-metragens\/competicao-de-curta-metragens-2025\/","title":{"rendered":"Competi\u00e7\u00e3o de Curta-metragens 2025"},"content":{"rendered":"<h1>Resultados<\/h1>\n<p>A Competi\u00e7\u00e3o recebeu 9 v\u00eddeos de 5 pa\u00edses: Argentina, Brasil, Col\u00f4mbia, Guatemala e M\u00e9xico. Todos os v\u00eddeos est\u00e3o dispon\u00edveis ao p \u00fablico na <a href=\"https:\/\/www.youtube.com\/playlist?list=PLx6qphzdSP6sfFrj0PhA0eAcb4-rhP7p3\">Lista de Reprodu\u00e7\u00e3o da Competi\u00e7\u00e3o em nosso Canal de YouTube (Click para abrir)<\/a>. Abaixo apresentamos os tr\u00eas melhores v\u00eddeos e dois v\u00eddeos adicionais que receberam men\u00e7\u00f5es em reconhecimento a suas contribui\u00e7\u00f5es \u00e0 interesses e debates da Rede relevantes aos quatro temas da Competi\u00e7\u00e3o.<\/p>\n<h2>Primeiro Lugar<\/h2>\n<p>&nbsp;<\/p>\n<h3>La Performance<\/h3>\n<p><iframe loading=\"lazy\" title=\"YouTube video player\" src=\"https:\/\/www.youtube.com\/embed\/u-IZxH1ptAw?si=3BNNkPnNszenVO6d\" width=\"560\" height=\"315\" frameborder=\"0\" allowfullscreen=\"allowfullscreen\"><\/iframe><\/p>\n<p><b>Colectivo Comunidad Tz&#8217;unun Ya&#8217;, San Pedro La Laguna, Solol\u00e1, Guatemala<\/b>.<\/p>\n<p>&nbsp;<\/p>\n<p>&nbsp;<\/p>\n<h2>Segundo Lugar<\/h2>\n<p>&nbsp;<\/p>\n<h3>Juego de territorio y gobernanza com\u00fan del agua en el Valle Inferior del R\u00edo Chubut<\/h3>\n<p><iframe loading=\"lazy\" title=\"YouTube video player\" src=\"https:\/\/www.youtube.com\/embed\/n3jZ4opCe10?si=-cdK-Ai3yrxxNw26\" width=\"560\" height=\"315\" frameborder=\"0\" allowfullscreen=\"allowfullscreen\"><\/iframe><\/p>\n<p><b>Franco Salvadores, Trelew, Chubut, Argentina<\/b>.<\/p>\n<p>&nbsp;<\/p>\n<h2>Terceiro Lugar<\/h2>\n<p>&nbsp;<\/p>\n<h3>Identidad Anfibia y Lucha Colectiva por el Cuidado de la Laguna de Sonso<\/h3>\n<p><iframe loading=\"lazy\" title=\"YouTube video player\" src=\"https:\/\/www.youtube.com\/embed\/FBKk6K9ZRqA?si=PaujJ9uE4XswuGqy\" width=\"560\" height=\"315\" frameborder=\"0\" allowfullscreen=\"allowfullscreen\"><\/iframe><\/p>\n<p><b>Alex Mauricio Villegas Tabares, Cali, Colombia<\/b>.<\/p>\n<p>&nbsp;<\/p>\n<h1>Men\u00e7\u00f5es<\/h1>\n<p>&nbsp;<\/p>\n<h2>Men\u00e7\u00e3o<\/h2>\n<h3>La Tierra del Agua<\/h3>\n<p><iframe loading=\"lazy\" title=\"YouTube video player\" src=\"https:\/\/www.youtube.com\/embed\/OeZ6DG34d_o?si=W4yhX2oCKrMKaQBL\" width=\"560\" height=\"315\" frameborder=\"0\" allowfullscreen=\"allowfullscreen\"><\/iframe><\/p>\n<p><b>Natali Ormazabal, el Chalt\u00e9n, Santa Cruz, Argentina<\/b>.<\/p>\n<h2>Men\u00e7\u00e3o<\/h2>\n<h3>Frente a El Zapotillo, los Pueblos permanecen<\/h3>\n<p><iframe loading=\"lazy\" title=\"YouTube video player\" src=\"https:\/\/www.youtube.com\/embed\/F3Q2MrBbtpA?si=Ufy08w3Nz3pmJQhC\" width=\"560\" height=\"315\" frameborder=\"0\" allowfullscreen=\"allowfullscreen\"><\/iframe><\/p>\n<p><b>David Flores Mag\u00f3n Guzm\u00e1n, Zapopan, M\u00e9xico<\/b>.<\/p>\n<hr \/>\n<p>Para maiores informa\u00e7\u00f5es ou para esclarecer as d\u00favidas, envie uma mensagem eletr\u00f4nica para a <a href=\"mailto:waterlat@newcastle.ac.uk\"> Secretaria da Rede WATERLAT-GOBACIT <\/a>.<\/p>\n<p><a href=\"https:\/\/roxpublicidade.com.br\/waterlat\/01\/pt\/competicao-de-curta-metragens\/\">Voltar \u00e0 pagina principal da Competi\u00e7\u00e3o <\/a><\/p>\n","protected":false},"excerpt":{"rendered":"<p>Resultados A Competi\u00e7\u00e3o recebeu 9 v\u00eddeos de 5 pa\u00edses: Argentina, Brasil, Col\u00f4mbia, Guatemala e M\u00e9xico. Todos os v\u00eddeos est\u00e3o dispon\u00edveis ao p \u00fablico na Lista de Reprodu\u00e7\u00e3o da Competi\u00e7\u00e3o em nosso Canal de YouTube (Click para abrir). Abaixo apresentamos os tr\u00eas melhores v\u00eddeos e dois v\u00eddeos adicionais que receberam men\u00e7\u00f5es em reconhecimento a suas contribui\u00e7\u00f5es [&hellip;]<\/p>\n","protected":false},"author":1,"featured_media":0,"parent":2019,"menu_order":0,"comment_status":"closed","ping_status":"closed","template":"","meta":{"footnotes":""},"class_list":["post-3937","page","type-page","status-publish","hentry"],"_links":{"self":[{"href":"https:\/\/roxpublicidade.com.br\/waterlat\/01\/wp-json\/wp\/v2\/pages\/3937","targetHints":{"allow":["GET"]}}],"collection":[{"href":"https:\/\/roxpublicidade.com.br\/waterlat\/01\/wp-json\/wp\/v2\/pages"}],"about":[{"href":"https:\/\/roxpublicidade.com.br\/waterlat\/01\/wp-json\/wp\/v2\/types\/page"}],"author":[{"embeddable":true,"href":"https:\/\/roxpublicidade.com.br\/waterlat\/01\/wp-json\/wp\/v2\/users\/1"}],"replies":[{"embeddable":true,"href":"https:\/\/roxpublicidade.com.br\/waterlat\/01\/wp-json\/wp\/v2\/comments?post=3937"}],"version-history":[{"count":7,"href":"https:\/\/roxpublicidade.com.br\/waterlat\/01\/wp-json\/wp\/v2\/pages\/3937\/revisions"}],"predecessor-version":[{"id":13386,"href":"https:\/\/roxpublicidade.com.br\/waterlat\/01\/wp-json\/wp\/v2\/pages\/3937\/revisions\/13386"}],"up":[{"embeddable":true,"href":"https:\/\/roxpublicidade.com.br\/waterlat\/01\/wp-json\/wp\/v2\/pages\/2019"}],"wp:attachment":[{"href":"https:\/\/roxpublicidade.com.br\/waterlat\/01\/wp-json\/wp\/v2\/media?parent=3937"}],"curies":[{"name":"wp","href":"https:\/\/api.w.org\/{rel}","templated":true}]}}