{"id":3785,"date":"2022-06-16T19:44:17","date_gmt":"2022-06-16T19:44:17","guid":{"rendered":"https:\/\/waterlat.org\/es\/?page_id=3785"},"modified":"2022-06-16T19:44:17","modified_gmt":"2022-06-16T19:44:17","slug":"el-rio-recuperando-su-cauce-despojos-y-resistencias-en-los-conflictos-por-agua-tierra-territorio-bajo-el-neoliberalismo-en-chile","status":"publish","type":"page","link":"https:\/\/roxpublicidade.com.br\/waterlat\/01\/es\/publicaciones\/libros\/el-rio-recuperando-su-cauce-despojos-y-resistencias-en-los-conflictos-por-agua-tierra-territorio-bajo-el-neoliberalismo-en-chile\/","title":{"rendered":"El R\u00edo Recuperando su Cauce. Despojos y resistencias en los conflictos por agua-tierra-territorio bajo el neoliberalismo en Chile"},"content":{"rendered":"<style>\n.dw_pdf-full {<br \/>    background-color: rgba(251, 116, 116, 0);<br \/>    padding: 8px 20px;<br \/>    color: #b52335;<br \/>    text-decoration: none;<br \/>    border: 2px #b52335 solid;<br \/>    transition: 0.2s all;<br \/>    border-radius: 4px;<br \/>    font-weight: 600;<br \/>margin:0px 5px;}<br \/>.dw_pdf-full:hover{background-color: #b52335; color:white;}<br \/>.dw_pdf-full i {font-size:25px; vertical-align: bottom; margin-right: 3px;}<br \/><\/style>\n<p><a href=\"https:\/\/roxpublicidade.com.br\/waterlat\/01\/wp-content\/uploads\/2022\/06\/CoverPanez-scaled.jpg\"><img loading=\"lazy\" decoding=\"async\" class=\"alignnone size-medium wp-image-2744\" src=\"https:\/\/roxpublicidade.com.br\/waterlat\/01\/wp-content\/uploads\/2022\/06\/CoverPanez-scaled.jpg\" alt=\"\" width=\"207\" height=\"300\" \/><\/a><\/p>\n<p>Alexander  Panez Pinto, <u> El R\u00edo Recuperando su Cauce.<br \/>\nDespojos y resistencias en los conflictos por agua-tierra-territorio bajo el neoliberalismo en Chile.<\/u> (ISBN: 978-85-7879-690-7 (E-book). DOI: 10.5281\/zenodo.6647297.<\/p>\n<p>Co-publicado enn Newcastle upon Tyne (UK), y Campina Grande, Para\u00edba, Brasil, por RedWATERLAT-GOBACIT y <a href=\"http:\/\/eduepb.uepb.edu.br\/\"> Editora da Universidade Estadual daPara\u00edba (EDUEPB)<\/a>,con participaci\u00f3n del Consejo Latinoamericano de Ciencias Sociales(CLACSO), 2022.<\/p>\n<p><i><a class=\"desar\" style=\"color: #9ad3f9;\" href=\"https:\/\/zenodo.org\/record\/6647297#invenio-csl\">Exportar la Cita<\/a><\/i><\/p>\n<p>Este libro es resultado de la Edici\u00f3n 2020 del <a href=\"https:\/\/roxpublicidade.com.br\/waterlat\/01\/es\/premio-waterlat-para-estudiantes\/\"> Premio para Estudiantes (doctorado) de la Red WATERLAT-GOBACIT). <\/a><\/p>\n<p>&nbsp;<\/p>\n<h3>Bajar el libroaqu\u00ed<\/h3>\n<p><a href=\"https:\/\/zenodo.org\/record\/6647297\/files\/Panez%20Zenodob.pdf?download=1\" target=\"https:\/\/zenodo.org\/record\/6647297\/files\/Panez%20Zenodob.pdf?download=1\" rel=\"noopener\"> PDF <\/a><\/p>\n<h3>presentaciones del libro<\/h3>\n<p>El r\u00edo recuperando su cauce.<br \/>\nDespojos y resistencias en los conflictos por agua-tierra-territorio bajo el neoliberalismo en Chile, Podcast 29, Serie Voces por el Agua, Alex Caldera y Jos\u00e9 Esteban Castro, con el autor del libro, Alexander Panez Pinto,<\/p>\n<p><b> Escuchar: <\/b><br \/>\n<iframe loading=\"lazy\" src=\"https:\/\/archive.org\/embed\/voces-por-el-agua-29\" width=\"500\" height=\"30\" frameborder=\"0\" allowfullscreen=\"allowfullscreen\"><\/iframe><\/p>\n<hr style=\"background-color: cornflowerblue;\" \/>\n","protected":false},"excerpt":{"rendered":"<p>Alexander Panez Pinto, El R\u00edo Recuperando su Cauce. Despojos y resistencias en los conflictos por agua-tierra-territorio bajo el neoliberalismo en Chile. (ISBN: 978-85-7879-690-7 (E-book). DOI: 10.5281\/zenodo.6647297. Co-publicado enn Newcastle upon Tyne (UK), y Campina Grande, Para\u00edba, Brasil, por RedWATERLAT-GOBACIT y Editora da Universidade Estadual daPara\u00edba (EDUEPB),con participaci\u00f3n del Consejo Latinoamericano de Ciencias Sociales(CLACSO), 2022. Exportar [&hellip;]<\/p>\n","protected":false},"author":1,"featured_media":0,"parent":12751,"menu_order":0,"comment_status":"closed","ping_status":"closed","template":"page-templates\/full-width.php","meta":{"footnotes":""},"class_list":["post-3785","page","type-page","status-publish","hentry"],"_links":{"self":[{"href":"https:\/\/roxpublicidade.com.br\/waterlat\/01\/wp-json\/wp\/v2\/pages\/3785","targetHints":{"allow":["GET"]}}],"collection":[{"href":"https:\/\/roxpublicidade.com.br\/waterlat\/01\/wp-json\/wp\/v2\/pages"}],"about":[{"href":"https:\/\/roxpublicidade.com.br\/waterlat\/01\/wp-json\/wp\/v2\/types\/page"}],"author":[{"embeddable":true,"href":"https:\/\/roxpublicidade.com.br\/waterlat\/01\/wp-json\/wp\/v2\/users\/1"}],"replies":[{"embeddable":true,"href":"https:\/\/roxpublicidade.com.br\/waterlat\/01\/wp-json\/wp\/v2\/comments?post=3785"}],"version-history":[{"count":0,"href":"https:\/\/roxpublicidade.com.br\/waterlat\/01\/wp-json\/wp\/v2\/pages\/3785\/revisions"}],"up":[{"embeddable":true,"href":"https:\/\/roxpublicidade.com.br\/waterlat\/01\/wp-json\/wp\/v2\/pages\/12751"}],"wp:attachment":[{"href":"https:\/\/roxpublicidade.com.br\/waterlat\/01\/wp-json\/wp\/v2\/media?parent=3785"}],"curies":[{"name":"wp","href":"https:\/\/api.w.org\/{rel}","templated":true}]}}