{"id":3714,"date":"2023-05-18T15:22:03","date_gmt":"2023-05-18T15:22:03","guid":{"rendered":"https:\/\/waterlat.org\/pt\/?page_id=3714"},"modified":"2023-05-18T15:22:03","modified_gmt":"2023-05-18T15:22:03","slug":"livros-da-at3","status":"publish","type":"page","link":"https:\/\/roxpublicidade.com.br\/waterlat\/01\/pt\/areas-tematicas\/at3\/livros-da-at3\/","title":{"rendered":"Livros da AT3"},"content":{"rendered":"<p>Aqui apresentamos livros produzidos por membros da AT3 como parte de suas atividades como membros da Rede (n\u00e3o incluimos publica\u00e7\u00f5es que n\u00e3o correspondem \u00e1 atividades da Rede.Estes livros refletem os interesses e leque tem\u00e1tico da AT3.<\/p>\n<h2>Livros que s\u00e3o resultado do <a href=\"https:\/\/roxpublicidade.com.br\/waterlat\/01\/pt\/waterlat-student-prize\/\">Pr\u00eamio para Estudantes da Rede WATERLAT-GOBACIT<\/a>.<\/h2>\n<h2><\/h2>\n<p><a href=\"https:\/\/roxpublicidade.com.br\/waterlat\/01\/wp-content\/uploads\/2022\/06\/CoverPanez-scaled.jpg\"><img loading=\"lazy\" decoding=\"async\" class=\"alignnone size-medium wp-image-2744\" src=\"https:\/\/roxpublicidade.com.br\/waterlat\/01\/wp-content\/uploads\/2022\/06\/CoverPanez-scaled.jpg\" alt=\"\" width=\"207\" height=\"300\" \/><\/a><\/p>\n<p>Este livro \u00e9 um produto da <a href=\"https:\/\/roxpublicidade.com.br\/waterlat\/01\/pt\/waterlat-student-prize\/waterlat-gobacit-2020\/\"> Edi\u00e7\u00e3o 2020 do Pr\u00eamio de Estudantes (Doutorado)<\/a> da Rede WATERLAT-GOBACIT.<\/p>\n<p>Alexander Panez Pinto, <a href=\"https:\/\/roxpublicidade.com.br\/waterlat\/01\/es\/publicaciones\/libros\/el-rio-recuperando-su-cauce-despojos-y-resistencias-en-los-conflictos-por-agua-tierra-territorio-bajo-el-neoliberalismo-en-chile\/\"> El R\u00edo Recuperando su Cauce. Despojos y resistencias en los conflictos por agua-tierra-territorio bajo el neoliberalismo en Chile. ISBN: 978-85-7879-690-7 (E-book). <\/a>DOI:10.5281\/zenodo.6647297.<br \/>\nCo-publicado em Newcastle upon Tyne (UK), e Campina Grande, Para\u00edba, Brasil, pela Rede WATERLAT-GOBACIT y Editora da Universidade Estadual da Para\u00edba (EDUEPB),con participaci\u00f3n del Consejo Latinoamericano de Ciencias Sociales(CLACSO), 2022.<\/p>\n<h2><\/h2>\n<p><a href=\"https:\/\/roxpublicidade.com.br\/waterlat\/01\/wp-content\/uploads\/2020\/05\/Tapa-1.jpg\"><img loading=\"lazy\" decoding=\"async\" class=\"alignnone size-medium wp-image-2744\" src=\"https:\/\/roxpublicidade.com.br\/waterlat\/01\/wp-content\/uploads\/2020\/05\/Tapa-1.jpg\" alt=\"\" width=\"207\" height=\"300\" \/><\/a><\/p>\n<h2><\/h2>\n<p>Este livro \u00e9 um produto da <a href=\"https:\/\/roxpublicidade.com.br\/waterlat\/01\/es\/premio-waterlat-para-estudiantes\/premio-2018\/\"> Edi\u00e7\u00e3o 2018 do Pr\u00eamio de Estudantes (Doutorado)<\/a> da Rede WATERLAT-GOBACIT.<\/p>\n<h2><\/h2>\n<p>Cindy McCulligh, <a href=\"https:\/\/roxpublicidade.com.br\/waterlat\/01\/pt\/publicacoes\/livros\/esgoto-do-progresso\/\"> Esgoto do Progresso. Corpora\u00e7\u00f5es, corrup\u00e7\u00e3o institucionalizada e a luta pelo rio Santiago<\/a> (em espanhol) . ISBN: 978-987-864-564-3 (E-book). DOI: 10.5281\/zenodo.3948193.<\/p>\n<p>Co-publicado em Newcastle upon Tyne, Reino Unido, Campina Grande, Para\u00edba, Brasil, Buenos Aires, Argentina, e Alcal\u00e1 de Henares, Espanha, pela Rede WATERLAT-GOBACIT, <a href=\"http:\/\/eduepb.uepb.edu.br\/\"> Editora da Universidade Estadual da Para\u00edba (EDUEPB)<\/a>, <a href=\"http:\/\/www.ciccus.org.ar\/\"> Ediciones CICCUS<\/a>, e <a href=\"https:\/\/ielat.com\">Instituto Universitario de Investigaci\u00f3n en Estudios Latinoamericanos (IELAT), Universidade de Alcal\u00e1<\/a>, 2020.<\/p>\n<h2><\/h2>\n<p><a href=\"https:\/\/roxpublicidade.com.br\/waterlat\/01\/wp-content\/uploads\/2020\/12\/CoverBarranco-scaled.jpg\"><img loading=\"lazy\" decoding=\"async\" class=\"alignnone size-medium wp-image-2744\" src=\"https:\/\/roxpublicidade.com.br\/waterlat\/01\/wp-content\/uploads\/2020\/12\/CoverBarranco-scaled.jpg\" alt=\"\" width=\"207\" height=\"300\" \/><\/a><\/p>\n<h2><\/h2>\n<p>Este livro \u00e9 um produto da <a href=\"https:\/\/roxpublicidade.com.br\/waterlat\/01\/es\/premio-waterlat-para-estudiantes\/premio-2018\/\"> Edi\u00e7\u00e3o 2018 do Pr\u00eamio de Estudantes (Mestrado)<\/a> da Rede WATERLAT-GOBACIT.<\/p>\n<h2><\/h2>\n<p>Alma Rosa Barranco Salazar, <a href=\"https:\/\/roxpublicidade.com.br\/waterlat\/01\/pt\/publicacoes\/livros\/gestao-comunitaria\/\"> A Gest\u00e3o Comunit\u00e1ria da \u00c1gua. Um estudo atrav\u00e9s das mem\u00f3rias, a organiza\u00e7\u00e3o social e os valores (em espanhol). ISBN: 978-987-86-8052-1 (E-book). DOI: 10.5281\/zenodo.4408295 <\/a><br \/>\nCo-publicado em Newcastle upon Tyne, Reino Unido, Campina Grande, Para\u00edba, Brasil, Buenos Aires, Argentina, e Alcal\u00e1 de Henares, Espanha, pela Rede WATERLAT-GOBACIT, a<a href=\"http:\/\/eduepb.uepb.edu.br\/\"> Editora da Universidade Estadual da Para\u00edba (EDUEPB), <\/a><a href=\"http:\/\/www.ciccus.org.ar\/\">Ediciones CICCUS, e <\/a><a href=\"https:\/\/ielat.com\">Instituto Universitario de Investigaci\u00f3n en Estudios Latinoamericanos (IELAT), Universidade de Alcal\u00e1(IELAT), 2020.<\/a><\/p>\n<h2><\/h2>\n<p><a href=\"https:\/\/roxpublicidade.com.br\/waterlat\/01\/wp-content\/uploads\/2018\/05\/TapaDiazSantos.jpg\"><img loading=\"lazy\" decoding=\"async\" class=\"alignnone size-medium wp-image-4846\" src=\"https:\/\/roxpublicidade.com.br\/waterlat\/01\/wp-content\/uploads\/2018\/05\/TapaDiazSantos-203x300.jpg\" alt=\"\" width=\"203\" height=\"300\" srcset=\"https:\/\/roxpublicidade.com.br\/waterlat\/01\/wp-content\/uploads\/2018\/05\/TapaDiazSantos-203x300.jpg 203w, https:\/\/roxpublicidade.com.br\/waterlat\/01\/wp-content\/uploads\/2018\/05\/TapaDiazSantos-693x1024.jpg 693w, https:\/\/roxpublicidade.com.br\/waterlat\/01\/wp-content\/uploads\/2018\/05\/TapaDiazSantos-768x1135.jpg 768w, https:\/\/roxpublicidade.com.br\/waterlat\/01\/wp-content\/uploads\/2018\/05\/TapaDiazSantos-1040x1536.jpg 1040w, https:\/\/roxpublicidade.com.br\/waterlat\/01\/wp-content\/uploads\/2018\/05\/TapaDiazSantos-1386x2048.jpg 1386w, https:\/\/roxpublicidade.com.br\/waterlat\/01\/wp-content\/uploads\/2018\/05\/TapaDiazSantos-scaled.jpg 1733w\" sizes=\"auto, (max-width: 203px) 100vw, 203px\" \/><\/a><\/p>\n<h2><\/h2>\n<p>Este livro \u00e9 um produto da <a href=\"https:\/\/roxpublicidade.com.br\/waterlat\/01\/pt\/waterlat-student-prize\/premio-de-estudantes-waterlat-gobacit-2015\/\">Edi\u00e7\u00e3o 2015 do Pr\u00eamio de Estudantes (Mestrado)<\/a> da Rede WATERLAT-GOBACIT.<\/p>\n<h2><\/h2>\n<p>D\u00edaz Santos, Mar\u00eda Guadalupe, <span style=\"text-decoration: underline;\">Rela\u00e7\u00f5es de Poder na Gest\u00e3o Comunit\u00e1ria da \u00c1gua. O Territ\u00f3rio e o Social como For\u00e7as (em espanhol)<\/span>. ISBN (Impresso): 978-85-7879-390-6, ISBN (E-book): 978-85-7879-389-0. Campina Grande, Para\u00edba, Brasil: <a href=\"https:\/\/roxpublicidade.com.br\/waterlat\/01\/pt\/publicacoes\/livros\/relaciones-fuerzas\/\">Editora da Universidade Estadual da Para\u00edba (UEPB), e Rede WATERLAT-GOBACIT, 2018. DOI: 10.5281\/zenodo.3955038.<\/a><\/p>\n<h2><\/h2>\n<h2>Livros que que s\u00e3o resultado de <a href=\"https:\/\/roxpublicidade.com.br\/waterlat\/01\/pt\/projetos\/\">Projetos de Pesquisa<\/a> coletivos realizados por membros da AT3.<\/h2>\n<h2><\/h2>\n<p><a href=\"https:\/\/roxpublicidade.com.br\/waterlat\/01\/wp-content\/uploads\/2023\/03\/Cover-El-Derecho-al-Agua_BOOK.jpg\"><img loading=\"lazy\" decoding=\"async\" class=\"alignnone size-medium wp-image-2744\" src=\"https:\/\/roxpublicidade.com.br\/waterlat\/01\/wp-content\/uploads\/2023\/03\/Cover-El-Derecho-al-Agua_BOOK.jpg\" alt=\"\" width=\"207\" height=\"300\" \/><\/a><\/p>\n<h2><\/h2>\n<p>Jose Esteban Castro, Leo Heller, Mar\u00eda da Piedade Morais e Alex R. Caldera (Eds.),<br \/>\n<span style=\"text-decoration: underline;\"><a href=\"https:\/\/roxpublicidade.com.br\/waterlat\/01\/pt\/publicacoes\/livros\/o-direito-a-agua-como-politica-publica-na-america-latina-uma-exploracao-teorica-e-empirica-em-espanhol\/\"> O Direito \u00e0 \u00c1gua como Pol\u00edtica P\u00fablica na Am\u00e9rica Latina: uma Explora\u00e7\u00e3o Te\u00f3rica e Emp\u00edrica ( em espanhol).<\/a> ISBN: 978-65-5635-048-6, Brasilia, Newcastle upon Tyne, UK, e Le\u00f3n, Guanajuato, M\u00e9xico: Instituto de Pesquisa Econ\u00f3mica Aplicada (IPEA), Rede WATERLAT-GOBACIT e Universidade de Guanajuato, Le\u00f3n, Guanajuato, M\u00e9xico, 2023. O livro \u00e9 uma vers\u00e3o extendida, em espanhol, do original publicado em portugu\u00eas em em 2015.<\/span><\/p>\n<h2><\/h2>\n<p><a href=\"https:\/\/roxpublicidade.com.br\/waterlat\/01\/pt\/wp-content\/uploads\/sites\/3\/2013\/11\/Capa-O-Direito-\u00e0-\u00e1gua.jpg\"><img loading=\"lazy\" decoding=\"async\" class=\"alignnone size-medium wp-image-1244\" src=\"https:\/\/roxpublicidade.com.br\/waterlat\/01\/pt\/wp-content\/uploads\/sites\/3\/2013\/11\/Capa-O-Direito-\u00e0-\u00e1gua-300x138.jpg\" alt=\"Capa - O Direito \u00e0 \u00e1gua\" width=\"300\" height=\"138\" \/><\/a><\/p>\n<h2><\/h2>\n<p><a href=\"https:\/\/roxpublicidade.com.br\/waterlat\/01\/pt\/publicacoes\/livros\/livro-o-direito-a-agua\/\">Jos\u00e9 Esteban Castro, L\u00e9o Heller, e Maria da Piedade Morais (Eds.),\u00a0O Direito \u00e0 \u00c1gua como Pol\u00edtica P\u00fablica na Am\u00e9rica Latina: uma Explora\u00e7\u00e3o Te\u00f3rica e Emp\u00edrica, Bras\u00edlia: Instituto de Pesquisa Econ\u00f4mica Aplicada (IPEA) &#8211; Rede WATERLAT-GOBACIT, 2015.<\/a> DOI: 10.5281\/zenodo.55852.<\/p>\n<h2><\/h2>\n<h2><\/h2>\n<p><img loading=\"lazy\" decoding=\"async\" class=\"alignnone size-medium wp-image-150\" src=\"https:\/\/roxpublicidade.com.br\/waterlat\/01\/pt\/wp-content\/uploads\/sites\/3\/2013\/11\/CastroHeller-300x201.jpg\" alt=\"Castro&amp;Heller\" width=\"300\" height=\"201\" \/><\/p>\n<h2><\/h2>\n<p><a href=\"https:\/\/roxpublicidade.com.br\/waterlat\/01\/pt\/publicacoes\/livros\/livro-water-and-sanitation-services-public-policy-and-management\/\">Jos\u00e9 Esteban Castro e L\u00e9o Heller (eds.), ISBN: 978-1-84407-656-7,\u00a0Water and Sanitation Services: Public Policy and Management, London and Sterling, VA: Earthscan, 2009, Routledge, 2012.<\/a> DOI: 10.5281\/zenodo.55854.<\/p>\n<h2><\/h2>\n<p><img loading=\"lazy\" decoding=\"async\" class=\"alignnone size-medium wp-image-149\" src=\"https:\/\/roxpublicidade.com.br\/waterlat\/01\/pt\/wp-content\/uploads\/sites\/3\/2013\/11\/CAPA_PoliticasPublicasSaneamento_2013-300x201.jpg\" alt=\"CAPA_PoliticasPublicasSaneamento_2013\" width=\"300\" height=\"201\" \/><\/p>\n<h2><\/h2>\n<p><a href=\"https:\/\/roxpublicidade.com.br\/waterlat\/01\/pt\/publicacoes\/livros\/livro-politicas-publicas-e-gestao-de-servicos-de-saneamento\/\">L\u00e9o Heller e Jos\u00e9 Esteban Castro (Eds.),\u00a0Pol\u00edticas P\u00fablicas e Gest\u00e3o de Servi\u00e7os de Saneamento, Belo Horizonte e Rio de Janeiro:\u00a0Editora da Universidade Federal de Minas Gerais (UFMG)\u00a0e\u00a0Editora Fiocruz.<\/a> DOI: 10.5281\/zenodo.55855.<\/p>\n<h2><\/h2>\n<p><a href=\"https:\/\/roxpublicidade.com.br\/waterlat\/01\/pt\/areas-tematicas\/at3\/\">Voltar \u00e0 Apresenta\u00e7\u00e3o da AT3<\/a><\/p>\n","protected":false},"excerpt":{"rendered":"<p>Aqui apresentamos livros produzidos por membros da AT3 como parte de suas atividades como membros da Rede (n\u00e3o incluimos publica\u00e7\u00f5es que n\u00e3o correspondem \u00e1 atividades da Rede.Estes livros refletem os interesses e leque tem\u00e1tico da AT3. Livros que s\u00e3o resultado do Pr\u00eamio para Estudantes da Rede WATERLAT-GOBACIT. Este livro \u00e9 um produto da Edi\u00e7\u00e3o 2020 [&hellip;]<\/p>\n","protected":false},"author":1,"featured_media":0,"parent":1437,"menu_order":0,"comment_status":"closed","ping_status":"closed","template":"page-templates\/full-width.php","meta":{"footnotes":""},"class_list":["post-3714","page","type-page","status-publish","hentry"],"_links":{"self":[{"href":"https:\/\/roxpublicidade.com.br\/waterlat\/01\/wp-json\/wp\/v2\/pages\/3714","targetHints":{"allow":["GET"]}}],"collection":[{"href":"https:\/\/roxpublicidade.com.br\/waterlat\/01\/wp-json\/wp\/v2\/pages"}],"about":[{"href":"https:\/\/roxpublicidade.com.br\/waterlat\/01\/wp-json\/wp\/v2\/types\/page"}],"author":[{"embeddable":true,"href":"https:\/\/roxpublicidade.com.br\/waterlat\/01\/wp-json\/wp\/v2\/users\/1"}],"replies":[{"embeddable":true,"href":"https:\/\/roxpublicidade.com.br\/waterlat\/01\/wp-json\/wp\/v2\/comments?post=3714"}],"version-history":[{"count":0,"href":"https:\/\/roxpublicidade.com.br\/waterlat\/01\/wp-json\/wp\/v2\/pages\/3714\/revisions"}],"up":[{"embeddable":true,"href":"https:\/\/roxpublicidade.com.br\/waterlat\/01\/wp-json\/wp\/v2\/pages\/1437"}],"wp:attachment":[{"href":"https:\/\/roxpublicidade.com.br\/waterlat\/01\/wp-json\/wp\/v2\/media?parent=3714"}],"curies":[{"name":"wp","href":"https:\/\/api.w.org\/{rel}","templated":true}]}}