{"id":3683,"date":"2023-05-10T21:27:57","date_gmt":"2023-05-10T21:27:57","guid":{"rendered":"https:\/\/waterlat.org\/pt\/?page_id=3683"},"modified":"2023-05-10T21:27:57","modified_gmt":"2023-05-10T21:27:57","slug":"at9-agua-e-producao","status":"publish","type":"page","link":"https:\/\/roxpublicidade.com.br\/waterlat\/01\/pt\/areas-tematicas\/at9-agua-e-producao\/","title":{"rendered":"AT9 &#8211; \u00c1gua e Produ\u00e7\u00e3o"},"content":{"rendered":"<p>AT9 contribui aos <a href=\"https:\/\/roxpublicidade.com.br\/waterlat\/01\/es\/comienzo\/objetivos\/\">Objetivos<\/a> e <a href=\"https:\/\/roxpublicidade.com.br\/waterlat\/01\/es\/comienzo\/prioridades-de-investigacion\/\">Prioridades de Pesquisa<\/a> da Rede WATERLAT-GOBACIT. <\/p>\n<p>Esta AT intenta complementar os muito  necess\u00e1rios an\u00e1lises cr\u00edticos dos prevalecentes enfoques te\u00f3ricos e pr\u00e1ticos da Pol\u00edtica e a gest\u00e3o da \u00e1gua que tem impactos frequentemente destrutivos, colocando a \u00eanfase sobre quest\u00f5es muito dif\u00edceis de abordar, relacionadas com a procura de alternativas  \u00e0s formas capitalistas dominantes de apropria\u00e7\u00e3o e explora\u00e7\u00e3o  da  \u00e1gua orientadas pela  prioridade outorgada \u00e0 acumula\u00e7\u00e3o privada de lucro, em desmedro de objetivos orientados socialmente, fundados nos princ\u00edpios da igualdade, a inclus\u00e3o, a solidariedade e o  respeito \u00e0s necessidades e direitos trans espec\u00edficos e a preserva\u00e7\u00e3o da vida.<br \/>\nA AT9 convida a abordar perguntas sobre o  papel crucial da \u00e1gua nas  atividades produtivas,  Incluindo a produ\u00e7\u00e3o de alimentos, de energia, ou de servi\u00e7os b\u00e1sicos essenciais e no  sustento de atividades como o transporte de bens e pessoas ou a provis\u00e3o de oportunidades de \u00f3cio.<br \/>\nEmbora  a maioria das \u00c1reas Tem\u00e1ticas de nossa Rede cobrem muitos destes aspeitos, geralmente enfatizando falhas cr\u00edticas e denunciando injusti\u00e7as e desigualdades estruturais relacionadas com estes processos, a AT9 se prop\u00f5e examinar as condi\u00e7\u00f5es, obst\u00e1culos e oportunidades que favorecem a emerg\u00eancia, desenvolvimento  e consolida\u00e7\u00e3o  de estrat\u00e9gias produtivas alternativas baseadas em atividades humanas relacionadas com o uso da \u00e1gua.<br \/>\nEsta AT tenta avan\u00e7ar  al\u00e9m  da cr\u00edtica, inevit\u00e1vel, do regime socioecol\u00f3gico dominante, que amea\u00e7a destruir a vida no planeta, e procura  contribuir com os numerosos esfor\u00e7os que realizam atores sociais preocupados e comprometidos com lutas, em grande medida contra a corrente, para construir ordens socioecol\u00f3gicos mais humanos, universalistas, respons\u00e1veis e justos.<\/p>\n<h2><a href=\"https:\/\/roxpublicidade.com.br\/waterlat\/01\/pt\/areas-tematicas\/at9-agua-e-producao\/livros-da-at9\/\">Livros da AT9<\/a><\/h2>\n<p>&nbsp;<\/p>\n<h2><a href=\"https:\/\/roxpublicidade.com.br\/waterlat\/01\/pt\/areas-tematicas\/at9-agua-e-producao\/cadernos-de-trabalho-da-at9\/\">Cadernos de Trabalho da AT9<\/a><\/h2>\n<hr \/>\n","protected":false},"excerpt":{"rendered":"<p>AT9 contribui aos Objetivos e Prioridades de Pesquisa da Rede WATERLAT-GOBACIT. Esta AT intenta complementar os muito necess\u00e1rios an\u00e1lises cr\u00edticos dos prevalecentes enfoques te\u00f3ricos e pr\u00e1ticos da Pol\u00edtica e a gest\u00e3o da \u00e1gua que tem impactos frequentemente destrutivos, colocando a \u00eanfase sobre quest\u00f5es muito dif\u00edceis de abordar, relacionadas com a procura de alternativas \u00e0s formas [&hellip;]<\/p>\n","protected":false},"author":1,"featured_media":0,"parent":12707,"menu_order":0,"comment_status":"closed","ping_status":"closed","template":"page-templates\/full-width.php","meta":{"footnotes":""},"class_list":["post-3683","page","type-page","status-publish","hentry"],"_links":{"self":[{"href":"https:\/\/roxpublicidade.com.br\/waterlat\/01\/wp-json\/wp\/v2\/pages\/3683","targetHints":{"allow":["GET"]}}],"collection":[{"href":"https:\/\/roxpublicidade.com.br\/waterlat\/01\/wp-json\/wp\/v2\/pages"}],"about":[{"href":"https:\/\/roxpublicidade.com.br\/waterlat\/01\/wp-json\/wp\/v2\/types\/page"}],"author":[{"embeddable":true,"href":"https:\/\/roxpublicidade.com.br\/waterlat\/01\/wp-json\/wp\/v2\/users\/1"}],"replies":[{"embeddable":true,"href":"https:\/\/roxpublicidade.com.br\/waterlat\/01\/wp-json\/wp\/v2\/comments?post=3683"}],"version-history":[{"count":0,"href":"https:\/\/roxpublicidade.com.br\/waterlat\/01\/wp-json\/wp\/v2\/pages\/3683\/revisions"}],"up":[{"embeddable":true,"href":"https:\/\/roxpublicidade.com.br\/waterlat\/01\/wp-json\/wp\/v2\/pages\/12707"}],"wp:attachment":[{"href":"https:\/\/roxpublicidade.com.br\/waterlat\/01\/wp-json\/wp\/v2\/media?parent=3683"}],"curies":[{"name":"wp","href":"https:\/\/api.w.org\/{rel}","templated":true}]}}