{"id":3572,"date":"2020-09-14T17:52:20","date_gmt":"2020-09-14T17:52:20","guid":{"rendered":"http:\/\/waterlat.org\/es\/?page_id=3572"},"modified":"2020-09-14T17:52:20","modified_gmt":"2020-09-14T17:52:20","slug":"cuadernos-de-trabajo-de-la-red-waterlat-gobacit-articulos-publicados-a-ser-incluidos-en-numeros-en-prensa","status":"publish","type":"page","link":"https:\/\/roxpublicidade.com.br\/waterlat\/01\/es\/working-papers-series-3\/cuadernos-de-trabajo-de-la-red-waterlat-gobacit-articulos-publicados-a-ser-incluidos-en-numeros-en-prensa\/","title":{"rendered":"CUADERNOS DE TRABAJO DE LA RED WATERLAT-GOBACIT \u2013 ART\u00cdCULOS PUBLICADOS A SER INCLU\u00cdDOS EN N\u00daMEROS EN PRENSA"},"content":{"rendered":"<p style=\"text-align: right; line-height: 1;\">(Impreso) <strong>ISSN 2056-4856<\/strong><br \/>\n<br \/>(Online) <strong>ISSN 2056-4864<\/strong><\/p>\n<h2>Art\u00edculos publicados a ser inclu\u00eddos en n\u00fameros en prensa<\/h2>\n<p>&nbsp;<\/p>\n<p>[table id=2 \/]<\/p>\n","protected":false},"excerpt":{"rendered":"<p>(Impreso) ISSN 2056-4856 (Online) ISSN 2056-4864 Art\u00edculos publicados a ser inclu\u00eddos en n\u00fameros en prensa &nbsp; [table id=2 \/]<\/p>\n","protected":false},"author":1,"featured_media":0,"parent":2435,"menu_order":0,"comment_status":"closed","ping_status":"closed","template":"page-templates\/full-width.php","meta":{"footnotes":""},"class_list":["post-3572","page","type-page","status-publish","hentry"],"_links":{"self":[{"href":"https:\/\/roxpublicidade.com.br\/waterlat\/01\/wp-json\/wp\/v2\/pages\/3572","targetHints":{"allow":["GET"]}}],"collection":[{"href":"https:\/\/roxpublicidade.com.br\/waterlat\/01\/wp-json\/wp\/v2\/pages"}],"about":[{"href":"https:\/\/roxpublicidade.com.br\/waterlat\/01\/wp-json\/wp\/v2\/types\/page"}],"author":[{"embeddable":true,"href":"https:\/\/roxpublicidade.com.br\/waterlat\/01\/wp-json\/wp\/v2\/users\/1"}],"replies":[{"embeddable":true,"href":"https:\/\/roxpublicidade.com.br\/waterlat\/01\/wp-json\/wp\/v2\/comments?post=3572"}],"version-history":[{"count":0,"href":"https:\/\/roxpublicidade.com.br\/waterlat\/01\/wp-json\/wp\/v2\/pages\/3572\/revisions"}],"up":[{"embeddable":true,"href":"https:\/\/roxpublicidade.com.br\/waterlat\/01\/wp-json\/wp\/v2\/pages\/2435"}],"wp:attachment":[{"href":"https:\/\/roxpublicidade.com.br\/waterlat\/01\/wp-json\/wp\/v2\/media?parent=3572"}],"curies":[{"name":"wp","href":"https:\/\/api.w.org\/{rel}","templated":true}]}}