{"id":3427,"date":"2021-11-28T15:32:03","date_gmt":"2021-11-28T15:32:03","guid":{"rendered":"https:\/\/waterlat.org\/pt\/?page_id=3427"},"modified":"2021-11-28T15:32:03","modified_gmt":"2021-11-28T15:32:03","slug":"alma-lameada","status":"publish","type":"page","link":"https:\/\/roxpublicidade.com.br\/waterlat\/01\/pt\/publicacoes\/livros\/alma-lameada\/","title":{"rendered":"A Matem\u00e1tica da Gest\u00e3o e a Alma Lameada: cr\u00edtica \u00e0 media\u00e7\u00e3o em licenciamentos e desastres na minera\u00e7\u00e3o"},"content":{"rendered":"<style>\n.dw_pdf-full {<br \/>    background-color: rgba(251, 116, 116, 0);<br \/>    padding: 8px 20px;<br \/>    color: #b52335;<br \/>    text-decoration: none;<br \/>    border: 2px #b52335 solid;<br \/>    transition: 0.2s all;<br \/>    border-radius: 4px;<br \/>    font-weight: 600;<br \/>margin:0px 5px;}<br \/>.dw_pdf-full:hover{background-color: #b52335; color:white;}<br \/>.dw_pdf-full i {font-size:25px; vertical-align: bottom; margin-right: 3px;}<br \/><\/style>\n<p><a href=\"https:\/\/roxpublicidade.com.br\/waterlat\/01\/wp-content\/uploads\/2021\/11\/capa-Marcos.jpg\"><img loading=\"lazy\" decoding=\"async\" class=\"alignnone size-medium wp-image-2744\" src=\"https:\/\/roxpublicidade.com.br\/waterlat\/01\/wp-content\/uploads\/2021\/11\/capa-Marcos.jpg\" alt=\"\" width=\"207\" height=\"300\" \/><\/a><\/p>\n<p>Marcos Cristiano Zucarelli, <u> A Matem\u00e1tica da Gest\u00e3o e a Alma lameada: cr\u00edtica \u00e0 media\u00e7\u00e3o em licenciamentos e desastres na minera\u00e7\u00e3o. ISBN: 978-65-86221-49-7  (E-book). DOI: 10.5281\/zenodo.5708641.<\/p>\n<p>Co-publicado em Newcastle upon Tyne, Reino Unido e Campina Grande, Para\u00edba, Brasil,  pela Rede WATERLAT-GOBACIT, e a <a href=\"http:\/\/eduepb.uepb.edu.br\/\"> Editora da Universidade Estadual da Para\u00edba (EDUEPB)<\/a>, 2021.<\/p>\n<p><i><a class=\"desar\" style=\"color: #9ad3f9;\" href=\"https:\/\/zenodo.org\/record\/5708641#invenio-csl\">Exportar Cita\u00e7\u00e3o<\/a><\/i><\/p>\n<p>Este livro \u00e9 um produto da <a href=\"https:\/\/roxpublicidade.com.br\/waterlat\/01\/pt\/waterlat-student-prize\/waterlat-gobacit-2019\/\"> Edi\u00e7\u00e3o 2019 do Pr\u00eamio de Estudantes (Doutorado)<\/a> da Rede WATERLAT-GOBACIT.<\/p>\n<h3>Baixar<\/h3>\n<p><a class=\"dw_pdf-full\" href=\"https:\/\/zenodo.org\/record\/5708641\/files\/WATERLAT.pdf\" target=\"_blank\" rel=\"noopener noreferrer\"><i class=\"fa fa-file-pdf-o\" aria-hidden=\"true\"><\/i> PDF <\/a><\/p>\n<p>&nbsp;<\/p>\n<h3>Apresenta\u00e7\u00f5es do livro<\/h3>\n<p> Podcast 27, S\u00e9rie Vozes pela \u00c1gua, Alex Caldera e Jos\u00e9 Esteban Castro, com Marcos Cristiano Zucarelli, <\/a><\/p>\n<p><i> Alex Caldera e Jos\u00e9 Esteban Castro com Marcos Cristiano Zucarelli <\/i><\/p>\n<blockquote><p>Conversaci\u00f3n con Alex Caldera, Universidad de Guanajuato, M\u00e9xico y Jos\u00e9 Esteban Castro, CONICET, Argentina y Newcastle University, Reino Unido. En esta edici\u00f3n presentamos a Marcos Cristiano Zucarelli, autor do livro: A Matem\u00e1tica da Gest\u00e3o e a Alma lameada: cr\u00edtica \u00e0 media\u00e7\u00e3o em licenciamentos e desastres na minera\u00e7\u00e3o.  <\/p>\n<h3> Escute no Internet Archive: <\/h3>\n<p>><br \/>\n<iframe loading=\"lazy\" src=\"https:\/\/archive.org\/embed\/voces-por-el-agua-27\" width=\"500\" height=\"30\" frameborder=\"0\" allowfullscreen=\"allowfullscreen\"><\/iframe><\/p>\n<hr style=\"background-color: cornflowerblue;\" \/>\n","protected":false},"excerpt":{"rendered":"<p>Marcos Cristiano Zucarelli, A Matem\u00e1tica da Gest\u00e3o e a Alma lameada: cr\u00edtica \u00e0 media\u00e7\u00e3o em licenciamentos e desastres na minera\u00e7\u00e3o. ISBN: 978-65-86221-49-7 (E-book). DOI: 10.5281\/zenodo.5708641. Co-publicado em Newcastle upon Tyne, Reino Unido e Campina Grande, Para\u00edba, Brasil, pela Rede WATERLAT-GOBACIT, e a Editora da Universidade Estadual da Para\u00edba (EDUEPB), 2021. Exportar Cita\u00e7\u00e3o Este livro \u00e9 [&hellip;]<\/p>\n","protected":false},"author":1,"featured_media":0,"parent":22,"menu_order":0,"comment_status":"closed","ping_status":"closed","template":"page-templates\/full-width.php","meta":{"footnotes":""},"class_list":["post-3427","page","type-page","status-publish","hentry"],"_links":{"self":[{"href":"https:\/\/roxpublicidade.com.br\/waterlat\/01\/wp-json\/wp\/v2\/pages\/3427","targetHints":{"allow":["GET"]}}],"collection":[{"href":"https:\/\/roxpublicidade.com.br\/waterlat\/01\/wp-json\/wp\/v2\/pages"}],"about":[{"href":"https:\/\/roxpublicidade.com.br\/waterlat\/01\/wp-json\/wp\/v2\/types\/page"}],"author":[{"embeddable":true,"href":"https:\/\/roxpublicidade.com.br\/waterlat\/01\/wp-json\/wp\/v2\/users\/1"}],"replies":[{"embeddable":true,"href":"https:\/\/roxpublicidade.com.br\/waterlat\/01\/wp-json\/wp\/v2\/comments?post=3427"}],"version-history":[{"count":0,"href":"https:\/\/roxpublicidade.com.br\/waterlat\/01\/wp-json\/wp\/v2\/pages\/3427\/revisions"}],"up":[{"embeddable":true,"href":"https:\/\/roxpublicidade.com.br\/waterlat\/01\/wp-json\/wp\/v2\/pages\/22"}],"wp:attachment":[{"href":"https:\/\/roxpublicidade.com.br\/waterlat\/01\/wp-json\/wp\/v2\/media?parent=3427"}],"curies":[{"name":"wp","href":"https:\/\/api.w.org\/{rel}","templated":true}]}}