{"id":342,"date":"2014-01-25T12:32:33","date_gmt":"2014-01-25T12:32:33","guid":{"rendered":"http:\/\/waterlat.org\/?page_id=342"},"modified":"2025-12-01T16:22:11","modified_gmt":"2025-12-01T19:22:11","slug":"waterlat-2014","status":"publish","type":"page","link":"https:\/\/roxpublicidade.com.br\/waterlat\/01\/meetings\/public-meetings\/waterlat-2014\/","title":{"rendered":"WATERLAT-GOBACIT VI, Manizales, 2014"},"content":{"rendered":"<p style=\"text-align: center;\"><a href=\"https:\/\/roxpublicidade.com.br\/waterlat\/01\/wp-content\/uploads\/2014\/06\/VIWATERLAT-1-re.jpg\"><img loading=\"lazy\" decoding=\"async\" class=\"size-medium wp-image-1317 aligncenter\" src=\"https:\/\/roxpublicidade.com.br\/waterlat\/01\/wp-content\/uploads\/2014\/06\/VIWATERLAT-1-re-260x300.jpg\" alt=\"Logo\" width=\"260\" height=\"300\" srcset=\"https:\/\/roxpublicidade.com.br\/waterlat\/01\/wp-content\/uploads\/2014\/06\/VIWATERLAT-1-re-260x300.jpg 260w, https:\/\/roxpublicidade.com.br\/waterlat\/01\/wp-content\/uploads\/2014\/06\/VIWATERLAT-1-re-888x1024.jpg 888w, https:\/\/roxpublicidade.com.br\/waterlat\/01\/wp-content\/uploads\/2014\/06\/VIWATERLAT-1-re-768x885.jpg 768w, https:\/\/roxpublicidade.com.br\/waterlat\/01\/wp-content\/uploads\/2014\/06\/VIWATERLAT-1-re-1332x1536.jpg 1332w, https:\/\/roxpublicidade.com.br\/waterlat\/01\/wp-content\/uploads\/2014\/06\/VIWATERLAT-1-re-1776x2048.jpg 1776w, https:\/\/roxpublicidade.com.br\/waterlat\/01\/wp-content\/uploads\/2014\/06\/VIWATERLAT-1-re.jpg 1903w\" sizes=\"auto, (max-width: 260px) 100vw, 260px\" \/><\/a><\/p>\n<h2>WATERLAT-GOBACIT VI International Meeting: &#8220;Water, violence and utopias in Latin America and the Caribbean. What are the priorities for egalitarian water politics?&#8221;<\/h2>\n<p>University of Caldas, Manizales, Caldas, Colombia, 27-31 October 2014<\/p>\n<p>&nbsp;<\/p>\n<h2><a href=\"https:\/\/roxpublicidade.com.br\/waterlat\/01\/GeneralPDFs\/Programa VI Reunion.pdf\">Download the Programme (in Spanish)<\/a><\/h2>\n<p>&nbsp;<\/p>\n<h2>The VI Meeting of the Network published a Declaration with a number of statements of support and allegations about events discussed in depth during the proceedings. These include:<\/h2>\n<p>1) Final Declaration of the Plenary of the VI International Meeting of the WATERLAT-GOBACIT Network \u201cWater, violence and utopias in Latin America and the Caribbean. What are the priorities for egalitarian water politics?\u201d (in Spanish)<\/p>\n<p>2) <strong>Strategic Decisions<\/strong><br \/>\nThe WATERLAT-GOBACIT Network and the Public Services International (PSI) agreed to establish a strategic alliance to strengthen their capacities to confront the threats against the democratization of water politics and management. Especially, we seek to strengthen the interaction between academics, workers organizations, public sector institutions, social movements of urban, peasant, and indigenous groups, and civil society groups more generally. Our alliance will focus mainly on research, education, and practical intervention in the field of essential water and sanitation services, including their ecological-environmental dimension.<br \/>\n<strong><a href=\"http:\/\/www.world-psi.org\/es\/isp-y-red-waterlat-gobacit-firman-alianza-estrategica-en-defensa-del-agua\">See here a statement by the PSI about the alliance.<\/a><\/strong><br \/>\n3) Main priorities identified in the VI International Meeting for the development of egalitarian water politics<\/p>\n<p>4) Declaration in support of the defence of water as a common good, a public good, and a human right in Colombia.<\/p>\n<p>5) Declaration of solidarity with the Mexican people for the death and disappearance of students in Iguala Municipality, Guerrero.<\/p>\n<p>6) Statement on the water problems affecting Jalisco, Mexico: El Zapotillo. Impact on water cycles and violation of human rights <span style=\"color: #000080;\"><strong>*<\/strong><\/span><\/p>\n<p>7) Statement about the water crisis affecting the Sao Paulo Metropolitan Region, other cities served by the Sao Paulo Basic Sanitation Company (SABESP), and other areas supplied from the same water sources, in Brazil.<\/p>\n<p><a href=\"https:\/\/roxpublicidade.com.br\/waterlat\/01\/GeneralPDFs\/FinalDeclaration.pdf\">Access here the whole text of the Final Statement.<\/a><\/p>\n<p><span style=\"color: #000080;\"><strong>*<\/strong><\/span><br \/>\nSee <a href=\"https:\/\/roxpublicidade.com.br\/waterlat\/01\/GeneralPDFs\/Desplegado Milenio.pdf\">here<\/a> the publication of this statement in the Mexican newspaper Milenio on 12 November 2014. The publication was supported by the following organizations:<br \/>\nAmigos de la Barranca, A.C., Amigos del Lago, Asociaci\u00f3n de Abogados A.C., Asociaci\u00f3n de Alumnos de la Universidad de Guadalajara sede San Juan de los Lagos, Asociaci\u00f3n de\u00a0Arquitectos e Ingenieros A.C., Asociaci\u00f3n de Hoteles y Moteles A.C., Asociaci\u00f3n Ganadera Local de Jalostotitl\u00e1n, Asociaci\u00f3n Ganadera Local de San Juan de los Lagos, C\u00e1mara de\u00a0Comercio y Servicios Tur\u00edsticos de San Juan de los Lagos, Centro de Investigaci\u00f3n y Formaci\u00f3n Social (CIFS-ITESO), Ciudadanos por el Medio Ambiente, Colegio de M\u00e9dicos del Estado\u00a0de Jalisco A.C., Comit\u00e9 Ciudadano Pro Defensa Ambiental del Salto, Comit\u00e9 Pro Defensa de Arcediano, A.C., Consejo Regional para el Desarrollo Sustentable (CONREDES) A.C.,\u00a0Coordinadora 28 de Mayo, Deseos del Coraz\u00f3n A.C., Foro Ganadero de Jalisco, Fundaci\u00f3n Cuenca Lerma Chapala-Santiago, A. C., Instituto Mexicano para el Desarrollo Comunitario,\u00a0A. C. (IMDEC), Parlamento de Colonias de la Zona Metropolitana de Guadalajara, A.C., Red WaterLat Gobacit, San Juanenses Unidos por el bien de todos A.C., Siempre Puedes Ayudar\u00a0A.C., Silvicultores de los Altos, A.C., Tierra Viva A.C., Unidos x San Juan, Uni\u00f3n Regional de Porcicultores de Jalisco (URPJ), Universidad de Guadalajara (UdeG), Universidad del Valle de\u00a0Atemajac (Univa), VIDA, A.C.<\/p>\n<hr \/>\n<p>&nbsp;<\/p>\n<p>Interview (in Spanish) with Jos\u00e9 Esteban Castro, Radio Caldas FM, Programme Civism in Action by the Society for Public Improvements of Manizales, 29 October 2014.<br \/>\n<iframe loading=\"lazy\" src=\"\/\/www.youtube.com\/embed\/nOqCST8Ile4?list=PLx6qphzdSP6tBqHoEebngiVdgXt1UvWqt\" width=\"560\" height=\"315\" frameborder=\"0\" allowfullscreen=\"allowfullscreen\"><\/iframe><\/p>\n<p>&nbsp;<\/p>\n<p><a href=\"https:\/\/soundcloud.com\/dialogosaberesambientales\/primer-boletin-informativo-waterlat-manizales-2014\">Listen here to a Podcast from our local team in Manizales (in Spanish)<\/a><\/p>\n<p><a href=\"https:\/\/www.youtube.com\/watch?v=F0oDvX6fb20\">Watch here a clip from our local team in Manizales (in Spanish)<\/a><\/p>\n<p>Pictures gallery from the VI Annual Meeting:<br \/>\n<object style=\"width: 661px; height: 442px;\" width=\"400\" height=\"300\" classid=\"clsid:d27cdb6e-ae6d-11cf-96b8-444553540000\" codebase=\"http:\/\/download.macromedia.com\/pub\/shockwave\/cabs\/flash\/swflash.cab#version=6,0,40,0\"><param name=\"flashvars\" value=\"offsite=true&amp;lang=en-us&amp;page_show_url=%2Fphotos%2F125391306%40N03%2Fsets%2F72157645214297873%2Fshow%2F&amp;page_show_back_url=%2Fphotos%2F125391306%40N03%2Fsets%2F72157645214297873%2F&amp;set_id=72157645214297873&amp;jump_to=\" \/><param name=\"allowFullScreen\" value=\"true\" \/><param name=\"src\" value=\"https:\/\/www.flickr.com\/apps\/slideshow\/show.swf?v=143270\" \/><param name=\"allowfullscreen\" value=\"true\" \/><embed style=\"width: 661px; height: 442px;\" width=\"400\" height=\"300\" type=\"application\/x-shockwave-flash\" src=\"https:\/\/www.flickr.com\/apps\/slideshow\/show.swf?v=143270\" flashvars=\"offsite=true&amp;lang=en-us&amp;page_show_url=%2Fphotos%2F125391306%40N03%2Fsets%2F72157645214297873%2Fshow%2F&amp;page_show_back_url=%2Fphotos%2F125391306%40N03%2Fsets%2F72157645214297873%2F&amp;set_id=72157645214297873&amp;jump_to=\" allowfullscreen=\"allowfullscreen\" allowfullscreen=\"allowfullscreen\" \/><\/object><\/p>\n<p>&nbsp;<\/p>\n<h2><strong>Organizers:<\/strong><\/h2>\n<p><a href=\"https:\/\/roxpublicidade.com.br\/waterlat\/01\/wp-content\/uploads\/2014\/01\/universidad-de-caldas-logo-300x279.jpg\"><img loading=\"lazy\" decoding=\"async\" class=\"alignnone wp-image-1576\" src=\"https:\/\/roxpublicidade.com.br\/waterlat\/01\/wp-content\/uploads\/2014\/01\/universidad-de-caldas-logo-300x279.jpg\" alt=\"universidad-de-caldas-logo-300x279\" width=\"114\" height=\"106\" \/><\/a>\u00a0\u00a0\u00a0\u00a0\u00a0\u00a0 <a href=\"https:\/\/roxpublicidade.com.br\/waterlat\/01\/wp-content\/uploads\/2014\/01\/newcastle_master_col.jpg\"><img loading=\"lazy\" decoding=\"async\" class=\"alignnone wp-image-1578\" src=\"https:\/\/roxpublicidade.com.br\/waterlat\/01\/wp-content\/uploads\/2014\/01\/newcastle_master_col-300x105.jpg\" alt=\"newcastle_master_col\" width=\"240\" height=\"84\" srcset=\"https:\/\/roxpublicidade.com.br\/waterlat\/01\/wp-content\/uploads\/2014\/01\/newcastle_master_col-300x105.jpg 300w, https:\/\/roxpublicidade.com.br\/waterlat\/01\/wp-content\/uploads\/2014\/01\/newcastle_master_col-1024x360.jpg 1024w, https:\/\/roxpublicidade.com.br\/waterlat\/01\/wp-content\/uploads\/2014\/01\/newcastle_master_col-768x270.jpg 768w, https:\/\/roxpublicidade.com.br\/waterlat\/01\/wp-content\/uploads\/2014\/01\/newcastle_master_col-1536x540.jpg 1536w, https:\/\/roxpublicidade.com.br\/waterlat\/01\/wp-content\/uploads\/2014\/01\/newcastle_master_col-2048x719.jpg 2048w\" sizes=\"auto, (max-width: 240px) 100vw, 240px\" \/><\/a>\u00a0\u00a0\u00a0\u00a0\u00a0 <a href=\"https:\/\/roxpublicidade.com.br\/waterlat\/01\/wp-content\/uploads\/2014\/01\/UNC-Logo.jpg\"><img loading=\"lazy\" decoding=\"async\" class=\"alignnone wp-image-1577\" src=\"https:\/\/roxpublicidade.com.br\/waterlat\/01\/wp-content\/uploads\/2014\/01\/UNC-Logo-300x153.jpg\" alt=\"UNC Logo\" width=\"209\" height=\"107\" \/><\/a><\/p>\n<p>&nbsp;<\/p>\n<h2><strong>Supporters:<\/strong><\/h2>\n<p><a href=\"https:\/\/roxpublicidade.com.br\/waterlat\/01\/wp-content\/uploads\/2014\/01\/ISP-Logo.gif\"><img loading=\"lazy\" decoding=\"async\" class=\"alignnone wp-image-1579 \" src=\"https:\/\/roxpublicidade.com.br\/waterlat\/01\/wp-content\/uploads\/2014\/01\/ISP-Logo.gif\" alt=\"ISP Logo\" width=\"153\" height=\"82\" \/><\/a><a href=\"https:\/\/roxpublicidade.com.br\/waterlat\/01\/wp-content\/uploads\/2014\/10\/Corpoenea.jpg\"><img loading=\"lazy\" decoding=\"async\" class=\"alignnone wp-image-1626\" src=\"https:\/\/roxpublicidade.com.br\/waterlat\/01\/wp-content\/uploads\/2014\/10\/Corpoenea-300x242.jpg\" alt=\"Corpoenea\" width=\"112\" height=\"90\" \/><\/a><a href=\"https:\/\/roxpublicidade.com.br\/waterlat\/01\/wp-content\/uploads\/2014\/10\/ElPot.jpg\"><img loading=\"lazy\" decoding=\"async\" class=\"alignnone wp-image-1627\" src=\"https:\/\/roxpublicidade.com.br\/waterlat\/01\/wp-content\/uploads\/2014\/10\/ElPot.jpg\" alt=\"ElPot\" width=\"137\" height=\"89\" \/><\/a><a href=\"https:\/\/roxpublicidade.com.br\/waterlat\/01\/wp-content\/uploads\/2014\/10\/Museo-e1412954863213.jpg\"><img loading=\"lazy\" decoding=\"async\" class=\"alignnone wp-image-1628\" src=\"https:\/\/roxpublicidade.com.br\/waterlat\/01\/wp-content\/uploads\/2014\/10\/Museo-300x49.jpg\" alt=\"Museo\" width=\"221\" height=\"36\" \/><\/a><br \/>\n<strong>________________________________________________________________________________________________________________________________________<\/strong><\/p>\n<p>The meeting supported the Blue October Campaign against the control and commodification\u00a0of water by private corporations.<\/p>\n<p><a href=\"https:\/\/roxpublicidade.com.br\/waterlat\/01\/wp-content\/uploads\/2014\/06\/Octubre-Azul.jpg\"><img loading=\"lazy\" decoding=\"async\" class=\"alignnone wp-image-1381\" src=\"https:\/\/roxpublicidade.com.br\/waterlat\/01\/wp-content\/uploads\/2014\/06\/Octubre-Azul-300x151.jpg\" alt=\"Octubre Azul\" width=\"258\" height=\"130\" \/><\/a><\/p>\n<p><strong>________________________________________________________________________________________________________________________________________<\/strong><\/p>\n<p>You can contact our <a href=\"mailto:redwaterlat@gmail.com\">Secretary<\/a>\u00a0to request information about the meeting.<\/p>\n","protected":false},"excerpt":{"rendered":"<p>WATERLAT-GOBACIT VI International Meeting: &#8220;Water, violence and utopias in Latin America and the Caribbean. What are the priorities for egalitarian water politics?&#8221; University of Caldas, Manizales, Caldas, Colombia, 27-31 October 2014 &nbsp; Download the Programme (in Spanish) &nbsp; The VI Meeting of the Network published a Declaration with a number of statements of support and [&hellip;]<\/p>\n","protected":false},"author":1,"featured_media":0,"parent":41,"menu_order":0,"comment_status":"closed","ping_status":"open","template":"","meta":{"footnotes":""},"class_list":["post-342","page","type-page","status-publish","hentry"],"_links":{"self":[{"href":"https:\/\/roxpublicidade.com.br\/waterlat\/01\/wp-json\/wp\/v2\/pages\/342","targetHints":{"allow":["GET"]}}],"collection":[{"href":"https:\/\/roxpublicidade.com.br\/waterlat\/01\/wp-json\/wp\/v2\/pages"}],"about":[{"href":"https:\/\/roxpublicidade.com.br\/waterlat\/01\/wp-json\/wp\/v2\/types\/page"}],"author":[{"embeddable":true,"href":"https:\/\/roxpublicidade.com.br\/waterlat\/01\/wp-json\/wp\/v2\/users\/1"}],"replies":[{"embeddable":true,"href":"https:\/\/roxpublicidade.com.br\/waterlat\/01\/wp-json\/wp\/v2\/comments?post=342"}],"version-history":[{"count":1,"href":"https:\/\/roxpublicidade.com.br\/waterlat\/01\/wp-json\/wp\/v2\/pages\/342\/revisions"}],"predecessor-version":[{"id":12861,"href":"https:\/\/roxpublicidade.com.br\/waterlat\/01\/wp-json\/wp\/v2\/pages\/342\/revisions\/12861"}],"up":[{"embeddable":true,"href":"https:\/\/roxpublicidade.com.br\/waterlat\/01\/wp-json\/wp\/v2\/pages\/41"}],"wp:attachment":[{"href":"https:\/\/roxpublicidade.com.br\/waterlat\/01\/wp-json\/wp\/v2\/media?parent=342"}],"curies":[{"name":"wp","href":"https:\/\/api.w.org\/{rel}","templated":true}]}}