{"id":3398,"date":"2020-12-31T20:32:22","date_gmt":"2020-12-31T20:32:22","guid":{"rendered":"https:\/\/waterlat.org\/pt\/?page_id=3398"},"modified":"2020-12-31T20:32:22","modified_gmt":"2020-12-31T20:32:22","slug":"gestao-comunitaria","status":"publish","type":"page","link":"https:\/\/roxpublicidade.com.br\/waterlat\/01\/pt\/publicacoes\/livros\/gestao-comunitaria\/","title":{"rendered":"A Gest\u00e3o Comunit\u00e1ria da \u00c1gua. Um estudo atrav\u00e9s das mem\u00f3rias, a organiza\u00e7\u00e3o social e os valores (em espanhol)"},"content":{"rendered":"<style>\n.dw_pdf-full {<br \/>\n    background-color: rgba(251, 116, 116, 0);<br \/>\n    padding: 8px 20px;<br \/>\n    color: #b52335;<br \/>\n    text-decoration: none;<br \/>\n    border: 2px #b52335 solid;<br \/>\n    transition: 0.2s all;<br \/>\n    border-radius: 4px;<br \/>\n    font-weight: 600;<br \/>\nmargin:0px 5px;}<br \/>\n.dw_pdf-full:hover{background-color: #b52335; color:white;}<br \/>\n.dw_pdf-full i {font-size:25px; vertical-align: bottom; margin-right: 3px;}<br \/>\n<\/style>\n<p><a href=\"https:\/\/roxpublicidade.com.br\/waterlat\/01\/wp-content\/uploads\/2020\/12\/CoverBarranco-scaled.jpg\"><img loading=\"lazy\" decoding=\"async\" class=\"alignnone size-medium wp-image-2744\" src=\"https:\/\/roxpublicidade.com.br\/waterlat\/01\/wp-content\/uploads\/2020\/12\/CoverBarranco-scaled.jpg\" alt=\"\" width=\"207\" height=\"300\" \/><\/a><\/p>\n<h3><\/h3>\n<p>Alma Rosa Barranco Salazar, <u> A Gest\u00e3o Comunit\u00e1ria da \u00c1gua. Um estudo atrav\u00e9s das mem\u00f3rias, a organiza\u00e7\u00e3o social e os valores (em espanhol)<\/u>. ISBN: 978-987-86-8052-1 (E-book). DOI: 10.5281\/zenodo.4408295.<\/p>\n<p>Co-publicado em Newcastle upon Tyne, Reino Unido, Campina Grande, Para\u00edba, Brasil, Buenos Aires, Argentina, e Alcal\u00e1 de Henares, Espanha, pela Rede WATERLAT-GOBACIT, <a href=\"http:\/\/eduepb.uepb.edu.br\/\"> Editora da Universidade Estadual da Para\u00edba (EDUEPB)<\/a>, <a href=\"http:\/\/www.ciccus.org.ar\/\"> Ediciones CICCUS<\/a>, e <a href=\"https:\/\/ielat.com\">Instituto Universitario de Investigaci\u00f3n en Estudios Latinoamericanos (IELAT), Universidade de Alcal\u00e1<\/a>, 2020.<\/p>\n<p><i><a class=\"desar\" style=\"color: #9ad3f9;\" href=\"https:\/\/zenodo.org\/record\/4408295#invenio-csl\">Exportar Cita\u00e7\u00e3o<\/a><\/i><\/p>\n<p>Este livro \u00e9 um produto da <a href=\"https:\/\/roxpublicidade.com.br\/waterlat\/01\/es\/premio-waterlat-para-estudiantes\/premio-2018\/\"> Edi\u00e7\u00e3o 2018 do Pr\u00eamio de Estudantes (Mestrado)<\/a> da Rede WATERLAT-GOBACIT.<\/p>\n<h3>Baixar<\/h3>\n<p><a class=\"dw_pdf-full\" href=\"https:\/\/zenodo.org\/record\/4408295#.XiXTby3MxQI\" target=\"_blank\" rel=\"noopener noreferrer\"><i class=\"fa fa-file-pdf-o\" aria-hidden=\"true\"><\/i> PDF <\/a><\/p>\n","protected":false},"excerpt":{"rendered":"<p>Alma Rosa Barranco Salazar, A Gest\u00e3o Comunit\u00e1ria da \u00c1gua. Um estudo atrav\u00e9s das mem\u00f3rias, a organiza\u00e7\u00e3o social e os valores (em espanhol). ISBN: 978-987-86-8052-1 (E-book). DOI: 10.5281\/zenodo.4408295. Co-publicado em Newcastle upon Tyne, Reino Unido, Campina Grande, Para\u00edba, Brasil, Buenos Aires, Argentina, e Alcal\u00e1 de Henares, Espanha, pela Rede WATERLAT-GOBACIT, Editora da Universidade Estadual da Para\u00edba [&hellip;]<\/p>\n","protected":false},"author":1,"featured_media":0,"parent":22,"menu_order":0,"comment_status":"closed","ping_status":"closed","template":"page-templates\/full-width.php","meta":{"footnotes":""},"class_list":["post-3398","page","type-page","status-publish","hentry"],"_links":{"self":[{"href":"https:\/\/roxpublicidade.com.br\/waterlat\/01\/wp-json\/wp\/v2\/pages\/3398","targetHints":{"allow":["GET"]}}],"collection":[{"href":"https:\/\/roxpublicidade.com.br\/waterlat\/01\/wp-json\/wp\/v2\/pages"}],"about":[{"href":"https:\/\/roxpublicidade.com.br\/waterlat\/01\/wp-json\/wp\/v2\/types\/page"}],"author":[{"embeddable":true,"href":"https:\/\/roxpublicidade.com.br\/waterlat\/01\/wp-json\/wp\/v2\/users\/1"}],"replies":[{"embeddable":true,"href":"https:\/\/roxpublicidade.com.br\/waterlat\/01\/wp-json\/wp\/v2\/comments?post=3398"}],"version-history":[{"count":0,"href":"https:\/\/roxpublicidade.com.br\/waterlat\/01\/wp-json\/wp\/v2\/pages\/3398\/revisions"}],"up":[{"embeddable":true,"href":"https:\/\/roxpublicidade.com.br\/waterlat\/01\/wp-json\/wp\/v2\/pages\/22"}],"wp:attachment":[{"href":"https:\/\/roxpublicidade.com.br\/waterlat\/01\/wp-json\/wp\/v2\/media?parent=3398"}],"curies":[{"name":"wp","href":"https:\/\/api.w.org\/{rel}","templated":true}]}}