{"id":3361,"date":"2020-04-27T12:04:20","date_gmt":"2020-04-27T12:04:20","guid":{"rendered":"http:\/\/waterlat.org\/es\/?page_id=3361"},"modified":"2020-04-27T12:04:20","modified_gmt":"2020-04-27T12:04:20","slug":"vol-6-no-3","status":"publish","type":"page","link":"https:\/\/roxpublicidade.com.br\/waterlat\/01\/es\/working-papers-series-3\/volumen-6-2019\/vol-6-no-3\/","title":{"rendered":"Vol. 6 No 3"},"content":{"rendered":"<style>\n.entry-content img, .comment-content img, .widget img, img.header-image, .author-avatar img, img.wp-post-image {\nbox-shadow: none;\n}\n.box {\n  width: 40%;\n  margin: 0 auto;\n  background: rgba(255,255,255,0.2);\n  padding: 35px;\n  border: 2px solid #fff;\n  border-radius: 20px\/50px;\n  background-clip: padding-box;\n  text-align: center;\n}<\/p>\n<p>.pl_issn{text-align: right;    margin-bottom: 25px !important;font-size: 14px;display: inline;float: right;}\n.overlay {\n  position: fixed;\n  top: 0;\n  bottom: 0;\n  left: 0;\n  right: 0;\n  background: rgba(0, 0, 0, 0.7);\n  transition: opacity 500ms;\n  visibility: hidden;\n  opacity: 0;\n}\n.overlay:target {\n  visibility: visible;\n  opacity: 1;\n}<\/p>\n<p>.popup {\n  margin: 70px auto;\n  padding: 20px;\n  background: #fff;\n  border-radius: 5px;\n  width: 30%;\n  position: relative;\n  transition: all 5s ease-in-out;\n}<\/p>\n<p>.popup h2 {\n  margin-top: 0;\n  color: #333;\n  font-family: Tahoma, Arial, sans-serif;\n}\n.popup .close {\n  position: absolute;\n  top: 20px;\n  right: 30px;\n  transition: all 200ms;\n  font-size: 30px;\n  font-weight: bold;\n  text-decoration: none;\n  color: #333;\n}\n.popup .close:hover {\n  color: rgb(0, 66, 126);\n}\n.popup .content {\n  max-height: 30%;\n  overflow: auto;\n}<\/p>\n<p>@media screen and (max-width: 700px){\n  .box{\n    width: 70%;\n  }\n  .popup{\n    width: 70%;\n  }\n}\n.entry-content p {\nline-height: normal;\nmargin: 0;\n}<\/p>\n<p>.wp_cuaderno {display: inline-block; background-color: #ededed; box-shadow: 0 4px 8px 0 rgba(0, 0, 0, 0.2), 0 6px 20px 0 rgba(0, 0, 0, 0.19); padding: 20px 50px;}\n.wp_portada {float:left;}\n.wp_info{margin-left: 170px;}\np.titulo{font-size:18px;}\n.wp_info.desc{width: 90%; margin: 5px 0px;}\n.wp_info p {margin-bottom:3px;}\n.wp_info.serie{width: 360px;}\n.wp_info a {margin-top:8px;}<\/p>\n<p>.wp_descargas{clear: both; padding-top: 3px;}<\/p>\n<p>.dw_pdf {\n        background-color: rgba(251, 116, 116, 0);\n    padding: 8px 9px;\n    color: #b52335;\n    text-decoration: none;\n    border: 2px #b52335 solid;\n    transition: 0.2s all;\n    border-radius: 4px;\n    font-weight: 600;}\n.dw_pdf:hover{background-color: #b52335; color:white;}\n.dw_pdf i {font-size:25px; vertical-align: bottom; margin-right: 3px;}<\/p>\n<p>.dw_pdf-full {\n        background-color: rgba(251, 116, 116, 0);\n    padding: 8px 51px;\n    color: #b52335;\n    text-decoration: none;\n    border: 2px #b52335 solid;\n    transition: 0.2s all;\n    border-radius: 4px;\n    font-weight: 600;}\n.dw_pdf-full:hover{background-color: #b52335; color:white;}\n.dw_pdf-full i {font-size:25px; vertical-align: bottom; margin-right: 3px;}<\/p>\n<p>.dw_epub {background-color: rgba(251, 116, 116, 0);\n    padding: 8px 6px;\n    color: #0964bd;\n    text-decoration: none;\n    border: 2px #0964bd solid;\n    transition: 0.2s all;\n    border-radius: 4px;\n    margin-left: 5px;\n    font-weight: 600;}\n.dw_epub:hover{background-color: #0964bd; color:white;}\n.dw_epub i {font-size:25px; vertical-align: bottom; margin-right: 3px;}<\/p>\n<p>.wp_sec-art{padding-left: 50px; padding-top: 10px;}\n.wp_articulo{padding-top:40px;}\n.wp_articulo.tituloar{font-size:17px;}\na.desar {text-decoration: none; float:left; margin-right: 20px;}<\/p>\n<\/style>\n<p><!-- CUADERNO !--><\/p>\n<p class=\"pl_issn\">ISSN: (Impreso)<b> 2056-4856<\/b><br \/>\nISSN: (Online) <b>2056-4864<\/b><\/p>\n<div class=\"wp_cuaderno\">\n<p><!-- PORTADA !--><\/p>\n<div class=\"wp_portada\"><img decoding=\"async\" src=\"https:\/\/roxpublicidade.com.br\/waterlat\/01\/wp-content\/uploads\/2020\/04\/tapaAT763_Page_1.jpg\" width=\"158px \" \/><\/div>\n<p><!-- INFORMACION DERECHA !--><\/p>\n<div class=\"wp_info\">\n<p><!-- TITULO !--> <b><\/b><\/p>\n<p class=\"titulo\"><b>Vol. 6, No. 3<\/b><\/p>\n<p><!-- FECHA !--><\/p>\n<p>Septiembre de 2019<\/p>\n<p><!-- AUTOR !--><\/p>\n<p>Jos\u00e9 Esteban Castro (Editor)<\/p>\n<p><!-- DOI !--> <i><\/i><\/p>\n<p>DOI: 10.5281\/zenodo.3960187<\/p>\n<p><!-- DESCR !--><\/p>\n<p class=\"desc\"><b>Arte y comunicaci\u00f3n en las luchas contra la injusticia y la desigualdad relacionadas con el agua en Argentina, Brasil y M\u00e9xico<\/b><\/p>\n<p><!-- SERIE   <i>\n\n\n<p class=\"serie\">??? (serie)<\/p>\n\n\n<\/i>!--><br \/>\n<!-- CITA !--> <i><a class=\"desar\" style=\"color: #9ad3f9;\" href=\"https:\/\/zenodo.org\/record\/3960187#invenio-csl\">Exportar Cita<\/a><\/i><\/p>\n<\/div>\n<p><!-- DESCARGAS !--><\/p>\n<div class=\"wp_descargas\"><!-- PDF LINK !--> <a class=\"dw_pdf-full\" href=\"https:\/\/zenodo.org\/record\/3960187\" target=\"_blank\" rel=\"noopener noreferrer\"><i class=\"fa fa-file-pdf-o\" aria-hidden=\"true\"><\/i>PDF<\/a><br \/>\n<!-- PDF LINK  <a href=\"#\" class=\"dw_pdf\"><i class=\"fa fa-file-pdf-o\" aria-hidden=\"true\" fa-3x><\/i>PDF<\/a>\nEPUB LINK  <a href=\"#\" class=\"dw_epub\"><i class=\"fa fa-file-text-o\" aria-hidden=\"true\"><\/i>EPUB<\/a>!--><\/div>\n<\/div>\n<p><!-- SECCION ARTICULOS !--><\/p>\n<div style=\"margin-top: 30px;\">\n<h3 style=\"margin-bottom: 5px;\">Art\u00edculos<\/h3>\n<hr style=\"margin: 0;\" \/>\n<p><!-- ARTICULOS !--><\/p>\n<div class=\"wp_sec-art\">\n<p><!-- ARTICULO INDIVIDUAL !--><\/p>\n<div class=\"wp_articulo\">\n<!-- ARTICULO INDIVIDUAL !--><\/p>\n<div class=\"wp_articulo\">\n        <!-- TITULO !-->  <\/p>\n<p class=\"tituloar\"> <b>Cacerolas, baldes y canillas. La expresividad de la protesta social en los conflictos por el agua, p\u00e1gs. 7-49 <\/b><\/p>\n<p>        <!-- AUTOR  !-->  <\/p>\n<p> Ximena Irene Cabral  <\/p>\n<p>        <!-- DOI    !-->  <\/p>\n<p style=\"float:left;\">DOI: <\/p>\n<p>10.5281\/zenodo.3960213<\/p>\n<p>        <!-- PDF LINK  !-->  <a class=\"desar\"  href=\"https:\/\/zenodo.org\/record\/3960213\"><\/p>\n<p style=\"color:#ff5e73;\">PDF<\/p>\n<p><\/b><\/a><br \/>\n        <!-- EPUB LINK   <a class=\"desar\"  href=\"#\"><b>\n\n<p style=\"color:#3e99f9;\">EPUB<\/p>\n\n<\/b><\/a>!--><br \/>\n        <!-- CITA LINK !-->  <a class=\"desar\"  href=\"https:\/\/zenodo.org\/record\/3960213#invenio-csl\"><\/p>\n<p style=\"color:#9ad3f9;\">Exportar Cita<\/p>\n<p><\/a>\n<\/div>\n<p><!-- ARTICULO INDIVIDUAL !--><\/p>\n<div class=\"wp_articulo\">\n        <!-- TITULO !-->  <\/p>\n<p class=\"tituloar\"> <b>Redes sociales y TICs en un conflicto socioambiental precautorio. El caso del movimiento \u2018N\u00e3o \u00e0 fosfateira\u2019 en el Estado de Santa Catarina, Brasil, p\u00e1gs. 50-70 <\/b><\/p>\n<p>        <!-- AUTOR  !-->  <\/p>\n<p>Zenaida Luisa Lauda-Rodr\u00edguez <\/p>\n<p>        <!-- DOI    !-->  <\/p>\n<p style=\"float:left;\">DOI: <\/p>\n<p>10.5281\/zenodo.3960224<\/b><\/p>\n<p>        <!-- PDF LINK  !-->  <a class=\"desar\"  href=\"https:\/\/zenodo.org\/record\/3960224\"><\/p>\n<p style=\"color:#ff5e73;\">PDF<\/p>\n<p><\/b><\/a><br \/>\n        <!-- EPUB LINK   <a class=\"desar\"  href=\"#\"><b>\n\n<p style=\"color:#3e99f9;\">EPUB<\/p>\n\n<\/b><\/a>!--><br \/>\n        <!-- CITA LINK !-->  <a class=\"desar\"  href=\"https:\/\/zenodo.org\/record\/3960224#invenio-csl\"><\/p>\n<p style=\"color:#9ad3f9;\">Exportar Cita<\/p>\n<p><\/a>\n<\/div>\n<p><!-- ARTICULO INDIVIDUAL !--><\/p>\n<div class=\"wp_articulo\">\n        <!-- TITULO !-->  <\/p>\n<p class=\"tituloar\"> <b>La leyenda de Mu, p\u00e1gs. 71-117 <\/b><\/p>\n<p>        <!-- AUTOR  !-->  <\/p>\n<p>J. Carlos Dom\u00ednguez Virgen, con Raul E. Cabrera Amador y Julio Cesar L\u00f3pez <\/p>\n<p>        <!-- DOI    !-->  <\/p>\n<p style=\"float:left;\">DOI: <\/p>\n<p>10.5281\/zenodo.3960228<\/b><\/p>\n<p>        <!-- PDF LINK  !-->  <a class=\"desar\"  href=\"https:\/\/zenodo.org\/record\/3960228\"><\/p>\n<p style=\"color:#ff5e73;\">PDF<\/p>\n<p><\/b><\/a><br \/>\n        <!-- EPUB LINK   <a class=\"desar\"  href=\"#\"><b>\n\n<p style=\"color:#3e99f9;\">EPUB<\/p>\n\n<\/b><\/a>!--><br \/>\n        <!-- CITA LINK !-->  <a class=\"desar\"  href=\"https:\/\/zenodo.org\/record\/3960228#invenio-csl\"><\/p>\n<p style=\"color:#9ad3f9;\">Exportar Cita<\/p>\n<p><\/a>\n<\/div>\n<\/div>\n<\/div>\n<\/div>\n<style>\n.export-list{<br \/>   list-style-type: none;<br \/>   margin-top: 10px !important;<br \/>}<br \/>.export-list li {display:inline-block; margin: 0px 0px 0px 1.4rem;}<br \/>.export-list a {color: #2a8bb7; text-decoration: none; transition:0.2s all;}<br \/>.export-list a:hover{text-decoration:underline; transition:0.2s all;}<br \/><\/style>\n","protected":false},"excerpt":{"rendered":"<p>ISSN: (Impreso) 2056-4856 ISSN: (Online) 2056-4864 Vol. 6, No. 3 Septiembre de 2019 Jos\u00e9 Esteban Castro (Editor) DOI: 10.5281\/zenodo.3960187 Arte y comunicaci\u00f3n en las luchas contra la injusticia y la desigualdad relacionadas con el agua en Argentina, Brasil y M\u00e9xico Exportar Cita PDF Art\u00edculos Cacerolas, baldes y canillas. La expresividad de la protesta social en [&hellip;]<\/p>\n","protected":false},"author":1,"featured_media":0,"parent":3222,"menu_order":0,"comment_status":"closed","ping_status":"closed","template":"page-templates\/full-width.php","meta":{"footnotes":""},"class_list":["post-3361","page","type-page","status-publish","hentry"],"_links":{"self":[{"href":"https:\/\/roxpublicidade.com.br\/waterlat\/01\/wp-json\/wp\/v2\/pages\/3361","targetHints":{"allow":["GET"]}}],"collection":[{"href":"https:\/\/roxpublicidade.com.br\/waterlat\/01\/wp-json\/wp\/v2\/pages"}],"about":[{"href":"https:\/\/roxpublicidade.com.br\/waterlat\/01\/wp-json\/wp\/v2\/types\/page"}],"author":[{"embeddable":true,"href":"https:\/\/roxpublicidade.com.br\/waterlat\/01\/wp-json\/wp\/v2\/users\/1"}],"replies":[{"embeddable":true,"href":"https:\/\/roxpublicidade.com.br\/waterlat\/01\/wp-json\/wp\/v2\/comments?post=3361"}],"version-history":[{"count":0,"href":"https:\/\/roxpublicidade.com.br\/waterlat\/01\/wp-json\/wp\/v2\/pages\/3361\/revisions"}],"up":[{"embeddable":true,"href":"https:\/\/roxpublicidade.com.br\/waterlat\/01\/wp-json\/wp\/v2\/pages\/3222"}],"wp:attachment":[{"href":"https:\/\/roxpublicidade.com.br\/waterlat\/01\/wp-json\/wp\/v2\/media?parent=3361"}],"curies":[{"name":"wp","href":"https:\/\/api.w.org\/{rel}","templated":true}]}}