{"id":3119,"date":"2017-01-30T19:22:48","date_gmt":"2017-01-30T19:22:48","guid":{"rendered":"http:\/\/waterlat.org\/?page_id=3119"},"modified":"2025-12-11T15:13:41","modified_gmt":"2025-12-11T18:13:41","slug":"zikatecsoc","status":"publish","type":"page","link":"https:\/\/roxpublicidade.com.br\/waterlat\/01\/zikatecsoc\/","title":{"rendered":"ZIKATECSOC"},"content":{"rendered":"<h2>Social Technologies and Environmental Education for Vector Control of Arbovirosis: Promoting Health and Quality of Life in Paraiba&#8217;s Semiarid Region, Brazil (2016-2019)<\/h2>\n<p>ZIKATECSOC is a project of the WATERLAT-GOBACIT Network&#8217;s <a href=\"https:\/\/roxpublicidade.com.br\/waterlat\/01\/thematic-areas\/ta5\/\">Thematic Area 5, Water and Health<\/a>, with a strong contribution to the &#8220;education&#8221; section of <a href=\"https:\/\/roxpublicidade.com.br\/waterlat\/01\/thematic-areas\/ta7\/\">Thematic Area 7, Art, Communication, Culture, and Education<\/a>, and to <a href=\"https:\/\/roxpublicidade.com.br\/waterlat\/01\/thematic-areas\/ta3\/\">Thematic Area 3, Urban Water Cycle and Essential Public Services<\/a>.<\/p>\n<p>The project is funded by Brazil&#8217;s National Council of Scientific and Technological Development (CNPq), an agency of the Ministry of Science, Technology, Innovations and Communications (MCTIC), and by the Coordination for the Improvement of Higher Education Personnel (CAPES), a foundation of the Ministry of Education (MEC), Public Call (in Portuguese) <a href=\"http:\/\/cnpq.br\/chamadas-publicas?p_p_id=resultadosportlet_WAR_resultadoscnpqportlet_INSTANCE_0ZaM&amp;filtro=abertas&amp;detalha=chamadaDivulgada&amp;idDivulgacao=6762\">MCTIC\/FNDCT-CNPq\/ MEC-CAPES\/ MS-Decit \/ N\u00ba 14\/2016 &#8211; Prevention and Fight against the Zika virus. Thematic Section V \u2013 Development of social technologies and innovation in environmental and sanitary education<\/a>.<\/p>\n<p><span style=\"text-decoration: underline;\">Project&#8217;s photo gallery<\/span>:<br \/>\n<a title=\"ZIKATECSOC Project\" href=\"https:\/\/www.flickr.com\/photos\/125391306@N03\/albums\/72157684430253452\" data-flickr-embed=\"true\"><img loading=\"lazy\" decoding=\"async\" src=\"https:\/\/farm5.staticflickr.com\/4436\/36367432540_5a4d643e15_z.jpg\" alt=\"ZIKATECSOC Project\" width=\"640\" height=\"480\" \/><\/a><script async=\"\" src=\"\/\/embedr.flickr.com\/assets\/client-code.js\" charset=\"utf-8\"><\/script><\/p>\n<h3>Project Objectives<\/h3>\n<p><span style=\"text-decoration: underline;\">General Objective<\/span><\/p>\n<p>Promoting health and quality of life with innovative training actions (education for environmental citizenship), able to foster the interrelation education-health and the development of processes, techniques and technologies that can be socially appropriated and may contribute to enhance well being in the region.<\/p>\n<p><span style=\"text-decoration: underline;\">Specific Objectives<\/span><\/p>\n<p>Promoting the popularisation of techniques, technologies, and innovations of systems to collect, store, manage and supply rainwater, jointly with local communities, as a strategy to contribute towards water, food and sanitary security, eliminating the possibility of the proliferation of vectors of the Dengue, Zika and Chikungunya viruses in these systems;<\/p>\n<p>Promoting the popularisation of techniques, technologies and innovations of systems for the reuse of industrial and domestic wastewater, jointly with local communities, as a strategy to contribute towards forage processing and sanitary security, como estrat\u00e9gia de contribuir com a seguran\u00e7a forrageira e sanit\u00e1ria, eliminating the possibility of the proliferation of vectors of the Dengue, Zika and Chikungunya viruses in these systems;<\/p>\n<p>Supporting public policy interventions for water, food, forage, and sanitary security, jointly with local communities, through the implementation of demonstration units in schools, which will be composed of rainwater collection and management systems, wastewater reuse, and cultivation of species adapted to semi-arid conditions, adopting the methodological framework developed by the National Institute of the Semiarid (INSA) and the State University of Para\u00edba (UEPB);<\/p>\n<p>Delivering training courses for teachers and tutors in sanitary and agrifood education, for the continuing enhancement of local agents for the diffusion and innovation of processes to favour the interrelation between education and health, whether in relation to unfamiliar interventions, in the strengthening of municipal sanitation plans, solid waste management, and epidemiological control.<\/p>\n<h3>Research Team<\/h3>\n<p><span style=\"text-decoration: underline;\"><strong>Coordinator<\/strong><\/span><\/p>\n<p><strong>Cidoval Morais de Sousa<\/strong>, <a href=\"http:\/\/www.uepb.edu.br\">State University of Paraiba<\/a>, Paraiba, Brazil (UEPB)<\/p>\n<p><span style=\"text-decoration: underline;\">Researchers<\/span><\/p>\n<p><strong>Wellington Candeia de Araujo<\/strong>, <a href=\"http:\/\/www.uepb.edu.br\">State University of Paraiba<\/a><br \/>\n<strong>Antonio Roberto Faustino da Costa<\/strong>, <a href=\"http:\/\/www.uepb.edu.br\">State University of Paraiba<\/a><br \/>\n<strong>Celia Regina Diniz<\/strong>, <a href=\"http:\/\/www.uepb.edu.br\">State University of Paraiba<\/a><br \/>\n<strong>Beatriz Susana Ovruski de Ceballos<\/strong>, <a href=\"http:\/\/www.uepb.edu.br\">State University of Paraiba<\/a><br \/>\n<strong>Leonardo Bezerra de Melo Tinoco<\/strong>, <a href=\"http:\/\/www.uepb.edu.br\">Universidade Estadual da Para\u00edba<\/a><br \/>\n<strong>Jos\u00e9 Luciano Albino Barbosa<\/strong>, <a href=\"http:\/\/www.insa.gov.br\">National Institute of the Semiarid (INSA)<\/a>, Para\u00edba, Brasil<br \/>\n<strong>Shirley de Alves dos Santos<\/strong>, <a href=\"http:\/\/www.uepb.edu.br\">State University of Paraiba<\/a><br \/>\n<strong>Elida Barbosa Correa<\/strong>, <a href=\"http:\/\/www.uepb.edu.br\">State University of Paraiba<\/a><\/p>\n<p><span style=\"text-decoration: underline;\">Colaborators<\/span><\/p>\n<p><strong>Andr\u00e9 Monteiro Costa<\/strong>, <a href=\"http:\/\/www.cpqam.fiocruz.br\">Aggeu Magalh\u00e3es Research Centre (CPqAM), Oswaldo Cruz Foundation (FIOCRUZ)<\/a>, Pernambuco, Brazil<br \/>\n<strong>\u00c2ngela Maria Cavalcanti Ramalho<\/strong>, <a href=\"http:\/\/www.uepb.edu.br\">State University of Paraiba<\/a><br \/>\n<strong>Salom\u00e3o de Sousa Medeiros<\/strong>, <a href=\"http:\/\/www.insa.gov.br\">National Institute of the Semiarid (INSA)<\/a><br \/>\n<strong>Jos\u00e9 Irivaldo Alves de Oliveira Silva<\/strong>, <a href=\"http:\/\/www.ufcg.edu.br\/index1.php\">Federal University of Campina Grande (UFCG)<\/a>, Para\u00edba, Brazil<\/p>\n<p><span style=\"text-decoration: underline;\">International Colaborators<\/span><\/p>\n<p><strong>Jos\u00e9 Esteban Castro<\/strong>, Principal Researcher, <a href=\"http:\/\/www.conicet.gov.ar\">National Scientific and Technical Research Council (CONICET)<\/a>, Argentina, and Emeritus Professor, <a href=\"http:\/\/www.ncl.ac.uk\/gps\/staff\/profile\/estebancastro.html\">Newcastle University<\/a>, United Kingdom. Co-ordinator of the WATERLAT-GOBACIT Network.<\/p>\n<p>&nbsp;<\/p>\n<hr \/>\n<p>For additional information about the Project, contact <a href=\"mailto:cidoval@gmail.com\">the Co-ordinator<\/a>.<\/p>\n","protected":false},"excerpt":{"rendered":"<p>Social Technologies and Environmental Education for Vector Control of Arbovirosis: Promoting Health and Quality of Life in Paraiba&#8217;s Semiarid Region, Brazil (2016-2019) ZIKATECSOC is a project of the WATERLAT-GOBACIT Network&#8217;s Thematic Area 5, Water and Health, with a strong contribution to the &#8220;education&#8221; section of Thematic Area 7, Art, Communication, Culture, and Education, and to [&hellip;]<\/p>\n","protected":false},"author":1,"featured_media":0,"parent":0,"menu_order":0,"comment_status":"closed","ping_status":"closed","template":"","meta":{"footnotes":""},"class_list":["post-3119","page","type-page","status-publish","hentry"],"_links":{"self":[{"href":"https:\/\/roxpublicidade.com.br\/waterlat\/01\/wp-json\/wp\/v2\/pages\/3119","targetHints":{"allow":["GET"]}}],"collection":[{"href":"https:\/\/roxpublicidade.com.br\/waterlat\/01\/wp-json\/wp\/v2\/pages"}],"about":[{"href":"https:\/\/roxpublicidade.com.br\/waterlat\/01\/wp-json\/wp\/v2\/types\/page"}],"author":[{"embeddable":true,"href":"https:\/\/roxpublicidade.com.br\/waterlat\/01\/wp-json\/wp\/v2\/users\/1"}],"replies":[{"embeddable":true,"href":"https:\/\/roxpublicidade.com.br\/waterlat\/01\/wp-json\/wp\/v2\/comments?post=3119"}],"version-history":[{"count":1,"href":"https:\/\/roxpublicidade.com.br\/waterlat\/01\/wp-json\/wp\/v2\/pages\/3119\/revisions"}],"predecessor-version":[{"id":13115,"href":"https:\/\/roxpublicidade.com.br\/waterlat\/01\/wp-json\/wp\/v2\/pages\/3119\/revisions\/13115"}],"wp:attachment":[{"href":"https:\/\/roxpublicidade.com.br\/waterlat\/01\/wp-json\/wp\/v2\/media?parent=3119"}],"curies":[{"name":"wp","href":"https:\/\/api.w.org\/{rel}","templated":true}]}}