{"id":3096,"date":"2019-09-30T20:17:16","date_gmt":"2019-09-30T20:17:16","guid":{"rendered":"http:\/\/waterlat.org\/es\/?page_id=3096"},"modified":"2019-09-30T20:17:16","modified_gmt":"2019-09-30T20:17:16","slug":"territorialidades-del-agua","status":"publish","type":"page","link":"https:\/\/roxpublicidade.com.br\/waterlat\/01\/es\/publicaciones\/libros\/territorialidades-del-agua\/","title":{"rendered":"Territorialidades del agua. Conocimiento y acci\u00f3n para construir el futuro que queremos"},"content":{"rendered":"<style>\n.dw_pdf-full {\n    background-color: rgba(251, 116, 116, 0);\n    padding: 8px 20px;\n    color: #b52335;\n    text-decoration: none;\n    border: 2px #b52335 solid;\n    transition: 0.2s all;\n    border-radius: 4px;\n    font-weight: 600;\nmargin:0px 5px;}\n.dw_pdf-full:hover{background-color: #b52335; color:white;}\n.dw_pdf-full i {font-size:25px; vertical-align: bottom; margin-right: 3px;}\n<\/style>\n<p><\/br><br \/>\n<a href=\"https:\/\/roxpublicidade.com.br\/waterlat\/01\/wp-content\/uploads\/2020\/06\/TapaTerritorialidades.jpg\"><img loading=\"lazy\" decoding=\"async\" src=\"https:\/\/roxpublicidade.com.br\/waterlat\/01\/wp-content\/uploads\/2020\/06\/TapaTerritorialidades.jpg\" alt=\"\" width=\"207\" height=\"300\" class=\"alignnone size-medium wp-image-5293\" \/><\/a><\/p>\n<p> Jos\u00e9 Esteban Castro, Gustavo Kohan, Alice Poma, y Carlos Ruggerio (Eds.), <u> Territorialidades del Agua. Conocimiento y acci\u00f3n para construir el futuro que queremos <\/u>. Co-publicado en Newcastle upon Tyne, Reino Unido, Buenos Aires, Argentina, Guadalajara, M\u00e9xico y Alcal\u00e1 de Henares, Espa\u00f1a, por la Red WATERLAT-GOBACIT (DOI: 10.5281\/zenodo.3948431), <a href=\"http:\/\/www.ciccus.org.ar\/\"> Ediciones CICCUS (ISBN de Argentina: 978-987-693-801-3 [E-book]<\/a>, <a href=\"https:\/\/www.iteso.mx\"> Instituto Tecnol\u00f3gico de Estudios Superiores de Occidente (ITESO)<\/a> e <a href=\"https:\/\/ielat.com\">Instituto Universitario de Investigaci\u00f3n en Estudios Latinoamericanos (IELAT), Universidad de Alcal\u00e1<\/a>, [2019] 2a ed., 2020. <\/p>\n<p><i><a href=\"https:\/\/zenodo.org\/record\/3948431#invenio-csl\" class=\"desar\" style=\"color:#9ad3f9;\">Exportar Cita<\/a><\/i><br \/>\n<\/br><\/p>\n<p>&nbsp;<\/p>\n<h3>Descargar<\/h3>\n<p><a href=\"https:\/\/sandbox.zenodo.org\/record\/373411#.XZJW5S2ZNQI\" class=\"dw_pdf-full\" target=\"_blank\" rel=\"noopener noreferrer\"><i class=\"fa fa-file-pdf-o\" aria-hidden=\"true\" fa-3x><\/i> PDF <\/a><\/p>\n<p><a class=\"dw_pdf-full\" href=\"https:\/\/cutt.ly\/aincIUE\" target=\"_blank \" rel=\"noopener noreferrer\"><i class=\"fa fa-amazon\"><\/i>Amazon<\/a><\/p>\n<p><a class=\"dw_pdf-full\" href=\"https:\/\/books.apple.com\/us\/book\/territorialidades-del-agua-conocimiento-y-acci%C3%B3n-para\/id1520479133?ls=1\"><i class=\"fa fa-music\"><\/i>iTunes<\/a><\/p>\n<p><a class=\"dw_pdf-full\" href=\"https:\/\/cutt.ly\/ginczxC\" target=\"_blank\" rel=\"noopener noreferrer\"><i class=\"fa fa-google\"><\/i>Google Play<\/a><\/p>\n<h3>Presentaciones del libro<\/h3>\n<p><a href=\"https:\/\/roxpublicidade.com.br\/waterlat\/01\/es\/diseminacion\/podcasts\/\">Territorialidades del Agua, Podcast 3, Serie Voces por el Agua, Alex Caldera y Jos\u00e9 Esteban Castro con Anahit Aharonian, Claudia Piccini, y Mario Edgar L\u00f3pez Ram\u00edrez, DOI: 10.5072\/zenodo.417413.<\/a><\/p>\n<p><\/br><br \/>\n<\/br><br \/>\n<\/br><\/p>\n","protected":false},"excerpt":{"rendered":"<p>Jos\u00e9 Esteban Castro, Gustavo Kohan, Alice Poma, y Carlos Ruggerio (Eds.), Territorialidades del Agua. Conocimiento y acci\u00f3n para construir el futuro que queremos . Co-publicado en Newcastle upon Tyne, Reino Unido, Buenos Aires, Argentina, Guadalajara, M\u00e9xico y Alcal\u00e1 de Henares, Espa\u00f1a, por la Red WATERLAT-GOBACIT (DOI: 10.5281\/zenodo.3948431), Ediciones CICCUS (ISBN de Argentina: 978-987-693-801-3 [E-book], Instituto [&hellip;]<\/p>\n","protected":false},"author":1,"featured_media":0,"parent":12751,"menu_order":0,"comment_status":"closed","ping_status":"closed","template":"page-templates\/full-width.php","meta":{"footnotes":""},"class_list":["post-3096","page","type-page","status-publish","hentry"],"_links":{"self":[{"href":"https:\/\/roxpublicidade.com.br\/waterlat\/01\/wp-json\/wp\/v2\/pages\/3096","targetHints":{"allow":["GET"]}}],"collection":[{"href":"https:\/\/roxpublicidade.com.br\/waterlat\/01\/wp-json\/wp\/v2\/pages"}],"about":[{"href":"https:\/\/roxpublicidade.com.br\/waterlat\/01\/wp-json\/wp\/v2\/types\/page"}],"author":[{"embeddable":true,"href":"https:\/\/roxpublicidade.com.br\/waterlat\/01\/wp-json\/wp\/v2\/users\/1"}],"replies":[{"embeddable":true,"href":"https:\/\/roxpublicidade.com.br\/waterlat\/01\/wp-json\/wp\/v2\/comments?post=3096"}],"version-history":[{"count":0,"href":"https:\/\/roxpublicidade.com.br\/waterlat\/01\/wp-json\/wp\/v2\/pages\/3096\/revisions"}],"up":[{"embeddable":true,"href":"https:\/\/roxpublicidade.com.br\/waterlat\/01\/wp-json\/wp\/v2\/pages\/12751"}],"wp:attachment":[{"href":"https:\/\/roxpublicidade.com.br\/waterlat\/01\/wp-json\/wp\/v2\/media?parent=3096"}],"curies":[{"name":"wp","href":"https:\/\/api.w.org\/{rel}","templated":true}]}}