{"id":3061,"date":"2020-05-26T14:21:39","date_gmt":"2020-05-26T14:21:39","guid":{"rendered":"http:\/\/waterlat.org\/pt\/?page_id=3061"},"modified":"2020-05-26T14:21:39","modified_gmt":"2020-05-26T14:21:39","slug":"esgoto-do-progresso","status":"publish","type":"page","link":"https:\/\/roxpublicidade.com.br\/waterlat\/01\/pt\/publicacoes\/livros\/esgoto-do-progresso\/","title":{"rendered":"Esgoto do Progresso. Corpora\u00e7\u00f5es, corrup\u00e7\u00e3o institucionalizada e a luta pelo rio Santiago (em espanhol)"},"content":{"rendered":"<style>\n.dw_pdf-full {<br \/>\n    background-color: rgba(251, 116, 116, 0);<br \/>\n    padding: 8px 20px;<br \/>\n    color: #b52335;<br \/>\n    text-decoration: none;<br \/>\n    border: 2px #b52335 solid;<br \/>\n    transition: 0.2s all;<br \/>\n    border-radius: 4px;<br \/>\n    font-weight: 600;<br \/>\nmargin:0px 5px;}<br \/>\n.dw_pdf-full:hover{background-color: #b52335; color:white;}<br \/>\n.dw_pdf-full i {font-size:25px; vertical-align: bottom; margin-right: 3px;}<br \/>\n<\/style>\n<p><a href=\"https:\/\/roxpublicidade.com.br\/waterlat\/01\/wp-content\/uploads\/2020\/05\/Tapa-1.jpg\"><img loading=\"lazy\" decoding=\"async\" class=\"alignnone size-medium wp-image-2744\" src=\"https:\/\/roxpublicidade.com.br\/waterlat\/01\/wp-content\/uploads\/2020\/05\/Tapa-1.jpg\" alt=\"\" width=\"207\" height=\"300\" \/><\/a><\/p>\n<h3><\/h3>\n<p>Cindy McCulligh, <u> Esgoto do Progresso. Corpora\u00e7\u00f5es, corrup\u00e7\u00e3o institucionalizada e a luta pelo rio Santiago (em espanhol) <\/u>. ISBN: 978-987-864-564-3 (E-book). DOI: 10.5281\/zenodo.3948193.<\/p>\n<p>Co-publicado em Newcastle upon Tyne, Reino Unido, Campina Grande, Para\u00edba, Brasil, Buenos Aires, Argentina, e Alcal\u00e1 de Henares, Espanha, pela Rede WATERLAT-GOBACIT, <a href=\"http:\/\/eduepb.uepb.edu.br\/\"> Editora da Universidade Estadual da Para\u00edba (EDUEPB)<\/a>, <a href=\"http:\/\/www.ciccus.org.ar\/\"> Ediciones CICCUS<\/a>, e <a href=\"https:\/\/ielat.com\">Instituto Universitario de Investigaci\u00f3n en Estudios Latinoamericanos (IELAT), Universidade de Alcal\u00e1<\/a>, 2020.<\/p>\n<p><i><a class=\"desar\" style=\"color: #9ad3f9;\" href=\"https:\/\/zenodo.org\/record\/3948193#invenio-csl\">Exportar Cita\u00e7\u00e3o<\/a><\/i><\/p>\n<p>Este livro \u00e9 um produto da <a href=\"https:\/\/roxpublicidade.com.br\/waterlat\/01\/es\/premio-waterlat-para-estudiantes\/premio-2018\/\"> Edi\u00e7\u00e3o 2018 do Pr\u00eamio de Estudantes (Doutorado)<\/a> da Rede WATERLAT-GOBACIT.<\/p>\n<h3>Baixar<\/h3>\n<p><a class=\"dw_pdf-full\" href=\"https:\/\/zenodo.org\/record\/3948193#.XiXTby3MxQI\" target=\"_blank\" rel=\"noopener noreferrer\"><i class=\"fa fa-file-pdf-o\" aria-hidden=\"true\"><\/i> PDF <\/a><\/p>\n<p>&nbsp;<\/p>\n<h3>Apresenta\u00e7\u00f5es do livro<\/h3>\n<p><a href=\"https:\/\/roxpublicidade.com.br\/waterlat\/01\/pt\/comunicacao-publica\/podcasts\/\"> Esgoto do Progresso. Corpora\u00e7\u00f5es, corrup\u00e7\u00e3o institucionalizada e a luta pelo rio Santiago (em espanhol), Podcast 18, S\u00e9rie Vozes pela \u00c1gua, Alex Caldera e Jos\u00e9 Esteban Castro, com Cindy McCulligh, DOI: 10.5072\/zenodo. 639120.<\/a><\/p>\n","protected":false},"excerpt":{"rendered":"<p>Cindy McCulligh, Esgoto do Progresso. Corpora\u00e7\u00f5es, corrup\u00e7\u00e3o institucionalizada e a luta pelo rio Santiago (em espanhol) . ISBN: 978-987-864-564-3 (E-book). DOI: 10.5281\/zenodo.3948193. Co-publicado em Newcastle upon Tyne, Reino Unido, Campina Grande, Para\u00edba, Brasil, Buenos Aires, Argentina, e Alcal\u00e1 de Henares, Espanha, pela Rede WATERLAT-GOBACIT, Editora da Universidade Estadual da Para\u00edba (EDUEPB), Ediciones CICCUS, e Instituto [&hellip;]<\/p>\n","protected":false},"author":1,"featured_media":0,"parent":22,"menu_order":0,"comment_status":"closed","ping_status":"closed","template":"page-templates\/full-width.php","meta":{"footnotes":""},"class_list":["post-3061","page","type-page","status-publish","hentry"],"_links":{"self":[{"href":"https:\/\/roxpublicidade.com.br\/waterlat\/01\/wp-json\/wp\/v2\/pages\/3061","targetHints":{"allow":["GET"]}}],"collection":[{"href":"https:\/\/roxpublicidade.com.br\/waterlat\/01\/wp-json\/wp\/v2\/pages"}],"about":[{"href":"https:\/\/roxpublicidade.com.br\/waterlat\/01\/wp-json\/wp\/v2\/types\/page"}],"author":[{"embeddable":true,"href":"https:\/\/roxpublicidade.com.br\/waterlat\/01\/wp-json\/wp\/v2\/users\/1"}],"replies":[{"embeddable":true,"href":"https:\/\/roxpublicidade.com.br\/waterlat\/01\/wp-json\/wp\/v2\/comments?post=3061"}],"version-history":[{"count":0,"href":"https:\/\/roxpublicidade.com.br\/waterlat\/01\/wp-json\/wp\/v2\/pages\/3061\/revisions"}],"up":[{"embeddable":true,"href":"https:\/\/roxpublicidade.com.br\/waterlat\/01\/wp-json\/wp\/v2\/pages\/22"}],"wp:attachment":[{"href":"https:\/\/roxpublicidade.com.br\/waterlat\/01\/wp-json\/wp\/v2\/media?parent=3061"}],"curies":[{"name":"wp","href":"https:\/\/api.w.org\/{rel}","templated":true}]}}