{"id":3011,"date":"2020-04-14T15:38:23","date_gmt":"2020-04-14T15:38:23","guid":{"rendered":"http:\/\/waterlat.org\/pt\/?page_id=3011"},"modified":"2020-04-14T15:38:23","modified_gmt":"2020-04-14T15:38:23","slug":"dialogos-rio-textos","status":"publish","type":"page","link":"https:\/\/roxpublicidade.com.br\/waterlat\/01\/pt\/comunicacao-publica\/dialogos-rio-2020\/dialogos-rio-textos\/","title":{"rendered":"Di\u00e1logos Rio &#8211; Textos"},"content":{"rendered":"<p><a href=\"https:\/\/roxpublicidade.com.br\/waterlat\/01\/pt\/wp-content\/uploads\/sites\/3\/2020\/03\/escassez-de-\u00e1gua-no-rio-de-janeiro-4-2.jpg\"><img loading=\"lazy\" decoding=\"async\" class=\"aligncenter wp-image-2953\" src=\"https:\/\/roxpublicidade.com.br\/waterlat\/01\/pt\/wp-content\/uploads\/sites\/3\/2020\/03\/escassez-de-\u00e1gua-no-rio-de-janeiro-4-2-1024x1024.jpg\" alt=\"\" width=\"426\" height=\"426\" \/><\/a><\/p>\n<h3><\/h3>\n<p><!-- BEGIN PODCAST BLOCK --><\/p>\n<p><i> <strong>Os textos s\u00e3o organizados cronologicamente (em ordem inversa)<\/strong><\/i><\/p>\n<h3 style=\"margin: 0;\">Texto 2: <strong> Uma Pol\u00edtica de Escassez H\u00eddrica \u00e9 implementada no Rio de Janeiro <\/strong> <\/h3>\n<p><i><strong> J\u00falia Borges e Simonne Teixeira<\/strong>, Notas para os \u201cDi\u00e1logos sobre a Pol\u00edtica de Escassez H\u00eddrica no Rio de Janeiro\u201d No 1.<\/i><br \/>\n<i>DOI: 10.5072\/zenodo. 529619<\/i><br \/>\n<a href=\" https:\/\/roxpublicidade.com.br\/waterlat\/01\/pt\/wp-content\/uploads\/sites\/3\/2020\/04\/Uma-Pol\u00edtica-de-Escassez-H\u00eddrica-\u00e9-implementada-no-Rio-de-Janeiro-J\u00falia-Borges-Simonne-Teixeira-1.jpg\"><img loading=\"lazy\" decoding=\"async\" class=\"aligncenter size-medium wp-image-2957\" src=\" https:\/\/roxpublicidade.com.br\/waterlat\/01\/pt\/wp-content\/uploads\/sites\/3\/2020\/04\/Uma-Pol\u00edtica-de-Escassez-H\u00eddrica-\u00e9-implementada-no-Rio-de-Janeiro-J\u00falia-Borges-Simonne-Teixeira-1.jpg\" alt=\"\" width=\"300\" height=\"300\" \/><\/a><\/p>\n<blockquote><p> A popula\u00e7\u00e3o do Estado do Rio de Janeiro sofre com a falta de seguran\u00e7a h\u00eddrica e iniciou 2020 com a suspens\u00e3o das aulas de mais de 1.500 escolas por falta de \u00e1gua e mesmo em meio a pandemia do COVID-19 centenas de comunidades fluminenses n\u00e3o t\u00eam o fornecimento de \u00e1gua garantido. Tal cen\u00e1rio \u00e9 muitas vezes descrito como uma \u201ccrise da \u00e1gua\u201d dando ideia de algo moment\u00e2neo e passageiro. O presente texto discute que tal cen\u00e1rio \u00e9 em verdade resultado de uma pol\u00edtica de Estado deliberada, denominada aqui de \u201cPol\u00edtica de Escassez H\u00eddrica\u201d que n\u00e3o visa beneficiar a popula\u00e7\u00e3o e a deixa completamente vulner\u00e1vel. Ao fim do texto as autoras apresentam algumas propostas e convidam acad\u00eamicas (os) e ativistas a contribu\u00edrem com este di\u00e1logo para que se identifique os reais problemas no gerenciamento h\u00eddrico e se busque solu\u00e7\u00f5es.<\/p>\n<p style=\"text-align: center;\"><a href=\"https:\/\/sandbox.zenodo.org\/record\/529619\/files\/Nota%201.pdf?download=1\"><strong>Leia a Nota na \u00edntegra aqui<\/strong>. Boa leitura!<\/a><\/p>\n<\/blockquote>\n<hr style=\"background-color: cornflowerblue;\" \/>\n<h3 style=\"margin: 0;\">Texto 1: <strong> A inclus\u00e3o social garantida pela gest\u00e3o p\u00fablica do saneamento <\/strong><\/h3>\n<p><i><strong>Jos\u00e9 Esteban Castro, Simonne Teixeira e J\u00falia Borges<\/strong> <\/i><\/p>\n<p><a href=\"https:\/\/roxpublicidade.com.br\/waterlat\/01\/pt\/wp-content\/uploads\/sites\/3\/2020\/03\/entrevista-exclusiva-\u00e0-Assemae.jpg\"><img loading=\"lazy\" decoding=\"async\" class=\"aligncenter size-medium wp-image-2957\" src=\"https:\/\/roxpublicidade.com.br\/waterlat\/01\/pt\/wp-content\/uploads\/sites\/3\/2020\/03\/entrevista-exclusiva-\u00e0-Assemae-300x300.jpg\" alt=\"\" width=\"300\" height=\"300\" \/><\/a><\/p>\n<blockquote><p>No dia 23 de Setembro de 2015, a Associa\u00e7\u00e3o Nacional dos Servi\u00e7os Municipais de Saneamento (ASSEMAE) entrevistou o Coordenador da Rede internacional WATERLAT-GOBACIT, o professor Jos\u00e9 Esteban Castro, que destaca a import\u00e2ncia de entender os servi\u00e7os de saneamento b\u00e1sico como bens p\u00fablicos e como um direito, resistindo aos intentos de privatiza\u00e7\u00e3o e mercantiliza\u00e7\u00e3o destes servi\u00e7os aprendendo com as experi\u00eancias internacionais fracassadas que levaram muitas cidades,como Paris e Berlim, a reverter as privatiza\u00e7\u00f5es e devolver os servi\u00e7os a m\u00e3os p\u00fablicas.<\/p>\n<p style=\"text-align: center;\"><a href=\"http:\/\/app.assemae.org.br\/s\/?15062.322.750946.0.1.39713.9.212070483.0.10.0.0.157095.0.0.868bb\"><strong>Leia a entrevista na \u00edntegra aqui<\/strong>. Boa leitura!<\/a><\/p>\n<\/blockquote>\n<hr style=\"background-color: cornflowerblue;\" \/>\n<p><!-- END PODCAST BLOCK --><\/p>\n<h3><a href=\"https:\/\/roxpublicidade.com.br\/waterlat\/01\/pt\/comunicacao-publica\/dialogos-rio-2020\/\">Voltar \u00e0 P\u00e1gina Inicial dos Di\u00e1logos<\/a><\/h3>\n","protected":false},"excerpt":{"rendered":"<p>Os textos s\u00e3o organizados cronologicamente (em ordem inversa) Texto 2: Uma Pol\u00edtica de Escassez H\u00eddrica \u00e9 implementada no Rio de Janeiro J\u00falia Borges e Simonne Teixeira, Notas para os \u201cDi\u00e1logos sobre a Pol\u00edtica de Escassez H\u00eddrica no Rio de Janeiro\u201d No 1. DOI: 10.5072\/zenodo. 529619 A popula\u00e7\u00e3o do Estado do Rio de Janeiro sofre com [&hellip;]<\/p>\n","protected":false},"author":1,"featured_media":0,"parent":2952,"menu_order":0,"comment_status":"closed","ping_status":"closed","template":"page-templates\/full-width.php","meta":{"footnotes":""},"class_list":["post-3011","page","type-page","status-publish","hentry"],"_links":{"self":[{"href":"https:\/\/roxpublicidade.com.br\/waterlat\/01\/wp-json\/wp\/v2\/pages\/3011","targetHints":{"allow":["GET"]}}],"collection":[{"href":"https:\/\/roxpublicidade.com.br\/waterlat\/01\/wp-json\/wp\/v2\/pages"}],"about":[{"href":"https:\/\/roxpublicidade.com.br\/waterlat\/01\/wp-json\/wp\/v2\/types\/page"}],"author":[{"embeddable":true,"href":"https:\/\/roxpublicidade.com.br\/waterlat\/01\/wp-json\/wp\/v2\/users\/1"}],"replies":[{"embeddable":true,"href":"https:\/\/roxpublicidade.com.br\/waterlat\/01\/wp-json\/wp\/v2\/comments?post=3011"}],"version-history":[{"count":0,"href":"https:\/\/roxpublicidade.com.br\/waterlat\/01\/wp-json\/wp\/v2\/pages\/3011\/revisions"}],"up":[{"embeddable":true,"href":"https:\/\/roxpublicidade.com.br\/waterlat\/01\/wp-json\/wp\/v2\/pages\/2952"}],"wp:attachment":[{"href":"https:\/\/roxpublicidade.com.br\/waterlat\/01\/wp-json\/wp\/v2\/media?parent=3011"}],"curies":[{"name":"wp","href":"https:\/\/api.w.org\/{rel}","templated":true}]}}