{"id":3,"date":"2013-11-27T20:58:46","date_gmt":"2013-11-27T20:58:46","guid":{"rendered":"http:\/\/waterlat.org\/pt\/?page_id=3"},"modified":"2013-11-27T20:58:46","modified_gmt":"2013-11-27T20:58:46","slug":"about","status":"publish","type":"page","link":"https:\/\/roxpublicidade.com.br\/waterlat\/01\/pt\/about\/","title":{"rendered":"Hist\u00f3ria"},"content":{"rendered":"<h2>Bem-vindos \u00e0 WATERLAT-GOBACIT<\/h2>\n<p>WATERLAT-GOBACIT \u00e9 uma rede inter- e transdisciplinar de ensino, pesquisa e interven\u00e7\u00e3o pr\u00e1tica no campo da pol\u00edtica e da gest\u00e3o da \u00e1gua e dos servi\u00e7os baseados no uso da \u00e1gua. A Rede tem forte presencia em Am\u00e9rica Latina e Caribe, embora seu enfoque \u00e9 de car\u00e1ter global. A Rede re\u00fane as dimens\u00f5es cultural, ecol\u00f3gica, econ\u00f4mico-financeira, de sa\u00fade, de gest\u00e3o e operacional, institucional e de pol\u00edticas p\u00fablicas, e pol\u00edtica das quest\u00f5es relacionadas a \u00e1gua. Tem <a href=\"https:\/\/roxpublicidade.com.br\/waterlat\/01\/pt\/objectives.html\">objetivos<\/a> claros e <a href=\"https:\/\/roxpublicidade.com.br\/waterlat\/01\/pt\/Prioridades.html\">prioridades de pesquisa<\/a> orientadas a combater a injusti\u00e7a, a desigualdade e a indefensabilidade relacionadas com a \u00e1gua.<\/p>\n<p>WATERLAT-GOBACIT organiza um encontro anual com conferencias, mesas redondas, sess\u00f5es de papers, oficinas, discuss\u00f5es com o p\u00fablico, e atividades relacionadas. Tamb\u00e9m organizamos sess\u00f5es em eventos internacionais e encontros especiais sobre um rango de temas relevantes a nossos objetivos e prioridades (visite nossa p\u00e1gina de <a href=\" https:\/\/roxpublicidade.com.br\/waterlat\/01\/pt\/encontros\/encontros-abertos\/\">Encontros P\u00fablicos<\/a>).<\/p>\n<p>&nbsp;<\/p>\n<p>A Rede tem <a href=\" https:\/\/roxpublicidade.com.br\/waterlat\/01\/pt\/about\/areas-tematicas\/\">10 \u00c1reas Tem\u00e1ticas<\/a> sobre uma s\u00e9rie de temas relacionados com os interesses e campos de atividade de nossos membros e estudantes. Os resultados de nosso trabalho coletivo s\u00e3o apresentados em nossas p\u00e1ginas de <a href=\" https:\/\/roxpublicidade.com.br\/waterlat\/01\/pt\/projetos\/ \">Projetos<\/a> e <a href=\" https:\/\/roxpublicidade.com.br\/waterlat\/01\/pt\/publicacoes\/\">Publica\u00e7\u00f5es<\/a>. Visite tamb\u00e9m nossa p\u00e1gina de <a href=\"https:\/\/roxpublicidade.com.br\/waterlat\/01\/pt\/comunicacao-publica\/\">Comunica\u00e7\u00e3o P\u00fablica<\/a>, que inclui uma conex\u00e3o a nosso canal de video no YouTube e a nossas galerias de fotos no Flickr.<\/p>\n<p>A origem da Rede se remete ao in\u00edcio de 1990, quando um grupo de acad\u00eamicos e estudantes\u00a0latino-americanos\u00a0da <a href=\"http:\/\/www.flacso.edu.mx\/\">Faculdade Latino-Americana de Ci\u00eancias Sociais (FLACSO)<\/a>\u00a0sede M\u00e9xico, e do <a href=\"http:\/\/www.iigg.fsoc.uba.ar\/\">Instituto de Investiga\u00e7\u00e3o Gino Germani<\/a>, da Universidade de Buenos Aires, Argentina, participaram de projetos conjuntos de pesquisa, de interc\u00e2mbios acad\u00eamicos e de colabora\u00e7\u00e3o com especialistas de institui\u00e7\u00f5es nacionais e internacionais dedicados \u00e0 gest\u00e3o da \u00e1gua, como o <a href=\"http:\/\/www.imta.gob.mx\/\">Instituto Mexicano de Tecnologia da \u00c1gua (IMTA)<\/a>. O trabalho desses pesquisadores mais tarde foi consolidado e expandido atrav\u00e9s do estabelecimento de uma estreita intera\u00e7\u00e3o com colegas da Universidade de Oxford, que incluiu o desenvolvimento do projeto internacional de pesquisa <a href=\"https:\/\/roxpublicidade.com.br\/waterlat\/01\/pt\/projetos\/prinwass\/\">PRINWASS (2001-2004)<\/a>, que analisou criticamente a privatiza\u00e7\u00e3o dos servi\u00e7os de \u00e1gua e saneamento em nove pa\u00edses da \u00c1frica, Europa e Am\u00e9rica Latina.<\/p>\n<p>As rela\u00e7\u00f5es de colabora\u00e7\u00e3o estabelecidas no Projeto PRINWASS e outras atividades levaram a cria\u00e7\u00e3o da rede de pesquisas <a href=\"http:\/\/www.gobacit.org\/\">GOBACIT<\/a>, com membros na \u00c1frica, \u00c1sia, Europa, e Am\u00e9rica Latina e Caribe. No ano 2009 se recebeu financiamento do <a href=\"http:\/\/www.leverhulme.ac.uk\/\">Leverhulme Trust<\/a> para um projeto de 3 anos (2009-2011) que tinha o objetivo de consolidar e estender a rede em Am\u00e9rica Latina e Caribe. Nesse per\u00edodo criamos WATERLAT, a se\u00e7\u00e3o latino-americana e caribenha de GOBACIT. As atividades e resultados do per\u00edodo s\u00e3o apresentados nas distintas se\u00e7\u00f5es de nosso sitio de internet. Desde o ano 2012 nossas principais atividades s\u00e3o autofinanciadas, embora temos recebido apoios de universidades e outras institui\u00e7\u00f5es p\u00fablicas para a organiza\u00e7\u00e3o de nossas reuni\u00f5es. Agradecemos a estas institui\u00e7\u00f5es em nossa p\u00e1gina de <a href=\" https:\/\/roxpublicidade.com.br\/waterlat\/01\/pt\/apoios\/\">Apoios<\/a>.<\/p>\n<p>Hoje, a Rede tem acima de 350 <a href=\" https:\/\/roxpublicidade.com.br\/waterlat\/01\/pt\/equipe\/\">membros<\/a>, dos quais um ter\u00e7o s\u00e3o <a href=\"https:\/\/roxpublicidade.com.br\/waterlat\/01\/pt\/equipe\/estudantes\/\">estudantes<\/a>, a maioria de doutorado e mestrado e tamb\u00e9m alguns de gradua\u00e7\u00e3o. Alem de docentes, pesquisadores e estudantes com base em institui\u00e7\u00f5es acad\u00eamicas, nossos membros incluen especialistas e profissionais que trabalham em departamentos governamentais, operadores p\u00fablicos de servi\u00e7os de saneamento, Organiza\u00e7\u00f5es n\u00e3o Governamentais, etc., bem como representantes de movimentos sociais, grupos de usu\u00e1rios de \u00e1gua, organiza\u00e7\u00f5es sindicais, e outros atores sociais relevantes.<\/p>\n<p>Embora por diversas raz\u00f5es operacionais temos mantido separadas as redes GOBACIT e WATERLAT desde 2009, em 2014 temos decidido reintegr\u00e1-las com o nome de Rede WATERLAT-GOBACIT.<\/p>\n","protected":false},"excerpt":{"rendered":"<p>Bem-vindos \u00e0 WATERLAT-GOBACIT WATERLAT-GOBACIT \u00e9 uma rede inter- e transdisciplinar de ensino, pesquisa e interven\u00e7\u00e3o pr\u00e1tica no campo da pol\u00edtica e da gest\u00e3o da \u00e1gua e dos servi\u00e7os baseados no uso da \u00e1gua. A Rede tem forte presencia em Am\u00e9rica Latina e Caribe, embora seu enfoque \u00e9 de car\u00e1ter global. A Rede re\u00fane as dimens\u00f5es [&hellip;]<\/p>\n","protected":false},"author":1,"featured_media":0,"parent":0,"menu_order":0,"comment_status":"closed","ping_status":"open","template":"page-templates\/full-width.php","meta":{"footnotes":""},"class_list":["post-3","page","type-page","status-publish","hentry"],"_links":{"self":[{"href":"https:\/\/roxpublicidade.com.br\/waterlat\/01\/wp-json\/wp\/v2\/pages\/3","targetHints":{"allow":["GET"]}}],"collection":[{"href":"https:\/\/roxpublicidade.com.br\/waterlat\/01\/wp-json\/wp\/v2\/pages"}],"about":[{"href":"https:\/\/roxpublicidade.com.br\/waterlat\/01\/wp-json\/wp\/v2\/types\/page"}],"author":[{"embeddable":true,"href":"https:\/\/roxpublicidade.com.br\/waterlat\/01\/wp-json\/wp\/v2\/users\/1"}],"replies":[{"embeddable":true,"href":"https:\/\/roxpublicidade.com.br\/waterlat\/01\/wp-json\/wp\/v2\/comments?post=3"}],"version-history":[{"count":0,"href":"https:\/\/roxpublicidade.com.br\/waterlat\/01\/wp-json\/wp\/v2\/pages\/3\/revisions"}],"wp:attachment":[{"href":"https:\/\/roxpublicidade.com.br\/waterlat\/01\/wp-json\/wp\/v2\/media?parent=3"}],"curies":[{"name":"wp","href":"https:\/\/api.w.org\/{rel}","templated":true}]}}