{"id":2984,"date":"2018-11-01T15:04:46","date_gmt":"2018-11-01T15:04:46","guid":{"rendered":"http:\/\/waterlat.org\/es\/?page_id=2984"},"modified":"2018-11-01T15:04:46","modified_gmt":"2018-11-01T15:04:46","slug":"concurso-de-cortometrajes-2019","status":"publish","type":"page","link":"https:\/\/roxpublicidade.com.br\/waterlat\/01\/es\/concurso-de-cortometrajes\/concurso-de-cortometrajes-2019\/","title":{"rendered":"Concurso de Cortometrajes 2019"},"content":{"rendered":"<style>\n    a.desar {\n        text-decoration: none;\n        display: inline-block;\n        margin-right: 20px;\n    }\n<\/style>\n<h2>Concurso por el Premio<\/h2>\n<h3>Ganador<\/h3>\n<p><iframe loading=\"lazy\" width=\"560\" height=\"315\" src=\"https:\/\/www.youtube.com\/embed\/bNalJC8A3To\" frameborder=\"0\" allow=\"accelerometer; autoplay; encrypted-media; gyroscope; picture-in-picture\" allowfullscreen><\/iframe><br \/>\n<span> Elizabeth Restrepo Guti\u00e9rrez, Claudia Patricia Serna Cardona, Mar\u00eda \u00c1ngel Orozco Restrepo y Juan Camilo Gaviria Londo\u00f1o, Copacabana, Antioquia, Colombia.<\/span><br \/>\n<i>DOI: 10.5072\/zenodo.411019<\/i><br \/>\n<a class=\"desar\" href=\"https:\/\/sandbox.zenodo.org\/record\/411019#invenio-csl\"><\/p>\n<p style=\"color:#9ad3f9;\">Exportar Cita<\/p>\n<p><\/a><\/p>\n<p><\/p>\n<h3>Segundo Lugar, Menci\u00f3n<\/h3>\n<p><iframe loading=\"lazy\" width=\"560\" height=\"315\" src=\"https:\/\/www.youtube.com\/embed\/AxZyroTSygc\" frameborder=\"0\" allow=\"accelerometer; autoplay; encrypted-media; gyroscope; picture-in-picture\" allowfullscreen><\/iframe><br \/>\n<span> Soledad Fern\u00e1ndez Bouzo, Universidad de Buenos Aires, Argentina.<\/span><br \/>\n<i>DOI: 10.5072\/zenodo.412424<\/i><br \/>\n<a class=\"desar\" href=\"https:\/\/sandbox.zenodo.org\/record\/412424#invenio-csl\"><\/p>\n<p style=\"color:#9ad3f9;\">Exportar Cita<\/p>\n<p><\/a><\/p>\n<p><\/p>\n<h3>Tercer Lugar, Menci\u00f3n<\/h3>\n<p><iframe loading=\"lazy\" width=\"560\" height=\"315\" src=\"https:\/\/www.youtube.com\/embed\/BvkxwjdGN2I\" frameborder=\"0\" allow=\"accelerometer; autoplay; encrypted-media; gyroscope; picture-in-picture\" allowfullscreen><\/iframe><br \/>\n<span> Luis Borda, Massiel Cardozo, Roc\u00edo Bustamante, y Rudy Ledezma, Cochabamba, Bolivia <\/span><br \/>\n<i>DOI: 10.5072\/zenodo.411181<\/i><br \/>\n<a class=\"desar\" href=\"https:\/\/sandbox.zenodo.org\/record\/411181#invenio-csl\"><\/p>\n<p style=\"color:#9ad3f9;\">Exportar Cita<\/p>\n<p><\/a><\/p>\n<h2>Concurso por Menciones<\/h2>\n<p><span><i>De acuerdo con el Reglamento del Concurso este videos solamente pudo competir por una menci\u00f3n.<\/i><\/span><br \/>\n<\/p>\n<h3>Menci\u00f3n Especial<\/h3>\n<p><iframe loading=\"lazy\" width=\"560\" height=\"315\" src=\"https:\/\/www.youtube.com\/embed\/-go1ARz3KdI\" frameborder=\"0\" allow=\"accelerometer; autoplay; encrypted-media; gyroscope; picture-in-picture\" allowfullscreen><\/iframe><br \/>\n<span> lntan Karunia, Komunitas Kedung, Sruweng, Kebumen, Jawa Tengah, Indonesia.<br \/>\n<\/span><br \/>\n<i>DOI: 10.5072\/zenodo.411692<\/i><br \/>\n<a class=\"desar\" href=\"https:\/\/sandbox.zenodo.org\/record\/411692#invenio-csl\"><\/p>\n<p style=\"color:#9ad3f9;\">Exportar Cita<\/p>\n<p><\/a><\/p>\n<p><\/p>\n","protected":false},"excerpt":{"rendered":"<p>Concurso por el Premio Ganador Elizabeth Restrepo Guti\u00e9rrez, Claudia Patricia Serna Cardona, Mar\u00eda \u00c1ngel Orozco Restrepo y Juan Camilo Gaviria Londo\u00f1o, Copacabana, Antioquia, Colombia. DOI: 10.5072\/zenodo.411019 Exportar Cita Segundo Lugar, Menci\u00f3n Soledad Fern\u00e1ndez Bouzo, Universidad de Buenos Aires, Argentina. DOI: 10.5072\/zenodo.412424 Exportar Cita Tercer Lugar, Menci\u00f3n Luis Borda, Massiel Cardozo, Roc\u00edo Bustamante, y Rudy Ledezma, [&hellip;]<\/p>\n","protected":false},"author":1,"featured_media":0,"parent":2311,"menu_order":0,"comment_status":"closed","ping_status":"closed","template":"page-templates\/full-width.php","meta":{"footnotes":""},"class_list":["post-2984","page","type-page","status-publish","hentry"],"_links":{"self":[{"href":"https:\/\/roxpublicidade.com.br\/waterlat\/01\/wp-json\/wp\/v2\/pages\/2984","targetHints":{"allow":["GET"]}}],"collection":[{"href":"https:\/\/roxpublicidade.com.br\/waterlat\/01\/wp-json\/wp\/v2\/pages"}],"about":[{"href":"https:\/\/roxpublicidade.com.br\/waterlat\/01\/wp-json\/wp\/v2\/types\/page"}],"author":[{"embeddable":true,"href":"https:\/\/roxpublicidade.com.br\/waterlat\/01\/wp-json\/wp\/v2\/users\/1"}],"replies":[{"embeddable":true,"href":"https:\/\/roxpublicidade.com.br\/waterlat\/01\/wp-json\/wp\/v2\/comments?post=2984"}],"version-history":[{"count":0,"href":"https:\/\/roxpublicidade.com.br\/waterlat\/01\/wp-json\/wp\/v2\/pages\/2984\/revisions"}],"up":[{"embeddable":true,"href":"https:\/\/roxpublicidade.com.br\/waterlat\/01\/wp-json\/wp\/v2\/pages\/2311"}],"wp:attachment":[{"href":"https:\/\/roxpublicidade.com.br\/waterlat\/01\/wp-json\/wp\/v2\/media?parent=2984"}],"curies":[{"name":"wp","href":"https:\/\/api.w.org\/{rel}","templated":true}]}}