{"id":2915,"date":"2016-09-25T16:23:04","date_gmt":"2016-09-25T16:23:04","guid":{"rendered":"http:\/\/waterlat.org\/?page_id=2915"},"modified":"2025-12-11T11:52:49","modified_gmt":"2025-12-11T14:52:49","slug":"2016-17-short-video-competition","status":"publish","type":"page","link":"https:\/\/roxpublicidade.com.br\/waterlat\/01\/short-video-competition\/2016-17-short-video-competition\/","title":{"rendered":"2016-17 Short-video Competition"},"content":{"rendered":"<h3>First Prize<\/h3>\n<p><iframe loading=\"lazy\" src=\"https:\/\/www.youtube.com\/embed\/Wb5rmdPj_B4?list=PLx6qphzdSP6tWe7bXKU_v4vP8eg0ct7Pz\" width=\"560\" height=\"315\" frameborder=\"0\" allowfullscreen=\"allowfullscreen\"><\/iframe><br \/>\n<strong>Zacualpan. Nuestra vida, nuestra tierra (Zacualpan. Our live, our land), by David Flores Mag\u00f3n Guzm\u00e1n, Itzmalin Ben\u00edtez, Carlos Mireles, and Alejandro Navarro, Mexico, 2016.<\/strong><\/p>\n<h3>Special Mention<\/h3>\n<p><iframe loading=\"lazy\" src=\"https:\/\/www.youtube.com\/embed\/_UYdRypvtOg?list=PLx6qphzdSP6tWe7bXKU_v4vP8eg0ct7Pz\" width=\"560\" height=\"315\" frameborder=\"0\" allowfullscreen=\"allowfullscreen\"><\/iframe><br \/>\n<strong>Metamorfosis, by Javier Adri\u00e1n Arce Fern\u00e1ndez, Mexico, 2016.<\/strong><\/p>\n<hr \/>\n<h3>Full list of participating candidates<\/h3>\n<p><strong><a href=\"https:\/\/www.youtube.com\/playlist?list=PLx6qphzdSP6v9cqqLMKGe-yAS6aQ0S7B-\">All participating videos can be accessed in the 2016-17 Short-video Competition Playlist<\/a><\/strong><\/p>\n<p>&nbsp;<\/p>\n<p><strong>Zacualpan. Nuestra vida, nuestra tierra (Zacualpan. Our live, our land), by David Flores Mag\u00f3n Guzm\u00e1n, Itzmalin Ben\u00edtez, Carlos Mireles, and Alejandro Navarro, Mexico, 2016.<\/strong><\/p>\n<p><strong>Metamorfosis, by Javier Adri\u00e1n Arce Fern\u00e1ndez, Mexico, 2016.<\/strong><\/p>\n<p><strong>Sardinal: Agua y Lucha (Sardinal: Water and Struggle)<\/strong>, by Jose Arturo Silva Luca, Laura Mora Rodriguez, Jose Moreira Leon, and Natalia Zeledon Fontana, Costa Rica, 2016.<\/p>\n<p><strong>CHAPALA, las voces de un lago violentado (Chapala, the voices of a lake under violence)<\/strong>, by Fernando Melgoza Sep\u00falveda, Adriana Hern\u00e1ndez Garc\u00eda and Sergio Castellanos Sahag\u00fan, Mexico, 2016.<\/p>\n<hr \/>\n<p>&nbsp;<\/p>\n<p><strong><a href=\"https:\/\/roxpublicidade.com.br\/waterlat\/01\/meetings\/public-meetings\/waterlat-gobacit-viii-san-jose-2017\/2016-17-short-video-competition\/evaluation-commission-rules\/\">Visit here the 2016-17 Evaluation Commission and Competition Rules web page<\/a><\/strong><\/p>\n<p>&nbsp;<\/p>\n<hr \/>\n<p>For more details or to ask for clarification please send an e-mail to <a href=\"mailto:redwaterlat@gmail.com\">WATERLAT-GOBACIT Network\u2019s Secretariat<\/a>.<\/p>\n","protected":false},"excerpt":{"rendered":"<p>First Prize Zacualpan. Nuestra vida, nuestra tierra (Zacualpan. Our live, our land), by David Flores Mag\u00f3n Guzm\u00e1n, Itzmalin Ben\u00edtez, Carlos Mireles, and Alejandro Navarro, Mexico, 2016. Special Mention Metamorfosis, by Javier Adri\u00e1n Arce Fern\u00e1ndez, Mexico, 2016. Full list of participating candidates All participating videos can be accessed in the 2016-17 Short-video Competition Playlist &nbsp; Zacualpan. [&hellip;]<\/p>\n","protected":false},"author":1,"featured_media":0,"parent":3761,"menu_order":0,"comment_status":"closed","ping_status":"closed","template":"","meta":{"footnotes":""},"class_list":["post-2915","page","type-page","status-publish","hentry"],"_links":{"self":[{"href":"https:\/\/roxpublicidade.com.br\/waterlat\/01\/wp-json\/wp\/v2\/pages\/2915","targetHints":{"allow":["GET"]}}],"collection":[{"href":"https:\/\/roxpublicidade.com.br\/waterlat\/01\/wp-json\/wp\/v2\/pages"}],"about":[{"href":"https:\/\/roxpublicidade.com.br\/waterlat\/01\/wp-json\/wp\/v2\/types\/page"}],"author":[{"embeddable":true,"href":"https:\/\/roxpublicidade.com.br\/waterlat\/01\/wp-json\/wp\/v2\/users\/1"}],"replies":[{"embeddable":true,"href":"https:\/\/roxpublicidade.com.br\/waterlat\/01\/wp-json\/wp\/v2\/comments?post=2915"}],"version-history":[{"count":1,"href":"https:\/\/roxpublicidade.com.br\/waterlat\/01\/wp-json\/wp\/v2\/pages\/2915\/revisions"}],"predecessor-version":[{"id":12996,"href":"https:\/\/roxpublicidade.com.br\/waterlat\/01\/wp-json\/wp\/v2\/pages\/2915\/revisions\/12996"}],"up":[{"embeddable":true,"href":"https:\/\/roxpublicidade.com.br\/waterlat\/01\/wp-json\/wp\/v2\/pages\/3761"}],"wp:attachment":[{"href":"https:\/\/roxpublicidade.com.br\/waterlat\/01\/wp-json\/wp\/v2\/media?parent=2915"}],"curies":[{"name":"wp","href":"https:\/\/api.w.org\/{rel}","templated":true}]}}