{"id":2891,"date":"2018-05-23T02:22:38","date_gmt":"2018-05-23T02:22:38","guid":{"rendered":"http:\/\/waterlat.org\/es\/?page_id=2891"},"modified":"2018-05-23T02:22:38","modified_gmt":"2018-05-23T02:22:38","slug":"relaciones-fuerzas","status":"publish","type":"page","link":"https:\/\/roxpublicidade.com.br\/waterlat\/01\/es\/publicaciones\/libros\/relaciones-fuerzas\/","title":{"rendered":"Relaciones de Poder en la Gesti\u00f3n Comunitaria del Agua. El Territorio y lo Social como Fuerzas"},"content":{"rendered":"<style>\n.dw_pdf-full {\n    background-color: rgba(251, 116, 116, 0);\n    padding: 8px 20px;\n    color: #b52335;\n    text-decoration: none;\n    border: 2px #b52335 solid;\n    transition: 0.2s all;\n    border-radius: 4px;\n    font-weight: 600;\nmargin:0px 5px;}\n.dw_pdf-full:hover{background-color: #b52335; color:white;}\n.dw_pdf-full i {font-size:25px; vertical-align: bottom; margin-right: 3px;}\n<\/style>\n<p><a href=\"https:\/\/roxpublicidade.com.br\/waterlat\/01\/wp-content\/uploads\/2018\/05\/TapaDiazSantos.jpg\"><img loading=\"lazy\" decoding=\"async\" src=\"https:\/\/roxpublicidade.com.br\/waterlat\/01\/wp-content\/uploads\/2018\/05\/TapaDiazSantos-203x300.jpg\" alt=\"\" width=\"203\" height=\"300\" class=\"alignnone size-medium wp-image-4846\" srcset=\"https:\/\/roxpublicidade.com.br\/waterlat\/01\/wp-content\/uploads\/2018\/05\/TapaDiazSantos-203x300.jpg 203w, https:\/\/roxpublicidade.com.br\/waterlat\/01\/wp-content\/uploads\/2018\/05\/TapaDiazSantos-693x1024.jpg 693w, https:\/\/roxpublicidade.com.br\/waterlat\/01\/wp-content\/uploads\/2018\/05\/TapaDiazSantos-768x1135.jpg 768w, https:\/\/roxpublicidade.com.br\/waterlat\/01\/wp-content\/uploads\/2018\/05\/TapaDiazSantos-1040x1536.jpg 1040w, https:\/\/roxpublicidade.com.br\/waterlat\/01\/wp-content\/uploads\/2018\/05\/TapaDiazSantos-1386x2048.jpg 1386w, https:\/\/roxpublicidade.com.br\/waterlat\/01\/wp-content\/uploads\/2018\/05\/TapaDiazSantos-scaled.jpg 1733w\" sizes=\"auto, (max-width: 203px) 100vw, 203px\" \/><\/a><\/p>\n<p><span style=\"line-height: 1.714285714; font-size: 1rem;\"> Mar\u00eda Guadalupe D\u00edaz Santos, <\/span> <span style=\"text-decoration: underline;\"> Relaciones de Poder en la Gesti\u00f3n Comunitaria del Agua. El Territorio y lo Social como Fuerzas<\/span>, <span style=\"line-height: 1.714285714; font-size: 1rem;\"> ISBN (Impreso): 978-85-7879-390-6. ISBN (E-book): 978-85-7879-389-0. Campina Grande, Para\u00edba, Brasil: <\/span><a style=\"line-height: 1.714285714; font-size: 1rem;\" href=\" http:\/\/eduepb.uepb.edu.br\/e-books\/\"> Editora da Universidade Estadual da Para\u00edba (EDUEPB)<\/a><span style=\"line-height: 1.714285714; font-size: 1rem;\"> y Red WATERLAT-GOBACIT, 2018. DOI: 10.5281\/zenodo.3955038.<\/span><\/p>\n<h3><\/h3>\n<p><i><a href=\"https:\/\/zenodo.org\/record\/3955038#invenio-csl\" class=\"desar\" style=\"color:#9ad3f9;\">Exportar Cita<\/a><\/i><br \/>\n&nbsp;<\/p>\n<h3><\/h3>\n<p>Este libro es un producto de la <a href=\"https:\/\/roxpublicidade.com.br\/waterlat\/01\/es\/premio-waterlat-para-estudiantes\/premio-waterlat-gobacit-2015\/\">Edici\u00f3n 2015 del Premio de Estudiantes (Maestr\u00eda)<\/a> de la Red WATERLAT-GOBACIT.<\/p>\n<h3><\/h3>\n<p><\/br><\/p>\n<p><a href=\"https:\/\/zenodo.org\/record\/3955038#.XZJU-S2ZNQI\" class=\"dw_pdf-full\" target=\"_blank\" rel=\"noopener noreferrer\"><i class=\"fa fa-file-pdf-o\" aria-hidden=\"true\" fa-3x><\/i> Descargar aqui <\/a><\/p>\n","protected":false},"excerpt":{"rendered":"<p>Mar\u00eda Guadalupe D\u00edaz Santos, Relaciones de Poder en la Gesti\u00f3n Comunitaria del Agua. El Territorio y lo Social como Fuerzas, ISBN (Impreso): 978-85-7879-390-6. ISBN (E-book): 978-85-7879-389-0. Campina Grande, Para\u00edba, Brasil: Editora da Universidade Estadual da Para\u00edba (EDUEPB) y Red WATERLAT-GOBACIT, 2018. DOI: 10.5281\/zenodo.3955038. Exportar Cita &nbsp; Este libro es un producto de la Edici\u00f3n 2015 [&hellip;]<\/p>\n","protected":false},"author":1,"featured_media":0,"parent":12751,"menu_order":0,"comment_status":"closed","ping_status":"closed","template":"page-templates\/full-width.php","meta":{"footnotes":""},"class_list":["post-2891","page","type-page","status-publish","hentry"],"_links":{"self":[{"href":"https:\/\/roxpublicidade.com.br\/waterlat\/01\/wp-json\/wp\/v2\/pages\/2891","targetHints":{"allow":["GET"]}}],"collection":[{"href":"https:\/\/roxpublicidade.com.br\/waterlat\/01\/wp-json\/wp\/v2\/pages"}],"about":[{"href":"https:\/\/roxpublicidade.com.br\/waterlat\/01\/wp-json\/wp\/v2\/types\/page"}],"author":[{"embeddable":true,"href":"https:\/\/roxpublicidade.com.br\/waterlat\/01\/wp-json\/wp\/v2\/users\/1"}],"replies":[{"embeddable":true,"href":"https:\/\/roxpublicidade.com.br\/waterlat\/01\/wp-json\/wp\/v2\/comments?post=2891"}],"version-history":[{"count":0,"href":"https:\/\/roxpublicidade.com.br\/waterlat\/01\/wp-json\/wp\/v2\/pages\/2891\/revisions"}],"up":[{"embeddable":true,"href":"https:\/\/roxpublicidade.com.br\/waterlat\/01\/wp-json\/wp\/v2\/pages\/12751"}],"wp:attachment":[{"href":"https:\/\/roxpublicidade.com.br\/waterlat\/01\/wp-json\/wp\/v2\/media?parent=2891"}],"curies":[{"name":"wp","href":"https:\/\/api.w.org\/{rel}","templated":true}]}}