{"id":2775,"date":"2016-07-27T10:51:38","date_gmt":"2016-07-27T10:51:38","guid":{"rendered":"http:\/\/waterlat.org\/?page_id=2775"},"modified":"2025-12-01T16:29:20","modified_gmt":"2025-12-01T19:29:20","slug":"team","status":"publish","type":"page","link":"https:\/\/roxpublicidade.com.br\/waterlat\/01\/meetings\/public-meetings\/waterlat-gobacit-viii-san-jose-2017\/team\/","title":{"rendered":"Co-ordination and Programme Organization"},"content":{"rendered":"<p>&nbsp;<\/p>\n<h2>Local Coordination of the Meeting<\/h2>\n<p><strong>Luis Paulino Vargas Sol\u00eds<\/strong>, State Open University (UNED), San Jos\u00e9, Costa Rica<\/p>\n<p><strong>Rosibel V\u00edquez Abarca<\/strong>, State Open University (UNED), San Jos\u00e9, Costa Rica<\/p>\n<p><strong>Orlando Amar\u00eds Cervantes<\/strong>, State Open University (UNED), San Jos\u00e9, Costa Rica<\/p>\n<p><strong>Xinia Mar\u00eda Z\u00fa\u00f1iga Mu\u00f1oz<\/strong>, State Open University (UNED), San Jos\u00e9, Costa Rica<\/p>\n<p><strong>Eva Carazo<\/strong>, State Open University (UNED), San Jos\u00e9, Costa Rica<\/p>\n<p><strong>Andrey Pineda<\/strong>, State Open University (UNED), San Jos\u00e9, Costa Rica<\/p>\n<h2>Supporting Group to the Local Coordination of the Meeting<\/h2>\n<p><strong>Mauricio Alvarez<\/strong>, Universidad de Costa Rica (UCR), San Jos\u00e9, Costa Rica<\/p>\n<p><strong>Felipe Alp\u00edzar<\/strong>, Universidad de Costa Rica (UCR), San Jos\u00e9, Costa Rica<\/p>\n<p><strong>Andr\u00e9s Araya<\/strong>, Universidad Tecnol\u00f3gica Nacional (UTN), San Jos\u00e9, Costa Rica<\/p>\n<p><strong>Alejandro Le\u00f3n<\/strong>, Universidad de Costa Rica (UCR), San Jos\u00e9, Costa Rica<\/p>\n<p><strong>Rolando Mar\u00edn<\/strong>, Universidad Tecnol\u00f3gica Nacional (UTN), San Jos\u00e9, Costa Rica<\/p>\n<p><strong>Sylvia Jim\u00e9nez<\/strong>, Universidad Nacional de Costa Rica (UNA), San Jos\u00e9, Costa Rica<\/p>\n<p><strong>Luis Bonilla Bonilla<\/strong>, Universidad Estatal a Distancia (UNED), San Jos\u00e9, Costa Rica<\/p>\n<p><strong>Wagner Pe\u00f1a Cordero<\/strong>, Universidad Estatal a Distancia (UNED), San Jos\u00e9, Costa Rica<\/p>\n<p><strong>Catalina Vargas Meneses<\/strong>, Universidad Estatal a Distancia (UNED), San Jos\u00e9, Costa Rica<\/p>\n<p><strong>Bayron Barillas<\/strong>, Universidad Estatal a Distancia (UNED), San Jos\u00e9, Costa Rica<\/p>\n<p><strong>Sandra Salazar<\/strong>, Acueductos y Alcantarilados (AyA), San Jos\u00e9, Costa Rica<\/p>\n<p>&nbsp;<\/p>\n<h3>Technical Support for the Co-ordination<\/h3>\n<p><strong>Sebasti\u00e1n Fournier Artavia<\/strong>, Producer of Onda UNED, Communication Manager, State Open University (UNED), San Jose, Costa Rica<\/p>\n<p><strong>Eugenio Guerrero<\/strong>, Journalism and Communication, National Association of Costa Rica&#8217;s Public and Private Employees (ANEP), San Jos\u00e9, Costa Rica<\/p>\n<p><strong>Yariela Novo<\/strong>, Journalism and Communication, National Association of Costa Rica&#8217;s Public and Private Employees (ANEP), San Jos\u00e9, Costa Rica<\/p>\n<p><strong>Damiano Tagliavini<\/strong>, National Scientific and Technical Research Council (CONICET), Argentina<\/p>\n<p>&nbsp;<\/p>\n<h3>International counter-parts of the Co-ordination<\/h3>\n<p><strong>Oscar Rodriguez<\/strong>, Public Services International (PSI), San Jos\u00e9, Costa Rica<\/p>\n<p><strong>Albino Vargas<\/strong>, General Secretary, National Association of Costa Rica&#8217;s Public and Private Employees (ANEP), San Jos\u00e9, Costa Rica<\/p>\n<p>Rebeca C\u00e9spedes, National Association of Costa Rica&#8217;s Public and Private Employees (ANEP), San Jos\u00e9, Costa Rica<\/p>\n<p>Javier Bogantes, Latin American Water Tribunal, San Jos\u00e9, Costa Rica<\/p>\n<p><strong>Jaime Antonio Preciado Coronado<\/strong>, University of Guadalajara, Jalisco, Mexico. Co-ordinator, Research Network on Latin American and Caribbean Integration (REDIALC)<\/p>\n<p><strong>Mario Edgar L\u00f3pez Ram\u00edrez<\/strong>, Research Network on Latin American and Caribbean Integration (REDIALC), ITESO, The Jesuit University of Guadalajara, Tlaquepaque, Jalisco, Mexico<\/p>\n<p>&nbsp;<\/p>\n<h3>Advisors to the Co-ordination<\/h3>\n<p>The group of advisors is composed by the local coordinators of other meetings of the Network.<\/p>\n<p><strong>Pa\u00fal Cisneros<\/strong>, Institute of Higher National Studies (IAEN), Quito, Ecuador<\/p>\n<p><strong>Leandro del Moral<\/strong>, University of Seville, Seville, Spain<\/p>\n<p><strong>Gustavo Kohan<\/strong>, National University of General Sarmiento (UNGS), Buenos Aires, Argentina<\/p>\n<p><strong>Mario Edgar L\u00f3pez Ram\u00edrez<\/strong>, ITESO, The Jesuit University of Guadalajara, Tlaquepaque, Jalisco, Mexico<\/p>\n<p><strong>Jes\u00fas Ra\u00fal Navarro Garc\u00eda<\/strong>, School of Hispanic-American Studies (EEHA), Higher Council of Scientific Research (CSIC), Seville, Spain<\/p>\n<p><strong>Wagner Costa Ribeiro<\/strong>, University of Sao Paulo (USP), Sao Paulo, Brazil<\/p>\n<p><strong>David Saur\u00ed<\/strong>, Autonomous University of Barcelona (UAB), Barcelona, Spain<\/p>\n<p><strong>Mar\u00eda Luisa Torregrosa Armentia<\/strong>, Latin American Faculty of Social Sciences (FLACSO), Mexico City, Mexico<\/p>\n<p><strong>Javier Gonzaga Valencia Hern\u00e1ndez<\/strong>, University of Caldas, Manizales, Colombia<\/p>\n<p>&nbsp;<\/p>\n<h3>General Co-ordination<\/h3>\n<p><strong>Jos\u00e9 Esteban Castro<\/strong>, National Council for Scientific and Technical Research (CONICET), Coordinator of the WATERLAT-GOBACIT Network<\/p>\n<p><strong>Ana Sof\u00eda Mac\u00edas Ascanio<\/strong>, ITESO, The Jesuit University of Guadalajara, Tlaquepaque, Jalisco, Mexico, <a href=\"mailto:redwaterlat@gmail.com\">General Secretary<\/a>.<\/p>\n<hr \/>\n<p>&nbsp;<\/p>\n<h3>International Programme Commission<\/h3>\n<p>The International Programme Commission is composed by the coordinators of the WATERLAT-GOBACIT Network\u2019s Thematic Areas, and invited members, listed in alphabetical order.<\/p>\n<p><strong>Jos\u00e9 Esteban Castro<\/strong>, National Council for Scientific and Technical Research (CONICET), Argentina<\/p>\n<p><strong>Eliano de Souza Martins Freitas<\/strong>, Federal University of Minas Gerais (UFMG), Belo Horizonte, Brazil<\/p>\n<p><strong>Adriana Hern\u00e1ndez<\/strong>, University of Guadalajara (UdG), Ocotl\u00e1n, Jalisco, Mexico<\/p>\n<p><strong>Karina Kloster<\/strong>, Autonomous University of Mexico City (UAMC), Mexico City, Mexico<\/p>\n<p><strong>Alex Latta<\/strong>, Wilfrid Laurier University, Waterloo, Ontario, Canada<\/p>\n<p><strong>Mario Edgar L\u00f3pez Ram\u00edrez<\/strong>, ITESO, The Jesuit University of Guadalajara, Tlaquepaque, Jalisco, Mexico<\/p>\n<p><strong>Fabi\u00e1n Mendez<\/strong>, University of the Valley (UNIVALLE), Cali, Colombia<\/p>\n<p><strong>Andr\u00e9 Monteiro<\/strong>, Oswaldo Cruz Foundation (Fiocruz), Recife, Pernambuco, Brazil<\/p>\n<p><strong>Francisco Pe\u00f1a de Paz<\/strong>, El Colegio de San Luis (COLSAN), San Luis Potos\u00ed, Mexico<\/p>\n<p><strong>Miguel Pe\u00f1a Var\u00f3n<\/strong>, University of the Valley (UNIVALLE), Cali, Colombia<\/p>\n<p><strong>S\u00e9rgio Portella<\/strong>, Oswaldo Cruz Foundation (Fiocruz), Rio de Janeiro, Brazil<\/p>\n<p><strong>Nidia Pi\u00f1eyro<\/strong>, National University of the Northeast (UNNE), Resistencia, Chaco, Argentina<\/p>\n<p><strong>Wagner Costa Ribeiro<\/strong>, University of Sao Paulo (USP), Sao Paulo, Brazil<\/p>\n<p><strong>Edgar Talledos S\u00e1nchez<\/strong>, El Colegio de San Luis (COLSAN), San Luis Potos\u00ed, Mexico<\/p>\n<p><strong>Alicia Torres<\/strong>, University of Guadalajara (UdG), Guadalajara, Jalisco, Mexico<\/p>\n<p><strong>Alejandro Torres Abreu<\/strong>, Inter-American University, Recinto de Fajardo, Puerto Rico<\/p>\n<p>&nbsp;<\/p>\n<hr \/>\n<p>&nbsp;<\/p>\n<h3><a href=\"https:\/\/roxpublicidade.com.br\/waterlat\/01\/meetings\/public-meetings\/waterlat-gobacit-viii-san-jose-2017\/\">Return to the main page of the VIII International Meeting<\/a><\/h3>\n","protected":false},"excerpt":{"rendered":"<p>&nbsp; Local Coordination of the Meeting Luis Paulino Vargas Sol\u00eds, State Open University (UNED), San Jos\u00e9, Costa Rica Rosibel V\u00edquez Abarca, State Open University (UNED), San Jos\u00e9, Costa Rica Orlando Amar\u00eds Cervantes, State Open University (UNED), San Jos\u00e9, Costa Rica Xinia Mar\u00eda Z\u00fa\u00f1iga Mu\u00f1oz, State Open University (UNED), San Jos\u00e9, Costa Rica Eva Carazo, State [&hellip;]<\/p>\n","protected":false},"author":1,"featured_media":0,"parent":2208,"menu_order":0,"comment_status":"closed","ping_status":"closed","template":"","meta":{"footnotes":""},"class_list":["post-2775","page","type-page","status-publish","hentry"],"_links":{"self":[{"href":"https:\/\/roxpublicidade.com.br\/waterlat\/01\/wp-json\/wp\/v2\/pages\/2775","targetHints":{"allow":["GET"]}}],"collection":[{"href":"https:\/\/roxpublicidade.com.br\/waterlat\/01\/wp-json\/wp\/v2\/pages"}],"about":[{"href":"https:\/\/roxpublicidade.com.br\/waterlat\/01\/wp-json\/wp\/v2\/types\/page"}],"author":[{"embeddable":true,"href":"https:\/\/roxpublicidade.com.br\/waterlat\/01\/wp-json\/wp\/v2\/users\/1"}],"replies":[{"embeddable":true,"href":"https:\/\/roxpublicidade.com.br\/waterlat\/01\/wp-json\/wp\/v2\/comments?post=2775"}],"version-history":[{"count":1,"href":"https:\/\/roxpublicidade.com.br\/waterlat\/01\/wp-json\/wp\/v2\/pages\/2775\/revisions"}],"predecessor-version":[{"id":12864,"href":"https:\/\/roxpublicidade.com.br\/waterlat\/01\/wp-json\/wp\/v2\/pages\/2775\/revisions\/12864"}],"up":[{"embeddable":true,"href":"https:\/\/roxpublicidade.com.br\/waterlat\/01\/wp-json\/wp\/v2\/pages\/2208"}],"wp:attachment":[{"href":"https:\/\/roxpublicidade.com.br\/waterlat\/01\/wp-json\/wp\/v2\/media?parent=2775"}],"curies":[{"name":"wp","href":"https:\/\/api.w.org\/{rel}","templated":true}]}}