{"id":2731,"date":"2017-12-22T18:17:52","date_gmt":"2017-12-22T18:17:52","guid":{"rendered":"http:\/\/waterlat.org\/es\/?page_id=2731"},"modified":"2017-12-22T18:17:52","modified_gmt":"2017-12-22T18:17:52","slug":"at4","status":"publish","type":"page","link":"https:\/\/roxpublicidade.com.br\/waterlat\/01\/es\/areas-tematicas-2\/at4\/","title":{"rendered":"\u00c1rea Tem\u00e1tica 4 \u2013 Aguas Transfronterizas"},"content":{"rendered":"<h2>Presentaci\u00f3n<\/h2>\n<p>El principal prop\u00f3sito del AT4 es analizar las experiencias de gesti\u00f3n de las aguas transfronterizas, sus formas de cooperaci\u00f3n y, principalmente, las tensiones y conflictos que ellas pueden generar. Con el aumento cada vez mayor de demanda por agua, su acceso se torna foco de disputa. Esta situaci\u00f3n puede ocurrir en casos tanto de escasez cuanto de abundancia de agua. Por esta raz\u00f3n, el principal asunto a investigar en un conflicto por agua es la b\u00fasqueda por entender el uso que se pretende dar a ella. Cuando se trata de un cuerpo de agua, superficial o subterr\u00e1neo, en un \u00e1rea de frontera, la disputa gana peculiaridades importantes que merecen atenci\u00f3n.  El intercambio de experiencias entre investigadores de diversos pa\u00edses contribuye a la revisi\u00f3n de c\u00f3mo los Estados enfrentan el desaf\u00edo de gestionar los recursos h\u00eddricos transfronterizos y los conflictos generados por el uso compartido de estas aguas. No obstante, se observa tambi\u00e9n conflictos en el interior de los pa\u00edses, generando tensiones internas como resultando de la disputa por el uso de las aguas que dividen unidades administrativas regionales y locales. Por consiguiente, el AT4 no s\u00f3lo se dedica al estudio de conflictos y formas de cooperaci\u00f3n de los cuerpos de agua en zonas de frontera internacional, sino tambi\u00e9n los que se encuentran en zonas de fronteras internas. La creciente demanda por el agua y el progresivo deterioro de las reservas h\u00eddricas, sumados a las incertezas oriundas del fen\u00f3meno del cambio clim\u00e1tico, potencializan los conflictos h\u00eddricos existentes y fomentan nuevos conflictos, as\u00ed como la necesidad de crear iniciativas de cooperaci\u00f3n para su gerenciamiento. Los an\u00e1lisis de situaciones transfronterizas llevan a una necesaria articulaci\u00f3n en diversas escalas de gesti\u00f3n, incluyendo la internacional, que es pautada por la soberan\u00eda de los Estados, asimetr\u00edas de poder entre vecinos y la falta de ordenamientos jur\u00eddicos internacionales claros sobre los derechos de acceso al agua. El AT4 busca tambi\u00e9n estimular el debate te\u00f3rico y epistemol\u00f3gico para construir nuevas interpretaciones frente a situaciones complejas como las que envuelven el uso del agua transfronteriza. La expectativa es fomentar una discusi\u00f3n y proponer pr\u00e1cticas m\u00e1s solidarias y cooperativas en el acceso al agua en \u00e1reas de frontera, sean estas internacionales o internas dentro de un pa\u00eds. Nuestro esfuerzo est\u00e1 tambi\u00e9n enfocado en estimular investigaciones y colaboraciones con movimientos sociales localizados en \u00e1reas de frontera. Nos preocupan tanto en aquellas situaciones que ocurren en las fronteras entre pa\u00edses como en \u00e1reas de fronteras entre regiones o provincias dentro de los mismos. Nosotros tambi\u00e9n nos preocupamos por contribuir al desarrollo de nuevas epistemolog\u00edas que superen las nociones cl\u00e1sicas de la soberan\u00eda relacionadas con el estado-naci\u00f3n y que propongan nuevas nociones de soberan\u00eda compartida, fundada en la cooperaci\u00f3n y en principios como el consentimiento previo entre las partes en la gesti\u00f3n de aguas transfronterizas, estimulando una mayor participaci\u00f3n popular en la toma de decisiones de pol\u00edtica externa en esta \u00e1rea de actividad.   <\/p>\n<p>&nbsp;<\/p>\n<h3>Temas destacados que abordan los miembros del AT4:<\/h3>\n<ul>\n<li>An\u00e1lisis de arreglos institucionales para la gesti\u00f3n del agua transfronteriza (tratados, acuerdos o convenciones sobre el tema)<\/li>\n<li>Identificaci\u00f3n de situaciones de tensi\u00f3n y conflicto por el uso del agua en \u00e1reas de frontera<\/li>\n<li>B\u00fasqueda de soluciones a los conflictos transfronterizos<\/li>\n<li>Acompa\u00f1amiento de negociaciones entre partes que comparten aguas transfronterizas internacionales o nacionales<\/li>\n<li>Construcci\u00f3n de formas cooperativas para una distribuci\u00f3n equitativa de las aguas <\/li>\n<li>An\u00e1lisis de gesti\u00f3n multiescalar de la cuenca h\u00eddrica<\/li>\n<li>An\u00e1lisis y discusi\u00f3n de experiencias de gobernanza establecidas para la gesti\u00f3n del agua transfronteriza<\/li>\n<li>Identificaci\u00f3n de movimientos sociales en \u00e1reas de frontera, as\u00ed como de sus demandas y formas de uso del agua<\/li>\n<li>Construcci\u00f3n de una nueva epistemolog\u00eda para el uso de las aguas transfronterizas fundado en la superaci\u00f3n de la soberan\u00eda cl\u00e1sica en busca de una soberan\u00eda compartida o de un uso compartido de las aguas<\/li>\n<\/ul>\n<p>&nbsp;<\/p>\n<h2><a href=\"https:\/\/roxpublicidade.com.br\/waterlat\/01\/es\/areas-tematicas\/at4\/at4-cuadernos-de-trabajo\/\">Cuadernos de Trabajo del AT4<\/a><\/h2>\n<h2><a href=\" https:\/\/roxpublicidade.com.br\/waterlat\/01\/es\/areas-tematicas\/at4\/at4-galeria-multimedios\/\">Galer\u00eda multimedios del AT4<\/a><\/h2>\n<p>&nbsp;<\/p>\n<hr \/>\n","protected":false},"excerpt":{"rendered":"<p>Presentaci\u00f3n El principal prop\u00f3sito del AT4 es analizar las experiencias de gesti\u00f3n de las aguas transfronterizas, sus formas de cooperaci\u00f3n y, principalmente, las tensiones y conflictos que ellas pueden generar. Con el aumento cada vez mayor de demanda por agua, su acceso se torna foco de disputa. Esta situaci\u00f3n puede ocurrir en casos tanto de [&hellip;]<\/p>\n","protected":false},"author":1,"featured_media":0,"parent":12747,"menu_order":0,"comment_status":"closed","ping_status":"closed","template":"page-templates\/full-width.php","meta":{"footnotes":""},"class_list":["post-2731","page","type-page","status-publish","hentry"],"_links":{"self":[{"href":"https:\/\/roxpublicidade.com.br\/waterlat\/01\/wp-json\/wp\/v2\/pages\/2731","targetHints":{"allow":["GET"]}}],"collection":[{"href":"https:\/\/roxpublicidade.com.br\/waterlat\/01\/wp-json\/wp\/v2\/pages"}],"about":[{"href":"https:\/\/roxpublicidade.com.br\/waterlat\/01\/wp-json\/wp\/v2\/types\/page"}],"author":[{"embeddable":true,"href":"https:\/\/roxpublicidade.com.br\/waterlat\/01\/wp-json\/wp\/v2\/users\/1"}],"replies":[{"embeddable":true,"href":"https:\/\/roxpublicidade.com.br\/waterlat\/01\/wp-json\/wp\/v2\/comments?post=2731"}],"version-history":[{"count":0,"href":"https:\/\/roxpublicidade.com.br\/waterlat\/01\/wp-json\/wp\/v2\/pages\/2731\/revisions"}],"up":[{"embeddable":true,"href":"https:\/\/roxpublicidade.com.br\/waterlat\/01\/wp-json\/wp\/v2\/pages\/12747"}],"wp:attachment":[{"href":"https:\/\/roxpublicidade.com.br\/waterlat\/01\/wp-json\/wp\/v2\/media?parent=2731"}],"curies":[{"name":"wp","href":"https:\/\/api.w.org\/{rel}","templated":true}]}}