{"id":2687,"date":"2017-10-11T02:25:34","date_gmt":"2017-10-11T02:25:34","guid":{"rendered":"http:\/\/waterlat.org\/es\/?page_id=2687"},"modified":"2017-10-11T02:25:34","modified_gmt":"2017-10-11T02:25:34","slug":"concurso-de-cortometrajes-2017-18-reglas","status":"publish","type":"page","link":"https:\/\/roxpublicidade.com.br\/waterlat\/01\/es\/concurso-de-cortometrajes\/concurso-de-cortometrajes-2017-18\/concurso-de-cortometrajes-2017-18-reglas\/","title":{"rendered":"Concurso de Cortometrajes 2017-18 \u2013 Comisi\u00f3n de Evaluaci\u00f3n y Reglas del Concurso"},"content":{"rendered":"<style>\n    .themes {\n        margin-left: 15px;\n    }<\/p>\n<p>    .lista {\n        list-style: lower-latin !important;\n    }<\/p>\n<p>    .imageslogo img {\n        height: 315px;\n        float: left;\n        margin-right: 6px;\n    }<\/p>\n<p>    .imageslogo {\n        display: inline-block;\n        width: 100%;\n    }\n<\/style>\n<h2> Comisi\u00f3n de Evaluaci\u00f3n <\/h2>\n<p><span><b>Eliano de Souza Martins Freitas<\/b>, Universidad Federal de Minas Gerais (UFMG), Belo Horizonte, Brasil\u2028<\/span><br \/>\n<span><b>Mariana Reyes<\/b>, Universidad de Guadalajara, Jalisco, M\u00e9xico<\/span><br \/>\n<span><b>Rui Jacinto<\/b>, Universidad de Coimbra, Portugal<\/span><br \/>\n<span><b>Ximena Cabral<\/b>, Universidad Nacional de C\u00f3rdoba, Argentina<\/span><br \/>\n<span><b>Andr\u00e9s Villa Aldaco<\/b>, ITESO, la Universidad Jesuita de Guadalajara, Guadalajara, M\u00e9xico<\/span><\/p>\n<h2> Asesor\u00eda al Equipo del Concurso <\/h2>\n<p><span><b>Susana Herrera Lima<\/b>, ITESO, la Universidad Jesuita de Guadalajara, Guadalajara, M\u00e9xico\u2028<\/span><br \/>\n<span><b>Cidoval Morais de Sousa<\/b>, Universidad Estatal de Para\u00edba (UEPB), Campina Grande, Para\u00edba, Brasil<\/span><\/p>\n<h2>Reglas del Concurso<\/h2>\n<p><strong>1. Participantes<\/strong> <\/p>\n<p>La participaci\u00f3n es abierta tanto a profesionales como a iniciantes, sin l\u00edmite de edad, pa\u00eds, o lenguaje.\n<\/p>\n<p><\/p>\n<p><strong>2. Lenguaje<\/strong> <\/p>\n<p>Los lenguajes oficiales de la Red WATERLAT-GOBACIT son el espa\u00f1ol, el ingl\u00e9s y el portugu\u00e9s. En casos de videos cuya versi\u00f3n<br \/>\n    original sea realizada en otro lenguaje, deber\u00e1 incluirse una traducci\u00f3n en subt\u00edtulos a cualquiera de los tres (3) lenguajes<br \/>\n    oficiales de la Red.<\/p>\n<p><\/p>\n<p><strong>3. Duraci\u00f3n<\/strong><\/p>\n<p>Los videos tendr\u00e1n una <b><i>duraci\u00f3n m\u00e1xima de 15 minutos.<\/i><\/b><\/p>\n<p><\/p>\n<p><strong>4. Temas<\/strong><\/p>\n<p>El Concurso propone tres (3) temas a ser abordados por los videos. Es posible que los videos aborden simult\u00e1neamente m\u00e1s<br \/>\n    de un tema, pero uno de los tres temas propuestos debe recibir prioridad.<\/p>\n<div class=\"themes\">\n    <strong>Tema 1<\/strong><br \/> Es el tema general de la IX Reuni\u00f3n de la Red: Agua, derechos y utop\u00edas: prioridades en el<br \/>\n    proceso de democratizaci\u00f3n de la pol\u00edtica del agua..<\/p>\n<p>    <strong>Tema 2<\/strong><br \/> El segundo tema es Agua y salud, que es el objeto del<br \/>\n    <a href=\"https:\/\/roxpublicidade.com.br\/waterlat\/01\/es\/areas-tematicas\/at5\/\">\u00c1rea Tem\u00e1tica 5 de la Red.<\/a>.<\/p>\n<p>    <strong>Tema 3<\/strong>. El tercer tema es El derecho al agua en regiones semi\u00e1ridas.\n<\/div>\n<p><strong>5. Categorias<\/strong><br \/> Los videos podr\u00e1n competir en las siguientes categor\u00edas:<\/p>\n<ul class=\"lista\">\n<li> Animaci\u00f3n<\/li>\n<li> Documental<\/li>\n<li> Entrevista<\/li>\n<li> Ficci\u00f3n <\/li>\n<li> Categor\u00eda abierta (puede ser una fusi\u00f3n de categor\u00edas, puede incluir materiales educativos, investigaci\u00f3n period\u00edstica,<br \/>\n        etc.)\n    <\/li>\n<\/ul>\n<p><\/p>\n<p><strong>6. Criterios<\/strong> <\/p>\n<ul>\n<li>Contribuci\u00f3n a los <a href=\"https:\/\/roxpublicidade.com.br\/waterlat\/01\/es\/comienzo\/objetivos\/\">objetivos <\/a>y<br \/>\n        <a href=\"https:\/\/roxpublicidade.com.br\/waterlat\/01\/es\/comienzo\/prioridades-de-investigacion\/\">prioridades de investigaci\u00f3n<\/a>.\n    <\/li>\n<li>Consistencia con el tema abordado (punto 4)\n    <\/li>\n<li>Pertinencia con la categor\u00eda a la que se presenta (punto 5)\n    <\/li>\n<li>Solidez conceptual\n    <\/li>\n<li>Claridad en el mensaje\n    <\/li>\n<li>Calidad de la producci\u00f3n\n    <\/li>\n<li>Est\u00e9tica visual\n    <\/li>\n<li>Foco y amplitud del mensaje (especificaci\u00f3n del p\u00fablico o p\u00fablicos a que apela, etc.)\n<\/ul>\n<p><strong>7. Formato<\/strong>. <\/p>\n<p>Medio digital en alguno de los siguientes formatos: .MOV; .MPEG4; .AVI; .WMV; .MPEGPS; .FLV; .3GPP; .WebM<\/p>\n<p><strong>8. Presentaci\u00f3n<\/strong><\/p>\n<p>Las personas interesadas en participar en el Concurso deber\u00e1n enviar un mensaje electr\u00f3nico a la <a href=\"mailto:redwaterlat@gmail.com\">Secretar\u00eda de la Red WATERLAT-GOBACIT<\/a>,<br \/>\n    con la siguiente informaci\u00f3n: <\/p>\n<ul class=\"lista\">\n<li> Nombre completo del\/la\/los autor\/a\/es de la obra\n    <\/li>\n<li> Nombre completo de la persona de contacto\n    <\/li>\n<li> Datos completos (direcci\u00f3n, ciudad, pa\u00eds, tel\u00e9fono, e-mail) de la persona de contacto\n    <\/li>\n<li> T\u00edtulo, categor\u00eda, y fecha de producci\u00f3n del video propuesto\n    <\/li>\n<li> Indicaci\u00f3n de si el video ha sido sometido a evaluaci\u00f3n en otros concursos\n    <\/li>\n<li> Indicaci\u00f3n de si el video ha sido premiado en otros concursos\n    <\/li>\n<li> Importante: En el caso de videos producidos antes del 30 de septiembre de 2017 y de videos previamente premiados, los<br \/>\n        mismos no podr\u00e1n participar en el concurso principal, pero concursar\u00e1n por una menci\u00f3n honor\u00edfica.\n    <\/li>\n<li> Breve resumen del tema cubierto por el video y una ficha t\u00e9cnica que incluya idioma, duraci\u00f3n, formato, etc.\n    <\/li>\n<li> Declaraci\u00f3n de autor\u00eda. Al presentar su video al concurso el\/la\/los\/las autor\/e\/as autom\u00e1ticamente declaran que son autores<br \/>\n        del trabajo y que no existe ning\u00fan elemento sujeto a derechos de propiedad de terceros. La Red WATERLAT-GOBACIT se<br \/>\n        reserva el derecho de descalificar a aquellos videos que no cumplan con este aspecto, en cualquier momento de la<br \/>\n        competencia, incluyendo si con posterioridad a la decisi\u00f3n final se llegara a identificar alguna anomal\u00eda con respecto<br \/>\n        a los derechos de autor\u00eda. El\/la\/los autor\/a\/es de la obra se responsabilizan por cualquier problema causado por<br \/>\n        violaciones del derecho de autor en sus videos.\n    <\/li>\n<li> Una vez recibido este documento se acordar\u00e1 con los autores el m\u00e9todo m\u00e1s efectivo en cada caso para transferir el archivo<br \/>\n        del video online.\n<\/ul>\n<p><\/p>\n<p><strong>9. Fecha de cierre<\/strong> <\/p>\n<p> La recepci\u00f3n de videos para el Concurso cerr\u00f3 el d\u00eda <b>16 de Julio de 2018.<\/b><\/p>\n<p><strong>10. Derechos de difusi\u00f3n<\/strong><\/p>\n<p>La Red WATERLAT-GOBACIT se reserva el derecho de utilizar los videos presentados al concurso en sus actividades educativas,<br \/>\n    de investigaci\u00f3n y de debate p\u00fablico, y en toda otra actividad normal de la red. Todas las actividades de la Red son<br \/>\n    sin fines de lucro. Esto no infringe el derecho de los autores al reconocimiento de su trabajo. La Red WATERLAT-GOBACIT<br \/>\n    utiliza la licencia de Creative Commons \u2013 Attribution y publica sus videos en su <a href=\"https:\/\/www.youtube.com\/user\/Waterlat\/featured\">Canal de Youtube<\/a>.<br \/>\n    Igualmente los materiales podr\u00e1n ser usados con fines de promoci\u00f3n exclusivamente de este concurso.<\/p>\n<p><strong>11. Proceso de evaluaci\u00f3n y premiaci\u00f3n<\/strong><\/p>\n<p>\nLa comunicaci\u00f3n oficial y p\u00fablica del resultado del concurso se hizo durante la\u00a0<a href=\"https:\/\/roxpublicidade.com.br\/waterlat\/01\/es\/encuentros\/public-meetings\/waterlat-gobacit-ix-joao-pessoa-2018\/\">IX Reuni\u00f3n Internacional de la Red<\/a>, que tuvo lugar del 3 al 7 de septiembre de 2018 en la ciudad de Jo\u00e3o Pessoa, Para\u00edba, Brasil.\n<\/p>\n<hr \/>\n<p>Para mayores detalles o esclarecer dudas, enviar un mensaje electr\u00f3nico a la <a href=\"mailto:redwaterlat@gmail.com\">Secretar\u00eda de de la Red<\/a>.<\/p>\n","protected":false},"excerpt":{"rendered":"<p>Comisi\u00f3n de Evaluaci\u00f3n Eliano de Souza Martins Freitas, Universidad Federal de Minas Gerais (UFMG), Belo Horizonte, Brasil\u2028 Mariana Reyes, Universidad de Guadalajara, Jalisco, M\u00e9xico Rui Jacinto, Universidad de Coimbra, Portugal Ximena Cabral, Universidad Nacional de C\u00f3rdoba, Argentina Andr\u00e9s Villa Aldaco, ITESO, la Universidad Jesuita de Guadalajara, Guadalajara, M\u00e9xico Asesor\u00eda al Equipo del Concurso Susana Herrera [&hellip;]<\/p>\n","protected":false},"author":1,"featured_media":0,"parent":2934,"menu_order":0,"comment_status":"closed","ping_status":"closed","template":"page-templates\/full-width.php","meta":{"footnotes":""},"class_list":["post-2687","page","type-page","status-publish","hentry"],"_links":{"self":[{"href":"https:\/\/roxpublicidade.com.br\/waterlat\/01\/wp-json\/wp\/v2\/pages\/2687","targetHints":{"allow":["GET"]}}],"collection":[{"href":"https:\/\/roxpublicidade.com.br\/waterlat\/01\/wp-json\/wp\/v2\/pages"}],"about":[{"href":"https:\/\/roxpublicidade.com.br\/waterlat\/01\/wp-json\/wp\/v2\/types\/page"}],"author":[{"embeddable":true,"href":"https:\/\/roxpublicidade.com.br\/waterlat\/01\/wp-json\/wp\/v2\/users\/1"}],"replies":[{"embeddable":true,"href":"https:\/\/roxpublicidade.com.br\/waterlat\/01\/wp-json\/wp\/v2\/comments?post=2687"}],"version-history":[{"count":0,"href":"https:\/\/roxpublicidade.com.br\/waterlat\/01\/wp-json\/wp\/v2\/pages\/2687\/revisions"}],"up":[{"embeddable":true,"href":"https:\/\/roxpublicidade.com.br\/waterlat\/01\/wp-json\/wp\/v2\/pages\/2934"}],"wp:attachment":[{"href":"https:\/\/roxpublicidade.com.br\/waterlat\/01\/wp-json\/wp\/v2\/media?parent=2687"}],"curies":[{"name":"wp","href":"https:\/\/api.w.org\/{rel}","templated":true}]}}