{"id":2591,"date":"2018-09-19T02:17:05","date_gmt":"2018-09-19T02:17:05","guid":{"rendered":"http:\/\/waterlat.org\/pt\/?page_id=2591"},"modified":"2018-09-19T02:17:05","modified_gmt":"2018-09-19T02:17:05","slug":"competicao-de-curta-metragens-2017-18","status":"publish","type":"page","link":"https:\/\/roxpublicidade.com.br\/waterlat\/01\/pt\/competicao-de-curta-metragens\/competicao-de-curta-metragens-2017-18\/","title":{"rendered":"Competi\u00e7\u00e3o de Curta-metragens 2017-18"},"content":{"rendered":"<style>\n    a.desar {\n        text-decoration: none;\n        display: inline-block;\n        margin-right: 20px;\n    }\n<\/style>\n<h2>Competi\u00e7\u00e3o pelo Pr\u00eamio (quatro v\u00eddeos)<\/h2>\n<h3>Ganhador<\/h3>\n<p><iframe loading=\"lazy\" width=\"560\" height=\"315\" src=\"https:\/\/www.youtube.com\/embed\/5EvB17nXZIg?rel=0\" frameborder=\"0\" allow=\"autoplay; encrypted-media\"\n    allowfullscreen><\/iframe><br \/>\n<br \/>\n<span>Fernando Melgoza Sep\u00falveda, Adriana Hern\u00e1ndez Garc\u00eda, Carlos Melgoza Sep\u00falveda e Modesto Eduardo Hern\u00e1ndez Merino, Centro Universitario la Ci\u00e9nega, Universidad de Guadalajara, Jalisco, M\u00e9xico.<br \/>\n<i>DOI: 10.5072\/zenodo.242632<\/i><br \/>\n<a class=\"desar\" href=\"https:\/\/sandbox.zenodo.org\/record\/242632#invenio-csl\"><\/p>\n<p style=\"color:#9ad3f9;\">Exportar Cita\u00e7\u00e3o<\/p>\n<p><\/a><\/p>\n<p><\/p>\n<h3>Men\u00e7\u00e3o<\/h3>\n<p><iframe loading=\"lazy\" width=\"560\" height=\"315\" src=\"https:\/\/www.youtube.com\/embed\/dobILS5K-r4\" frameborder=\"0\" allow=\"autoplay; encrypted-media\"\n    allowfullscreen><\/iframe><br \/>\n<br \/>\n<span>Andr\u00e9 Monteiro Costa.<\/span><br \/>\n<br \/>\n<i>DOI: 10.5072\/zenodo.244792<\/i><br \/>\n<a class=\"desar\" href=\"https:\/\/sandbox.zenodo.org\/record\/244792#invenio-csl\"><\/p>\n<p style=\"color:#9ad3f9;\">Exportar Cita\u00e7\u00e3o<\/p>\n<p><\/a><\/p>\n<p><\/p>\n<h3>Terceira Posi\u00e7\u00e3o<\/h3>\n<p><iframe loading=\"lazy\" width=\"560\" height=\"315\" src=\"https:\/\/www.youtube.com\/embed\/_Zfoqw8kxAw\" frameborder=\"0\" allow=\"autoplay; encrypted-media\"\n    allowfullscreen><\/iframe><br \/>\n<br \/>\n<span>Grace Beeler, Luiza Procopio, Anderson Soares Caldas e Jailton Suzart<\/span><\/p>\n<p><\/p>\n<h3>Quarta Posi\u00e7\u00e3o<\/h3>\n<p><iframe loading=\"lazy\" width=\"560\" height=\"315\" src=\"https:\/\/www.youtube.com\/embed\/ms1ZREzR8fY\" frameborder=\"0\" allow=\"autoplay; encrypted-media\"\n    allowfullscreen><\/iframe><br \/>\n<br \/>\n<span>Clayson Marlei Figueiredo<\/span><\/p>\n<p><\/p>\n<h2>Competi\u00e7\u00e3o por Men\u00e7\u00f5es (tr\u00eas v\u00eddeos)<\/h2>\n<p><span><i>De acordo com a Regula\u00e7\u00e3o da Competi\u00e7\u00e3o estes v\u00eddeos somente podem competir por uma men\u00e7\u00e3o.<\/i><\/span><br \/>\n<\/p>\n<h3>Men\u00e7\u00e3o Especial<\/h3>\n<p><iframe loading=\"lazy\" width=\"560\" height=\"315\" src=\"https:\/\/www.youtube.com\/embed\/B2dRTb5foLQ\" frameborder=\"0\" allow=\"autoplay; encrypted-media\" allowfullscreen><\/iframe><br \/>\n<br \/>\n<span>Adham Badawy, Cristiano Von Steinkirch de Oliveira, Elham Bakhshian, Rosemary Nyingi, and Simon Ryfisch, Institute for Water Education (IHE), Delft, The Netherlands.<br \/>\n<\/span><br \/>\n<br \/>\n<i>DOI: 10.5072\/zenodo.244.248<\/i><br \/>\n<a class=\"desar\" href=\"https:\/\/sandbox.zenodo.org\/record\/244248#invenio-csl\"><\/p>\n<p style=\"color:#9ad3f9;\">Exportar Cita\u00e7\u00e3o<\/p>\n<p><\/a><\/p>\n<p><\/p>\n<h3>Men\u00e7\u00e3o<\/h3>\n<p><iframe loading=\"lazy\" width=\"560\" height=\"315\" src=\"https:\/\/www.youtube.com\/embed\/5I_eWCcqIPM\" frameborder=\"0\" allow=\"autoplay; encrypted-media\" allowfullscreen><\/iframe><br \/>\n<br \/>\n<span>Lou-Ann Kleppa, Luis Fernando Novoa Garzon, Carlos Fiengo, Rodrigo Rodriguez, Jo\u00e3o Marcos Dutra, Eliaquim da Cunha, Paula Stolerman, Daniela Moreira, Ina\u00ea Level, Lou-Ann Kleppa, Mario Venere y Altino Machado<\/span><br \/>\n<br \/>\n<i>DOI: 10.5072\/zenodo.244645<\/i><br \/>\n<a class=\"desar\" href=\"https:\/\/sandbox.zenodo.org\/record\/244645#invenio-csl\"><\/p>\n<p style=\"color:#9ad3f9;\">Exportar Cita\u00e7\u00e3o<\/p>\n<p><\/a><\/p>\n<p><\/p>\n<h3>Men\u00e7\u00e3o<\/h3>\n<p><iframe loading=\"lazy\" width=\"560\" height=\"315\" src=\"https:\/\/www.youtube.com\/embed\/FHr5I-gV64o\" frameborder=\"0\" allow=\"autoplay; encrypted-media\" allowfullscreen><\/iframe><br \/>\n<br \/>\n<span>Gabriel de Sena Jardim<\/span><br \/>\n<br \/>\n<i>DOI: 10.5072\/zenodo.244607<\/i><br \/>\n<a class=\"desar\" href=\"https:\/\/sandbox.zenodo.org\/record\/244607#invenio-csl\"><\/p>\n<p style=\"color:#9ad3f9;\">Exportar Cita\u00e7\u00e3o<\/p>\n<p><\/a><\/p>\n","protected":false},"excerpt":{"rendered":"<p>Competi\u00e7\u00e3o pelo Pr\u00eamio (quatro v\u00eddeos) Ganhador Fernando Melgoza Sep\u00falveda, Adriana Hern\u00e1ndez Garc\u00eda, Carlos Melgoza Sep\u00falveda e Modesto Eduardo Hern\u00e1ndez Merino, Centro Universitario la Ci\u00e9nega, Universidad de Guadalajara, Jalisco, M\u00e9xico. DOI: 10.5072\/zenodo.242632 Exportar Cita\u00e7\u00e3o Men\u00e7\u00e3o Andr\u00e9 Monteiro Costa. DOI: 10.5072\/zenodo.244792 Exportar Cita\u00e7\u00e3o Terceira Posi\u00e7\u00e3o Grace Beeler, Luiza Procopio, Anderson Soares Caldas e Jailton Suzart Quarta Posi\u00e7\u00e3o [&hellip;]<\/p>\n","protected":false},"author":1,"featured_media":0,"parent":2019,"menu_order":0,"comment_status":"closed","ping_status":"closed","template":"page-templates\/full-width.php","meta":{"footnotes":""},"class_list":["post-2591","page","type-page","status-publish","hentry"],"_links":{"self":[{"href":"https:\/\/roxpublicidade.com.br\/waterlat\/01\/wp-json\/wp\/v2\/pages\/2591","targetHints":{"allow":["GET"]}}],"collection":[{"href":"https:\/\/roxpublicidade.com.br\/waterlat\/01\/wp-json\/wp\/v2\/pages"}],"about":[{"href":"https:\/\/roxpublicidade.com.br\/waterlat\/01\/wp-json\/wp\/v2\/types\/page"}],"author":[{"embeddable":true,"href":"https:\/\/roxpublicidade.com.br\/waterlat\/01\/wp-json\/wp\/v2\/users\/1"}],"replies":[{"embeddable":true,"href":"https:\/\/roxpublicidade.com.br\/waterlat\/01\/wp-json\/wp\/v2\/comments?post=2591"}],"version-history":[{"count":0,"href":"https:\/\/roxpublicidade.com.br\/waterlat\/01\/wp-json\/wp\/v2\/pages\/2591\/revisions"}],"up":[{"embeddable":true,"href":"https:\/\/roxpublicidade.com.br\/waterlat\/01\/wp-json\/wp\/v2\/pages\/2019"}],"wp:attachment":[{"href":"https:\/\/roxpublicidade.com.br\/waterlat\/01\/wp-json\/wp\/v2\/media?parent=2591"}],"curies":[{"name":"wp","href":"https:\/\/api.w.org\/{rel}","templated":true}]}}