{"id":2557,"date":"2017-07-28T17:40:36","date_gmt":"2017-07-28T17:40:36","guid":{"rendered":"http:\/\/waterlat.org\/es\/?page_id=2557"},"modified":"2017-07-28T17:40:36","modified_gmt":"2017-07-28T17:40:36","slug":"waterlat-gobacit-ix-joao-pessoa-2018","status":"publish","type":"page","link":"https:\/\/roxpublicidade.com.br\/waterlat\/01\/es\/encuentros\/public-meetings\/waterlat-gobacit-ix-joao-pessoa-2018\/","title":{"rendered":"WATERLAT-GOBACIT IX, Jo\u00e3o Pessoa, 2018"},"content":{"rendered":"<style>\n.entry-content img, .comment-content img, .widget img, img.header-image, .author-avatar img, img.wp-post-image {\nbox-shadow: none;\n}\n.m_date{text-align: center; margin: 30px; cursor: default;}\n.m_date p {font-size: 15px;border: 1px solid rgb(38, 38, 38); display: inline; padding: 10px 20px; font-weight: 200; border-radius: 3px; transition: 0.2s all;}\n.m_date p:hover{background-color: rgba(226, 226, 226, 0.63); transition: 0.2s all;}\n.m_place{text-align: center; line-height: normal !important; font-size: 14.5px;}<\/p>\n<p>.m_logos{display: inline-block; text-align: center; width: 100%;}\n.m_logos img{vertical-align: middle; margin: 0px 3px;}\n.m_flick{margin: 0 auto; display: block;}<\/p>\n<p>.event_logo{width:100%; text-align:center; }\n.event_logo img {width:200px;}\n.flickr {\ndisplay: inline-block; \nmargin-left: 15%;\n}<\/p>\n<p>.m_registration{text-align:center;}\n.m_registration p {\n    text-align: center;\n    font-size: 16px;\n    border: 1px solid rgb(60, 60, 60);\n    display: inline;\n    padding: 10px 20px;\n    font-weight: 500;\n    border-radius: 3px;\n    transition: 0.2s all;\n    color: white;\n    background-color: #4c9ada;\n}\n.m_registration p:hover{\ntransition: 0.2s all;\nbackground-color: #2d86d0;\n}\n.m_registration a {\ntext-decoration:none;\ndisplay:inline;\ncolor:inherit;\n}<\/p>\n<\/style>\n<div class=\"event_logo\">\n<img decoding=\"async\" src=\"https:\/\/roxpublicidade.com.br\/waterlat\/01\/wp-content\/uploads\/2017\/08\/wtLogoEvent.png\">\n<\/div>\n<h2 style=\"text-align:center; margin-top: 60px; color:black;\">Agua, derechos y utop\u00edas: prioridades en el proceso de democratizaci\u00f3n de la pol\u00edtica del agua<\/h2>\n<div class=\"m_registration\">\n<\/div>\n<div class=\"m_date\">\n<p>3-7 de Septiembre de 2018<\/p>\n<\/div>\n<p class=\"m_place\">\n Centro de Forma\u00e7\u00e3o de Educadores \u201cProfessora Elisa Bezerra Mineiros\u201d <br \/> <i>Rua Cel. Benevenuto Gon\u00e7alves da Costa, Mangabeira, CEP: 58056-230<\/i>\n<\/p>\n<p><\/p>\n<p><b><a href=\"https:\/\/roxpublicidade.com.br\/waterlat\/01\/GeneralPDFs\/Programa_IX Reunion2018.pdf\">Bajar aqu\u00ed el Programa<\/a><\/b><\/p>\n<p><b>Videos del evento:<\/b><\/p>\n<p><iframe loading=\"lazy\" width=\"560\" height=\"315\" src=\"https:\/\/www.youtube.com\/embed\/3Juqe99SAKE\" frameborder=\"0\" allow=\"autoplay; encrypted-media\" allowfullscreen><\/iframe><\/p>\n<hr \/>\n<p><b>Galer\u00eda fotogr\u00e1fica de la IX Reuni\u00f3n Internacional<\/b><\/p>\n<div class=\"flickr\">\n<p><a data-flickr-embed=\"true\"  href=\"https:\/\/www.flickr.com\/photos\/125391306@N03\/albums\/72157686409631986\" title=\"IX International Meeting of the Network \/ IX Reuni\u00f3n de la Red WATERLAT-GOBACIT\"><img loading=\"lazy\" decoding=\"async\" src=\"https:\/\/farm9.staticflickr.com\/8304\/29111393435_a60c950d84_z.jpg\" width=\"640\" height=\"427\" alt=\"IX International Meeting of the Network \/ IX Reuni\u00f3n de la Red WATERLAT-GOBACIT\"><\/a><script async src=\"\/\/embedr.flickr.com\/assets\/client-code.js\" charset=\"utf-8\"><\/script> <\/p><\/div>\n<hr \/>\n<p><b>Organizadores:<\/b><br \/>\nLa Reuni\u00f3n fue organizada conjuntamente por la Red WATERLAT-GOBACIT y la Universidad<br \/>\nEstatal de Para\u00edba (UEPB)<\/p>\n<div class=\"m_logos\">\n<img decoding=\"async\" width=\"120\" src=\"https:\/\/roxpublicidade.com.br\/waterlat\/01\/pt\/wp-content\/uploads\/sites\/3\/2015\/12\/WATERLAT-DOS-LINEAS-300x105.jpg\"><\/p>\n<p><a target=\"_blank\" href=\"http:\/\/www.uepb.edu.br\/\"><img decoding=\"async\" width=\"100\" src=\"https:\/\/www.grancursosonline.com.br\/upload\/projeto\/uepb-universidade-estadual-da-paraiba.png\"><\/a><\/p>\n<\/div>\n<p><b>Instituciones de apoyo:<\/b><br \/>\n<a href=\"https:\/\/portal.insa.gov.br\/\">Instituto Nacional del Semi\u00e1rido (INSA)<\/a>, <a href=\"http:\/\/fapesq.rpp.br\/\">Fundaci\u00f3n de Apoyo a la Investigaci\u00f3n del Estado de Para\u00edba (FAPESQ)<\/a>, <a href=\"https:\/\/portal.fiocruz.br\/\">Fundaci\u00f3n Oswaldo Cruz (FIOCRUZ)<\/a>, <a href=\"http:\/\/www.world-psi.org\/\">Internacional de Servicios P\u00fablicos (ISP)<\/a>.  <\/p>\n<div class=\"m_logos\">\n<a target=\"_blank\" href=\"https:\/\/portal.insa.gov.br\/\"><img decoding=\"async\" width=\"100\" src=\"https:\/\/roxpublicidade.com.br\/waterlat\/01\/wp-content\/uploads\/2017\/07\/logo-insa2.png\"><\/a><br \/>\n<a target=\"_blank\" href=\"http:\/\/fapesq.rpp.br\/\"><img decoding=\"async\" width=\"100\" src=\"https:\/\/roxpublicidade.com.br\/waterlat\/01\/wp-content\/uploads\/2018\/09\/efab2653-a7f1-4cf8-9822-077570df8c3d.jpeg\"><\/a><br \/>\n<a target=\"_blank\" href=\"https:\/\/portal.fiocruz.br\/\"><img decoding=\"async\" width=\"130\" src=\"https:\/\/roxpublicidade.com.br\/waterlat\/01\/wp-content\/uploads\/2017\/07\/fiocruz-logo.png\"><\/a><br \/>\n<a target=\"_blank\" href=\"http:\/\/www.world-psi.org\/\"><img decoding=\"async\" width=\"130\" src=\"https:\/\/roxpublicidade.com.br\/waterlat\/01\/wp-content\/uploads\/2018\/09\/ES-2017-bgcolor-RGB.png\"><\/a>\n<\/div>\n<p><\/p>\n<h3><a href=\"https:\/\/roxpublicidade.com.br\/waterlat\/01\/es\/encuentros\/public-meetings\/waterlat-gobacit-ix-joao-pessoa-2018\/coordinacion2018\/\">Vea aqu\u00ed los detalles de la Coordinaci\u00f3n General de la IX Reuni\u00f3n<\/a><\/h3>\n","protected":false},"excerpt":{"rendered":"<p>Agua, derechos y utop\u00edas: prioridades en el proceso de democratizaci\u00f3n de la pol\u00edtica del agua 3-7 de Septiembre de 2018 Centro de Forma\u00e7\u00e3o de Educadores \u201cProfessora Elisa Bezerra Mineiros\u201d Rua Cel. Benevenuto Gon\u00e7alves da Costa, Mangabeira, CEP: 58056-230 Bajar aqu\u00ed el Programa Videos del evento: Galer\u00eda fotogr\u00e1fica de la IX Reuni\u00f3n Internacional Organizadores: La Reuni\u00f3n [&hellip;]<\/p>\n","protected":false},"author":1,"featured_media":0,"parent":12750,"menu_order":0,"comment_status":"closed","ping_status":"closed","template":"page-templates\/full-width.php","meta":{"footnotes":""},"class_list":["post-2557","page","type-page","status-publish","hentry"],"_links":{"self":[{"href":"https:\/\/roxpublicidade.com.br\/waterlat\/01\/wp-json\/wp\/v2\/pages\/2557","targetHints":{"allow":["GET"]}}],"collection":[{"href":"https:\/\/roxpublicidade.com.br\/waterlat\/01\/wp-json\/wp\/v2\/pages"}],"about":[{"href":"https:\/\/roxpublicidade.com.br\/waterlat\/01\/wp-json\/wp\/v2\/types\/page"}],"author":[{"embeddable":true,"href":"https:\/\/roxpublicidade.com.br\/waterlat\/01\/wp-json\/wp\/v2\/users\/1"}],"replies":[{"embeddable":true,"href":"https:\/\/roxpublicidade.com.br\/waterlat\/01\/wp-json\/wp\/v2\/comments?post=2557"}],"version-history":[{"count":0,"href":"https:\/\/roxpublicidade.com.br\/waterlat\/01\/wp-json\/wp\/v2\/pages\/2557\/revisions"}],"up":[{"embeddable":true,"href":"https:\/\/roxpublicidade.com.br\/waterlat\/01\/wp-json\/wp\/v2\/pages\/12750"}],"wp:attachment":[{"href":"https:\/\/roxpublicidade.com.br\/waterlat\/01\/wp-json\/wp\/v2\/media?parent=2557"}],"curies":[{"name":"wp","href":"https:\/\/api.w.org\/{rel}","templated":true}]}}