{"id":2555,"date":"2017-07-31T19:31:03","date_gmt":"2017-07-31T19:31:03","guid":{"rendered":"http:\/\/waterlat.org\/es\/?page_id=2555"},"modified":"2017-07-31T19:31:03","modified_gmt":"2017-07-31T19:31:03","slug":"democratizacionrecife","status":"publish","type":"page","link":"https:\/\/roxpublicidade.com.br\/waterlat\/01\/es\/encuentros\/public-meetings\/waterlat-gobacit-ix-joao-pessoa-2018\/democratizacionrecife\/","title":{"rendered":"Democratizaci\u00f3n de la Pol\u00edtica y la Gesti\u00f3n del Agua: un Desaf\u00edo Transdisciplinario"},"content":{"rendered":"<style>\n.entry-content img, .comment-content img, .widget img, img.header-image, .author-avatar img, img.wp-post-image {\nbox-shadow: none;\n}\n.m_logos{display: inline-block; text-align: center; width: 100%;}\n.m_logos img{vertical-align: middle; margin: 5px 5px; height:50px;}\n.m_flick{margin: 0 auto; display: block;}<\/p>\n<p>.flickr {\ndisplay: inline-block; \nmargin-left: 15%;\n}<\/p>\n<p>  td:nth-child(1) {font-weight: 800 !important; font-style: italic; font-size: 17px; vertical-align: middle;}\n  td:nth-child(2) {font-weight: 100 !important; border-left: 1px solid rgb(139, 139, 139);}\n  table {\n    border-collapse: collapse !important;\n    border-spacing: 0px !important;\n    margin: 0px auto !important;\n    width: 75% !important;\n    line-height: inherit !important;\n    font-size: inherit !important;\n    color: black !important;\n    border-radius: 3px;\n  }<\/p>\n<p>  td, th {\n      padding: 20px 25px !important;\n      cursor:default !important;\n  }\n  tr:nth-child(even) {\n    background-color: #eeeeee;\n}\n  tr:hover{background-color: #dddddd !important;}\n  tr{transition: 0.2s all !important;}\n  tr:first-child td{border-top: none !important;}\n  td a{transition: 0.2s all !important; text-decoration: none !important; color: rgb(48, 111, 194) !important; cursor: pointer !important;}\n  td a:hover{transition: 0.2s all !important;color: rgb(28, 71, 126) !important;}<\/p>\n<\/style>\n<p><\/p>\n<h2 style=\"text-align:center;\">18 de agosto de 2017 <br \/> 08:00h <\/h2>\n<p>\n  <b>Local:<\/b> Fundaci\u00f3n Joaquim Nabuco (Fundaj), Sala Calouste Gulbenkian, Av. 17 de Agosto, 2187, Campus Gilberto Freyre, Casa Forte, Recife\/PE, Brasil\n<\/p>\n<p style=\"line-height: 2; font-size: 14px;\">\n  El evento form\u00f3 parte de las actividades preparatorias de la IX Reuni\u00f3n Internacional de la Red WATERLAT-GOBACIT, que tendr\u00e1 lugar del 3 al 7 de septiembre de 2018, en Jo\u00e3o Pessoa, Para\u00edba, Brasil. El objetivo central fue la discusi\u00f3n de los obst\u00e1culos, desaf\u00edos y oportunidades que confronta el proceso de democratizaci\u00f3n de la pol\u00edtica y la gesti\u00f3n del agua, que, a pesar de ser predominantemente tratadas como un tema fundamentalmente t\u00e9cnico, requieren, debido a su enorme complejidad, enfoques que integren una diversidad de conocimientos. Por otra parte, existe el desaf\u00edo de desarrollar abordajes interdisciplinarios m\u00e1s avanzados, capaces de integrar las contribuciones de las disciplinas tecno cient\u00edficas, naturales, sociales, etc. Adem\u00e1s, tambi\u00e9n es necesario integrar conocimientos v\u00e1lidos, que son producidos en otros \u00e1mbitos adem\u00e1s de las universidades y centros de investigaci\u00f3n cient\u00edfica, desde los espacios de gesti\u00f3n del agua y de los servicios basados en el uso del agua, hasta las instituciones de la sociedad civil que participan en la construcci\u00f3n de visiones alternativas a las formas predominantes de pol\u00edtica y gesti\u00f3n del agua y de los bienes ambientales en general.\n<\/p>\n<p style=\"line-height: 2; font-size: 14px;\">\n  En este sentido, el evento gener\u00f3 un espacio de intercambio de conocimientos, experiencias, y debate sobre estos temas, con el objetivo de promover interacciones entre los participantes que estimulen el desarrollo de proyectos de investigaci\u00f3n, de intercambio, y otras actividades constructivas y propositivas sobre el tema central, la democratizaci\u00f3n de la pol\u00edtica y la gesti\u00f3n del agua.\n<\/p>\n<p><\/p>\n<p style=\"text-align:center; font-weight:800; margin:5px !important;\">Galer\u00eda fotogr\u00e1fica del evento:<\/p>\n<div class=\"flickr\">\n<a data-flickr-embed=\"true\" data-context=\"true\"  href=\"https:\/\/www.flickr.com\/photos\/125391306@N03\/15120287605\/in\/album-72157685468710563\/\" title=\"DESAFIO - Trabajo de Campo de los Casos de Estudio 2.2 y 3.2 \/ Field Work from Case Studies 2.2 and 3.2\"><img loading=\"lazy\" decoding=\"async\" src=\"https:\/\/farm4.staticflickr.com\/3899\/15120287605_5b715d21d1_z.jpg\" width=\"640\" height=\"427\" alt=\"DESAFIO - Trabajo de Campo de los Casos de Estudio 2.2 y 3.2 \/ Field Work from Case Studies 2.2 and 3.2\"><\/a><script async src=\"\/\/embedr.flickr.com\/assets\/client-code.js\" charset=\"utf-8\"><\/script>\n<\/div>\n<p><\/p>\n<table>\n<tr>\n<td>09:00h<\/td>\n<td><b>Mesa de apertura<\/b> <br \/><i>Edilene Barbosa Pinto, Fundaci\u00f3n Joaquim Nabuco, Sinval Pinto Brand\u00e3o Filho, Centro de Pesquisas Aggeu Magalh\u00e3es (CPqAM), Fundaci\u00f3n Oswaldo Cruz (Fiocruz) Pernambuco, Suzana Maria Gico Lima Montenegro, Universidad Federal de Pernambuco, Jos\u00e9 Esteban Castro, Consejo Nacional de Investigaciones Cient\u00edficas y T\u00e9cnicas (CONICET (Argentina)<\/i><\/td>\n<\/tr>\n<tr>\n<td>09:30h<\/td>\n<td>Presentaci\u00f3n de <b> Jos\u00e9 Esteban Castro <\/b> \u2013 Coordinador de la Red <br \/><i>Investigador Principal del Consejo Nacional de Investigaciones Cient\u00edficas y T\u00e9cnicas (CONICET, Argentina) y Profesor Em\u00e9rito de Newcastle University, Reino Unido <\/i><br \/> <u>Coordinaci\u00f3n<\/u>: <b>L\u00edgia Albuquerque<\/b>, Fundaci\u00f3n Joaquim Nabuco<\/td>\n<\/tr>\n<tr>\n<td>11:00h<\/td>\n<td>\n            <b>Mesa de di\u00e1logo sobre desaf\u00edos y prioridades de la pol\u00edtica y la gesti\u00f3n del agua en el Nordeste<\/b> <br \/> <u>Coordinaci\u00f3n<\/u>: <b>Izaura Fischer<\/b>, <i>Fundaci\u00f3n Joaquim Nabuco<\/i> <\/p>\n<ul>\n<li><b>Andr\u00e9 Monteiro<\/b> \u2013 <i>Investigador, Fundaci\u00f3n Oswaldo Cruz (Fiocruz) Pernambuco, Laborat\u00f3rio de Sa\u00fade, Ambiente e Trabalho (Lasat)<\/i><\/li>\n<li><b>Fernanda Cruz<\/b> \u2013 <i>Articula\u00e7\u00e3o do Semi\u00e1rido Brasileiro (ASA Brasil)<\/i><\/li>\n<li><b>Suzana Maria Gico Lima Montenegro<\/b> \u2013 <i>Profesora e investigadora, Universidad Federal de Pernambuco.<\/i><\/li>\n<li><b>Lu\u00eds Henrique Cunha<\/b> \u2013 <i>Profesor e investigador, Universidad Federal de Campina Grande (UFCG).<\/i><\/li>\n<li><b>Edneida Cavalcanti<\/b> \u2013 <i>Investigadora, Fundaci\u00f3n Joaquim Nabuco (Fundaj), Centro de Din\u00e2micas Sociais e Territoriais (Cedist).<\/i><\/li>\n<\/ul>\n<\/td>\n<\/tr>\n<tr>\n<td>12:00h<\/td>\n<td><b>Debate<\/b><\/td>\n<\/tr>\n<\/table>\n<p style=\"margin:0px;\"><b> Presentaciones en formato pdf:<\/b> <\/p>\n<ul>\n<li><a href=\"https:\/\/roxpublicidade.com.br\/waterlat\/01\/GeneralPDFs\/CastroFundaj180817.pdf\n\"><b>Jos\u00e9 Esteban Castro<\/b><\/a><\/li>\n<li><a href=\"https:\/\/roxpublicidade.com.br\/waterlat\/01\/GeneralPDFs\/MontenegroFundaj180817.pdf\n\"><b>Suzana Maria Gico Lima Montenegro <\/b><\/a><\/li>\n<li><a href=\"https:\/\/roxpublicidade.com.br\/waterlat\/01\/GeneralPDFs\/CunhaFundaj180817.pdf\n\"><b>Luis Henrique Cunha<br \/>\n<\/b><\/a><\/li>\n<\/ul>\n<p>\n<b>Organizaci\u00f3n:<\/b><\/p>\n<ul>\n<li>Fundaci\u00f3n Joaquim Nabuco \u2013 Fundaj<\/li>\n<li>Red WATERLAT-GOBACIT<\/li>\n<li>Centro de Pesquisas Aggeu Magalh\u00e3es \u2013 CPqAM, Funda\u00e7\u00e3o Oswaldo Cruz \u2013 Fiocruz, Pernambuco<\/li>\n<li>Universidad Federal de Pernambuco \u2013 UFPE<\/li>\n<\/ul>\n<p><b>Apoyo:<\/b><\/p>\n<ul>\n<li>Programa de P\u00f3s-Gradua\u00e7\u00e3o em Desenvolvimento e Meio Ambiente (PRODEMA), Universidade Federal da Para\u00edba- UFPB<\/li>\n<li>Universidade Estadual da Para\u00edba \u2013 UEPB<\/li>\n<li>Universidade Federal de Campina Grande \u2013 UFCG<\/li>\n<li>Centro de Desenvolvimento Sustent\u00e1vel do Semi\u00e1rido \u2013 CDSA, Universidade Federal de Campina Grande \u2013 UFCG, Campus Sum\u00e9<\/li>\n<li>Instituto Nacional do Semi\u00e1rido \u2013 INSA<\/li>\n<li>Universidade Federal Rural de Pernambuco \u2013 UFRPE<\/li>\n<li>Universidade Cat\u00f3lica de Pernambuco \u2013 UNICAP<\/li>\n<li>Programa de P\u00f3s-Gradua\u00e7\u00e3o em Desenvolvimento e Meio Ambiente (PRODEMA), Universidade Federal de Pernambuco \u2013 UFPE<\/li>\n<li>Mestrado Profissional em Rede Nacional em Gest\u00e3o e Regula\u00e7\u00e3o de Recursos H\u00eddricos \u2013 Prof\u00c1gua, Universidade Federal de Pernambuco \u2013 UFPE<\/li>\n<li>Projeto \u00c1guascapes \u2013 Universidade Federal de Pernambuco \u2013 UFPE<\/li>\n<li>Universidade Estadual de Pernambuco \u2013 UPE, Campus Nazar\u00e9 da Mata<\/li>\n<li>Escola Polit\u00e9cnica de Pernambuco \u2013 Poli\/UPE<\/li>\n<li>Instituto Federal de Pernambuco \u2013 IFPE, Campus Recife<\/li>\n<li>Associa\u00e7\u00e3o Brasileira de Recursos H\u00eddricos \u2013 ABRH<\/li>\n<li>Associa\u00e7\u00e3o Brasileira de \u00c1guas Subterr\u00e2neas \u2013 ABAS<\/li>\n<li>Associa\u00e7\u00e3o Brasileira de Engenharia Sanit\u00e1ria e Ambiental \u2013 ABES-Pernambuco<\/li>\n<li>Parlamento Nacional da Juventude pelas \u00c1guas \u2013 PNJA<\/li>\n<li>Articula\u00e7\u00e3o do Semi\u00e1rido Brasileiro \u2013 ASA-Brasil e ASA-Pernambuco<\/li>\n<li>Observat\u00f3rio Nacional de Governan\u00e7a das \u00c1guas \u2013 OGA<\/li>\n<li>Associa\u00e7\u00e3o \u00c1guas do Nordeste \u2013 ANE, N\u00facleo Estadual do OGA<\/li>\n<li>Federa\u00e7\u00e3o de \u00d3rg\u00e3os para Assist\u00eancia Social e Educacional \u2013 FASE<\/li>\n<li>Sindicato dos Urbanit\u00e1rios de Pernambuco (SINDURB)<\/li>\n<li>Ag\u00eancia Pernambucana de \u00c1guas e Clima \u2013 APAC<\/li>\n<li>Superintend\u00eancia de Desenvolvimento do Nordeste \u2013 SUDENE<\/li>\n<li>Secretaria de Meio Ambiente e Sustentabilidade \u2013 Semas, Governo do Estado de Pernambuco<\/li>\n<li>Secretaria de Desenvolvimento Sustent\u00e1vel e Meio Ambiente \u2013 SDSMA, Prefeitura do Recife<\/li>\n<\/ul>\n<div class=\"m_logos\">\n<img decoding=\"async\" width=\"\" src=\"https:\/\/roxpublicidade.com.br\/waterlat\/01\/wp-content\/uploads\/2017\/08\/assinatura-conjunta-digital.jpg\"\/><br \/>\n<img decoding=\"async\" width=\"\" src=\"https:\/\/roxpublicidade.com.br\/waterlat\/01\/wp-content\/uploads\/2017\/08\/logosRecife16.jpg\"\/><br \/>\n<img decoding=\"async\" width=\"\" src=\"https:\/\/roxpublicidade.com.br\/waterlat\/01\/wp-content\/uploads\/2017\/07\/fiocruz-logo.png\"\/><br \/>\n<img decoding=\"async\" width=\"\" src=\"https:\/\/roxpublicidade.com.br\/waterlat\/01\/wp-content\/uploads\/2017\/08\/logosRecife13.jpg\"\/>\n<\/div>\n<div class=\"m_logos\">\n<img decoding=\"async\" width=\"\" src=\"https:\/\/roxpublicidade.com.br\/waterlat\/01\/wp-content\/uploads\/2017\/08\/logosRecife8.jpg\"\/><br \/>\n<img decoding=\"async\" width=\"\" src=\"https:\/\/roxpublicidade.com.br\/waterlat\/01\/wp-content\/uploads\/2017\/08\/logosRecife10.png\"\/><br \/>\n<img decoding=\"async\" width=\"\" src=\"https:\/\/roxpublicidade.com.br\/waterlat\/01\/wp-content\/uploads\/2017\/08\/logosRecife4.jpg\"\/><br \/>\n<img decoding=\"async\" width=\"\" src=\"https:\/\/roxpublicidade.com.br\/waterlat\/01\/wp-content\/uploads\/2017\/08\/logosRecife5.png\"\/><br \/>\n<img decoding=\"async\" width=\"\" src=\"https:\/\/roxpublicidade.com.br\/waterlat\/01\/wp-content\/uploads\/2017\/08\/logosRecife8.png\"\/><br \/>\n<img decoding=\"async\" width=\"\" src=\"https:\/\/roxpublicidade.com.br\/waterlat\/01\/wp-content\/uploads\/2017\/08\/logosRecife9.png\"\/><br \/>\n<img decoding=\"async\" width=\"\" src=\"https:\/\/roxpublicidade.com.br\/waterlat\/01\/wp-content\/uploads\/2017\/08\/logosRecife6.jpg\"\/><br \/>\n<img decoding=\"async\" width=\"\" src=\"https:\/\/roxpublicidade.com.br\/waterlat\/01\/wp-content\/uploads\/2017\/08\/logosRecife1.jpg\"\/><br \/>\n<img decoding=\"async\" width=\"\" src=\"https:\/\/roxpublicidade.com.br\/waterlat\/01\/wp-content\/uploads\/2017\/08\/logosRecife12.jpg\"\/><br \/>\n<img decoding=\"async\" width=\"\" src=\"https:\/\/roxpublicidade.com.br\/waterlat\/01\/wp-content\/uploads\/2017\/08\/logosRecife11.png\"\/><br \/>\n<img decoding=\"async\" width=\"\" src=\"https:\/\/roxpublicidade.com.br\/waterlat\/01\/wp-content\/uploads\/2017\/08\/logosRecife14.png\"\/><br \/>\n<img decoding=\"async\" width=\"\" src=\"https:\/\/roxpublicidade.com.br\/waterlat\/01\/wp-content\/uploads\/2017\/08\/logosRecife15.png\"\/>\n<\/div>\n<p><\/br><\/p>\n<h3><a href=\"https:\/\/roxpublicidade.com.br\/waterlat\/01\/es\/encuentros\/public-meetings\/waterlat-gobacit-ix-joao-pessoa-2018\/\">Regresar a la p\u00e1gina principal de la IX Reuni\u00f3n Internacional<\/a>.<\/h3>\n","protected":false},"excerpt":{"rendered":"<p>18 de agosto de 2017 08:00h Local: Fundaci\u00f3n Joaquim Nabuco (Fundaj), Sala Calouste Gulbenkian, Av. 17 de Agosto, 2187, Campus Gilberto Freyre, Casa Forte, Recife\/PE, Brasil El evento form\u00f3 parte de las actividades preparatorias de la IX Reuni\u00f3n Internacional de la Red WATERLAT-GOBACIT, que tendr\u00e1 lugar del 3 al 7 de septiembre de 2018, en [&hellip;]<\/p>\n","protected":false},"author":1,"featured_media":0,"parent":2557,"menu_order":0,"comment_status":"closed","ping_status":"closed","template":"page-templates\/full-width.php","meta":{"footnotes":""},"class_list":["post-2555","page","type-page","status-publish","hentry"],"_links":{"self":[{"href":"https:\/\/roxpublicidade.com.br\/waterlat\/01\/wp-json\/wp\/v2\/pages\/2555","targetHints":{"allow":["GET"]}}],"collection":[{"href":"https:\/\/roxpublicidade.com.br\/waterlat\/01\/wp-json\/wp\/v2\/pages"}],"about":[{"href":"https:\/\/roxpublicidade.com.br\/waterlat\/01\/wp-json\/wp\/v2\/types\/page"}],"author":[{"embeddable":true,"href":"https:\/\/roxpublicidade.com.br\/waterlat\/01\/wp-json\/wp\/v2\/users\/1"}],"replies":[{"embeddable":true,"href":"https:\/\/roxpublicidade.com.br\/waterlat\/01\/wp-json\/wp\/v2\/comments?post=2555"}],"version-history":[{"count":0,"href":"https:\/\/roxpublicidade.com.br\/waterlat\/01\/wp-json\/wp\/v2\/pages\/2555\/revisions"}],"up":[{"embeddable":true,"href":"https:\/\/roxpublicidade.com.br\/waterlat\/01\/wp-json\/wp\/v2\/pages\/2557"}],"wp:attachment":[{"href":"https:\/\/roxpublicidade.com.br\/waterlat\/01\/wp-json\/wp\/v2\/media?parent=2555"}],"curies":[{"name":"wp","href":"https:\/\/api.w.org\/{rel}","templated":true}]}}