{"id":2488,"date":"2018-03-14T20:15:32","date_gmt":"2018-03-14T20:15:32","guid":{"rendered":"http:\/\/waterlat.org\/pt\/?page_id=2488"},"modified":"2018-03-14T20:15:32","modified_gmt":"2018-03-14T20:15:32","slug":"vol4no5","status":"publish","type":"page","link":"https:\/\/roxpublicidade.com.br\/waterlat\/01\/pt\/working-papers-series-2\/vol4\/vol4no5\/","title":{"rendered":"Vol. 4 No. 5"},"content":{"rendered":"<style>\n.entry-content img, .comment-content img, .widget img, img.header-image, .author-avatar img, img.wp-post-image {\nbox-shadow: none;\n}\n.box {\n  width: 40%;\n  margin: 0 auto;\n  background: rgba(255,255,255,0.2);\n  padding: 35px;\n  border: 2px solid #fff;\n  border-radius: 20px\/50px;\n  background-clip: padding-box;\n  text-align: center;\n}<\/p>\n<p>.pl_issn{text-align: right;    margin-bottom: 25px !important;font-size: 14px;display: inline;float: right;}\n.overlay {\n  position: fixed;\n  top: 0;\n  bottom: 0;\n  left: 0;\n  right: 0;\n  background: rgba(0, 0, 0, 0.7);\n  transition: opacity 500ms;\n  visibility: hidden;\n  opacity: 0;\n}\n.overlay:target {\n  visibility: visible;\n  opacity: 1;\n}<\/p>\n<p>.popup {\n  margin: 70px auto;\n  padding: 20px;\n  background: #fff;\n  border-radius: 5px;\n  width: 30%;\n  position: relative;\n  transition: all 5s ease-in-out;\n}<\/p>\n<p>.popup h2 {\n  margin-top: 0;\n  color: #333;\n  font-family: Tahoma, Arial, sans-serif;\n}\n.popup .close {\n  position: absolute;\n  top: 20px;\n  right: 30px;\n  transition: all 200ms;\n  font-size: 30px;\n  font-weight: bold;\n  text-decoration: none;\n  color: #333;\n}\n.popup .close:hover {\n  color: rgb(0, 66, 126);\n}\n.popup .content {\n  max-height: 30%;\n  overflow: auto;\n}<\/p>\n<p>@media screen and (max-width: 700px){\n  .box{\n    width: 70%;\n  }\n  .popup{\n    width: 70%;\n  }\n}\n.entry-content p {\nline-height: normal;\nmargin: 0;\n}<\/p>\n<p>.wp_cuaderno {display: inline-block; width:90%; background-color: #ededed; box-shadow: 0 4px 8px 0 rgba(0, 0, 0, 0.2), 0 6px 20px 0 rgba(0, 0, 0, 0.19); padding: 20px 50px;}\n.wp_portada {float:left;}\n.wp_info{margin-left: 170px;}\np.titulo{font-size:18px;}\n.wp_info.desc{width: 90%; margin: 5px 0px;}\n.wp_info p {margin-bottom:3px;}\n.wp_info.serie{width: 360px;}\n.wp_info a {margin-top:8px;}<\/p>\n<p>.wp_descargas{clear: both; padding-top: 3px;}<\/p>\n<p>.dw_pdf {\n        background-color: rgba(251, 116, 116, 0);\n    padding: 8px 9px;\n    color: #b52335;\n    text-decoration: none;\n    border: 2px #b52335 solid;\n    transition: 0.2s all;\n    border-radius: 4px;\n    font-weight: 600;}\n.dw_pdf:hover{background-color: #b52335; color:white;}\n.dw_pdf i {font-size:25px; vertical-align: bottom; margin-right: 3px;}<\/p>\n<p>.dw_pdf-full {\n        background-color: rgba(251, 116, 116, 0);\n    padding: 8px 51px;\n    color: #b52335;\n    text-decoration: none;\n    border: 2px #b52335 solid;\n    transition: 0.2s all;\n    border-radius: 4px;\n    font-weight: 600;}\n.dw_pdf-full:hover{background-color: #b52335; color:white;}\n.dw_pdf-full i {font-size:25px; vertical-align: bottom; margin-right: 3px;}<\/p>\n<p>.dw_epub {background-color: rgba(251, 116, 116, 0);\n    padding: 8px 6px;\n    color: #0964bd;\n    text-decoration: none;\n    border: 2px #0964bd solid;\n    transition: 0.2s all;\n    border-radius: 4px;\n    margin-left: 5px;\n    font-weight: 600;}\n.dw_epub:hover{background-color: #0964bd; color:white;}\n.dw_epub i {font-size:25px; vertical-align: bottom; margin-right: 3px;}<\/p>\n<p>.wp_sec-art{padding-left: 50px; padding-top: 10px;}\n.wp_articulo{padding-top:40px;}\n.wp_articulo.tituloar{font-size:17px;}\na.desar {text-decoration: none; float:left; margin-right: 20px;}<\/p>\n<\/style>\n<p><!-- CUADERNO !--><\/p>\n<p class=\"pl_issn\">ISSN: (Print)<b> 2056-4856<\/b><br \/>ISSN: (Online) <b>2056-4864<\/b><\/p>\n<div class=\"wp_cuaderno\">\n<p><!-- PORTADA !--><\/p>\n<div class=\"wp_portada\">\n    <img width=\"158px \"src=\"https:\/\/roxpublicidade.com.br\/waterlat\/01\/wp-content\/uploads\/2018\/03\/tapavol4no5.jpg\" \/>\n  <\/div>\n<p>  <!-- INFORMACION DERECHA !--><\/p>\n<div class=\"wp_info\">\n<p>      <!-- TITULO !--> <b><\/p>\n<p class=\"titulo\">Vol. 4, No. 5<\/p>\n<p><\/b><br \/>\n      <!-- FECHA !-->  <\/p>\n<p>Dezembro de 2017<\/p>\n<p>      <!-- AUTOR !-->  <\/p>\n<p>Antonio Rodr\u00edguez S\u00e1nchez (Editor) <\/p>\n<p>      <!-- DOI !-->    <i><\/p>\n<p>DOI: 10.5281\/zenodo.7516226<\/p>\n<p><\/i><br \/>\n      <!-- DESCR !-->  <\/p>\n<p class=\"desc\"><b>Pr\u00eamio de Estudantes WATERLAT-GOBACIT 2016<\/b><\/p>\n<p>      <!-- SERIE   <i>\n\n<p class=\"serie\">??? (serie)<\/p>\n\n<\/i>!--><br \/>\n      <!-- CITA !-->    <i><a href=\"https:\/\/zenodo.org\/record\/7516226#invenio-csl\" class=\"desar\" style=\"color:#9ad3f9;\">Exportar cita\u00e7\u00e3o<\/a><\/i><\/p><\/div>\n<p>  <!-- DESCARGAS !--><\/p>\n<div class=\"wp_descargas\">\n    <!-- PDF LINK !-->  <a href=\"https:\/\/zenodo.org\/record\/7516226\" class=\"dw_pdf-full\" target=\"_blank\" rel=\"noopener noreferrer\"><i class=\"fa fa-file-pdf-o\" aria-hidden=\"true\" fa-3x><\/i>PDF<\/a><br \/>\n    <!-- PDF LINK  <a href=\"#\" class=\"dw_pdf\"><i class=\"fa fa-file-pdf-o\" aria-hidden=\"true\" fa-3x><\/i>PDF<\/a>\n    EPUB LINK  <a href=\"#\" class=\"dw_epub\"><i class=\"fa fa-file-text-o\" aria-hidden=\"true\"><\/i>EPUB<\/a>!-->\n  <\/div>\n<\/div>\n<p><!-- SECCION ARTICULOS !--><\/p>\n<div style=\"margin-top: 30px;\">\n<h3 style=\" margin-bottom:5px;\">Artigos<\/h3>\n<hr style=\"margin: 0;\">\n<p><!-- ARTICULOS !--><\/p>\n<div class=\"wp_sec-art\">\n<p>    <!-- ARTICULO INDIVIDUAL !--><\/p>\n<div class=\"wp_articulo\">\n        <!-- TITULO !-->  <b><\/p>\n<p class=\"tituloar\">An\u00e1lisis de la demanda dom\u00e9stica de agua a trav\u00e9s de un modelo multivariante. Aplicaci\u00f3n al Municipio de Sevilla, Espa\u00f1a pp. 4-19<\/p>\n<p><\/b><br \/>\n        <!-- AUTOR  !-->  <\/p>\n<p>Mar\u00eda C. Villar\u00edn Claver\u00eda<\/p>\n<p>        <!-- DOI    !-->  <\/p>\n<p style=\"float:left;\">DOI: <\/p>\n<p>10.5281\/zenodo.7516318<\/p>\n<p>        <!-- PDF LINK  !-->  <a class=\"desar\"  href=\"https:\/\/zenodo.org\/record\/7516318\"><b><\/p>\n<p style=\"color:#ff5e73;\">PDF<\/p>\n<p><\/b><\/a><br \/>\n        <!-- EPUB LINK   <a class=\"desar\"  href=\"#\"><b>\n\n<p style=\"color:#3e99f9;\">EPUB<\/p>\n\n<\/b><\/a>!--><br \/>\n        <!-- CITA LINK !-->  <a class=\"desar\"  href=\"https:\/\/zenodo.org\/record\/7516318#invenio-csl\"><\/p>\n<p style=\"color:#9ad3f9;\">Exportar cita\u00e7\u00e3o<\/p>\n<p><\/a>\n      <\/div>\n<p>      <!-- ARTICULO INDIVIDUAL !--><\/p>\n<div class=\"wp_articulo\">\n          <!-- TITULO !-->  <b><\/p>\n<p class=\"tituloar\">Saneamento e sa\u00fade: uma experi\u00eancia de gest\u00e3o comunit\u00e1ria no semi\u00e1rido brasileiro pp. 20-34<\/p>\n<p><\/b><br \/>\n          <!-- AUTOR  !-->  <\/p>\n<p>Barbara Silva Passos  <\/p>\n<p>          <!-- DOI    !-->  <\/p>\n<p style=\"float:left;\">DOI: <\/p>\n<p>10.5281\/zenodo.7516273<\/p>\n<p>          <!-- PDF LINK  !-->  <a class=\"desar\"  href=\"https:\/\/zenodo.org\/record\/7516273\"><b><\/p>\n<p style=\"color:#ff5e73;\">PDF<\/p>\n<p><\/b><\/a><br \/>\n          <!-- EPUB LINK  <a class=\"desar\"  href=\"#\"><b>\n\n<p style=\"color:#3e99f9;\">EPUB<\/p>\n\n<\/b><\/a>!--><br \/>\n          <!-- CITA LINK !-->  <a class=\"desar\"  href=\"https:\/\/zenodo.org\/record\/7516273#invenio-csl\"><\/p>\n<p style=\"color:#9ad3f9;\">Exportar cita\u00e7\u00e3o<\/p>\n<p><\/a>\n        <\/div>\n<\/div>\n<\/div>\n<style>\n.export-list{\n   list-style-type: none;\n   margin-top: 10px !important;\n}\n.export-list li {display:inline-block; margin: 0px 0px 0px 1.4rem;}\n.export-list a {color: #2a8bb7; text-decoration: none; transition:0.2s all;}\n.export-list a:hover{text-decoration:underline; transition:0.2s all;}\n<\/style>\n","protected":false},"excerpt":{"rendered":"<p>ISSN: (Print) 2056-4856ISSN: (Online) 2056-4864 Vol. 4, No. 5 Dezembro de 2017 Antonio Rodr\u00edguez S\u00e1nchez (Editor) DOI: 10.5281\/zenodo.7516226 Pr\u00eamio de Estudantes WATERLAT-GOBACIT 2016 Exportar cita\u00e7\u00e3o PDF Artigos An\u00e1lisis de la demanda dom\u00e9stica de agua a trav\u00e9s de un modelo multivariante. Aplicaci\u00f3n al Municipio de Sevilla, Espa\u00f1a pp. 4-19 Mar\u00eda C. Villar\u00edn Claver\u00eda DOI: 10.5281\/zenodo.7516318 PDF [&hellip;]<\/p>\n","protected":false},"author":1,"featured_media":0,"parent":2328,"menu_order":0,"comment_status":"closed","ping_status":"closed","template":"page-templates\/full-width.php","meta":{"footnotes":""},"class_list":["post-2488","page","type-page","status-publish","hentry"],"_links":{"self":[{"href":"https:\/\/roxpublicidade.com.br\/waterlat\/01\/wp-json\/wp\/v2\/pages\/2488","targetHints":{"allow":["GET"]}}],"collection":[{"href":"https:\/\/roxpublicidade.com.br\/waterlat\/01\/wp-json\/wp\/v2\/pages"}],"about":[{"href":"https:\/\/roxpublicidade.com.br\/waterlat\/01\/wp-json\/wp\/v2\/types\/page"}],"author":[{"embeddable":true,"href":"https:\/\/roxpublicidade.com.br\/waterlat\/01\/wp-json\/wp\/v2\/users\/1"}],"replies":[{"embeddable":true,"href":"https:\/\/roxpublicidade.com.br\/waterlat\/01\/wp-json\/wp\/v2\/comments?post=2488"}],"version-history":[{"count":0,"href":"https:\/\/roxpublicidade.com.br\/waterlat\/01\/wp-json\/wp\/v2\/pages\/2488\/revisions"}],"up":[{"embeddable":true,"href":"https:\/\/roxpublicidade.com.br\/waterlat\/01\/wp-json\/wp\/v2\/pages\/2328"}],"wp:attachment":[{"href":"https:\/\/roxpublicidade.com.br\/waterlat\/01\/wp-json\/wp\/v2\/media?parent=2488"}],"curies":[{"name":"wp","href":"https:\/\/api.w.org\/{rel}","templated":true}]}}