{"id":2430,"date":"2016-03-28T21:29:16","date_gmt":"2016-03-28T21:29:16","guid":{"rendered":"http:\/\/waterlat.org\/?page_id=2430"},"modified":"2025-12-11T14:38:12","modified_gmt":"2025-12-11T17:38:12","slug":"ta6-working-papers","status":"publish","type":"page","link":"https:\/\/roxpublicidade.com.br\/waterlat\/01\/thematic-areas\/ta6\/ta6-working-papers\/","title":{"rendered":"TA6 &#8211; Working Papers"},"content":{"rendered":"<p>TA6 has a dedicated Series within the WATERLAT-GOBACIT Working Papers: Thematic Area Series, TA6 Hydrosocial Basins, Territories, and Spaces.<br \/>\nIt has also published issues of the Working Papers jointly with other Thematic Areas on topics of common interest.<\/p>\n<h2><\/h2>\n<p><a href=\"https:\/\/roxpublicidade.com.br\/waterlat\/01\/wp-content\/uploads\/2023\/05\/Tapa-SATCTH21.jpg\"><img loading=\"lazy\" decoding=\"async\" class=\"alignnone size-medium wp-image-2717\" src=\"https:\/\/roxpublicidade.com.br\/waterlat\/01\/wp-content\/uploads\/2023\/05\/Tapa-SATCTH21.jpg\" alt=\"Tapa WPSATAM22\" width=\"212\" height=\"300\" \/><\/a>.<\/p>\n<h2><\/h2>\n<p><b>Imposition, resistance, and alternatives in the face of an inter-regional water crisis in Mexico: El Zapotillo project <\/b> (in Spanish). Edited by H. Ochoa-Garcia, with articles by H. Ochoa-Garcia, Familia Ju\u00e1rez Garc\u00eda-Comite Salvemos Temacapulin, Acasico y Palmarejo, A. Copitzy Gomez Fuentes, C. Gomez Godoy, G. Espinoza Sauceda, A. Rodriguez Sanchez, A. R. Caldera Ortega, D. Tagle Zamora, A. Hern\u00e1ndez Garc\u00eda, A. Sandoval Moreno, A.Kachadourian Marras, J. J. Carrillo Rivera, M.Llano V\u00e1zquez Prada and R. Mart\u00ednez Velarde.<\/p>\n<h2><\/h2>\n<p>Vol. 2 No 1, July 2015. <a href=\"https:\/\/roxpublicidade.com.br\/waterlat\/01\/WPapers\/WPSATCTH21.pdf\">Download it here<\/a>.<\/p>\n<h2><\/h2>\n<p><a href=\"https:\/\/roxpublicidade.com.br\/waterlat\/01\/wp-content\/uploads\/2019\/12\/CoverVol6No1.jpg\"><img loading=\"lazy\" decoding=\"async\" class=\"alignnone size-medium wp-image-2717\" src=\"https:\/\/roxpublicidade.com.br\/waterlat\/01\/wp-content\/uploads\/2019\/12\/CoverVol6No1.jpg\" alt=\"Tapa WPSATAM22\" width=\"212\" height=\"300\" \/><\/a>.<\/p>\n<h2><\/h2>\n<p><b>Artisanal fishing and cultural heritage: territorial conflicts, resistances, and social transformation in Colombia, Mexico and Spain<\/b> (articles in Spanish). Edited by J.E. Castro, Organized by A. Sandoval Moreno and A. Rodr\u00edguez Sanchez, with articles by D. Moreno-Munoz, R. Garcia-Marin, A. Sandoval Moreno, A. Hern\u00e1ndez Garcia, M. Diaz-Cano and E. A. Lopez-Barrera.<\/p>\n<h2><\/h2>\n<p>Vol. 6 No 1, March 2019. <a href=\"https:\/\/roxpublicidade.com.br\/waterlat\/01\/working-papers-series\/volume-6-2019\/vol-6-no1\/\">Download it here<\/a>.<\/p>\n<h2><\/h2>\n<p><a href=\"https:\/\/roxpublicidade.com.br\/waterlat\/01\/wp-content\/uploads\/2023\/05\/Tapa-9.2.jpg\"><img loading=\"lazy\" decoding=\"async\" class=\"alignnone size-medium wp-image-2717\" src=\"https:\/\/roxpublicidade.com.br\/waterlat\/01\/wp-content\/uploads\/2023\/05\/Tapa-9.2.jpg\" alt=\"Tapa WPSATAM22\" width=\"212\" height=\"300\" \/><\/a>.<\/p>\n<h2><\/h2>\n<p><b>Public-private transgressions in water-related public policies and their impact on hydrosocial spaces, territories, and basins. Lessons from Argentina, Brazil, and Mexico<\/b> (articles in Spanish and Portuguese).<\/p>\n<h2><\/h2>\n<p>Joint issue with <a href=\"https:\/\/roxpublicidade.com.br\/waterlat\/01\/thematic-areas\/ta9\/\">Thematic Area 9 TA9 &#8211; Water and Production<\/a>.Edited by J.E. Castro, with articles by L. Romero Navarrete, A. Rodriguez Sanchez, N. Dias Tadeu, A. C. Sanches Baptista, I. Penha de Oliveira Santos, and R. Larsimont.<\/p>\n<h2><\/h2>\n<p>Vol. 9 No 2, June 2022. <a href=\"https:\/\/roxpublicidade.com.br\/waterlat\/01\/working-papers-series\/volume-9-2022\/vol9-no-2\/\">Download it here<\/a>.<\/p>\n<h2><\/h2>\n<h2><\/h2>\n<p><a href=\"https:\/\/roxpublicidade.com.br\/waterlat\/01\/thematic-areas\/ta6\/\">Return to the TA6 Presentation<\/a><\/p>\n","protected":false},"excerpt":{"rendered":"<p>TA6 has a dedicated Series within the WATERLAT-GOBACIT Working Papers: Thematic Area Series, TA6 Hydrosocial Basins, Territories, and Spaces. It has also published issues of the Working Papers jointly with other Thematic Areas on topics of common interest. . Imposition, resistance, and alternatives in the face of an inter-regional water crisis in Mexico: El Zapotillo [&hellip;]<\/p>\n","protected":false},"author":1,"featured_media":0,"parent":2420,"menu_order":0,"comment_status":"closed","ping_status":"closed","template":"","meta":{"footnotes":""},"class_list":["post-2430","page","type-page","status-publish","hentry"],"_links":{"self":[{"href":"https:\/\/roxpublicidade.com.br\/waterlat\/01\/wp-json\/wp\/v2\/pages\/2430","targetHints":{"allow":["GET"]}}],"collection":[{"href":"https:\/\/roxpublicidade.com.br\/waterlat\/01\/wp-json\/wp\/v2\/pages"}],"about":[{"href":"https:\/\/roxpublicidade.com.br\/waterlat\/01\/wp-json\/wp\/v2\/types\/page"}],"author":[{"embeddable":true,"href":"https:\/\/roxpublicidade.com.br\/waterlat\/01\/wp-json\/wp\/v2\/users\/1"}],"replies":[{"embeddable":true,"href":"https:\/\/roxpublicidade.com.br\/waterlat\/01\/wp-json\/wp\/v2\/comments?post=2430"}],"version-history":[{"count":1,"href":"https:\/\/roxpublicidade.com.br\/waterlat\/01\/wp-json\/wp\/v2\/pages\/2430\/revisions"}],"predecessor-version":[{"id":13070,"href":"https:\/\/roxpublicidade.com.br\/waterlat\/01\/wp-json\/wp\/v2\/pages\/2430\/revisions\/13070"}],"up":[{"embeddable":true,"href":"https:\/\/roxpublicidade.com.br\/waterlat\/01\/wp-json\/wp\/v2\/pages\/2420"}],"wp:attachment":[{"href":"https:\/\/roxpublicidade.com.br\/waterlat\/01\/wp-json\/wp\/v2\/media?parent=2430"}],"curies":[{"name":"wp","href":"https:\/\/api.w.org\/{rel}","templated":true}]}}