{"id":2413,"date":"2017-05-29T02:07:23","date_gmt":"2017-05-29T02:07:23","guid":{"rendered":"http:\/\/waterlat.org\/es\/?page_id=2413"},"modified":"2017-05-29T02:07:23","modified_gmt":"2017-05-29T02:07:23","slug":"breviarios-de-politica-publica","status":"publish","type":"page","link":"https:\/\/roxpublicidade.com.br\/waterlat\/01\/es\/breviarios-de-politica-publica\/","title":{"rendered":"Breviarios de Pol\u00edtica P\u00fablica"},"content":{"rendered":"<style>\n.entry-content img, .comment-content img, .widget img, img.header-image, .author-avatar img, img.wp-post-image {<br \/>\nbox-shadow: none;<br \/>\n}<br \/>\n<\/style>\n<style>\n#listaBreviarios {display: inline-block;}<br \/>\n.breviario{display: inline-block;text-align: center; padding: 8px; margin: 10px;background-color: rgba(232, 232, 232, 0.51); border-radius: 2px; cursor: pointer;}<br \/>\n.breviario a {text-decoration: none; color:black;}<br \/>\n.breviario:hover{background-color: rgba(232, 232, 232, 0.80); transition: 0.2s all;}<br \/>\n.br_titulo{margin: 10px 0px !important; color:black;}<br \/>\n.br_img{width: 250px; }<br \/>\n.br_download{display: block;}<br \/>\n.br_doi{color: black; font-style: italic; font-size: small;}<br \/>\n.br_videos{display:inline-block; width:100%;}<br \/>\n.br_videos h3{text-align:center;}<br \/>\n.br_videos iframe{display:inline-block; width:45%;}<br \/>\n<\/style>\n<p>Los Breviarios de la Red son documentos sucintos, focalizados en temas espec\u00edficos y de alta relevancia. Sus contenidos se basan en resultados de investigaci\u00f3n de miembros de la Red que aportan evidencia, argumentos y propuestas, que buscan contribuir al debate p\u00fablico desde una perspectiva cr\u00edtica.<\/p>\n<p>&nbsp;<\/p>\n<p>[lista_breviarios_ES]<br \/>\n<!--\n\n\n<div id=\"listaBreviarios\">\n\n\n<div class=\"breviario\">\n  <a target=\"_blank\" href=\"https:\/\/roxpublicidade.com.br\/waterlat\/01\/PolicyBriefs\/Breviario1.pdf\" rel=\"noopener\">\n\n\n<h3 class=\"br_titulo\">WATERLAT Breviario 1<\/h3>\n\n\n<img decoding=\"async\" class=\"br_img\" src=\"https:\/\/roxpublicidade.com.br\/waterlat\/01\/wp-content\/uploads\/2017\/05\/PortadaBreviario1ES.jpg\"\/>\n<\/a><\/div>\n\n\n<\/div>\n\n\n!--><\/p>\n<div class=\"br_videos\">\n<\/div>\n","protected":false},"excerpt":{"rendered":"<p>Los Breviarios de la Red son documentos sucintos, focalizados en temas espec\u00edficos y de alta relevancia. Sus contenidos se basan en resultados de investigaci\u00f3n de miembros de la Red que aportan evidencia, argumentos y propuestas, que buscan contribuir al debate p\u00fablico desde una perspectiva cr\u00edtica. &nbsp; [lista_breviarios_ES]<\/p>\n","protected":false},"author":1,"featured_media":0,"parent":0,"menu_order":0,"comment_status":"closed","ping_status":"closed","template":"page-templates\/full-width.php","meta":{"footnotes":""},"class_list":["post-2413","page","type-page","status-publish","hentry"],"_links":{"self":[{"href":"https:\/\/roxpublicidade.com.br\/waterlat\/01\/wp-json\/wp\/v2\/pages\/2413","targetHints":{"allow":["GET"]}}],"collection":[{"href":"https:\/\/roxpublicidade.com.br\/waterlat\/01\/wp-json\/wp\/v2\/pages"}],"about":[{"href":"https:\/\/roxpublicidade.com.br\/waterlat\/01\/wp-json\/wp\/v2\/types\/page"}],"author":[{"embeddable":true,"href":"https:\/\/roxpublicidade.com.br\/waterlat\/01\/wp-json\/wp\/v2\/users\/1"}],"replies":[{"embeddable":true,"href":"https:\/\/roxpublicidade.com.br\/waterlat\/01\/wp-json\/wp\/v2\/comments?post=2413"}],"version-history":[{"count":0,"href":"https:\/\/roxpublicidade.com.br\/waterlat\/01\/wp-json\/wp\/v2\/pages\/2413\/revisions"}],"wp:attachment":[{"href":"https:\/\/roxpublicidade.com.br\/waterlat\/01\/wp-json\/wp\/v2\/media?parent=2413"}],"curies":[{"name":"wp","href":"https:\/\/api.w.org\/{rel}","templated":true}]}}