{"id":2399,"date":"2017-12-22T19:08:25","date_gmt":"2017-12-22T19:08:25","guid":{"rendered":"http:\/\/waterlat.org\/pt\/?page_id=2399"},"modified":"2017-12-22T19:08:25","modified_gmt":"2017-12-22T19:08:25","slug":"at4","status":"publish","type":"page","link":"https:\/\/roxpublicidade.com.br\/waterlat\/01\/pt\/areas-tematicas\/at4\/","title":{"rendered":"AT4 \u2013 \u00c1guas Transfronteiri\u00e7as"},"content":{"rendered":"<h2>Apresenta\u00e7\u00e3o<\/h2>\n<p>O principal prop\u00f3sito da AT4 \u00e9 analisar as experi\u00eancias de gest\u00e3o das \u00e1guas transfronteiri\u00e7as, suas formas de coopera\u00e7\u00e3o e, principalmente, as tens\u00f5es e conflitos que ela pode gerar. Com o aumento da demanda cada vez maior por \u00e1gua, o seu acesso torne-se foco de disputa. Essa situa\u00e7\u00e3o pode ocorrer tanto em casos de escassez quanto de abund\u00e2ncia de \u00e1gua. Quando a \u00e1gua ocorre em um corpo de \u00e1gua, superficial ou subterr\u00e2neo, em uma \u00e1rea de fronteira, a disputa ganha peculiaridades importantes, que merecem aten\u00e7\u00e3o. O interc\u00e2mbio de experi\u00eancias entre pesquisadores de diversos pa\u00edses contribui para verificar como os estados enfrentam o desafio de gerir os recursos h\u00eddricos transfronteiri\u00e7os e os conflitos decorrentes do compartilhamento das \u00e1guas. Entretanto, observam-se tamb\u00e9m conflitos no interior de pa\u00edses, gerando tens\u00f5es internas resultado da disputa pelo uso de \u00e1guas que dividem unidades administrativas regionais e locais. Portanto, a AT4 n\u00e3o se dedica apenas a estudar conflitos e formas de coopera\u00e7\u00e3o sobre a \u00e1gua que ocorrem em fronteiras internacionais, mas, tamb\u00e9m, as que se encontram em fronteiras internas. A crescente demanda por \u00e1gua e a progressiva deteriora\u00e7\u00e3o das reservas h\u00eddricas, aliadas \u00e0s incertezas oriundas do fen\u00f4meno nas mudan\u00e7as clim\u00e1ticas, potencializam os conflitos h\u00eddricos existentes e fomentam novos conflitos, bem como a necessidade de se criarem iniciativas de coopera\u00e7\u00e3o para gerencia-los. As an\u00e1lises de situa\u00e7\u00f5es transfronteiri\u00e7as levam a uma necess\u00e1ria articula\u00e7\u00e3o de diversas escalas de gest\u00e3o, incluindo a internacional, que \u00e9 pautada pela soberania dos estados, assimetrias de poder entre vizinhos e \u00e0 falta de ordenamentos internacionais claros sobre os direitos de acesso \u00e0 \u00e1gua. AT4 busca tamb\u00e9m estimular o debate te\u00f3rico e epistemol\u00f3gico para construir novas interpreta\u00e7\u00f5es diante de situa\u00e7\u00f5es complexas como as que envolvem o uso de \u00e1guas transfronteiri\u00e7as. A expectativa \u00e9 fomentar a discuss\u00e3o e propor pr\u00e1ticas mais solid\u00e1rias e cooperativas no acesso \u00e0 \u00e1gua em \u00e1reas de fronteiras, sejam internacionais ou internas a um pa\u00eds. O esfor\u00e7o tamb\u00e9m est\u00e1 focado em estimular pesquisas e colabora\u00e7\u00e3o com movimentos sociais localizados em \u00e1reas de fronteira. Tanto situa\u00e7\u00f5es localizadas em fronteiras entre pa\u00edses quanto aquelas tens\u00f5es internas a pa\u00edses est\u00e3o no escopo das pesquisas. Nossa AT tamb\u00e9m tenta contribuir ao desenvolvimento de novas epistemologias, que superem a cl\u00e1ssica compreens\u00e3o da no\u00e7\u00e3o de soberania vinculada ao estado-na\u00e7\u00e3o em busca da no\u00e7\u00e3o de soberania compartilhada, baseada na coopera\u00e7\u00e3o e em princ\u00edpios como o consentimento pr\u00e9vio entre as partes na gest\u00e3o de \u00e1guas transfronteiri\u00e7as, estimulando uma maior participa\u00e7\u00e3o popular na tomada de decis\u00f5es de pol\u00edtica externa neste campo de atividade.<\/p>\n<p>&nbsp;<\/p>\n<h3>Temas destacados que trabalham os membros da AT4:<\/h3>\n<ul>\n<li>An\u00e1lise de arranjos institucionais para a gest\u00e3o das \u00e1guas transfronteiri\u00e7as (tratados, acordos ou conven\u00e7\u00f5es sobre o tema)<\/li>\n<li>Identifica\u00e7\u00e3o de situa\u00e7\u00f5es de tens\u00e3o e conflito pelo uso da \u00e1gua em \u00e1reas fronteiri\u00e7as <\/li>\n<li>Busca de equacionamento dos conflitos transfronteiri\u00e7os <\/li>\n<li>Acompanhamento de negocia\u00e7\u00f5es entre partes que compartilham fronteiras, internas ou internacionais, envolvendo o acesso \u00e0 \u00e1gua <\/li>\n<li>Constru\u00e7\u00e3o de uma coopera\u00e7\u00e3o para uma distribui\u00e7\u00e3o equitativa das \u00e1guas<\/li>\n<li>An\u00e1lise de gest\u00e3o multi-escalar da bacia hidrogr\u00e1fica<\/li>\n<li>An\u00e1lise e discuss\u00e3o de experi\u00eancias de governan\u00e7a estabelecidas para a gest\u00e3o de \u00e1guas transfronteiri\u00e7as<\/li>\n<li>Identifica\u00e7\u00e3o de movimentos sociais em \u00e1reas fronteiri\u00e7as, suas demandas e formas de uso da \u00e1gua.<\/li>\n<li>Formas de soberania existentes e em forma\u00e7\u00e3o para a gest\u00e3o das \u00e1guas transfronteiri\u00e7as<\/li>\n<\/ul>\n<p>&nbsp;<\/p>\n<h2><a href=\"https:\/\/roxpublicidade.com.br\/waterlat\/01\/pt\/areas-tematicas\/at4\/cadernos-de-trabalho-da-at4\/\">Cadernos de Trabalho da AT4<\/a><\/h2>\n<h2><a href=\" https:\/\/roxpublicidade.com.br\/waterlat\/01\/pt\/areas-tematicas\/at4\/galeria\/\">Galeria Multim\u00eddia da AT4<\/a><\/h2>\n<p>&nbsp;<\/p>\n<hr \/>\n","protected":false},"excerpt":{"rendered":"<p>Apresenta\u00e7\u00e3o O principal prop\u00f3sito da AT4 \u00e9 analisar as experi\u00eancias de gest\u00e3o das \u00e1guas transfronteiri\u00e7as, suas formas de coopera\u00e7\u00e3o e, principalmente, as tens\u00f5es e conflitos que ela pode gerar. Com o aumento da demanda cada vez maior por \u00e1gua, o seu acesso torne-se foco de disputa. Essa situa\u00e7\u00e3o pode ocorrer tanto em casos de escassez [&hellip;]<\/p>\n","protected":false},"author":1,"featured_media":0,"parent":12707,"menu_order":0,"comment_status":"closed","ping_status":"closed","template":"page-templates\/full-width.php","meta":{"footnotes":""},"class_list":["post-2399","page","type-page","status-publish","hentry"],"_links":{"self":[{"href":"https:\/\/roxpublicidade.com.br\/waterlat\/01\/wp-json\/wp\/v2\/pages\/2399","targetHints":{"allow":["GET"]}}],"collection":[{"href":"https:\/\/roxpublicidade.com.br\/waterlat\/01\/wp-json\/wp\/v2\/pages"}],"about":[{"href":"https:\/\/roxpublicidade.com.br\/waterlat\/01\/wp-json\/wp\/v2\/types\/page"}],"author":[{"embeddable":true,"href":"https:\/\/roxpublicidade.com.br\/waterlat\/01\/wp-json\/wp\/v2\/users\/1"}],"replies":[{"embeddable":true,"href":"https:\/\/roxpublicidade.com.br\/waterlat\/01\/wp-json\/wp\/v2\/comments?post=2399"}],"version-history":[{"count":0,"href":"https:\/\/roxpublicidade.com.br\/waterlat\/01\/wp-json\/wp\/v2\/pages\/2399\/revisions"}],"up":[{"embeddable":true,"href":"https:\/\/roxpublicidade.com.br\/waterlat\/01\/wp-json\/wp\/v2\/pages\/12707"}],"wp:attachment":[{"href":"https:\/\/roxpublicidade.com.br\/waterlat\/01\/wp-json\/wp\/v2\/media?parent=2399"}],"curies":[{"name":"wp","href":"https:\/\/api.w.org\/{rel}","templated":true}]}}