{"id":2378,"date":"2019-11-05T15:01:03","date_gmt":"2019-11-05T15:01:03","guid":{"rendered":"http:\/\/waterlat.org\/pt\/?page_id=2378"},"modified":"2019-11-05T15:01:03","modified_gmt":"2019-11-05T15:01:03","slug":"curso-waterlat-gobacit-isp","status":"publish","type":"page","link":"https:\/\/roxpublicidade.com.br\/waterlat\/01\/pt\/ensino\/curso-waterlat-gobacit-isp\/","title":{"rendered":"Curso de Especializa\u00e7\u00e3o WATERLAT-GOBACIT-ISP"},"content":{"rendered":"<h2>Especializa\u00e7\u00e3o em Pol\u00edtica e Gest\u00e3o da \u00c1gua e dos Servi\u00e7os de Saneamento B\u00e1sico<\/h2>\n<p><a href=\"https:\/\/roxpublicidade.com.br\/waterlat\/01\/pt\/wp-content\/uploads\/sites\/3\/2019\/11\/Capa-Curso-1-1.jpg\"><img loading=\"lazy\" decoding=\"async\" class=\"aligncenter size-large wp-image-3155\" src=\"https:\/\/roxpublicidade.com.br\/waterlat\/01\/pt\/wp-content\/uploads\/sites\/3\/2019\/11\/Capa-Curso-1-1.jpg\" alt=\"\" width=\"625\" height=\"884\" \/><\/a><\/p>\n<p>Este curso \u00e9 parte das atividades previstas no <a href=\" https:\/\/roxpublicidade.com.br\/waterlat\/01\/pt\/projetos\/acordo-de-cooperacao-com-a-isp\/\"> Acordo de Coopera\u00e7\u00e3o entre a Rede WATERLAT-GOBACIT e a Internacional de Servi\u00e7os P\u00fablicos (ISP)<\/a>. O curso tem apoio do <a href=\"https:\/\/www.iteso.mx\/\">Instituto Tecnol\u00f3gico e de Estudos Superiores de Ocidente (ITESO)<\/a>, Guadalajara, Jalisco, M\u00e9xico.<\/p>\n<hr style=\"background-color: cornflowerblue;\" \/>\n<h3>Coordena\u00e7\u00e3o:<\/h3>\n<p><span style=\"text-decoration: underline;\">Coordenador Acad\u00e9mico do Curso:<\/span><\/p>\n<p>Jos\u00e9 Esteban Castro, Pesquisador Principal, Conselho Nacional de Pesquisas Cient\u00edficas e T\u00e9cnicas (CONICET), Argentina. Emeritus Professor, Newcastle University, Reino Unido.<\/p>\n<p><span style=\"text-decoration: underline;\">Coordenador representando a ISP<\/span>:<\/p>\n<p>Oscar Rodr\u00edguez, Internacional de Servi\u00e7os P\u00fablicos (ISP), Costa Rica<\/p>\n<p><span style=\"text-decoration: underline;\">Coordenador representando a ITESO<\/span>:<\/p>\n<p>Mario L\u00f3pez, Instituto Tecnol\u00f3gico e de Estudos Superiores de Ocidente (ITESO), Guadalajara, M\u00e9xico<\/p>\n<p><span style=\"text-decoration: underline;\">Secretar\u00eda do Curso<\/span>:<\/p>\n<p>Ana Sof\u00eda Mac\u00edas Ascanio, Instituto Tecnol\u00f3gico e de Estudos Superiores de Ocidente (ITESO), Guadalajara, M\u00e9xico<\/p>\n<hr style=\"background-color: cornflowerblue;\" \/>\n<p>&nbsp;<\/p>\n<p><span style=\"text-decoration: underline;\">Equipe Docente (em ordem alfab\u00e9tica)<\/span>:<\/p>\n<p>Jos\u00e9 Esteban Castro<br \/>\nConselho Nacional de Pesquisas Cient\u00edficas e T\u00e9cnicas (CONICET), Argentina e Newcastle University, Reino Unido.<\/p>\n<p>Mariela Garc\u00eda<br \/>\nInstituto de Pesquisa e Desenvolvimento em \u00c1gua Pot\u00e1vel, Saneamento B\u00e1sico e Conserva\u00e7\u00e3o do Recurso H\u00eddrico (CINARA), Universidade do Vale, Cali, Col\u00f4mbia<\/p>\n<p>Mario L\u00f3pez<br \/>\nInstituto Tecnol\u00f3gico e de Estudos Superiores de Ocidente (ITESO), Guadalajara, M\u00e9xico<\/p>\n<p>Miguel Pe\u00f1a<br \/>\nInstituto de Pesquisa e Desenvolvimento em \u00c1gua Pot\u00e1vel, Saneamento B\u00e1sico e Conserva\u00e7\u00e3o do Recurso H\u00eddrico (CINARA), Universidade do Vale, Cali, Col\u00f4mbia<\/p>\n<p>Mart\u00edn Sanzana<br \/>\nInstituto de Estudos Estrat\u00e9gicos para o Desenvolvimento Humano (INEDH), Concepci\u00f3n, Chile<\/p>\n<p>Mar\u00eda Luisa Torregrosa<br \/>\nFaculdade Latino-americana de Ci\u00eancias Sociais (FLACSO), Cidade do M\u00e9xico, M\u00e9xico<\/p>\n<p>Robinson Torres<br \/>\nFaculdade de Ci\u00eancias Sociais e Faculdade de Ci\u00eancias Ambientais, Universidade de Concepci\u00f3n, Concepci\u00f3n, Chile<\/p>\n<hr style=\"background-color: cornflowerblue;\" \/>\n<p>Para informa\u00e7\u00e3o adicional ou consultas, contate a nossa <b>Secretar\u00eda:<\/b> Ana Sof\u00eda Mac\u00edas Ascanio<a href=\"mailto:redwaterlat@gmail.com\"> (Email)<\/a><\/p>\n<p>&nbsp;<\/p>\n","protected":false},"excerpt":{"rendered":"<p>Especializa\u00e7\u00e3o em Pol\u00edtica e Gest\u00e3o da \u00c1gua e dos Servi\u00e7os de Saneamento B\u00e1sico Este curso \u00e9 parte das atividades previstas no Acordo de Coopera\u00e7\u00e3o entre a Rede WATERLAT-GOBACIT e a Internacional de Servi\u00e7os P\u00fablicos (ISP). O curso tem apoio do Instituto Tecnol\u00f3gico e de Estudos Superiores de Ocidente (ITESO), Guadalajara, Jalisco, M\u00e9xico. Coordena\u00e7\u00e3o: Coordenador Acad\u00e9mico [&hellip;]<\/p>\n","protected":false},"author":1,"featured_media":0,"parent":1607,"menu_order":0,"comment_status":"closed","ping_status":"closed","template":"page-templates\/full-width.php","meta":{"footnotes":""},"class_list":["post-2378","page","type-page","status-publish","hentry"],"_links":{"self":[{"href":"https:\/\/roxpublicidade.com.br\/waterlat\/01\/wp-json\/wp\/v2\/pages\/2378","targetHints":{"allow":["GET"]}}],"collection":[{"href":"https:\/\/roxpublicidade.com.br\/waterlat\/01\/wp-json\/wp\/v2\/pages"}],"about":[{"href":"https:\/\/roxpublicidade.com.br\/waterlat\/01\/wp-json\/wp\/v2\/types\/page"}],"author":[{"embeddable":true,"href":"https:\/\/roxpublicidade.com.br\/waterlat\/01\/wp-json\/wp\/v2\/users\/1"}],"replies":[{"embeddable":true,"href":"https:\/\/roxpublicidade.com.br\/waterlat\/01\/wp-json\/wp\/v2\/comments?post=2378"}],"version-history":[{"count":0,"href":"https:\/\/roxpublicidade.com.br\/waterlat\/01\/wp-json\/wp\/v2\/pages\/2378\/revisions"}],"up":[{"embeddable":true,"href":"https:\/\/roxpublicidade.com.br\/waterlat\/01\/wp-json\/wp\/v2\/pages\/1607"}],"wp:attachment":[{"href":"https:\/\/roxpublicidade.com.br\/waterlat\/01\/wp-json\/wp\/v2\/media?parent=2378"}],"curies":[{"name":"wp","href":"https:\/\/api.w.org\/{rel}","templated":true}]}}