{"id":2311,"date":"2017-04-17T20:03:41","date_gmt":"2017-04-17T20:03:41","guid":{"rendered":"http:\/\/waterlat.org\/es\/?page_id=2311"},"modified":"2017-04-17T20:03:41","modified_gmt":"2017-04-17T20:03:41","slug":"concurso-de-cortometrajes","status":"publish","type":"page","link":"https:\/\/roxpublicidade.com.br\/waterlat\/01\/es\/concurso-de-cortometrajes\/","title":{"rendered":"Concurso de Cortometrajes"},"content":{"rendered":"<style>\n.divvideo {\n  -webkit-box-shadow: 4px 3px 17px -6px rgba(0,0,0,0.42);\n  -moz-box-shadow: 4px 3px 17px -6px rgba(0,0,0,0.42);\n  box-shadow: 4px 3px 17px -6px rgba(0,0,0,0.42);\n  display: inline-block;\n  padding: 15px;\n  margin: 5px;\n  width:350px;\n  background-color: rgba(167, 157, 157, 0.08);\n}\n@media screen and (max-width: 945px) {\n.divvideo {width: 80%;}\n}\n.divvideo:hover{\ntransition-duration: 250ms;\n-webkit-box-shadow: 4px 3px 17px 1px rgba(0,0,0,0.42);\n-moz-box-shadow: 4px 3px 17px 1px rgba(0,0,0,0.42);\nbox-shadow: 4px 3px 17px 1px rgba(0,0,0,0.42);\n}\n.listarep{\n  padding: 5px;\n  background-color: #2f7aaf;\n  border: 1px solid;\n  display: block;\n  border-radius: 8px;\n  margin-top: -25px;\n  text-align: center;\n  width: 250px;\n  margin: 0 auto;\n}\n.listarep:hover{\ntransition-duration: 250ms;\n  background-color:#439ede;\n}\na.listarep {\n  text-decoration: none;\n  color: white;\n}\niframe {\n  margin-bottom: auto !important;\n  margin-top: 10px;\n}<\/p>\n<p>h2, h3 {\n text-align: center; \n margin: 0px !important; \n color: black;\"\n}<\/p>\n<\/style>\n<p>Desde 2015 organizamos regularmente un Concurso de Cortometrajes, que forma parte de las actividades de nuestra <a href=\"https:\/\/roxpublicidade.com.br\/waterlat\/01\/es\/areas-tematicas\/at7\/\">\u00c1rea Tem\u00e1tica 7, Arte, Comunicaci\u00f3n, Cultura, y Educaci\u00f3n<\/a>.<\/p>\n<p>La participaci\u00f3n es abierta tanto a profesionales como a iniciantes, sin l\u00edmite de edad, pa\u00eds, o lenguaje.<\/p>\n<p>El Concurso de Cortometrajes fue interrumpido por la Pandemia de COVID-19 poco despu\u00e9s del anuncio de los resultados de la Edici\u00f3n 2020. Ver abajo los resultados de los concursos previos, desde  2015.<\/p>\n<p><b>Ahora anunciamos la <a href=\"https:\/\/roxpublicidade.com.br\/waterlat\/01\/es\/concurso-de-cortometrajes-3\/concurso-de-cortometrajes-2025\/\">Convocatoria para participar en la Edici\u00f3n 2025 Concurso de Cortometrajes<\/a><\/b>.<\/p>\n<p><!-- DIV VIDEO 2020 !--><br \/>\n<a href=\"https:\/\/roxpublicidade.com.br\/waterlat\/01\/es\/concurso-de-cortometrajes-3\/concurso-2020\/\"><\/p>\n<div class=\"divvideo\">\n<h2> Concurso de Cortometrajes 2020<\/h2>\n<h3>Primer Premio y Menciones<\/h3>\n<p>   <iframe loading=\"lazy\" width=\"450\" height=\"320\" src=\"https:\/\/www.youtube.com\/embed\/pRKrybuQpLM\" frameborder=\"0\" allowfullscreen><\/iframe><br \/>\n  <a class=\"listarep\" href=\"https:\/\/www.youtube.com\/playlist?list=PLx6qphzdSP6tMRnen-EIQkKwsnQ7zOcrx\"> Ver todos <i>(lista de reproducci\u00f3n)<\/i><\/a><\/div>\n<\/div>\n<p><\/a><\/p>\n<p><!-- DIV VIDEO 2019 !--><br \/>\n<a href=\"https:\/\/roxpublicidade.com.br\/waterlat\/01\/es\/concurso-de-cortometrajes-3\/concurso-de-cortometrajes-2019\/?noredirect=es_ES\"><\/p>\n<div class=\"divvideo\">\n<h2>Concurso de Cortometrajes 2019<\/h2>\n<h3>Primer Premio y Menciones<\/h3>\n<p>  <iframe loading=\"lazy\" width=\"450\" height=\"320\" src=\"https:\/\/www.youtube.com\/embed\/videoseries?list=PLx6qphzdSP6sH2JZ7-nKP_VBYLO77UsmB\" frameborder=\"0\" allowfullscreen><\/iframe><br \/>\n  <a class=\"listarep\" href=\"https:\/\/www.youtube.com\/playlist?list=PLx6qphzdSP6sH2JZ7-nKP_VBYLO77UsmB\"> Ver todos <i>(lista de reproducci\u00f3n)<\/i><\/a><\/div>\n<p><\/a><\/p>\n<p><!-- DIV VIDEO 2017-8 !--><br \/>\n<a href=\"https:\/\/roxpublicidade.com.br\/waterlat\/01\/es\/concurso-de-cortometrajes-3\/concurso-de-cortometrajes-2017-18\/?noredirect=es_ES\"><\/p>\n<div class=\"divvideo\">\n<h2>Concurso de Cortometrajes 2017-18<\/h2>\n<h3>Primer Premio y Menciones<\/h3>\n<p>  <iframe loading=\"lazy\" width=\"450\" height=\"320\" src=\"https:\/\/www.youtube.com\/embed\/5EvB17nXZIg\" frameborder=\"0\" allowfullscreen><\/iframe><br \/>\n  <a class=\"listarep\" href=\"https:\/\/www.youtube.com\/playlist?list=PLx6qphzdSP6sMe8dyHlcV3fNy3GHIZzdc\"> Ver todos <i>(lista de reproducci\u00f3n)<\/i><\/a><\/div>\n<p><\/a><\/p>\n<p><!-- DIV VIDEO 2016 !--><br \/>\n<a href=\"https:\/\/roxpublicidade.com.br\/waterlat\/01\/es\/concurso-de-cortometrajes\/concurso-2016-17\/\"><\/p>\n<div class=\"divvideo\">\n<h2>Concurso de Cortometrajes 2016-17<\/h2>\n<h3>Primer Premio<\/h3>\n<p>  <iframe loading=\"lazy\" width=\"450\" height=\"320\" src=\"https:\/\/www.youtube.com\/embed\/Wb5rmdPj_B4\" frameborder=\"0\" allowfullscreen><\/iframe><br \/>\n  <a class=\"listarep\" href=\"https:\/\/www.youtube.com\/playlist?list=PLx6qphzdSP6tWe7bXKU_v4vP8eg0ct7Pz\">Ver todos <i>(lista de reproducci\u00f3n)<\/i><\/a>\n<\/div>\n<p><\/a><\/p>\n<p><!-- DIV VIDEO 2015 !--><br \/>\n<a href=\"https:\/\/roxpublicidade.com.br\/waterlat\/01\/es\/concurso-de-cortometrajes\/concurso-de-cortometrajes-2015\/\"><\/p>\n<div class=\"divvideo\">\n<h2>Concurso de Cortometrajes 2015<\/h2>\n<h3>Primer Premio<\/h3>\n<p>  <iframe loading=\"lazy\" width=\"450\" height=\"320\" src=\"https:\/\/www.youtube.com\/embed\/5U3_fg3feew?list=PLx6qphzdSP6u_RzjcUyQOWXZ9v3Y-H2kc\" frameborder=\"0\" allowfullscreen><\/iframe><br \/>\n  <a class=\"listarep\" href=\"https:\/\/www.youtube.com\/playlist?list=PLx6qphzdSP6v9cqqLMKGe-yAS6aQ0S7B-\">Ver todos <i>(lista de reproducci\u00f3n)<\/i><\/a>\n<\/div>\n<p><\/a><\/p>\n<\/div>\n","protected":false},"excerpt":{"rendered":"<p>Desde 2015 organizamos regularmente un Concurso de Cortometrajes, que forma parte de las actividades de nuestra \u00c1rea Tem\u00e1tica 7, Arte, Comunicaci\u00f3n, Cultura, y Educaci\u00f3n. La participaci\u00f3n es abierta tanto a profesionales como a iniciantes, sin l\u00edmite de edad, pa\u00eds, o lenguaje. El Concurso de Cortometrajes fue interrumpido por la Pandemia de COVID-19 poco despu\u00e9s del [&hellip;]<\/p>\n","protected":false},"author":1,"featured_media":0,"parent":0,"menu_order":0,"comment_status":"closed","ping_status":"closed","template":"page-templates\/full-width.php","meta":{"footnotes":""},"class_list":["post-2311","page","type-page","status-publish","hentry"],"_links":{"self":[{"href":"https:\/\/roxpublicidade.com.br\/waterlat\/01\/wp-json\/wp\/v2\/pages\/2311","targetHints":{"allow":["GET"]}}],"collection":[{"href":"https:\/\/roxpublicidade.com.br\/waterlat\/01\/wp-json\/wp\/v2\/pages"}],"about":[{"href":"https:\/\/roxpublicidade.com.br\/waterlat\/01\/wp-json\/wp\/v2\/types\/page"}],"author":[{"embeddable":true,"href":"https:\/\/roxpublicidade.com.br\/waterlat\/01\/wp-json\/wp\/v2\/users\/1"}],"replies":[{"embeddable":true,"href":"https:\/\/roxpublicidade.com.br\/waterlat\/01\/wp-json\/wp\/v2\/comments?post=2311"}],"version-history":[{"count":0,"href":"https:\/\/roxpublicidade.com.br\/waterlat\/01\/wp-json\/wp\/v2\/pages\/2311\/revisions"}],"wp:attachment":[{"href":"https:\/\/roxpublicidade.com.br\/waterlat\/01\/wp-json\/wp\/v2\/media?parent=2311"}],"curies":[{"name":"wp","href":"https:\/\/api.w.org\/{rel}","templated":true}]}}