{"id":2280,"date":"2017-04-11T20:48:13","date_gmt":"2017-04-11T20:48:13","guid":{"rendered":"http:\/\/waterlat.org\/es\/?page_id=2280"},"modified":"2017-04-11T20:48:13","modified_gmt":"2017-04-11T20:48:13","slug":"concurso-de-cortometrajes-3","status":"publish","type":"page","link":"https:\/\/roxpublicidade.com.br\/waterlat\/01\/es\/concurso-de-cortometrajes-3\/","title":{"rendered":"Concurso de Cortometrajes old"},"content":{"rendered":"<p>Desde\u00a02015 organizamos regularmente un Concurso de Cortometrajes, que forma parte de las actividades de nuestra <a href=\"https:\/\/roxpublicidade.com.br\/waterlat\/01\/es\/areas-tematicas\/at7\/\">\u00c1rea Tem\u00e1tica 7, Arte, Comunicaci\u00f3n, Cultura, y Educaci\u00f3n<\/a>.<\/p>\n<p><strong>Visite las p\u00e1ginas individuales de nuestros Concursos de Cortometrajes<\/strong><\/p>\n<h3><a href=\"https:\/\/roxpublicidade.com.br\/waterlat\/01\/es\/concurso-de-cortometrajes\/concurso-2016-17\/\">Concurso de Cortometrajes 2016-17<\/a><\/h3>\n<h3><a href=\"https:\/\/roxpublicidade.com.br\/waterlat\/01\/es\/encuentros\/public-meetings\/waterlat-gobacit-2015\/concurso-de-cortometrajes-2015\/\">Concurso de Cortometrajes 2015<\/a><\/h3>\n<p>&nbsp;<\/p>\n<p><strong>Todos los videos participantes son exhibidos en las listas de reproducci\u00f3n relevantes en nuestro Canal de Youtube:<\/strong><\/p>\n<h3><a href=\"https:\/\/www.youtube.com\/playlist?list=PLx6qphzdSP6tWe7bXKU_v4vP8eg0ct7Pz\">Lista de Reproducci\u00f3n del Concurso de Cortometrajes 2016-17<\/a><\/h3>\n<h3><a href=\"https:\/\/www.youtube.com\/playlist?list=PLx6qphzdSP6v9cqqLMKGe-yAS6aQ0S7B-\">Lista de Reproducci\u00f3n del Concurso de Cortometrajes 2015<\/a><\/h3>\n<h3><a href=\"https:\/\/www.youtube.com\/playlist?list=PLx6qphzdSP6u_RzjcUyQOWXZ9v3Y-H2kc\">Lista de Reproducci\u00f3n del \u00c1rea Tem\u00e1tica 7<\/a><\/h3>\n","protected":false},"excerpt":{"rendered":"<p>Desde\u00a02015 organizamos regularmente un Concurso de Cortometrajes, que forma parte de las actividades de nuestra \u00c1rea Tem\u00e1tica 7, Arte, Comunicaci\u00f3n, Cultura, y Educaci\u00f3n. Visite las p\u00e1ginas individuales de nuestros Concursos de Cortometrajes Concurso de Cortometrajes 2016-17 Concurso de Cortometrajes 2015 &nbsp; Todos los videos participantes son exhibidos en las listas de reproducci\u00f3n relevantes en nuestro [&hellip;]<\/p>\n","protected":false},"author":1,"featured_media":0,"parent":0,"menu_order":0,"comment_status":"closed","ping_status":"closed","template":"page-templates\/full-width.php","meta":{"footnotes":""},"class_list":["post-2280","page","type-page","status-publish","hentry"],"_links":{"self":[{"href":"https:\/\/roxpublicidade.com.br\/waterlat\/01\/wp-json\/wp\/v2\/pages\/2280","targetHints":{"allow":["GET"]}}],"collection":[{"href":"https:\/\/roxpublicidade.com.br\/waterlat\/01\/wp-json\/wp\/v2\/pages"}],"about":[{"href":"https:\/\/roxpublicidade.com.br\/waterlat\/01\/wp-json\/wp\/v2\/types\/page"}],"author":[{"embeddable":true,"href":"https:\/\/roxpublicidade.com.br\/waterlat\/01\/wp-json\/wp\/v2\/users\/1"}],"replies":[{"embeddable":true,"href":"https:\/\/roxpublicidade.com.br\/waterlat\/01\/wp-json\/wp\/v2\/comments?post=2280"}],"version-history":[{"count":0,"href":"https:\/\/roxpublicidade.com.br\/waterlat\/01\/wp-json\/wp\/v2\/pages\/2280\/revisions"}],"wp:attachment":[{"href":"https:\/\/roxpublicidade.com.br\/waterlat\/01\/wp-json\/wp\/v2\/media?parent=2280"}],"curies":[{"name":"wp","href":"https:\/\/api.w.org\/{rel}","templated":true}]}}