{"id":2232,"date":"2017-03-24T16:19:58","date_gmt":"2017-03-24T16:19:58","guid":{"rendered":"http:\/\/waterlat.org\/es\/?page_id=2232"},"modified":"2017-03-24T16:19:58","modified_gmt":"2017-03-24T16:19:58","slug":"declaraciones-publicas-2","status":"publish","type":"page","link":"https:\/\/roxpublicidade.com.br\/waterlat\/01\/es\/declaraciones-publicas-2\/","title":{"rendered":"Declaraciones P\u00fablicas"},"content":{"rendered":"<style>\n.entry-content img, .comment-content img, .widget img, img.header-image, .author-avatar img, img.wp-post-image {<br \/>box-shadow: none;<br \/>}<br \/><\/style>\n<style>\n.entry-content p {<br \/>line-height: normal;<br \/>}<br \/><\/style>\n<p><!-- Declaracion DHAS2020!--><\/p>\n<div style=\"display: inline-block; border: 1px solid; border-color: lightgrey; padding: 15px; margin: 10px 50px 15px 50px;\">\n<div>\n<h2 style=\"text-align: center; margin-bottom: auto; margin-top: 0px; color: black;\"> Declaraci\u00f3n de la Red WATERLAT-GOBACIT al cumplirse 10 a\u00f1os de la Resoluci\u00f3n 64\/292 de la Asamblea General de las Naciones Unidas reconociendo \u201cque el derecho al agua potable y el saneamiento es un derecho humano esencial para el pleno disfrute de la vida y de todos los derechos humanos\u201d <\/h2>\n<h4 style=\"text-align: center; margin-bottom: auto; margin-top: 0px; color: black;\">23 de julio de 2020<\/h4>\n<p style=\"margin-bottom: auto;\"> La Resoluci\u00f3n 64\/292 aprobada por la Asamblea General de las Naciones Unidas (AGNU) el 28 de julio de 2010 tuvo como precedente numerosas iniciativas que durante d\u00e9cadas ven\u00edan insistiendo en la necesidad de un reconocimiento formal del Derecho Humano al Agua y el Saneamiento (DHAS). En la etapa inmediatamente previa a la aprobaci\u00f3n de la Resoluci\u00f3n, particularmente desde inicios de la d\u00e9cada del a\u00f1o 2000, dichas iniciativas hab\u00edan recibido un impulso muy importante a partir de las intensas movilizaciones globales que formaron parte de las luchas sociales contra la expansi\u00f3n de pol\u00edticas neoliberales desde la d\u00e9cada de 1980, como la desregulaci\u00f3n y la privatizaci\u00f3n de servicios esenciales de agua y saneamiento. \u2026\n<\/p>\n<p><a style=\"display: block; text-align: right;\" href=\"https:\/\/roxpublicidade.com.br\/waterlat\/01\/GeneralPDFs\/DHAS2020Sp.pdf\">Leer m\u00e1s<\/a><\/p>\n<\/div>\n<\/div>\n<hr style=\"background-color: cornflowerblue;\" \/>\n<p><!-- Declaracion Osorno !--><\/p>\n<div style=\"display: inline-block; border: 1px solid; border-color: lightgrey; padding: 15px; margin: 10px 50px 15px 50px;\">\n<div>\n<h2 style=\"text-align: center; margin-bottom: auto; margin-top: 0px; color: black;\"> DECLARACI\u00d3N De rechazo al injusto reclamo de la empresa multinacional Suez contra el Estado y el pueblo de Chile, en el marco de la Crisis Sanitaria causada en la Ciudad de Osorno en julio de 2019 <\/h2>\n<h4 style=\"text-align: center; margin-bottom: auto; margin-top: 0px; color: black;\">7 de julio de 2020<\/h4>\n<p style=\"margin-bottom: auto;\"> Dando secuencia al posicionamiento y declaraciones previas de nuestra Red sobre las graves consecuencias que conlleva la privatizaci\u00f3n de las fuentes de agua y de los servicios p\u00fablicos esenciales de agua y saneamiento, y en conexi\u00f3n con los debates y posicionamientos p\u00fablicos que tuvieron lugar en la X Reuni\u00f3n Internacional realizada en Concepci\u00f3n, Chile, en octubre de 2019, con la participaci\u00f3n de organizaciones sindicales, movimientos sociales, comunidades ind\u00edgenas y otros actores relevantes, firmamos esta declaraci\u00f3n conjuntamente con la Federaci\u00f3n Nacional de Trabajadores de Obras Sanitarias (FENATRAOS), Chile, la Internacional de Servicios P\u00fablicos (ISP) y  la Confederaci\u00f3n de Trabajadoras y Trabajadores de Agua, Saneamiento y Ambiente de las Am\u00e9ricas (CONTAGUAS). \u2026\n<\/p>\n<p><a style=\"display: block; text-align: right;\" href=\"https:\/\/roxpublicidade.com.br\/waterlat\/01\/GeneralPDFs\/DeclaracionOsorno.pdf\">Leer m\u00e1s<\/a><\/p>\n<\/div>\n<\/div>\n<hr style=\"background-color: cornflowerblue;\" \/>\n<p><!-- Declaracion D\u00eda Mundial del Agua 2020 !--><\/p>\n<div style=\"display: inline-block; border: 1px solid; border-color: lightgrey; padding: 15px; margin: 10px 50px 15px 50px;\">\n<div>\n<h2 style=\"text-align: center; margin-bottom: auto; margin-top: 0px; color: black;\"> Declaraci\u00f3n de la Red WATERLAT-GOBACIT en el D\u00eda Mundial del Agua 2020, \u201cAgua, Territorio y Democracia Substantiva: construyendo proyectos pol\u00edticos en defensa de la vida\u201d <\/h2>\n<h4 style=\"text-align: center; margin-bottom: auto; margin-top: 0px; color: black;\">22 de marzo de 2020<\/h4>\n<p style=\"margin-bottom: auto;\"> Llegamos al D\u00eda Mundial del Agua del a\u00f1o 2020 en un contexto en el cual los niveles de gravedad y complejidad de los desaf\u00edos que confronta la vida en el planeta parecen haber alcanzado una escala que pone a prueba incluso la capacidad de los pa\u00edses m\u00e1s poderosos del planeta para encontrar soluciones viables y eficaces.\u2026\n<\/p>\n<p><a style=\"display: block; text-align: right;\" href=\"https:\/\/roxpublicidade.com.br\/waterlat\/01\/GeneralPDFs\/DMA2020Sp.pdf\">Leer m\u00e1s<\/a><\/p>\n<\/div>\n<\/div>\n<hr style=\"background-color: cornflowerblue;\" \/>\n<p><!-- Declaracion Plenario X Reunion 2019 !--><\/p>\n<div style=\"display: inline-block; border: 1px solid; border-color: lightgrey; padding: 15px; margin: 10px 50px 15px 50px;\">\n<div>\n<h2 style=\"text-align: center; margin-bottom: auto; margin-top: 0px; color: black;\"> Declaraci\u00f3n del Plenario de la X Reuni\u00f3n de la Red WATERLAT-GOBACIT, Concepci\u00f3n, Chile \u201cLuchas por el Agua: Interseccionalidades de Clase, G\u00e9nero y Etnicidad\u201d <\/h2>\n<h4 style=\"text-align: center; margin-bottom: auto; margin-top: 0px; color: black;\">11 de octubre de 2019<\/h4>\n<p style=\"margin-bottom: auto;\"> Las desigualdades cualitativas y estructurales constituyen uno de los mayores obst\u00e1culos al avance de los procesos de democratizaci\u00f3n, particularmente las desigualdades de clase, g\u00e9nero y etnicidad, entre otras.\u2026\n<\/p>\n<p><a style=\"display: block; text-align: right;\" href=\"https:\/\/roxpublicidade.com.br\/waterlat\/01\/GeneralPDFs\/DeclaracionPlenario.pdf\">Leer m\u00e1s<\/a><\/p>\n<\/div>\n<\/div>\n<hr style=\"background-color: cornflowerblue;\" \/>\n<p><!-- Declaracion DMA 2019 !--><\/p>\n<div style=\"display: inline-block; border: 1px solid; border-color: lightgrey; padding: 15px; margin: 10px 50px 15px 50px;\">\n<div>\n<h2 style=\"text-align: center; margin-bottom: auto; margin-top: 0px; color: black;\"> Declaraci\u00f3n de la Red WATERLAT-GOBACIT para el D\u00eda Mundial del Agua, \u201cAgua, derechos y utop\u00edas: prioridades en el proceso de democratizaci\u00f3n de la Pol\u00edtica del agua\u201d <\/h2>\n<h4 style=\"text-align: center; margin-bottom: auto; margin-top: 0px; color: black;\">22 de marzo de 2019<\/h4>\n<p style=\"margin-bottom: auto;\"> El t\u00edtulo de nuestra Declaraci\u00f3n corresponde al tema central de la IX Reuni\u00f3n Internacional de nuestra Red, realizada el pasado mes de septiembre en la ciudad de Joao Pessoa, Estado de Para\u00edba, Brasil\u2026\n<\/p>\n<p><a style=\"display: block; text-align: right;\" href=\"https:\/\/roxpublicidade.com.br\/waterlat\/01\/GeneralPDFs\/DeclaracionDMA2019Sp.pdf\"> Leer m\u00e1s <\/a><\/p>\n<\/div>\n<\/div>\n<hr style=\"background-color: cornflowerblue;\" \/>\n<p><!-- Declaracion Desigualdad !--><\/p>\n<div style=\"display: inline-block; border: 1px solid; border-color: lightgrey; padding: 15px; margin: 10px 50px 15px 50px;\">\n<div>\n<h2 style=\"text-align: center; margin-bottom: auto; margin-top: 0px; color: black;\"> Desigualdad, injusticia e indefensi\u00f3n en Am\u00e9rica Latina y el Caribe: sobre la necesidad de construir alternativas de cara al retorno del extremismo autoritario en Brasil y en la regi\u00f3n <\/h2>\n<h4 style=\"text-align: center; margin-bottom: auto; margin-top: 0px; color: black;\">10 de Octubre de 2018<\/h4>\n<p style=\"margin-bottom: auto;\"> Nuestra Red Internacional tiene desde su inicio un profundo compromiso con la investigaci\u00f3n, la docencia y la intervenci\u00f3n con relaci\u00f3n a los procesos sociales, en sentido amplio, que producen y reproducen desigualdades, injusticias e indefensi\u00f3n en las sociedades humanas\u2026\n<\/p>\n<p><a style=\"display: block; text-align: right;\" href=\"https:\/\/roxpublicidade.com.br\/waterlat\/01\/GeneralPDFs\/DeclaracionBrasilSp.pdf\"> Leer m\u00e1s <\/a><\/p>\n<\/div>\n<\/div>\n<hr style=\"background-color: cornflowerblue;\" \/>\n<p><!-- Declaracion FAMA !--><\/p>\n<div style=\"display: inline-block; border: 1px solid; border-color: lightgrey; padding: 15px; margin: 10px 50px 15px 50px;\">\n<div>\n<h2 style=\"text-align: center; margin-bottom: auto; margin-top: 0px; color: black;\"> Documento de la Red WATERLAT-GOBACIT con motivo del<br \/>\nForo Alternativo Mundial del Agua (FAMA): \u201cEl agua es un derecho, no una mercanc\u00eda\u201d <\/h2>\n<h4 style=\"text-align: center; margin-bottom: auto; margin-top: 0px; color: black;\">Brasilia, 17-22 de marzo de 2018<\/h4>\n<p style=\"margin-bottom: auto;\"> Tras la realizaci\u00f3n de 8 Foros Mundiales del Agua, incluyendo la edici\u00f3n 2018 que tiene lugar en la ciudad de Brasilia del 18 al 23 de marzo, es posible tener cierta claridad sobre algunos temas de fundamental importancia, gracias a la perspectiva que permite el tiempo transcurrido desde la primera edici\u00f3n que tuvo lugar en Marruecos en 1997. Aquella primera edici\u00f3n del Foro Mundial del Agua tuvo lugar en el momento de m\u00e1xima expansi\u00f3n a nivel global de las reformas neoliberales caracterizadas por la des- y re-regulaci\u00f3n, liberalizaci\u00f3n y privatizaci\u00f3n, por distintos medios, de servicios p\u00fablicos esenciales.\n<\/p>\n<p><a style=\"display: block; text-align: right;\" href=\"https:\/\/roxpublicidade.com.br\/waterlat\/01\/GeneralPDFs\/DeclaracaoFAMAmarzo2018.pdf\"> Leer m\u00e1s <\/a><\/p>\n<\/div>\n<\/div>\n<hr style=\"background-color: cornflowerblue;\" \/>\n<p><!-- Declaracion Santiago !--><\/p>\n<div style=\"display: inline-block; border: 1px solid; border-color: lightgrey; padding: 15px; margin: 10px 50px 15px 50px;\">\n<div>\n<h2 style=\"text-align: center; margin-bottom: auto; margin-top: 0px; color: black;\"> Declaraci\u00f3n sobre las amenazas al proceso de democratizaci\u00f3n en<br \/>\nAm\u00e9rica Latina con motivo de la desaparici\u00f3n de Santiago<br \/>\nMaldonado <\/h2>\n<h3 style=\"text-align: center; margin-bottom: auto; margin-top: 0px; color: black;\">En el marco de un conflicto por la tierra y<br \/>\nel agua que involucra al Estado, empresas multinacionales y<br \/>\ncomunidades originarias<\/h3>\n<h4 style=\"text-align: center; margin-bottom: auto; margin-top: 0px; color: black;\">8 de septiembre de 2017 <\/h4>\n<p style=\"margin-bottom: auto;\"> En una reciente Declaraci\u00f3n emitida por nuestra Red en el marco de su VIII Reuni\u00f3n<br \/>\nInternacional, celebrada en San Jos\u00e9 de Costa Rica (3-7 de abril de 2017), reiteramos<br \/>\nnuestro apoyo y solidaridad con las v\u00edctimas de los procesos sistem\u00e1ticos de represi\u00f3n<br \/>\nque tienen lugar en los distintos territorios de Am\u00e9rica Latina, en un marco de<br \/>\nimpunidad creciente, y demandamos de los gobiernos de la regi\u00f3n acciones concretas<br \/>\npara detener estos procesos, garantizar el derecho a la protesta y la seguridad de la<br \/>\nciudadan\u00eda, esclarecer los cr\u00edmenes y ejercer la justicia. Repetimos aqu\u00ed parte del<br \/>\ntexto, por su pertinencia en referencia al objeto puntual de esta Declaraci\u00f3n.\n<\/p>\n<p><a style=\"display: block; text-align: right;\" href=\"https:\/\/roxpublicidade.com.br\/waterlat\/01\/es\/declaracion-santiago-maldonado\"> Leer m\u00e1s <\/a><\/p>\n<\/div>\n<\/div>\n<hr style=\"background-color: cornflowerblue;\" \/>\n<p><!-- Declaracion VIII Reunion !--><\/p>\n<div style=\"display: inline-block; border: 1px solid; border-color: lightgrey; padding: 15px; margin: 10px 50px 15px 50px;\">\n<div>\n<h2 style=\"text-align: center; margin-bottom: auto; margin-top: 0px; color: black;\"> Declaraci\u00f3n de la VIII Reuni\u00f3n Internacional <\/h2>\n<h3 style=\"text-align: center; margin-bottom: auto; margin-top: 0px; color: black;\">\u201cAgua, poder e impunidad: resistencias sociales y alternativas emergentes en la construcci\u00f3n de pol\u00edticas del agua igualitarias e inclusivas\u201d<\/h3>\n<h4 style=\"text-align: center; margin-bottom: auto; margin-top: 0px; color: black;\">San Jos\u00e9, Costa Rica, 3 al 7 de abril de 2017<\/h4>\n<p style=\"margin-bottom: auto;\"> La relaci\u00f3n entre las desigualdades sociales estructurales, el control del agua y la acumulaci\u00f3n de poder social en sus diversas manifestaciones, poder cultural, econ\u00f3mico, epist\u00e9mico, pol\u00edtico y otros, es un hecho firmemente establecido por una larga tradici\u00f3n en las ciencias sociales que se remonta por lo menos hasta el Siglo XVIII. Lamentablemente, nuestro amplio conocimiento sobre el tema, y en particular sobre los mecanismos concretos que dan cuenta de los procesos de producci\u00f3n de la desigualdad y la injusticia en relaci\u00f3n al acceso y al control del agua en sus diversos aspectos, no se ha traducido en una mayor capacidad de las sociedades humanas para revertir esos procesos e instalar en su lugar formas sociales m\u00e1s igualitarias, racionales y democr\u00e1ticas de relacionamiento con el agua y, a trav\u00e9s del agua, con las dem\u00e1s especies y el resto de la naturaleza.\n<\/p>\n<p><a style=\"display: block; text-align: right;\" href=\"https:\/\/roxpublicidade.com.br\/waterlat\/01\/es\/encuentros\/public-meetings\/waterlat-gobacit-viii-san-jose-2017\/justificacion\/?noredirect=es_ES\"> Leer m\u00e1s <\/a><\/p>\n<p style=\"margin-bottom: auto;\">El plenario tambi\u00e9n produjo:<\/p>\n<ul>\n<ul>\n<li>Declaraci\u00f3n sobre la Situaci\u00f3n del Agua en Costa Rica<\/li>\n<li>A Prop\u00f3sito del Proceso de Paz en Colombia <\/li>\n<li>Manifesto pelo Direito Humano \u00e0 \u00c1gua no Brasil<\/li>\n<li>Declaraci\u00f3n sobre la Situaci\u00f3n de M\u00e9xico<\/li>\n<\/ul>\n<\/ul>\n<\/div>\n<\/div>\n<hr style=\"background-color: cornflowerblue;\" \/>\n<p><!-- STATMENT !--><\/p>\n<div style=\"display: inline-block; border: 1px solid; border-color: lightgrey; padding: 15px; margin: 10px 50px 15px 50px;\">\n<div>\n<h2 style=\"text-align: center; margin-bottom: auto; margin-top: 0px; color: black;\"> Una Reflexi\u00f3n en el D\u00eda Mundial del Agua de 2017<\/h2>\n<p style=\"margin-bottom: auto;\"> En el D\u00eda Mundial del Agua de 2017, aprovechamos las lecciones que nos siguen llegando desde el Norte Global para que evitemos seguir cometiendo los mismos errores en la pol\u00edtica y la gesti\u00f3n del agua a nivel mundial. Hoy, el peri\u00f3dico brit\u00e1nico The Guardian public\u00f3 un informe sobre una multa sin precedentes aplicada a la empresa privada de agua y saneamiento de Londres por no cumplir con los est\u00e1ndares ambientales. El art\u00edculo se refiere a \u201cenormes descargas de l\u00edquidos cloacales sin tratar [volcados] al R\u00edo T\u00e1mesis y sus tributarios y sobre el suelo [\u2026 que] tuvieron serios impactos sobre los residentes, los productores agr\u00edcolas y la vida silvestre, matando aves y peces\u201d. <\/p>\n<p><a style=\"display: block; text-align: right;\" href=\"https:\/\/roxpublicidade.com.br\/waterlat\/01\/es\/dia-mundial-agua-2017\/\"> Lea m\u00e1s <\/a><\/p>\n<\/div>\n<\/div>\n<hr style=\"background-color: cornflowerblue;\" \/>\n<p><!-- STATMENT 2014 !--><\/p>\n<div style=\"display: inline-block; border: 1px solid; border-color: lightgrey; padding: 15px; margin: 10px 50px 15px 50px;\">\n<div>\n<h2 style=\"text-align: center; margin-bottom: auto; margin-top: 0px; color: black;\">Declaraci\u00f3n P\u00fablica de la VI Reuni\u00f3n Internacional de la Red WATERLAT-GOBACIT<\/h2>\n<h3 style=\"text-align: center; margin-bottom: auto; margin-top: 0px; color: black;\">\u201cAgua, violencia y utop\u00edas en Am\u00e9rica Latina y el Caribe. \u00bfCu\u00e1les son las prioridades para construir una pol\u00edtica h\u00eddrica igualitaria?\u201d<\/h3>\n<h4 style=\"text-align: center; margin-bottom: auto; margin-top: 0px; color: black;\">Manizales, Colombia, 27-31 de octubre de 2014<\/h4>\n<p style=\"margin-bottom: auto;\">El plenario de la reuni\u00f3n produjo una Declaraci\u00f3n P\u00fablica en respuesta a la pregunta central del evento: \u00bfCu\u00e1les son las prioridades para construir una pol\u00edtica h\u00eddrica igualitaria? La Declaraci\u00f3n incluye:<\/p>\n<ul>\n<li>Declaraci\u00f3n P\u00fablica<\/li>\n<li>Lista de prioridades identificadas en la VI Reuni\u00f3n Internacional para el desarrollo de pol\u00edticas del agua igualitarias<\/li>\n<li> Declaraci\u00f3n en apoyo a la defensa del agua como bien com\u00fan, como bien p\u00fablico y como derecho humano en Colombia.<\/li>\n<li> Declaraci\u00f3n de solidaridad con el pueblo mexicano por la muerte y desaparici\u00f3n de estudiantes en el municipio de Iguala, Guerrero.<\/li>\n<li> Pronunciamiento Sobre la Problem\u00e1tica del Agua en Jalisco, M\u00e9xico: El Zapotillo. Vulneraci\u00f3n de los ciclos h\u00eddricos y la violaci\u00f3n a Derechos Humanos. Este pronunciamiento fue publicado tambi\u00e9n en el peri\u00f3dico mexicano <a href=\"https:\/\/roxpublicidade.com.br\/waterlat\/01\/GeneralPDFs\/Desplegado%20Milenio.pdf\">Milenio del d\u00eda 12 de noviembre de 2014<\/a>, con el apoyo de un n\u00famero importante de organizaciones mexicanas.<\/li>\n<li> Manifesta\u00e7\u00e3o sobre a crise h\u00eddrica que afeta a Regi\u00e3o Metropolitana de S\u00e3o Paulo, outras cidades atendidas pela Companhia de Saneamento B\u00e1sico do Estado de S\u00e3o Paulo (SABESP), e outras \u00e1reas que se abastecem das mesmas fontes de \u00e1gua, em Brasil.<a style=\"display: block; text-align: right;\" href=\" https:\/\/roxpublicidade.com.br\/waterlat\/01\/GeneralPDFs\/Declaracionfinal.pdf \">Lea m\u00e1s<\/a><\/li>\n<\/ul>\n<\/div>\n<\/div>\n<hr style=\"background-color: cornflowerblue;\" \/>\n<p><!-- STATMENT 2013 I !--><\/p>\n<div style=\"display: inline-block; border: 1px solid; border-color: lightgrey; padding: 15px; margin: 10px 50px 15px 50px;\">\n<div>\n<h2 style=\"text-align: center; margin-bottom: auto; margin-top: 0px; color: black;\"> Declaraci\u00f3n P\u00fablica de la V Reuni\u00f3n Internacional de la Red WATERLAT-GOBACIT <\/h2>\n<h3 style=\"text-align: center; margin-bottom: auto; margin-top: 0px; color: black;\">\u201c\u00bfSe encamina Am\u00e9rica Latina hacia una gesti\u00f3n del agua posneoliberal?\u201d<\/h3>\n<h4 style=\"text-align: center; margin-bottom: auto; margin-top: 0px; color: black;\">Quito, 14-18 de octubre de 2013<\/h4>\n<p style=\"margin-bottom: auto;\"> La pregunta planteada como tema central de la Quinta Reuni\u00f3n de la Red WATERLAT se propon\u00eda provocar un debate focalizado en las continuidades y rupturas que experimenta la regi\u00f3n Latinoamericana con respecto al per\u00edodo generalmente denominado \u201cneoliberal\u201d, particularmente la d\u00e9cada de 1990. En t\u00e9rminos gen\u00e9ricos, entendemos \u201cneoliberalismo\u201d como la re-implantaci\u00f3n por diversos medios (democr\u00e1ticos, autoritarios, dictatoriales, etc.) de los principios del libre mercado como mecanismo privilegiado del re-ordenamiento social. En particular nos referimos al proceso de cambio radical en el rol del Estado, mediante las pol\u00edticas de des- y re- regulaci\u00f3n, mercantilizaci\u00f3n y privatizaci\u00f3n de bienes y servicios, desmantelamiento de los sistemas de seguridad social y protecci\u00f3n estatal, y limitaci\u00f3n e incluso cancelaci\u00f3n de derechos ciudadanos.<\/p>\n<p><a style=\"display: block; text-align: right;\" href=\"https:\/\/roxpublicidade.com.br\/waterlat\/01\/GeneralPDFs\/DeclaracionVReunionweb.pdf\"> Leer m\u00e1s <\/a><\/p>\n<p style=\"margin-bottom: auto;\">El plenario tambi\u00e9n produjo dos declaraciones breves de apoyo:<\/p>\n<ul>\n<ul>\n<li>Declaraci\u00f3n en solidaridad y apoyo con la 5ta Marcha organizada por la Asamblea Nacional Permanente de Uruguay en Defensa de la Tierra, el Agua y los Bienes Naturales.<\/li>\n<li>Declaraci\u00f3n en solidaridad con la marcha organizada por organizaciones sociales e ind\u00edgenas ecuatorianas en defensa de sus derechos y contra los impactos del extractivismo.<\/li>\n<\/ul>\n<\/ul>\n<p><a style=\"display: block; text-align: right;\" href=\"http:\/\/www.waterlat.org\/GeneralPDFs\/Declaraciones%20de%20solidaridad%20con%20mobilizaciones%20en%20Ecuador%20y%20Uruguay.pdf\">Leer m\u00e1s<\/a><\/p>\n<\/div>\n<\/div>\n<hr style=\"background-color: cornflowerblue;\" \/>\n<p><!-- STATMENT 2009 prioridades !--><\/p>\n<div style=\"display: inline-block; border: 1px solid; border-color: lightgrey; padding: 15px; width: 85%; margin: 10px 50px 15px 50px;\">\n<h2 style=\"text-align: center; margin-bottom: auto; margin-top: 0px; color: black;\"> Declaraci\u00f3n P\u00fablica de la I Reuni\u00f3n Internacional de la Red WATERLAT-GOBACIT <\/h2>\n<h3 style=\"text-align: center; margin-bottom: auto; margin-top: 0px; color: black;\">\u201c La Ecolog\u00eda Pol\u00edtica del Agua en Am\u00e9rica Latina: definiendo una estrategia de investigaci\u00f3n\u201d<\/h3>\n<h4 style=\"text-align: center; margin-bottom: auto; margin-top: 0px; color: black;\">Barcelona, 14-16 October 2009<\/h4>\n<p style=\"margin-bottom: auto;\">El plenario de la I Reuni\u00f3n Internacional aprob\u00f3 los Objetivos y Prioridades de Investigaci\u00f3n de la Red.<\/p>\n<p><b><a style=\"display: block; text-align: center;\" href=\"https:\/\/roxpublicidade.com.br\/waterlat\/01\/es\/comienzo\/objetivos\/\"> Objetivos <\/a><br \/>\n<a style=\"display: block; text-align: center;\" href=\"https:\/\/roxpublicidade.com.br\/waterlat\/01\/es\/comienzo\/prioridades-de-investigacion\/\"> Prioridades de Investigaci\u00f3n <\/a><\/b><\/p>\n<\/div>\n","protected":false},"excerpt":{"rendered":"<p>Declaraci\u00f3n de la Red WATERLAT-GOBACIT al cumplirse 10 a\u00f1os de la Resoluci\u00f3n 64\/292 de la Asamblea General de las Naciones Unidas reconociendo \u201cque el derecho al agua potable y el saneamiento es un derecho humano esencial para el pleno disfrute de la vida y de todos los derechos humanos\u201d 23 de julio de 2020 La [&hellip;]<\/p>\n","protected":false},"author":1,"featured_media":0,"parent":0,"menu_order":0,"comment_status":"closed","ping_status":"closed","template":"page-templates\/full-width.php","meta":{"footnotes":""},"class_list":["post-2232","page","type-page","status-publish","hentry"],"_links":{"self":[{"href":"https:\/\/roxpublicidade.com.br\/waterlat\/01\/wp-json\/wp\/v2\/pages\/2232","targetHints":{"allow":["GET"]}}],"collection":[{"href":"https:\/\/roxpublicidade.com.br\/waterlat\/01\/wp-json\/wp\/v2\/pages"}],"about":[{"href":"https:\/\/roxpublicidade.com.br\/waterlat\/01\/wp-json\/wp\/v2\/types\/page"}],"author":[{"embeddable":true,"href":"https:\/\/roxpublicidade.com.br\/waterlat\/01\/wp-json\/wp\/v2\/users\/1"}],"replies":[{"embeddable":true,"href":"https:\/\/roxpublicidade.com.br\/waterlat\/01\/wp-json\/wp\/v2\/comments?post=2232"}],"version-history":[{"count":0,"href":"https:\/\/roxpublicidade.com.br\/waterlat\/01\/wp-json\/wp\/v2\/pages\/2232\/revisions"}],"wp:attachment":[{"href":"https:\/\/roxpublicidade.com.br\/waterlat\/01\/wp-json\/wp\/v2\/media?parent=2232"}],"curies":[{"name":"wp","href":"https:\/\/api.w.org\/{rel}","templated":true}]}}