{"id":2114,"date":"2017-03-06T16:52:56","date_gmt":"2017-03-06T16:52:56","guid":{"rendered":"http:\/\/waterlat.org\/es\/?page_id=2114"},"modified":"2017-03-06T16:52:56","modified_gmt":"2017-03-06T16:52:56","slug":"spa","status":"publish","type":"page","link":"https:\/\/roxpublicidade.com.br\/waterlat\/01\/es\/spa\/","title":{"rendered":"Sobre la Red"},"content":{"rendered":"<style>\n.entry-content img, .comment-content img, .widget img, img.header-image, .author-avatar img, img.wp-post-image {<br \/>box-shadow: none;<br \/>}<\/p>\n<p>.entry-content p {<br \/>line-height: normal;<br \/>}<br \/>.briefs{<br \/>    float: left;<br \/>    clear: both;<br \/>    width: 49.2%;<br \/>    background-color: #19506b;<br \/>    padding: 20px;<br \/>    text-align: center;<br \/>    margin-left: 25px;<br \/>    font-size: 20px;<br \/>    color:white;<br \/>    border-radius: 2px;<br \/>}<br \/>.briefs a {text-decoration: none;color: white;}<br \/>.briefs:hover{<br \/>transition: 0.2s all;<br \/>background-color: #256e92;<br \/>}<br \/>.videocomp{<br \/>    float: left;<br \/>    clear: both;<br \/>    width: 95%;<br \/>    background-color: #19506b;<br \/>    padding: 20px;<br \/>    text-align: center;<br \/>    font-size: 20px;<br \/>    color:white;<br \/>    border-radius: 2px;<br \/>}<br \/>.videocomp a {text-decoration: none;color: white;}<br \/>.videocomp:hover{<br \/>transition: 0.2s all;<br \/>background-color: #256e92;<br \/>}<br \/><\/style>\n<div style=\"background-color: white;\">\n<p><!-- QUE ES + ENCUENTROS !--><\/p>\n<div style=\"overflow: hidden;\">\n<div style=\"float: left; width: 50%; margin-right: 15px;\">\n<div><img decoding=\"async\" class=\"aligncenter\" style=\"width: 65px; margin-left: auto; margin-right: auto;\" src=\"https:\/\/roxpublicidade.com.br\/waterlat\/01\/wp-content\/uploads\/2017\/03\/ICONO.png\" \/><\/div>\n<p style=\"color: #0000cc; line-height: 10px; text-align: center; font-size: 20px;\">\u00bfQu\u00e9 es la Red?<\/p>\n<p style=\"padding-right: 8px; border-right: 1px solid;\">WATERLAT-GOBACIT es una red de docencia, investigaci\u00f3n e intervenci\u00f3n inter- y transdisciplinaria abocada al tema de la Pol\u00edtica y la gesti\u00f3n del agua. Aborda temas como la conflictividad social en torno a las desigualdades e injusticias emergentes de la implementaci\u00f3n de megaproyectos, del extractivismo, de la mercantilizaci\u00f3n de servicios esenciales, o del impacto de los grandes desastres conectados con el agua. [AnythingPopup id=&#8221;1&#8243;]<\/p>\n<\/div>\n<div>\n<div style=\"text-align: center;\"><img decoding=\"async\" style=\"width: 200px; margin-left: auto; margin-right: auto;\" src=\"https:\/\/roxpublicidade.com.br\/waterlat\/01\/wp-content\/uploads\/2023\/05\/49055331093_18961fa208_c.jpg\" \/><\/div>\n<p style=\"margin-bottom: 9px; color: #0000cc; text-align: center; font-size: 20px;\">Encuentros P\u00fablicos<\/p>\n<p>WATERLAT-GOBACIT organiza  encuentros regulares,  que incluyen conferencias, mesas redondas, sesiones de ponencias, talleres, conversatorios p\u00fablicos, y actividades relacionadas. Tambi\u00e9n organizamos sesiones en eventos internacionales y encuentros espec\u00edficos sobre un rango de temas relevantes a nuestros <a href=\"https:\/\/roxpublicidade.com.br\/waterlat\/01\/es\/comienzo\/objetivos\/\" target=\"_blank\" rel=\"noopener noreferrer\"> Objetivos <\/a> y <a href=\"https:\/\/roxpublicidade.com.br\/waterlat\/01\/es\/comienzo\/prioridades-de-investigacion\/\" target=\"_blank\" rel=\"noopener noreferrer\"> Prioridades de Investigaci\u00f3n <\/a>  <a href=\"https:\/\/roxpublicidade.com.br\/waterlat\/01\/es\/encuentros\/public-meetings\/\" target=\"_blank\" rel=\"noopener noreferrer\"> (Visite aqu\u00ed nuestra p\u00e1gina de Encuentros P\u00fablicos <\/a>).<\/p>\n<\/div>\n<\/div>\n<div style=\"background-color: white;\">\n<p><!-- ATs + PUBLIC STATEMENTS !--><\/p>\n<div style=\"float: left; width: 50%; margin-right: 15px;\">\n<div><img decoding=\"async\" class=\"aligncenter\" style=\"width: 200px; margin-left: auto; margin-right: auto;\" src=\"https:\/\/roxpublicidade.com.br\/waterlat\/01\/wp-content\/uploads\/2023\/05\/15120287605_5b715d21d1_c.jpg\" \/><\/div>\n<p style=\"color: #0000cc; line-height: 10px; text-align: left; font-size: 20px;\">\u00c1reas tem\u00e1ticas<\/p>\n<p style=\"padding-right: 8px; border-right: 1px solid;\">La Red cuenta con 10 \u00c1reas Tem\u00e1ticas (ATs), que reflejan la diversidad de intereses de nuestros miembros y estudiantes. <a href=\"https:\/\/roxpublicidade.com.br\/waterlat\/01\/es\/areas-tematicas\/\" target=\"_blank\" rel=\"noopener noreferrer\"> Visite aqu\u00ed la p\u00e1gina de nuestras ATs<\/a>.<\/p>\n<\/div>\n<div style=\"text-align: center;\"><img decoding=\"async\" style=\"width: 200px; margin-left: auto; margin-right: auto;\" src=\"https:\/\/roxpublicidade.com.br\/waterlat\/01\/wp-content\/uploads\/2023\/05\/14345918717_788c0446cd_c.jpg\" \/><\/div>\n<p style=\"margin-bottom: 9px; color: #0000cc; text-align: center; font-size: 20px;\">DeclaracionesP\u00fablicas<\/p>\n<p>Regularmente nos pronunciamos, mediante declaraciones p\u00fablicas, sobre temas como  la violaci\u00f3n de derechos relacionados con el agua o la democratizaci\u00f3n substantiva de la Pol\u00edtica y la gesti\u00f3n del agua. <a href=\"https:\/\/roxpublicidade.com.br\/waterlat\/01\/es\/declaraciones-publicas-2\/\" target=\"_blank\" rel=\"noopener noreferrer\"> Visite aqu\u00ed nuestra P\u00e1gina de Declaraciones P\u00fablicas<\/a>.<\/p>\n<p>\/div>\n<\/p><\/div>\n<div style=\"width: 200px; margin-left: auto; margin-right: auto;\"><\/div>\n<div style=\"width: 100%; margin-top: 15px;\">\n<div>\n<p><!-- PROYECTOS !--><\/p>\n<div style=\"margin-bottom: 75px;\">\n<h2 style=\"margin-left: 5px;\">Proyectos<\/h2>\n<p>La Red tiene proyectos que incluyen investigaci\u00f3n, docencia, colaboraci\u00f3n institucional y actividades de intervenci\u00f3n.. <a href=\"https:\/\/roxpublicidade.com.br\/waterlat\/01\/es\/proyectos\/\" target=\"_blank\" rel=\"noopener noreferrer\"> Visite aqu\u00ed la P\u00e1gina de  Proyectos<\/a>.<\/p>\n<div style=\"width: 350px; margin-left: auto; margin-right: auto;\">\n<div><a href=\"https:\/\/roxpublicidade.com.br\/waterlat\/01\/projects-2\/prinwass\/\" target=\"_blank\" rel=\"noopener noreferrer\"> <img decoding=\"async\" style=\"width: 350px; float: center;\" src=\"https:\/\/roxpublicidade.com.br\/waterlat\/01\/wp-content\/uploads\/2023\/05\/PRINWASS-in-WSF.jpg\" \/> <\/a><\/div>\n<p>&nbsp;<\/p>\n<\/div>\n<hr style=\"padding-right: 15px; width: 100%; margin-top: -10px;\" \/>\n<\/div>\n<p><!-- PODCASTS !--><\/p>\n<div style=\"margin-bottom: 75px;\">\n<h2 style=\"margin-left: 5px;\">Serie de Podcasts &#8220;Voces por el Agua&#8221;<\/h2>\n<p>La Red publica una serie de Podcasts titulada &#8220;Voces por el Agua&#8221;, que presenta  entrevistas sobre una variedad de    temas, desde conflictos sociales causados por proyectos de privatizaci\u00f3n del agua o los desaf\u00edos que  enfrentan comunidades rurales de Am\u00e9rica Latina para ejercer su derecho al agua en la pr\u00e1ctica, hasta los impactos de las actividades productivas extractivistas sobre los sistemas socio-ecol\u00f3gicos y sobre la vida en general. <a href=\"https:\/\/roxpublicidade.com.br\/waterlat\/01\/es\/diseminacion\/podcasts\/\" target=\"_blank\" rel=\"noopener noreferrer\"> Visite aqu\u00ed  nuestra P\u00e1gina de  Podcasts<\/a>.<\/p>\n<div style=\"width: 350px; margin-left: auto; margin-right: auto;\">\n<div><a href=\"https:\/\/roxpublicidade.com.br\/waterlat\/01\/projects-2\/prinwass\/\" target=\"_blank\" rel=\"noopener noreferrer\"> <img decoding=\"async\" style=\"width: 350px; float: center;\" src=\"https:\/\/roxpublicidade.com.br\/waterlat\/01\/wp-content\/uploads\/2023\/05\/14940987989_0f2a39c211_c.jpg\" \/> <\/a><\/div>\n<p>&nbsp;<br \/>\n&nbsp;<\/p>\n<\/div>\n<hr style=\"padding-right: 15px; width: 100%; margin-top: -10px;\" \/>\n<p><!-- PUBLICACIONES !--><\/p>\n<div style=\"margin-bottom: 75px;\">\n<h2 style=\"margin-left: 5px;\">Publicaciones<\/h2>\n<p>Entre otros elementos, nuestras<a href=\"https:\/\/roxpublicidade.com.br\/waterlat\/01\/es\/publicaciones\/\"> Publicaciones<\/a> incluyen una serie de libros y nuestra Revista  <a href=\"https:\/\/roxpublicidade.com.br\/waterlat\/01\/es\/working-papers-series\/\">Cuadernos de Trabajo de la Red WATERLAT-GOBACIT<\/a>.<\/p>\n<p>Desde 2014 la Red ofrece regularmente un Premio para sus estudiantes, que consiste en la publicaci\u00f3n de libros y art\u00edculos basados en tesis de maestr\u00eda y doctorado,  <a href=\"https:\/\/roxpublicidade.com.br\/waterlat\/01\/es\/premio-waterlat-para-estudiantes\/\" target=\"_blank\" rel=\"noopener noreferrer\"> Visite aqu\u00ed la P\u00e1gina del Premio para Estudiantes<\/a>.<br \/>\n&nbsp;\n<\/div>\n<hr style=\"padding-right: 15px; width: 100%; margin-top: -10px;\" \/>\n<p><a href=\"https:\/\/roxpublicidade.com.br\/waterlat\/01\/publications\/\" target=\"_blank\" rel=\"noopener noreferrer\"> [carousel_slide id=&#8217;2134&#8242;] <\/a><\/p>\n<p>&nbsp;<\/p>\n<\/div>\n<h2 style=\"margin-left: 5px;\">Archivo de Videograbaciones<\/h2>\n<p>La Red tiene un archivo de videograbaciones completas de  eventos internacionales, actividades de proyectos de investigaci\u00f3n, como entrevistas, presentaciones de publicaciones y  debates, entre otros materiales, que disponibilizamos en acceso abierto.<br \/>\n&nbsp;<\/p>\n<p><!-- video !--><\/p>\n<div style=\"padding-right: 20px; float: left;\">\n<p><iframe loading=\"lazy\" title=\"The challenge of water futures \/ El desafio de los futuros del agua\" width=\"400\" height=\"225\" src=\"https:\/\/www.youtube.com\/embed\/gqT2Ly8a7So?feature=oembed\" frameborder=\"0\" allow=\"accelerometer; autoplay; clipboard-write; encrypted-media; gyroscope; picture-in-picture; web-share\" referrerpolicy=\"strict-origin-when-cross-origin\" allowfullscreen><\/iframe><\/p>\n<p><a style=\"display: block; margin-top: -25px;\" href=\"https:\/\/www.youtube.com\/user\/Waterlat\"> Visit our YouTube Channel here.<\/a><br \/>\n&nbsp;<\/p>\n<hr style=\"padding-right: 15px; width: 100%; margin-top: -10px;\" \/>\n<h2 style=\"text-align: center;\">Miembros<\/h2>\n<p style=\"margin-top: -20px;\">El equipo de la Red incluye miembros individuales e institucionales y un gran n\u00famero de estudiantes de grado y de posgrado. Adem\u00e1s de acad\u00e9micos y estudiantes, incluye trabajadores del sector p\u00fablico, miembros de Organizaciones no Gubernamentales, movimientos sociales, comunidades ind\u00edgenas y campesinas, sindicatos, entre otros sectores relevantes. <a href=\"https:\/\/roxpublicidade.com.br\/waterlat\/01\/es\/equipo\/\" target=\"_blank\" rel=\"noopener noreferrer\"> Ver aqu\u00ed la P\u00e1gina del Equipo. <\/a> <\/p>\n<div style=\"width: 100%;\"><img decoding=\"async\" style=\"margin-left: auto; margin-right: auto;\" src=\"https:\/\/roxpublicidade.com.br\/waterlat\/01\/wp-content\/uploads\/2017\/02\/15704290752_b0ac869bc9_k.jpg\" \/><\/div>\n<\/div>\n<\/div>\n<\/div>\n","protected":false},"excerpt":{"rendered":"<p>\u00bfQu\u00e9 es la Red? WATERLAT-GOBACIT es una red de docencia, investigaci\u00f3n e intervenci\u00f3n inter- y transdisciplinaria abocada al tema de la Pol\u00edtica y la gesti\u00f3n del agua. Aborda temas como la conflictividad social en torno a las desigualdades e injusticias emergentes de la implementaci\u00f3n de megaproyectos, del extractivismo, de la mercantilizaci\u00f3n de servicios esenciales, o [&hellip;]<\/p>\n","protected":false},"author":1,"featured_media":0,"parent":0,"menu_order":0,"comment_status":"closed","ping_status":"closed","template":"page-templates\/front-page.php","meta":{"footnotes":""},"class_list":["post-2114","page","type-page","status-publish","hentry"],"_links":{"self":[{"href":"https:\/\/roxpublicidade.com.br\/waterlat\/01\/wp-json\/wp\/v2\/pages\/2114","targetHints":{"allow":["GET"]}}],"collection":[{"href":"https:\/\/roxpublicidade.com.br\/waterlat\/01\/wp-json\/wp\/v2\/pages"}],"about":[{"href":"https:\/\/roxpublicidade.com.br\/waterlat\/01\/wp-json\/wp\/v2\/types\/page"}],"author":[{"embeddable":true,"href":"https:\/\/roxpublicidade.com.br\/waterlat\/01\/wp-json\/wp\/v2\/users\/1"}],"replies":[{"embeddable":true,"href":"https:\/\/roxpublicidade.com.br\/waterlat\/01\/wp-json\/wp\/v2\/comments?post=2114"}],"version-history":[{"count":0,"href":"https:\/\/roxpublicidade.com.br\/waterlat\/01\/wp-json\/wp\/v2\/pages\/2114\/revisions"}],"wp:attachment":[{"href":"https:\/\/roxpublicidade.com.br\/waterlat\/01\/wp-json\/wp\/v2\/media?parent=2114"}],"curies":[{"name":"wp","href":"https:\/\/api.w.org\/{rel}","templated":true}]}}