{"id":2073,"date":"2015-09-16T16:08:28","date_gmt":"2015-09-16T16:08:28","guid":{"rendered":"http:\/\/waterlat.org\/?page_id=2073"},"modified":"2025-12-11T11:37:11","modified_gmt":"2025-12-11T14:37:11","slug":"presentation-of-the-book-the-right-to-water-brasilia-10-september-2015","status":"publish","type":"page","link":"https:\/\/roxpublicidade.com.br\/waterlat\/01\/publications\/books\/the-right-to-water-in-portuguese\/presentation-of-the-book-the-right-to-water-brasilia-10-september-2015\/","title":{"rendered":"Presentation of the book The Right to Water, Brasilia, 10 September 2015"},"content":{"rendered":"<p><a title=\"The Right to Water as Public Policy\/O Direito a \u00c1gua como Pol\u00edtica P\u00fablica\" href=\"https:\/\/www.flickr.com\/photos\/125391306@N03\/21278501499\/\" data-flickr-embed=\"true\"><img loading=\"lazy\" decoding=\"async\" class=\"aligncenter\" src=\"https:\/\/farm1.staticflickr.com\/654\/21278501499_28e8e68269_z.jpg\" alt=\"The Right to Water as Public Policy\/O Direito a \u00c1gua como Pol\u00edtica P\u00fablica\" width=\"452\" height=\"640\" \/><\/a><\/p>\n<p><script src=\"\/\/embedr.flickr.com\/assets\/client-code.js\" async=\"\" charset=\"utf-8\"><\/script><\/p>\n<h3>Programme<\/h3>\n<p><strong>Panelists<\/strong>:<\/p>\n<p><strong>Jos\u00e9 Esteban Castro<\/strong>, Newcastle University, United Kingdom, Co-ordinator, WATERLAT-GOBACIT Network<\/p>\n<p><strong>L\u00e9o Heller<\/strong>, Ren\u00e9 Rachou Research Centre\/CPqRR, Oswaldo Cruz Foundation, and Special UN Rapporteur for the Human Right to Water and Sanitation<\/p>\n<p><strong>Maria da Piedade Morais<\/strong>, Institute of Applied Economic Research (IPEA), Brasilia<\/p>\n<p><strong>Hermelinda Rocha<\/strong>, Federal University of Pernambuco (UFPE) \/ Pernambuco\u2019s Water and Climate Agency (APAC) <a title=\"The Right to Water as Public Policy\/O Direito a \u00c1gua como Pol\u00edtica P\u00fablica\" href=\"https:\/\/www.flickr.com\/photos\/125391306@N03\/21439731776\/\" data-flickr-embed=\"true\"><img loading=\"lazy\" decoding=\"async\" class=\"aligncenter\" src=\"https:\/\/farm6.staticflickr.com\/5809\/21439731776_e783a33254_z.jpg\" alt=\"The Right to Water as Public Policy\/O Direito a \u00c1gua como Pol\u00edtica P\u00fablica\" width=\"640\" height=\"458\" \/><\/a><br \/>\n<script src=\"\/\/embedr.flickr.com\/assets\/client-code.js\" async=\"\" charset=\"utf-8\"><\/script><strong>Moderator<\/strong>:<\/p>\n<p><strong>Marco Aur\u00e9lio Costa<\/strong>, Director, Regional, Urban, and Environmental Studies and Policies, Institute of Applied Economic Research (IPEA) <a title=\"The Right to Water as Public Policy\/O Direito a \u00c1gua como Pol\u00edtica P\u00fablica\" href=\"https:\/\/www.flickr.com\/photos\/125391306@N03\/21278677178\/\" data-flickr-embed=\"true\"><img loading=\"lazy\" decoding=\"async\" class=\"aligncenter\" src=\"https:\/\/farm6.staticflickr.com\/5835\/21278677178_e910574673_z.jpg\" alt=\"The Right to Water as Public Policy\/O Direito a \u00c1gua como Pol\u00edtica P\u00fablica\" width=\"640\" height=\"424\" \/><\/a><\/p>\n<p><script src=\"\/\/embedr.flickr.com\/assets\/client-code.js\" async=\"\" charset=\"utf-8\"><\/script><\/p>\n<h3><a href=\"https:\/\/youtu.be\/53SG-q4M-gQ?list=PLx6qphzdSP6tRENnfg6Df0smjG7MFCM9s\">Full video record of the panel presentations<\/a><\/h3>\n<p>&nbsp;<\/p>\n<p><strong>Comments<\/strong>:<\/p>\n<p><strong>Ernani Cir\u00edaco de Miranda<\/strong>, Director, Department of Institutional Relations, National Secretariat of Environmental Sanitation, Ministry of the Cities<\/p>\n<p><strong>Marcos Helano Montenegro<\/strong>, President, Brazilian Association of Sanitary Engineering, Federal District (ABES-DF), Brasilia <a title=\"The Right to Water as Public Policy\/O Direito a \u00c1gua como Pol\u00edtica P\u00fablica\" href=\"https:\/\/www.flickr.com\/photos\/125391306@N03\/21439915516\/\" data-flickr-embed=\"true\"><img loading=\"lazy\" decoding=\"async\" class=\"aligncenter\" src=\"https:\/\/farm1.staticflickr.com\/568\/21439915516_333f2918a7_z.jpg\" alt=\"The Right to Water as Public Policy\/O Direito a \u00c1gua como Pol\u00edtica P\u00fablica\" width=\"640\" height=\"424\" \/><\/a><br \/>\n<script src=\"\/\/embedr.flickr.com\/assets\/client-code.js\" async=\"\" charset=\"utf-8\"><\/script><strong>Moderator<\/strong>:<\/p>\n<p><strong>Marco Aur\u00e9lio Costa<\/strong>, Director, Regional, Urban, and Environmental Studies and Policies, Institute of Applied Economic Research (IPEA) <a title=\"The Right to Water as Public Policy\/O Direito a \u00c1gua como Pol\u00edtica P\u00fablica\" href=\"https:\/\/www.flickr.com\/photos\/125391306@N03\/21278677178\/\" data-flickr-embed=\"true\"><img loading=\"lazy\" decoding=\"async\" class=\"aligncenter\" src=\"https:\/\/farm6.staticflickr.com\/5835\/21278677178_e910574673_z.jpg\" alt=\"The Right to Water as Public Policy\/O Direito a \u00c1gua como Pol\u00edtica P\u00fablica\" width=\"640\" height=\"424\" \/><\/a><\/p>\n<p><script src=\"\/\/embedr.flickr.com\/assets\/client-code.js\" async=\"\" charset=\"utf-8\"><\/script><\/p>\n<h3><a href=\"https:\/\/youtu.be\/Zz8hrkypsqg?list=PLx6qphzdSP6tRENnfg6Df0smjG7MFCM9s\">Full video record of the comments and discussion<\/a><\/h3>\n<p>&nbsp;<\/p>\n<p><strong>12:30 Closure<\/strong> <a title=\"The Right to Water as Public Policy\/O Direito a \u00c1gua como Pol\u00edtica P\u00fablica\" href=\"https:\/\/www.flickr.com\/photos\/125391306@N03\/21277802638\/\" data-flickr-embed=\"true\"><img loading=\"lazy\" decoding=\"async\" class=\"aligncenter\" src=\"https:\/\/farm1.staticflickr.com\/722\/21277802638_8bcddb994f_z.jpg\" alt=\"The Right to Water as Public Policy\/O Direito a \u00c1gua como Pol\u00edtica P\u00fablica\" width=\"640\" height=\"473\" \/><\/a><br \/>\n<script src=\"\/\/embedr.flickr.com\/assets\/client-code.js\" async=\"\" charset=\"utf-8\"><\/script><\/p>\n<hr \/>\n<p>Jointly organized by the Institute of Applied Economic Research (IPEA), the WATERLAT-GOBACIT Network, the National Secretariat of Environmental Sanitation, Ministry of the Cities (MinCid), the Institute of International Relations (IREL), University of Brasilia, and the Brazilian Association of Sanitary Engineering, Federal District (ABES-DF), Brasilia. <a href=\"http:\/\/www.ipea.gov.br\/\">Auditorium IPEA<\/a>, Brasilia, 10 September 2015.<\/p>\n","protected":false},"excerpt":{"rendered":"<p>Programme Panelists: Jos\u00e9 Esteban Castro, Newcastle University, United Kingdom, Co-ordinator, WATERLAT-GOBACIT Network L\u00e9o Heller, Ren\u00e9 Rachou Research Centre\/CPqRR, Oswaldo Cruz Foundation, and Special UN Rapporteur for the Human Right to Water and Sanitation Maria da Piedade Morais, Institute of Applied Economic Research (IPEA), Brasilia Hermelinda Rocha, Federal University of Pernambuco (UFPE) \/ Pernambuco\u2019s Water and [&hellip;]<\/p>\n","protected":false},"author":1,"featured_media":0,"parent":2052,"menu_order":0,"comment_status":"closed","ping_status":"closed","template":"","meta":{"footnotes":""},"class_list":["post-2073","page","type-page","status-publish","hentry"],"_links":{"self":[{"href":"https:\/\/roxpublicidade.com.br\/waterlat\/01\/wp-json\/wp\/v2\/pages\/2073","targetHints":{"allow":["GET"]}}],"collection":[{"href":"https:\/\/roxpublicidade.com.br\/waterlat\/01\/wp-json\/wp\/v2\/pages"}],"about":[{"href":"https:\/\/roxpublicidade.com.br\/waterlat\/01\/wp-json\/wp\/v2\/types\/page"}],"author":[{"embeddable":true,"href":"https:\/\/roxpublicidade.com.br\/waterlat\/01\/wp-json\/wp\/v2\/users\/1"}],"replies":[{"embeddable":true,"href":"https:\/\/roxpublicidade.com.br\/waterlat\/01\/wp-json\/wp\/v2\/comments?post=2073"}],"version-history":[{"count":1,"href":"https:\/\/roxpublicidade.com.br\/waterlat\/01\/wp-json\/wp\/v2\/pages\/2073\/revisions"}],"predecessor-version":[{"id":12979,"href":"https:\/\/roxpublicidade.com.br\/waterlat\/01\/wp-json\/wp\/v2\/pages\/2073\/revisions\/12979"}],"up":[{"embeddable":true,"href":"https:\/\/roxpublicidade.com.br\/waterlat\/01\/wp-json\/wp\/v2\/pages\/2052"}],"wp:attachment":[{"href":"https:\/\/roxpublicidade.com.br\/waterlat\/01\/wp-json\/wp\/v2\/media?parent=2073"}],"curies":[{"name":"wp","href":"https:\/\/api.w.org\/{rel}","templated":true}]}}