{"id":2053,"date":"2015-09-16T15:25:34","date_gmt":"2015-09-16T15:25:34","guid":{"rendered":"http:\/\/waterlat.org\/?page_id=2053"},"modified":"2025-12-11T11:29:46","modified_gmt":"2025-12-11T14:29:46","slug":"public-policy-and-management-of-water-and-sanitation-services-portuguese-version","status":"publish","type":"page","link":"https:\/\/roxpublicidade.com.br\/waterlat\/01\/publications\/books\/public-policy-and-management-of-water-and-sanitation-services-portuguese-version\/","title":{"rendered":"Public Policy and Management of Water and Sanitation Services (Portuguese version)"},"content":{"rendered":"<p><img loading=\"lazy\" decoding=\"async\" class=\"alignnone size-medium wp-image-205\" src=\"https:\/\/roxpublicidade.com.br\/waterlat\/01\/wp-content\/uploads\/2013\/10\/CAPA_PoliticasPublicasSaneamento_2013-300x201.jpg\" alt=\"CAPA_PoliticasPublicasSaneamento_2013\" width=\"300\" height=\"201\" srcset=\"https:\/\/roxpublicidade.com.br\/waterlat\/01\/wp-content\/uploads\/2013\/10\/CAPA_PoliticasPublicasSaneamento_2013-300x201.jpg 300w, https:\/\/roxpublicidade.com.br\/waterlat\/01\/wp-content\/uploads\/2013\/10\/CAPA_PoliticasPublicasSaneamento_2013.jpg 497w\" sizes=\"auto, (max-width: 300px) 100vw, 300px\" \/><\/p>\n<p><span style=\"line-height: 1.714285714; font-size: 1rem;\">L\u00e9o Heller and Jos\u00e9 Esteban Castro (Eds.),\u00a0<\/span><span style=\"text-decoration: underline;\">Pol\u00edtica P\u00fablica e Gest\u00e3o de Servi\u00e7os de Saneamento<\/span><span style=\"line-height: 1.714285714; font-size: 1rem;\">(Public Policy and Management of Water and Sanitation Services) (ISBN 978-85-7041-953-8), Belo Horizonte and Rio de Janeiro:\u00a0<\/span><a style=\"line-height: 1.714285714; font-size: 1rem;\" href=\"http:\/\/www.editoraufmg.com.br\/\">Editora da Universidade Federal de Minas Gerais (UFMG)<\/a><span style=\"line-height: 1.714285714; font-size: 1rem;\">\u00a0and\u00a0<\/span><a style=\"line-height: 1.714285714; font-size: 1rem;\" href=\"http:\/\/www.fiocruz.br\/editora\">Editora Fiocruz<\/a><span style=\"line-height: 1.714285714; font-size: 1rem;\">, 2013. DOI: 10.5281\/zenodo.55855. This book is an updated and extended version of Jos\u00e9 Esteban Castro and L\u00e9o Heller (Eds.),\u00a0<\/span><a style=\"line-height: 1.714285714; font-size: 1rem;\" href=\"http:\/\/www.earthscan.co.uk\/?tabid=42724\">Water and Sanitation Services: Public Policy and Management<\/a><span style=\"line-height: 1.714285714; font-size: 1rem;\">\u00a0(Earthscan, 2009; Routledge, 2012) and contains 5 new chapters on Brazil and 1 on Venezuela.<\/span><\/p>\n<p><a href=\"http:\/\/portal.fiocruz.br\/pt-br\/content\/pol%C3%ADtica-p%C3%BAblica-e-gest%C3%A3o-de-servi%C3%A7os-de-saneamento-0\">The book available at the Editora Fiocruz<\/a>.<\/p>\n<p><a href=\"http:\/\/www.editoraufmg.com.br\/pages\/obra\/55\/politica-publica-e-gestao-de-servicos-de-saneamento\">The book available at the Editora UFMG<\/a>.<\/p>\n<p>&nbsp;<\/p>\n<p><strong>Commendations to the English version of the book<\/strong><\/p>\n<p>&#8220;I am most impressed by the range and profile of the topics and contributors. There is a growing awareness that solving water and sanitation problems involves more than pipes and valves &#8211; human behaviour and institutions are important components of the package.&#8221; &#8211; Sandy Cairncross, London School of Hygiene and Tropical Medicine, UK<\/p>\n<p>&#8220;This book will be very timely\u2026The emphasis of the book is absolutely correct, linking the technologies to the sociocultural, political, economic and planning aspects of water and sanitation services.&#8221; &#8211; Duncan Mara, University of Leeds, UK<\/p>\n<p>&#8220;The book will be of great interest to advanced students, researchers, professionals, and NGOs in many disciplines, including public policy and planning, environmental science, environmental sociology, history of technology, civil and environmental engineering, public health, and development studies.&#8221; &#8211; Richard H. McCuen, Professor of Civil Engineering, University of Maryland, USA<\/p>\n<p>&#8220;By delving into the book more deeply, the reader is provided with a rich and deep source of information, analysis and advice for all who are committed to improving access to and the quality of water and sanitation services.&#8221; &#8211; David Sutherland, ATKINS, Waterlines<\/p>\n<p>&nbsp;<\/p>\n<h3>Book reviews<\/h3>\n<p>Review by Luiz Roberto Santos Moraes (in Portuguese), <span style=\"text-decoration: underline;\">Engenharia Sanitaria e Ambiental<\/span>, Vol. 14, No 2, 2009. <a href=\"http:\/\/www.scielo.br\/pdf\/esa\/v14n2\/a01v14n2.pdf\">Access it here<\/a>.<\/p>\n<p>Review by Ilana Cohen, <span style=\"text-decoration: underline;\">International Journal of Water Resources Development<\/span>, Vol. 29, No 3, 2013, pp. 497-500. DOI: 10.1080\/07900627.2013.768942. <a href=\"http:\/\/www.tandfonline.com\/doi\/pdf\/10.1080\/07900627.2013.768942?redirect=1\">Access it here<\/a>.<\/p>\n<p>Review by Eduardo Marques, <span style=\"text-decoration: underline;\">Brazilian Political Science Review<\/span>, Vol. 8, No 2, 2014. DOI: 10.1590\/1981-38212014000100015. <a href=\"http:\/\/www.fflch.usp.br\/centrodametropole\/upload\/aaa\/875-resenha_ECM_%20213-783-1-PB.pdf\">Access it here<\/a>.<\/p>\n<p>Review of the <a href=\"https:\/\/roxpublicidade.com.br\/waterlat\/01\/es\/publicaciones\/libros\/libro-politicas-publicas-e-gestao-de-servicos-de-saneamento\/\">Portuguese version of the book<\/a>, by Mariana Gutierres Arteiro da Paz, <span style=\"text-decoration: underline;\">Ambiente e Sociedade<\/span>, Vol. 18, No 1, 2015. DOI: 10.1590\/1809-4422ASOC1252V1812015. <a href=\"http:\/\/www.scielo.br\/scielo.php?script=sci_arttext&amp;pid=S1414-753X2015000100014\">Access it here<\/a>.<\/p>\n","protected":false},"excerpt":{"rendered":"<p>L\u00e9o Heller and Jos\u00e9 Esteban Castro (Eds.),\u00a0Pol\u00edtica P\u00fablica e Gest\u00e3o de Servi\u00e7os de Saneamento(Public Policy and Management of Water and Sanitation Services) (ISBN 978-85-7041-953-8), Belo Horizonte and Rio de Janeiro:\u00a0Editora da Universidade Federal de Minas Gerais (UFMG)\u00a0and\u00a0Editora Fiocruz, 2013. DOI: 10.5281\/zenodo.55855. This book is an updated and extended version of Jos\u00e9 Esteban Castro and L\u00e9o [&hellip;]<\/p>\n","protected":false},"author":1,"featured_media":0,"parent":49,"menu_order":0,"comment_status":"closed","ping_status":"closed","template":"","meta":{"footnotes":""},"class_list":["post-2053","page","type-page","status-publish","hentry"],"_links":{"self":[{"href":"https:\/\/roxpublicidade.com.br\/waterlat\/01\/wp-json\/wp\/v2\/pages\/2053","targetHints":{"allow":["GET"]}}],"collection":[{"href":"https:\/\/roxpublicidade.com.br\/waterlat\/01\/wp-json\/wp\/v2\/pages"}],"about":[{"href":"https:\/\/roxpublicidade.com.br\/waterlat\/01\/wp-json\/wp\/v2\/types\/page"}],"author":[{"embeddable":true,"href":"https:\/\/roxpublicidade.com.br\/waterlat\/01\/wp-json\/wp\/v2\/users\/1"}],"replies":[{"embeddable":true,"href":"https:\/\/roxpublicidade.com.br\/waterlat\/01\/wp-json\/wp\/v2\/comments?post=2053"}],"version-history":[{"count":1,"href":"https:\/\/roxpublicidade.com.br\/waterlat\/01\/wp-json\/wp\/v2\/pages\/2053\/revisions"}],"predecessor-version":[{"id":12972,"href":"https:\/\/roxpublicidade.com.br\/waterlat\/01\/wp-json\/wp\/v2\/pages\/2053\/revisions\/12972"}],"up":[{"embeddable":true,"href":"https:\/\/roxpublicidade.com.br\/waterlat\/01\/wp-json\/wp\/v2\/pages\/49"}],"wp:attachment":[{"href":"https:\/\/roxpublicidade.com.br\/waterlat\/01\/wp-json\/wp\/v2\/media?parent=2053"}],"curies":[{"name":"wp","href":"https:\/\/api.w.org\/{rel}","templated":true}]}}